{"id":2349,"date":"2023-09-10T19:09:49","date_gmt":"2023-09-10T19:09:49","guid":{"rendered":"https:\/\/swebalk.com\/?post_type=product&#038;p=2349"},"modified":"2024-12-03T18:24:27","modified_gmt":"2024-12-03T18:24:27","slug":"maskingradsax-hbx-cnc-series","status":"publish","type":"product","link":"https:\/\/swebalk.com\/en\/product\/maskingradsax-hbx-cnc-series\/","title":{"rendered":"Maskingradsax HBX CNC Series"},"content":{"rendered":"<figure class=\"wp-block-table is-style-stripes has-small-font-size\">\r\n<p>Robust konstruktionen och l\u00e4tt att anv\u00e4nda, med med\u00a0 pendlande sk\u00e4rbalksr\u00f6relse. \u00a0Mycket vridstyv maskin med liten klipp vinkel f\u00f6r klippning utan vridning av materialet.<\/p>\r\n<p>Standard utrustad med \u00a0CNC-styrning, sk\u00e4rspaltinst\u00e4llning, motordrivet anslag<\/p>\r\n<p>HBX hydrauliska CNC saxar har utvecklats med fokus p\u00e5 design, kvalitet, funktionalitet och prestanda.<\/p>\r\n<p><strong>Kvalitet: <\/strong><\/p>\r\n<p>\u2022 Tillverkad i Europa med material och komponenter av h\u00f6gsta kvalitet.<\/p>\r\n<p><strong>Komponenter: <\/strong><\/p>\r\n<p>\u2022 Elsystem som inneh\u00e5ller Siemens-komponenter fr\u00e5n Tyskland.<\/p>\r\n<p>\u2022 H\u00f6gkvalitativa, h\u00e4rdade blad fr\u00e5n Bohler i Tyskland.<\/p>\r\n<p>\u2022 Bosch Rexroth hydraulsystem fr\u00e5n Tyskland.<\/p>\r\n<p>\u2022 Cybelec Cybtouch 8 eller ELGO P40 T CNC-styrning fr\u00e5n Schweiz eller Tyskland.<\/p>\r\n<p><strong>Funktionalitet: <\/strong><\/p>\r\n<p>\u2022 En enkel och logisk peksk\u00e4rm som minskar inst\u00e4llnings tiden.<\/p>\r\n<p>\u2022 CNC-kontroll och justering av anslag, blad spalt och sk\u00e4rvinkel.<\/p>\r\n<p><strong>Standardutrustning: <\/strong><\/p>\r\n<p>\u2022 Cybelec Cybtouch 8\/ELGO P40T peksk\u00e4rm CNC-kontroller<\/p>\r\n<p>\u2022 CNC-styrd blad spalt och sk\u00e4r vinkel justering<\/p>\r\n<p>\u2022 CNC-styrd motoriserad anslag p\u00e5 750 mm<\/p>\r\n<p>\u2022 H\u00f6gkvalitativa och h\u00e4rdade blad med 4 sk\u00e4r eggar<\/p>\r\n<p>\u2022 Elektriska komponenter fr\u00e5n Schneider<\/p>\r\n<p>\u2022 Bosch Rexroth hydraulsystem<\/p>\r\n<p>\u2022 Belysning av sk\u00e4r linjen<\/p>\r\n<p>\u2022 Bords f\u00f6rl\u00e4ngningar p\u00e5 1000 mm vardera<\/p>\r\n<p>\u2022 Front bord med rullar<\/p>\r\n<p>\u2022 1 meter fyrkants arm med tum och metrisk linjal<\/p>\r\n<p>\u2022 Optiskt bakre s\u00e4kerhetssystem<\/p>\r\n<p>\u2022 N\u00f6dstopp<\/p>\r\n<p>\u2022 Bak skjutbara lakan<\/p>\r\n<p>\u2022 Hopf\u00e4llbar finger skydds bur<\/p>\r\n<p>\u2022 Flyttbar fot pedal med n\u00f6dstopp<\/p>\r\n<p>\u2022 Tillverkad enligt CE-f\u00f6reskrifter<\/p>\r\n<p><strong>Tillvalsutrustning: <\/strong><\/p>\r\n<p>\u2022 Pneumatiskt ark st\u00f6dsystem f\u00f6r tunna material<\/p>\r\n<p>\u2022 Vinkelm\u00e5tt<\/p>\r\n<p>\u2022 L\u00e4ngre fr\u00e4mre st\u00f6d armar<\/p>\r\n<p>\u2022 Lasersk\u00e4rlinje<\/p>\r\n<p>\u2022 Antivridsystem<\/p>\r\n<p>\u2022 Ljus skydd f\u00f6r fingerskydd fram<\/p>\r\n<p>\u2022 Fram matnings system f\u00f6r ark<\/p>\r\n<p>\u2022 Transport\u00f6r<\/p>\r\n<p>\u2022 Staplings system<\/p>\r\n<p>\u2022 Blad f\u00f6r rostfritt st\u00e5l sk\u00e4rning<\/p>\r\n<p>\u2022 Oljekylare \/ v\u00e4rmare<\/p>\r\n<p>\u2022 X1, X2 justerbar vinkel anslag<\/p>\r\n<table style=\"height: 1015px;\" width=\"950\">\r\n<tbody>\r\n<tr>\r\n<td width=\"94\">\r\n<p><strong>Artikel nr.<\/strong><\/p>\r\n<\/td>\r\n<td width=\"50\">\r\n<p>&nbsp;<\/p>\r\n<\/td>\r\n<td width=\"111\">\r\n<p><strong>223116010<\/strong><\/p>\r\n<\/td>\r\n<td width=\"104\">\r\n<p><strong>223116020<\/strong><\/p>\r\n<\/td>\r\n<td width=\"108\">\r\n<p><strong>223116030<\/strong><\/p>\r\n<\/td>\r\n<td width=\"120\">\r\n<p><strong>223116040<\/strong><\/p>\r\n<\/td>\r\n<td width=\"111\">\r\n<p><strong>223116050<\/strong><\/p>\r\n<\/td>\r\n<\/tr>\r\n<tr>\r\n<td width=\"94\">\r\n<p><strong>\u00a0Modell<\/strong><\/p>\r\n<\/td>\r\n<td width=\"50\">\r\n<p>&nbsp;<\/p>\r\n<\/td>\r\n<td width=\"111\">\r\n<p><strong>HBX 2000-60<\/strong><\/p>\r\n<\/td>\r\n<td width=\"104\">\r\n<p><strong>HBX 2000-80<\/strong><\/p>\r\n<\/td>\r\n<td width=\"108\">\r\n<p><strong>HBX 2000-100<\/strong><\/p>\r\n<\/td>\r\n<td width=\"120\">\r\n<p><strong>HBX 2500-60<\/strong><\/p>\r\n<\/td>\r\n<td width=\"111\">\r\n<p><strong>HBX 2500-80<\/strong><\/p>\r\n<\/td>\r\n<\/tr>\r\n<tr>\r\n<td width=\"94\">\r\n<p><strong>Kapacitet<\/strong><\/p>\r\n<\/td>\r\n<td width=\"50\">\r\n<p>mm\u00a0\u00a0<\/p>\r\n<\/td>\r\n<td width=\"111\">\r\n<p>2050&#215;6,0<\/p>\r\n<\/td>\r\n<td width=\"104\">\r\n<p>2050&#215;8,0<\/p>\r\n<\/td>\r\n<td width=\"108\">\r\n<p>2050&#215;10,0<\/p>\r\n<\/td>\r\n<td width=\"120\">\r\n<p>2550&#215;6,0<\/p>\r\n<\/td>\r\n<td width=\"111\">\r\n<p>2550&#215;8,0<\/p>\r\n<\/td>\r\n<\/tr>\r\n<tr>\r\n<td width=\"94\">\r\n<p><strong>Pl\u00e5t tjocklek &#8211; st\u00e5l<\/strong><\/p>\r\n<\/td>\r\n<td width=\"50\">\r\n<p>mm<\/p>\r\n<\/td>\r\n<td width=\"111\">\r\n<p>6,0<\/p>\r\n<\/td>\r\n<td width=\"104\">\r\n<p>8,0<\/p>\r\n<\/td>\r\n<td width=\"108\">\r\n<p>10,0<\/p>\r\n<\/td>\r\n<td width=\"120\">\r\n<p>6,0<\/p>\r\n<\/td>\r\n<td width=\"111\">\r\n<p>8,0<\/p>\r\n<\/td>\r\n<\/tr>\r\n<tr>\r\n<td width=\"94\">\r\n<p><strong>Pl\u00e5t tjocklek \u2013 rostfritt st\u00e5l<\/strong><\/p>\r\n<\/td>\r\n<td width=\"50\">\r\n<p>mm<\/p>\r\n<\/td>\r\n<td width=\"111\">\r\n<p>3,0<\/p>\r\n<\/td>\r\n<td width=\"104\">\r\n<p>4,0<\/p>\r\n<\/td>\r\n<td width=\"108\">\r\n<p>5,0<\/p>\r\n<\/td>\r\n<td width=\"120\">\r\n<p>3,0<\/p>\r\n<\/td>\r\n<td width=\"111\">\r\n<p>4,0<\/p>\r\n<\/td>\r\n<\/tr>\r\n<tr>\r\n<td width=\"94\">\r\n<p><strong>Sk\u00e4rvinkel<\/strong><\/p>\r\n<\/td>\r\n<td width=\"50\">\r\n<p>\u00b0<\/p>\r\n<\/td>\r\n<td width=\"111\">\r\n<p>&nbsp;<\/p>\r\n<p>0,7\u00b0 &#8211; 2,4\u00b0<\/p>\r\n<\/td>\r\n<td width=\"104\">\r\n<p>&nbsp;<\/p>\r\n<p>0,7\u00b0 &#8211; 2,4\u00b0<\/p>\r\n<\/td>\r\n<td width=\"108\">\r\n<p>&nbsp;<\/p>\r\n<p>0,7\u00b0 &#8211; 2,4\u00b0<\/p>\r\n<\/td>\r\n<td width=\"120\">\r\n<p>&nbsp;<\/p>\r\n<p>0,7\u00b0 &#8211; 2,9\u00b0<\/p>\r\n<\/td>\r\n<td width=\"111\">\r\n<p>&nbsp;<\/p>\r\n<p>0,7\u00b0 &#8211; 2,4\u00b0<\/p>\r\n<\/td>\r\n<\/tr>\r\n<tr>\r\n<td width=\"94\">\r\n<p><strong>Sk\u00e4r\/min.\u00a0<\/strong><\/p>\r\n<\/td>\r\n<td width=\"50\">\r\n<p>mm<\/p>\r\n<\/td>\r\n<td width=\"111\">\r\n<p>23<\/p>\r\n<\/td>\r\n<td width=\"104\">\r\n<p>14,5<\/p>\r\n<\/td>\r\n<td width=\"108\">\r\n<p>13<\/p>\r\n<\/td>\r\n<td width=\"120\">\r\n<p>17<\/p>\r\n<\/td>\r\n<td width=\"111\">\r\n<p>14,5<\/p>\r\n<\/td>\r\n<\/tr>\r\n<tr>\r\n<td width=\"94\">\r\n<p><strong>Auto stopp bakre <\/strong><\/p>\r\n<\/td>\r\n<td width=\"50\">\r\n<p>mm<\/p>\r\n<\/td>\r\n<td width=\"111\">\r\n<p>750<\/p>\r\n<\/td>\r\n<td width=\"104\">\r\n<p>750<\/p>\r\n<\/td>\r\n<td width=\"108\">\r\n<p>750<\/p>\r\n<\/td>\r\n<td width=\"120\">\r\n<p>750<\/p>\r\n<\/td>\r\n<td width=\"111\">\r\n<p>750<\/p>\r\n<\/td>\r\n<\/tr>\r\n<tr>\r\n<td width=\"94\">\r\n<p><strong>Arbetsbord h\u00f6jd<\/strong><\/p>\r\n<\/td>\r\n<td width=\"50\">\r\n<p>mm<\/p>\r\n<\/td>\r\n<td width=\"111\">\r\n<p>850<\/p>\r\n<\/td>\r\n<td width=\"104\">\r\n<p>900<\/p>\r\n<\/td>\r\n<td width=\"108\">\r\n<p>900<\/p>\r\n<\/td>\r\n<td width=\"120\">\r\n<p>900<\/p>\r\n<\/td>\r\n<td width=\"111\">\r\n<p>900<\/p>\r\n<\/td>\r\n<\/tr>\r\n<tr>\r\n<td width=\"94\">\r\n<p><strong>Motoreffekt<\/strong><\/p>\r\n<\/td>\r\n<td width=\"50\">\r\n<p>kW<\/p>\r\n<\/td>\r\n<td width=\"111\">\r\n<p>11<\/p>\r\n<\/td>\r\n<td width=\"104\">\r\n<p>15<\/p>\r\n<\/td>\r\n<td width=\"108\">\r\n<p>15<\/p>\r\n<\/td>\r\n<td width=\"120\">\r\n<p>11<\/p>\r\n<\/td>\r\n<td width=\"111\">\r\n<p>11<\/p>\r\n<\/td>\r\n<\/tr>\r\n<tr>\r\n<td width=\"94\">\r\n<p><strong>Sp\u00e4nning<\/strong><\/p>\r\n<\/td>\r\n<td width=\"50\">\r\n<p>V<\/p>\r\n<\/td>\r\n<td width=\"111\">\r\n<p>3&#215;400-50Hz<\/p>\r\n<\/td>\r\n<td width=\"104\">\r\n<p>3&#215;400-50Hz<\/p>\r\n<\/td>\r\n<td width=\"108\">\r\n<p>3&#215;400-50Hz<\/p>\r\n<\/td>\r\n<td width=\"120\">\r\n<p>3&#215;400-50Hz<\/p>\r\n<\/td>\r\n<td width=\"111\">\r\n<p>3&#215;400-50Hz<\/p>\r\n<\/td>\r\n<\/tr>\r\n<tr>\r\n<td width=\"94\">\r\n<p><strong>Dimension (LxBxH)<\/strong><\/p>\r\n<\/td>\r\n<td width=\"50\">\r\n<p>m<\/p>\r\n<\/td>\r\n<td width=\"111\">\r\n<p>2,69&#215;2,35&#215;1,68<\/p>\r\n<\/td>\r\n<td width=\"104\">\r\n<p>2,69&#215;2,35&#215;1,8<\/p>\r\n<\/td>\r\n<td width=\"108\">\r\n<p>2,69&#215;2,35&#215;2,0<\/p>\r\n<\/td>\r\n<td width=\"120\">\r\n<p>3,2&#215;2,35&#215;1,8<\/p>\r\n<\/td>\r\n<td width=\"111\">\r\n<p>3,2&#215;2,35&#215;1,8<\/p>\r\n<\/td>\r\n<\/tr>\r\n<tr>\r\n<td width=\"94\">\r\n<p><strong>Vikt<\/strong><\/p>\r\n<\/td>\r\n<td width=\"50\">\r\n<p>kg<\/p>\r\n<\/td>\r\n<td width=\"111\">\r\n<p>3100<\/p>\r\n<\/td>\r\n<td width=\"104\">\r\n<p>4900<\/p>\r\n<\/td>\r\n<td width=\"108\">\r\n<p>6000<\/p>\r\n<\/td>\r\n<td width=\"120\">\r\n<p>5500<\/p>\r\n<\/td>\r\n<td width=\"111\">\r\n<p>6400<\/p>\r\n<\/td>\r\n<\/tr>\r\n<\/tbody>\r\n<\/table>\r\n<p>&nbsp;<\/p>\r\n<p>&nbsp;<\/p>\r\n<table style=\"height: 1036px;\" width=\"950\">\r\n<tbody>\r\n<tr>\r\n<td width=\"94\">\r\n<p><strong>Artikel nr.<\/strong><\/p>\r\n<\/td>\r\n<td width=\"50\">\r\n<p>&nbsp;<\/p>\r\n<\/td>\r\n<td width=\"109\">\r\n<p><strong>223116060<\/strong><\/p>\r\n<\/td>\r\n<td width=\"115\">\r\n<p><strong>223116070<\/strong><\/p>\r\n<\/td>\r\n<td width=\"105\">\r\n<p><strong>223116080<\/strong><\/p>\r\n<\/td>\r\n<td width=\"108\">\r\n<p><strong>223116090<\/strong><\/p>\r\n<\/td>\r\n<td width=\"107\">\r\n<p><strong>223116100<\/strong><\/p>\r\n<\/td>\r\n<\/tr>\r\n<tr>\r\n<td width=\"94\">\r\n<p><strong>\u00a0Modell<\/strong><\/p>\r\n<\/td>\r\n<td width=\"50\">\r\n<p>&nbsp;<\/p>\r\n<\/td>\r\n<td width=\"109\">\r\n<p><strong>HBX 2500-100<\/strong><\/p>\r\n<\/td>\r\n<td width=\"115\">\r\n<p><strong>HBX 2500-130<\/strong><\/p>\r\n<\/td>\r\n<td width=\"105\">\r\n<p><strong>HBX 3000-60<\/strong><\/p>\r\n<\/td>\r\n<td width=\"108\">\r\n<p><strong>HBX 3000-80<\/strong><\/p>\r\n<\/td>\r\n<td width=\"107\">\r\n<p><strong>HBX 3000-100<\/strong><\/p>\r\n<\/td>\r\n<\/tr>\r\n<tr>\r\n<td width=\"94\">\r\n<p><strong>Kapacitet<\/strong><\/p>\r\n<\/td>\r\n<td width=\"50\">\r\n<p>mm\u00a0\u00a0<\/p>\r\n<\/td>\r\n<td width=\"109\">\r\n<p>2550&#215;10,0<\/p>\r\n<\/td>\r\n<td width=\"115\">\r\n<p>2550&#215;13,0<\/p>\r\n<\/td>\r\n<td width=\"105\">\r\n<p>3050&#215;6,0<\/p>\r\n<\/td>\r\n<td width=\"108\">\r\n<p>3050&#215;8,0<\/p>\r\n<\/td>\r\n<td width=\"107\">\r\n<p>3050&#215;10,0<\/p>\r\n<\/td>\r\n<\/tr>\r\n<tr>\r\n<td width=\"94\">\r\n<p><strong>Pl\u00e5t tjocklek &#8211; st\u00e5l<\/strong><\/p>\r\n<\/td>\r\n<td width=\"50\">\r\n<p>mm<\/p>\r\n<\/td>\r\n<td width=\"109\">\r\n<p>10,0<\/p>\r\n<\/td>\r\n<td width=\"115\">\r\n<p>13,0<\/p>\r\n<\/td>\r\n<td width=\"105\">\r\n<p>6,0<\/p>\r\n<\/td>\r\n<td width=\"108\">\r\n<p>8,0<\/p>\r\n<\/td>\r\n<td width=\"107\">\r\n<p>10,0<\/p>\r\n<\/td>\r\n<\/tr>\r\n<tr>\r\n<td width=\"94\">\r\n<p><strong>Pl\u00e5t tjocklek \u2013 rostfritt st\u00e5l<\/strong><\/p>\r\n<\/td>\r\n<td width=\"50\">\r\n<p>mm<\/p>\r\n<\/td>\r\n<td width=\"109\">\r\n<p>5,0<\/p>\r\n<\/td>\r\n<td width=\"115\">\r\n<p>6,0<\/p>\r\n<\/td>\r\n<td width=\"105\">\r\n<p>3,0<\/p>\r\n<\/td>\r\n<td width=\"108\">\r\n<p>4,0<\/p>\r\n<\/td>\r\n<td width=\"107\">\r\n<p>5,0<\/p>\r\n<\/td>\r\n<\/tr>\r\n<tr>\r\n<td width=\"94\">\r\n<p><strong>Sk\u00e4rvinkel<\/strong><\/p>\r\n<\/td>\r\n<td width=\"50\">\r\n<p>\u00b0<\/p>\r\n<\/td>\r\n<td width=\"109\">\r\n<p>&nbsp;<\/p>\r\n<p>0,7\u00b0 &#8211; 3,2\u00b0<\/p>\r\n<\/td>\r\n<td width=\"115\">\r\n<p>&nbsp;<\/p>\r\n<p>0,7\u00b0 &#8211; 3,2\u00b0<\/p>\r\n<\/td>\r\n<td width=\"105\">\r\n<p>&nbsp;<\/p>\r\n<p>0,7\u00b0 &#8211; 2,4\u00b0<\/p>\r\n<\/td>\r\n<td width=\"108\">\r\n<p>&nbsp;<\/p>\r\n<p>0,7\u00b0 &#8211; 2,0\u00b0<\/p>\r\n<\/td>\r\n<td width=\"107\">\r\n<p>&nbsp;<\/p>\r\n<p>0,7\u00b0 &#8211; 2,7\u00b0<\/p>\r\n<\/td>\r\n<\/tr>\r\n<tr>\r\n<td width=\"94\">\r\n<p><strong>Sk\u00e4r\/min.\u00a0<\/strong><\/p>\r\n<\/td>\r\n<td width=\"50\">\r\n<p>mm<\/p>\r\n<\/td>\r\n<td width=\"109\">\r\n<p>11<\/p>\r\n<\/td>\r\n<td width=\"115\">\r\n<p>11<\/p>\r\n<\/td>\r\n<td width=\"105\">\r\n<p>17<\/p>\r\n<\/td>\r\n<td width=\"108\">\r\n<p>14,5<\/p>\r\n<\/td>\r\n<td width=\"107\">\r\n<p>11<\/p>\r\n<\/td>\r\n<\/tr>\r\n<tr>\r\n<td width=\"94\">\r\n<p><strong>Auto stopp bakre <\/strong><\/p>\r\n<\/td>\r\n<td width=\"50\">\r\n<p>mm<\/p>\r\n<\/td>\r\n<td width=\"109\">\r\n<p>750<\/p>\r\n<\/td>\r\n<td width=\"115\">\r\n<p>750<\/p>\r\n<\/td>\r\n<td width=\"105\">\r\n<p>750<\/p>\r\n<\/td>\r\n<td width=\"108\">\r\n<p>750<\/p>\r\n<\/td>\r\n<td width=\"107\">\r\n<p>750<\/p>\r\n<\/td>\r\n<\/tr>\r\n<tr>\r\n<td width=\"94\">\r\n<p><strong>Arbetsbord h\u00f6jd<\/strong><\/p>\r\n<\/td>\r\n<td width=\"50\">\r\n<p>mm<\/p>\r\n<\/td>\r\n<td width=\"109\">\r\n<p>900<\/p>\r\n<\/td>\r\n<td width=\"115\">\r\n<p>900<\/p>\r\n<\/td>\r\n<td width=\"105\">\r\n<p>900<\/p>\r\n<\/td>\r\n<td width=\"108\">\r\n<p>900<\/p>\r\n<\/td>\r\n<td width=\"107\">\r\n<p>900<\/p>\r\n<\/td>\r\n<\/tr>\r\n<tr>\r\n<td width=\"94\">\r\n<p><strong>Motoreffekt<\/strong><\/p>\r\n<\/td>\r\n<td width=\"50\">\r\n<p>kW<\/p>\r\n<\/td>\r\n<td width=\"109\">\r\n<p>15<\/p>\r\n<\/td>\r\n<td width=\"115\">\r\n<p>18,5<\/p>\r\n<\/td>\r\n<td width=\"105\">\r\n<p>11<\/p>\r\n<\/td>\r\n<td width=\"108\">\r\n<p>15<\/p>\r\n<\/td>\r\n<td width=\"107\">\r\n<p>15<\/p>\r\n<\/td>\r\n<\/tr>\r\n<tr>\r\n<td width=\"94\">\r\n<p><strong>Sp\u00e4nning<\/strong><\/p>\r\n<\/td>\r\n<td width=\"50\">\r\n<p>V<\/p>\r\n<\/td>\r\n<td width=\"109\">\r\n<p>3&#215;400-50Hz<\/p>\r\n<\/td>\r\n<td width=\"115\">\r\n<p>3&#215;400-50Hz<\/p>\r\n<\/td>\r\n<td width=\"105\">\r\n<p>3&#215;400-50Hz<\/p>\r\n<\/td>\r\n<td width=\"108\">\r\n<p>3&#215;400-50Hz<\/p>\r\n<\/td>\r\n<td width=\"107\">\r\n<p>3&#215;400-50Hz<\/p>\r\n<\/td>\r\n<\/tr>\r\n<tr>\r\n<td width=\"94\">\r\n<p><strong>Dimension (LxBxH)<\/strong><\/p>\r\n<\/td>\r\n<td width=\"50\">\r\n<p>m<\/p>\r\n<\/td>\r\n<td width=\"109\">\r\n<p>3,2&#215;2,6&#215;2,0<\/p>\r\n<\/td>\r\n<td width=\"115\">\r\n<p>3,25&#215;2,6&#215;2,0<\/p>\r\n<\/td>\r\n<td width=\"105\">\r\n<p>3,7&#215;2,35&#215;1,8<\/p>\r\n<\/td>\r\n<td width=\"108\">\r\n<p>3,75&#215;2,35&#215;1,8<\/p>\r\n<\/td>\r\n<td width=\"107\">\r\n<p>3,75&#215;2,6&#215;2,0<\/p>\r\n<\/td>\r\n<\/tr>\r\n<tr>\r\n<td width=\"94\">\r\n<p><strong>Vikt<\/strong><\/p>\r\n<\/td>\r\n<td width=\"50\">\r\n<p>kg<\/p>\r\n<\/td>\r\n<td width=\"109\">\r\n<p>6800<\/p>\r\n<\/td>\r\n<td width=\"115\">\r\n<p>7500<\/p>\r\n<\/td>\r\n<td width=\"105\">\r\n<p>6000<\/p>\r\n<\/td>\r\n<td width=\"108\">\r\n<p>7000<\/p>\r\n<\/td>\r\n<td width=\"107\">\r\n<p>7200<\/p>\r\n<\/td>\r\n<\/tr>\r\n<\/tbody>\r\n<\/table>\r\n<p>&nbsp;<\/p>\r\n<table style=\"height: 1067px;\" width=\"950\">\r\n<tbody>\r\n<tr>\r\n<td width=\"94\">\r\n<p><strong>Artikel nr.<\/strong><\/p>\r\n<\/td>\r\n<td width=\"50\">\r\n<p>&nbsp;<\/p>\r\n<\/td>\r\n<td width=\"111\">\r\n<p><strong>223116110<\/strong><\/p>\r\n<\/td>\r\n<td width=\"105\">\r\n<p><strong>223116120<\/strong><\/p>\r\n<\/td>\r\n<td width=\"108\">\r\n<p><strong>223116130<\/strong><\/p>\r\n<\/td>\r\n<td width=\"119\">\r\n<p><strong>223116140<\/strong><\/p>\r\n<\/td>\r\n<td width=\"110\">\r\n<p><strong>223116150<\/strong><\/p>\r\n<\/td>\r\n<\/tr>\r\n<tr>\r\n<td width=\"94\">\r\n<p><strong>\u00a0Modell<\/strong><\/p>\r\n<\/td>\r\n<td width=\"50\">\r\n<p>&nbsp;<\/p>\r\n<\/td>\r\n<td width=\"111\">\r\n<p><strong>HBX 3000-130<\/strong><\/p>\r\n<\/td>\r\n<td width=\"105\">\r\n<p><strong>HBX 4000-60<\/strong><\/p>\r\n<\/td>\r\n<td width=\"108\">\r\n<p><strong>HBX 4000-80<\/strong><\/p>\r\n<\/td>\r\n<td width=\"119\">\r\n<p><strong>HBX 4000-100<\/strong><\/p>\r\n<\/td>\r\n<td width=\"110\">\r\n<p><strong>HBX 4000-130<\/strong><\/p>\r\n<\/td>\r\n<\/tr>\r\n<tr>\r\n<td width=\"94\">\r\n<p><strong>Kapacitet<\/strong><\/p>\r\n<\/td>\r\n<td width=\"50\">\r\n<p>mm\u00a0\u00a0<\/p>\r\n<\/td>\r\n<td width=\"111\">\r\n<p>3050&#215;13,0<\/p>\r\n<\/td>\r\n<td width=\"105\">\r\n<p>4050&#215;6,0<\/p>\r\n<\/td>\r\n<td width=\"108\">\r\n<p>4050&#215;8,0<\/p>\r\n<\/td>\r\n<td width=\"119\">\r\n<p>4050&#215;10,0<\/p>\r\n<\/td>\r\n<td width=\"110\">\r\n<p>4050&#215;13,0<\/p>\r\n<\/td>\r\n<\/tr>\r\n<tr>\r\n<td width=\"94\">\r\n<p><strong>Pl\u00e5t tjocklek &#8211; st\u00e5l<\/strong><\/p>\r\n<\/td>\r\n<td width=\"50\">\r\n<p>mm<\/p>\r\n<\/td>\r\n<td width=\"111\">\r\n<p>13,0<\/p>\r\n<\/td>\r\n<td width=\"105\">\r\n<p>6,0<\/p>\r\n<\/td>\r\n<td width=\"108\">\r\n<p>8,0<\/p>\r\n<\/td>\r\n<td width=\"119\">\r\n<p>10,0<\/p>\r\n<\/td>\r\n<td width=\"110\">\r\n<p>13,0<\/p>\r\n<\/td>\r\n<\/tr>\r\n<tr>\r\n<td width=\"94\">\r\n<p><strong>Pl\u00e5t tjocklek \u2013 rostfritt st\u00e5l<\/strong><\/p>\r\n<\/td>\r\n<td width=\"50\">\r\n<p>mm<\/p>\r\n<\/td>\r\n<td width=\"111\">\r\n<p>6,0<\/p>\r\n<\/td>\r\n<td width=\"105\">\r\n<p>3,0<\/p>\r\n<\/td>\r\n<td width=\"108\">\r\n<p>4,0<\/p>\r\n<\/td>\r\n<td width=\"119\">\r\n<p>5,0<\/p>\r\n<\/td>\r\n<td width=\"110\">\r\n<p>6,0<\/p>\r\n<\/td>\r\n<\/tr>\r\n<tr>\r\n<td width=\"94\">\r\n<p><strong>Sk\u00e4rvinkel<\/strong><\/p>\r\n<\/td>\r\n<td width=\"50\">\r\n<p>\u00b0<\/p>\r\n<\/td>\r\n<td width=\"111\">\r\n<p>&nbsp;<\/p>\r\n<p>0,7\u00b0 &#8211; 2,7\u00b0<\/p>\r\n<\/td>\r\n<td width=\"105\">\r\n<p>&nbsp;<\/p>\r\n<p>0,7\u00b0 &#8211; 2,4\u00b0<\/p>\r\n<\/td>\r\n<td width=\"108\">\r\n<p>&nbsp;<\/p>\r\n<p>0,7\u00b0 &#8211; 2,4\u00b0<\/p>\r\n<\/td>\r\n<td width=\"119\">\r\n<p>&nbsp;<\/p>\r\n<p>0,7\u00b0 &#8211; 2,7\u00b0<\/p>\r\n<\/td>\r\n<td width=\"110\">\r\n<p>&nbsp;<\/p>\r\n<p>0,7\u00b0 &#8211; 2,7\u00b0<\/p>\r\n<\/td>\r\n<\/tr>\r\n<tr>\r\n<td width=\"94\">\r\n<p><strong>Sk\u00e4r\/min.\u00a0<\/strong><\/p>\r\n<\/td>\r\n<td width=\"50\">\r\n<p>mm<\/p>\r\n<\/td>\r\n<td width=\"111\">\r\n<p>7,5<\/p>\r\n<\/td>\r\n<td width=\"105\">\r\n<p>13,5<\/p>\r\n<\/td>\r\n<td width=\"108\">\r\n<p>12<\/p>\r\n<\/td>\r\n<td width=\"119\">\r\n<p>10,8<\/p>\r\n<\/td>\r\n<td width=\"110\">\r\n<p>6<\/p>\r\n<\/td>\r\n<\/tr>\r\n<tr>\r\n<td width=\"94\">\r\n<p><strong>Auto stopp bakre <\/strong><\/p>\r\n<\/td>\r\n<td width=\"50\">\r\n<p>mm<\/p>\r\n<\/td>\r\n<td width=\"111\">\r\n<p>750<\/p>\r\n<\/td>\r\n<td width=\"105\">\r\n<p>750<\/p>\r\n<\/td>\r\n<td width=\"108\">\r\n<p>750<\/p>\r\n<\/td>\r\n<td width=\"119\">\r\n<p>750<\/p>\r\n<\/td>\r\n<td width=\"110\">\r\n<p>750<\/p>\r\n<\/td>\r\n<\/tr>\r\n<tr>\r\n<td width=\"94\">\r\n<p><strong>Arbetsbord h\u00f6jd<\/strong><\/p>\r\n<\/td>\r\n<td width=\"50\">\r\n<p>mm<\/p>\r\n<\/td>\r\n<td width=\"111\">\r\n<p>900<\/p>\r\n<\/td>\r\n<td width=\"105\">\r\n<p>950<\/p>\r\n<\/td>\r\n<td width=\"108\">\r\n<p>950<\/p>\r\n<\/td>\r\n<td width=\"119\">\r\n<p>900<\/p>\r\n<\/td>\r\n<td width=\"110\">\r\n<p>900<\/p>\r\n<\/td>\r\n<\/tr>\r\n<tr>\r\n<td width=\"94\">\r\n<p><strong>Motoreffekt<\/strong><\/p>\r\n<\/td>\r\n<td width=\"50\">\r\n<p>kW<\/p>\r\n<\/td>\r\n<td width=\"111\">\r\n<p>18,5<\/p>\r\n<\/td>\r\n<td width=\"105\">\r\n<p>11<\/p>\r\n<\/td>\r\n<td width=\"108\">\r\n<p>15<\/p>\r\n<\/td>\r\n<td width=\"119\">\r\n<p>15<\/p>\r\n<\/td>\r\n<td width=\"110\">\r\n<p>18,5<\/p>\r\n<\/td>\r\n<\/tr>\r\n<tr>\r\n<td width=\"94\">\r\n<p><strong>Sp\u00e4nning<\/strong><\/p>\r\n<\/td>\r\n<td width=\"50\">\r\n<p>V<\/p>\r\n<\/td>\r\n<td width=\"111\">\r\n<p>3&#215;400-50Hz<\/p>\r\n<\/td>\r\n<td width=\"105\">\r\n<p>3&#215;400-50Hz<\/p>\r\n<\/td>\r\n<td width=\"108\">\r\n<p>3&#215;400-50Hz<\/p>\r\n<\/td>\r\n<td width=\"119\">\r\n<p>3&#215;400-50Hz<\/p>\r\n<\/td>\r\n<td width=\"110\">\r\n<p>3&#215;400-50Hz<\/p>\r\n<\/td>\r\n<\/tr>\r\n<tr>\r\n<td width=\"94\">\r\n<p><strong>Dimension (LxBxH)<\/strong><\/p>\r\n<\/td>\r\n<td width=\"50\">\r\n<p>m<\/p>\r\n<\/td>\r\n<td width=\"111\">\r\n<p>3,75&#215;2,66&#215;2,1<\/p>\r\n<\/td>\r\n<td width=\"105\">\r\n<p>4,8&#215;2,55&#215;2,0<\/p>\r\n<\/td>\r\n<td width=\"108\">\r\n<p>4,8&#215;2,55&#215;2,0<\/p>\r\n<\/td>\r\n<td width=\"119\">\r\n<p>4,7&#215;2,7&#215;2,2<\/p>\r\n<\/td>\r\n<td width=\"110\">\r\n<p>4,7&#215;2,7&#215;2,2<\/p>\r\n<\/td>\r\n<\/tr>\r\n<tr>\r\n<td width=\"94\">\r\n<p><strong>Vikt<\/strong><\/p>\r\n<\/td>\r\n<td width=\"50\">\r\n<p>kg<\/p>\r\n<\/td>\r\n<td width=\"111\">\r\n<p>8750<\/p>\r\n<\/td>\r\n<td width=\"105\">\r\n<p>8500<\/p>\r\n<\/td>\r\n<td width=\"108\">\r\n<p>8800<\/p>\r\n<\/td>\r\n<td width=\"119\">\r\n<p>12000<\/p>\r\n<\/td>\r\n<td width=\"110\">\r\n<p>15000<\/p>\r\n<\/td>\r\n<\/tr>\r\n<\/tbody>\r\n<\/table>\r\n<\/figure>\r\n<figure class=\"wp-block-table is-style-stripes has-small-font-size\"><\/figure>\r\n<div class=\"wp-block-button\">\r\n<div><a class=\"wp-block-button__link has-white-color has-vivid-red-background-color has-text-color has-background wp-element-button\" href=\"https:\/\/swebalk.com\/wp-content\/uploads\/2024\/12\/Maskingradsax-HM-HBX.pdf\" target=\"_blank\" rel=\"noreferrer noopener\">Produktblad HBX CNC<\/a><\/div>\r\n<\/div>","protected":false},"excerpt":{"rendered":"<p>Robust konstruktionen och l\u00e4tt att anv\u00e4nda, med med\u00a0 pendlande sk\u00e4rbalksr\u00f6relse. \u00a0Mycket vridstyv maskin med liten klipp vinkel f\u00f6r klippning utan vridning av materialet. Standard utrustad med \u00a0CNC-styrning, sk\u00e4rspaltinst\u00e4llning, motordrivet anslag HBX hydrauliska CNC saxar har utvecklats med fokus p\u00e5 design, kvalitet, funktionalitet och prestanda. Kvalitet: \u2022 Tillverkad i Europa med material och komponenter av h\u00f6gsta [&hellip;]<\/p>\n","protected":false},"featured_media":3611,"comment_status":"open","ping_status":"closed","template":"","meta":{"_acf_changed":false},"product_brand":[],"product_cat":[52],"product_tag":[],"class_list":{"0":"post-2349","1":"product","2":"type-product","3":"status-publish","4":"has-post-thumbnail","6":"product_cat-klippning","7":"post","8":"post-with-thumbnail","9":"post-with-thumbnail-large","11":"first","12":"instock","13":"shipping-taxable","14":"product-type-simple"},"acf":[],"_links":{"self":[{"href":"https:\/\/swebalk.com\/en\/wp-json\/wp\/v2\/product\/2349","targetHints":{"allow":["GET"]}}],"collection":[{"href":"https:\/\/swebalk.com\/en\/wp-json\/wp\/v2\/product"}],"about":[{"href":"https:\/\/swebalk.com\/en\/wp-json\/wp\/v2\/types\/product"}],"replies":[{"embeddable":true,"href":"https:\/\/swebalk.com\/en\/wp-json\/wp\/v2\/comments?post=2349"}],"wp:featuredmedia":[{"embeddable":true,"href":"https:\/\/swebalk.com\/en\/wp-json\/wp\/v2\/media\/3611"}],"wp:attachment":[{"href":"https:\/\/swebalk.com\/en\/wp-json\/wp\/v2\/media?parent=2349"}],"wp:term":[{"taxonomy":"product_brand","embeddable":true,"href":"https:\/\/swebalk.com\/en\/wp-json\/wp\/v2\/product_brand?post=2349"},{"taxonomy":"product_cat","embeddable":true,"href":"https:\/\/swebalk.com\/en\/wp-json\/wp\/v2\/product_cat?post=2349"},{"taxonomy":"product_tag","embeddable":true,"href":"https:\/\/swebalk.com\/en\/wp-json\/wp\/v2\/product_tag?post=2349"}],"curies":[{"name":"wp","href":"https:\/\/api.w.org\/{rel}","templated":true}]}}