{"id":2346,"date":"2023-09-10T19:03:47","date_gmt":"2023-09-10T19:03:47","guid":{"rendered":"https:\/\/swebalk.com\/?post_type=product&#038;p=2346"},"modified":"2024-05-12T17:29:06","modified_gmt":"2024-05-12T17:29:06","slug":"borr-och-frasmaskin-rosenfors-25u-2","status":"publish","type":"product","link":"https:\/\/swebalk.com\/en\/product\/borr-och-frasmaskin-rosenfors-25u-2\/","title":{"rendered":"Borr- och fr\u00e4smaskin Rosenfors 25U"},"content":{"rendered":"<div class=\"wp-block-columns\">\r\n<div class=\"wp-block-column\">\r\n<figure class=\"wp-block-table is-style-stripes has-small-font-size\">\r\n<table>\r\n<tbody>\r\n<tr>\r\n<td>Borrkapacitet<\/td>\r\n<td>25 \/ 28 mm<\/td>\r\n<\/tr>\r\n<tr>\r\n<td>G\u00e4ngkapacitet<\/td>\r\n<td>M16 \/ M20<\/td>\r\n<\/tr>\r\n<tr>\r\n<td>Planfr\u00e4sning<\/td>\r\n<td>Max \u00f8 35 mm max \u2193 1 mm max &lt; 80% &gt;<\/td>\r\n<\/tr>\r\n<tr>\r\n<td>Sp\u00e5rfr\u00e4sning<\/td>\r\n<td>max \u00f8 10 mm max \u2193 5 mm<\/td>\r\n<\/tr>\r\n<tr>\r\n<td>Arbetsbord\/T-sp\u00e5r<\/td>\r\n<td>584 x 242\/14 mm<\/td>\r\n<\/tr>\r\n<tr>\r\n<td>Pinol r\u00f6relse<\/td>\r\n<td>130 mm<\/td>\r\n<\/tr>\r\n<tr>\r\n<td>Varvtal<\/td>\r\n<td>105 v\/min \u2013 3480 v\/min<\/td>\r\n<\/tr>\r\n<tr>\r\n<td>Spindelkona<\/td>\r\n<td>MK 3<\/td>\r\n<\/tr>\r\n<\/tbody>\r\n<\/table>\r\n<\/figure>\r\n<\/div>\r\n<!-- \/wp:post-content --><\/div>\r\n<!-- \/wp:columns -->\r\n\r\n<!-- wp:paragraph -->\r\n<p>Rosenfors 25 U \u00e4r v\u00e5r nya alternativa borr\/fr\u00e4smaskin. Finmatning f\u00f6r j\u00e4mn matning och noggrann inst\u00e4llning av borrdjupet. L\u00e5sning av spindelhylsan i \u00f6nskad position.Maskinen \u00e4r l\u00e4mpad f\u00f6r borrning, brotschning, g\u00e4ngning (tillval) och fr\u00e4sning. Borrhuvudet \u00e4r h\u00f6j- och s\u00e4nkbart och vridbart runt pelaren. Made in Sweden.<\/p>\r\n<!-- \/wp:paragraph -->\r\n\r\n<!-- wp:paragraph -->\r\n<p>Sp\u00e4nnhylsechuck MK3 ER25 med hylsor 6, 8, 10, 12 &amp; 16 mm ing\u00e5r som standard.<\/p>\r\n<!-- \/wp:paragraph -->\r\n\r\n<!-- wp:buttons -->\r\n<div class=\"wp-block-buttons\"><!-- wp:button {\"backgroundColor\":\"vivid-red\",\"textColor\":\"white\"} -->\r\n<div class=\"wp-block-button\"><a class=\"wp-block-button__link has-white-color has-vivid-red-background-color has-text-color has-background wp-element-button\" href=\"https:\/\/swebalk.com\/wp-content\/uploads\/2023\/08\/prospekt-rosenfors-25u.pdf\" target=\"_blank\" rel=\"noreferrer noopener\">Produktblad Rosenfors 25U<\/a><\/div>\r\n<!-- \/wp:button --><\/div>\r\n<!-- \/wp:buttons -->","protected":false},"excerpt":{"rendered":"<p>Borrkapacitet 25 \/ 28 mm G\u00e4ngkapacitet M16 \/ M20 Planfr\u00e4sning Max \u00f8 35 mm max \u2193 1 mm max &lt; 80% &gt; Sp\u00e5rfr\u00e4sning max \u00f8 10 mm max \u2193 5 mm Arbetsbord\/T-sp\u00e5r 584 x 242\/14 mm Pinol r\u00f6relse 130 mm Varvtal 105 v\/min \u2013 3480 v\/min Spindelkona MK 3 Rosenfors 25 U \u00e4r v\u00e5r nya [&hellip;]<\/p>\n","protected":false},"featured_media":2809,"comment_status":"open","ping_status":"closed","template":"","meta":{"_acf_changed":false},"product_brand":[],"product_cat":[31,47],"product_tag":[],"class_list":{"0":"post-2346","1":"product","2":"type-product","3":"status-publish","4":"has-post-thumbnail","6":"product_cat-borrning","7":"product_cat-frasning","8":"post","9":"post-with-thumbnail","10":"post-with-thumbnail-large","12":"first","13":"instock","14":"shipping-taxable","15":"product-type-simple"},"acf":[],"_links":{"self":[{"href":"https:\/\/swebalk.com\/en\/wp-json\/wp\/v2\/product\/2346","targetHints":{"allow":["GET"]}}],"collection":[{"href":"https:\/\/swebalk.com\/en\/wp-json\/wp\/v2\/product"}],"about":[{"href":"https:\/\/swebalk.com\/en\/wp-json\/wp\/v2\/types\/product"}],"replies":[{"embeddable":true,"href":"https:\/\/swebalk.com\/en\/wp-json\/wp\/v2\/comments?post=2346"}],"wp:featuredmedia":[{"embeddable":true,"href":"https:\/\/swebalk.com\/en\/wp-json\/wp\/v2\/media\/2809"}],"wp:attachment":[{"href":"https:\/\/swebalk.com\/en\/wp-json\/wp\/v2\/media?parent=2346"}],"wp:term":[{"taxonomy":"product_brand","embeddable":true,"href":"https:\/\/swebalk.com\/en\/wp-json\/wp\/v2\/product_brand?post=2346"},{"taxonomy":"product_cat","embeddable":true,"href":"https:\/\/swebalk.com\/en\/wp-json\/wp\/v2\/product_cat?post=2346"},{"taxonomy":"product_tag","embeddable":true,"href":"https:\/\/swebalk.com\/en\/wp-json\/wp\/v2\/product_tag?post=2346"}],"curies":[{"name":"wp","href":"https:\/\/api.w.org\/{rel}","templated":true}]}}