{"id":2263,"date":"2023-09-10T13:18:03","date_gmt":"2023-09-10T13:18:03","guid":{"rendered":"https:\/\/swebalk.com\/?post_type=product&#038;p=2263"},"modified":"2024-05-12T17:24:13","modified_gmt":"2024-05-12T17:24:13","slug":"pelarborrmaskin-ssb-70-xn","status":"publish","type":"product","link":"https:\/\/swebalk.com\/en\/product\/pelarborrmaskin-ssb-70-xn\/","title":{"rendered":"Pelarborrmaskin SSB 70 Xn"},"content":{"rendered":"<div class=\"wp-block-columns\">\r\n<div class=\"wp-block-column\">\r\n<figure class=\"wp-block-table is-style-stripes has-small-font-size\">\r\n<table>\r\n<tbody>\r\n<tr>\r\n<td>Borr kapacitet<\/td>\r\n<td>70 mm<\/td>\r\n<\/tr>\r\n<tr>\r\n<td>G\u00e4ng kapacitet<\/td>\r\n<td>M50<\/td>\r\n<\/tr>\r\n<tr>\r\n<td>Arbetsbord<\/td>\r\n<td>600 x 600 mm<\/td>\r\n<\/tr>\r\n<tr>\r\n<td>Pinol r\u00f6relse<\/td>\r\n<td>270 mm<\/td>\r\n<\/tr>\r\n<tr>\r\n<td>Varvtal<\/td>\r\n<td>38 v\/min \u2013 1230 v\/min<\/td>\r\n<\/tr>\r\n<tr>\r\n<td>Spindelkona<\/td>\r\n<td>MK 5<\/td>\r\n<\/tr>\r\n<tr>\r\n<td>Motor effekt<\/td>\r\n<td>5,5 kW<\/td>\r\n<\/tr>\r\n<tr>\r\n<td>Dimension (LxBxH)<\/td>\r\n<td>1,22 x 0,65 x 2,82 m<\/td>\r\n<\/tr>\r\n<tr>\r\n<td>Vikt<\/td>\r\n<td>980 kg<\/td>\r\n<\/tr>\r\n<\/tbody>\r\n<\/table>\r\n<\/figure>\r\n\r\n\r\n<strong>Standard utrustning<\/strong>: \r\n\r\n\r\n<ul class=\"wp-block-list\">\r\n<li>Kontrollpanel med digital display<\/li>\r\n\r\n\r\n\r\n<li>Automatisk spindel matning<\/li>\r\n\r\n\r\n\r\n<li>Motoriserad bord justering i h\u00f6jd<\/li>\r\n\r\n\r\n\r\n<li>Toolset med 4 st. reduceringshylsor, borrchuck och utst\u00f6tare<\/li>\r\n\r\n\r\n\r\n<li>Borrchuckskydd<\/li>\r\n\r\n\r\n\r\n<li>Kylsystem<\/li>\r\n\r\n\r\n\r\n<li>LED lampa<\/li>\r\n\r\n\r\n\r\n<li>Instruktionsbok<\/li>\r\n\r\n\r\n\r\n<li>mm&#8230;<\/li>\r\n<\/ul>\r\n<\/div>\r\n<!-- \/wp:post-content --><\/div>\r\n<!-- \/wp:columns -->\r\n\r\n<!-- wp:paragraph -->\r\n<p>SSB 70 Xn \u00e4r den optimala l\u00f6sningen f\u00f6r b\u00e5de underh\u00e5lls- och produktionskrav. Denna universalborrmaskin har en kraftig pelare, drivningar och robusta v\u00e4xell\u00e5dor f\u00f6r spindel och matning. Den stora arbetsytan och det stora sp\u00e4nnbord m\u00f6jligg\u00f6r enkel hantering och bearbetning av sm\u00e5 arbetsstycken, men \u00e4ven stora och tunga delar.<\/p>\r\n<!-- \/wp:paragraph -->\r\n\r\n<!-- wp:buttons -->\r\n<div class=\"wp-block-buttons\"><!-- wp:button {\"backgroundColor\":\"vivid-red\",\"textColor\":\"white\"} -->\r\n<div class=\"wp-block-button\"><a class=\"wp-block-button__link has-white-color has-vivid-red-background-color has-text-color has-background wp-element-button\" href=\"https:\/\/swebalk.com\/wp-content\/uploads\/2023\/08\/SSB-70-Xn-Datasheet.pdf\" target=\"_blank\" rel=\"noreferrer noopener\">Produktblad SSB 70 Xn<\/a><\/div>\r\n<!-- \/wp:button --><\/div>\r\n<!-- \/wp:buttons -->","protected":false},"excerpt":{"rendered":"<p>Borr kapacitet 70 mm G\u00e4ng kapacitet M50 Arbetsbord 600 x 600 mm Pinol r\u00f6relse 270 mm Varvtal 38 v\/min \u2013 1230 v\/min Spindelkona MK 5 Motor effekt 5,5 kW Dimension (LxBxH) 1,22 x 0,65 x 2,82 m Vikt 980 kg Standard utrustning: SSB 70 Xn \u00e4r den optimala l\u00f6sningen f\u00f6r b\u00e5de underh\u00e5lls- och produktionskrav. Denna [&hellip;]<\/p>\n","protected":false},"featured_media":2795,"comment_status":"open","ping_status":"closed","template":"","meta":{"_acf_changed":false},"product_brand":[],"product_cat":[31],"product_tag":[],"class_list":{"0":"post-2263","1":"product","2":"type-product","3":"status-publish","4":"has-post-thumbnail","6":"product_cat-borrning","7":"post","8":"post-with-thumbnail","9":"post-with-thumbnail-large","11":"first","12":"instock","13":"shipping-taxable","14":"product-type-simple"},"acf":[],"_links":{"self":[{"href":"https:\/\/swebalk.com\/en\/wp-json\/wp\/v2\/product\/2263","targetHints":{"allow":["GET"]}}],"collection":[{"href":"https:\/\/swebalk.com\/en\/wp-json\/wp\/v2\/product"}],"about":[{"href":"https:\/\/swebalk.com\/en\/wp-json\/wp\/v2\/types\/product"}],"replies":[{"embeddable":true,"href":"https:\/\/swebalk.com\/en\/wp-json\/wp\/v2\/comments?post=2263"}],"wp:featuredmedia":[{"embeddable":true,"href":"https:\/\/swebalk.com\/en\/wp-json\/wp\/v2\/media\/2795"}],"wp:attachment":[{"href":"https:\/\/swebalk.com\/en\/wp-json\/wp\/v2\/media?parent=2263"}],"wp:term":[{"taxonomy":"product_brand","embeddable":true,"href":"https:\/\/swebalk.com\/en\/wp-json\/wp\/v2\/product_brand?post=2263"},{"taxonomy":"product_cat","embeddable":true,"href":"https:\/\/swebalk.com\/en\/wp-json\/wp\/v2\/product_cat?post=2263"},{"taxonomy":"product_tag","embeddable":true,"href":"https:\/\/swebalk.com\/en\/wp-json\/wp\/v2\/product_tag?post=2263"}],"curies":[{"name":"wp","href":"https:\/\/api.w.org\/{rel}","templated":true}]}}