{"id":2261,"date":"2023-09-09T12:08:06","date_gmt":"2023-09-09T12:08:06","guid":{"rendered":"https:\/\/swebalk.com\/?post_type=product&#038;p=2261"},"modified":"2026-03-01T09:49:17","modified_gmt":"2026-03-01T09:49:17","slug":"ringbockningsmaskin-kpb-series","status":"publish","type":"product","link":"https:\/\/swebalk.com\/en\/product\/ringbockningsmaskin-kpb-series\/","title":{"rendered":"Ringbockningsmaskin KPB 81"},"content":{"rendered":"<p>Ringbockningsmaskinerna i KPB 81 kombinerar h\u00f6g bockningsprestanda med modern mekanik och kraftfull hydraulik. Du kan b\u00f6ja medelstora och tunga st\u00e5lprofiler med stor precision. En h\u00f6g drivkraft och de hydrauliskt justerbara bockrullarna g\u00f6r hela profilbockningsmaskinserien till en kraftfull l\u00f6sning f\u00f6r metallkonstruktioner och allm\u00e4n maskinteknik.<\/p>\r\n<p>F\u00f6r mer info om produkten och tillbeh\u00f6r se produktblad eller kontakta oss.<\/p>\r\n<!-- \/wp:post-content -->\r\n\r\n<!-- wp:table {\"className\":\"is-style-stripes\",\"fontSize\":\"small\"} -->\r\n<figure class=\"wp-block-table is-style-stripes has-small-font-size\">\r\n<table>\r\n<thead>\r\n<tr>\r\n<th>Modell<\/th>\r\n<th>\u00a0<\/th>\r\n<th>\u00a0<\/th>\r\n<th>Art. 2622131200 &#8211; KPB 81<\/th>\r\n<\/tr>\r\n<\/thead>\r\n<tbody>\r\n<tr>\r\n<td>Axeldiameter<\/td>\r\n<td>\u00a0<\/td>\r\n<td>\u00a0<\/td>\r\n<td>80 mm<\/td>\r\n<\/tr>\r\n<tr>\r\n<td>Rulldiameter<\/td>\r\n<td>\u00a0<\/td>\r\n<td>\u00a0<\/td>\r\n<td>245 mm<\/td>\r\n<\/tr>\r\n<tr>\r\n<td>B\u00f6jningshastighet<\/td>\r\n<td>\u00a0<\/td>\r\n<td>\u00a0<\/td>\r\n<td>4,2 m\/min<\/td>\r\n<\/tr>\r\n<tr>\r\n<td>Motor effekt<\/td>\r\n<td>\u00a0<\/td>\r\n<td>\u00a0<\/td>\r\n<td>5,5 kW<\/td>\r\n<\/tr>\r\n<tr>\r\n<td>Maskin dimensions<\/td>\r\n<td>\u00a0<\/td>\r\n<td>\u00a0<\/td>\r\n<td>1,38 x 1,04 x 1,54 m<\/td>\r\n<\/tr>\r\n<tr>\r\n<td>Vikt<\/td>\r\n<td>\u00a0<\/td>\r\n<td>\u00a0<\/td>\r\n<td>1600 kg<\/td>\r\n<\/tr>\r\n<\/tbody>\r\n<\/table>\r\n<\/figure>\r\n<div class=\"wp-block-buttons\">\r\n<div>\u00a0<\/div>\r\n<!-- \/wp:table -->\r\n\r\n<!-- wp:button {\"backgroundColor\":\"vivid-red\",\"textColor\":\"white\"} -->\r\n<div class=\"wp-block-button\"><a class=\"wp-block-button__link has-white-color has-vivid-red-background-color has-text-color has-background wp-element-button\" href=\"https:\/\/swebalk.com\/wp-content\/uploads\/2023\/08\/KPB-81-Datasheet.pdf\" target=\"_blank\" rel=\"noreferrer noopener\">Produktblad KPB 81<\/a><\/div>\r\n<!-- \/wp:button --><\/div>\r\n<!-- \/wp:buttons -->","protected":false},"excerpt":{"rendered":"<p>Ringbockningsmaskinerna i KPB 81 kombinerar h\u00f6g bockningsprestanda med modern mekanik och kraftfull hydraulik. Du kan b\u00f6ja medelstora och tunga st\u00e5lprofiler med stor precision. En h\u00f6g drivkraft och de hydrauliskt justerbara bockrullarna g\u00f6r hela profilbockningsmaskinserien till en kraftfull l\u00f6sning f\u00f6r metallkonstruktioner och allm\u00e4n maskinteknik. F\u00f6r mer info om produkten och tillbeh\u00f6r se produktblad eller kontakta oss. [&hellip;]<\/p>\n","protected":false},"featured_media":2782,"comment_status":"open","ping_status":"closed","template":"","meta":{"_acf_changed":false},"product_brand":[],"product_cat":[45],"product_tag":[],"class_list":{"0":"post-2261","1":"product","2":"type-product","3":"status-publish","4":"has-post-thumbnail","6":"product_cat-rorbearbetning-ringbocking-2","7":"post","8":"post-with-thumbnail","9":"post-with-thumbnail-large","11":"first","12":"instock","13":"shipping-taxable","14":"product-type-simple"},"acf":[],"_links":{"self":[{"href":"https:\/\/swebalk.com\/en\/wp-json\/wp\/v2\/product\/2261","targetHints":{"allow":["GET"]}}],"collection":[{"href":"https:\/\/swebalk.com\/en\/wp-json\/wp\/v2\/product"}],"about":[{"href":"https:\/\/swebalk.com\/en\/wp-json\/wp\/v2\/types\/product"}],"replies":[{"embeddable":true,"href":"https:\/\/swebalk.com\/en\/wp-json\/wp\/v2\/comments?post=2261"}],"wp:featuredmedia":[{"embeddable":true,"href":"https:\/\/swebalk.com\/en\/wp-json\/wp\/v2\/media\/2782"}],"wp:attachment":[{"href":"https:\/\/swebalk.com\/en\/wp-json\/wp\/v2\/media?parent=2261"}],"wp:term":[{"taxonomy":"product_brand","embeddable":true,"href":"https:\/\/swebalk.com\/en\/wp-json\/wp\/v2\/product_brand?post=2261"},{"taxonomy":"product_cat","embeddable":true,"href":"https:\/\/swebalk.com\/en\/wp-json\/wp\/v2\/product_cat?post=2261"},{"taxonomy":"product_tag","embeddable":true,"href":"https:\/\/swebalk.com\/en\/wp-json\/wp\/v2\/product_tag?post=2261"}],"curies":[{"name":"wp","href":"https:\/\/api.w.org\/{rel}","templated":true}]}}