{"id":2256,"date":"2023-09-09T11:57:36","date_gmt":"2023-09-09T11:57:36","guid":{"rendered":"https:\/\/swebalk.com\/?post_type=product&#038;p=2256"},"modified":"2024-05-13T09:16:51","modified_gmt":"2024-05-13T09:16:51","slug":"svarv-servoturn-series","status":"publish","type":"product","link":"https:\/\/swebalk.com\/en\/product\/svarv-servoturn-series\/","title":{"rendered":"Svarv Servoturn Series"},"content":{"rendered":"<figure class=\"wp-block-table is-style-stripes has-small-font-size\"><strong>Standard utrustning:<\/strong><\/figure>\r\n<div class=\"wp-block-columns\">\r\n<div class=\"wp-block-column\">\r\n\r\n\r\n<ul class=\"wp-block-list\">\r\n<li class=\"has-small-font-size\">3-axis DRO, X.pos 3.2 VC<\/li>\r\n\r\n\r\n\r\n<li class=\"has-small-font-size\">3-backschuck \u00d8 250 mm<\/li>\r\n\r\n\r\n\r\n<li class=\"has-small-font-size\">Elektroniska hand rattar<\/li>\r\n\r\n\r\n\r\n<li class=\"has-small-font-size\">Grund snabbh\u00e5llare WB<\/li>\r\n\r\n\r\n\r\n<li class=\"has-small-font-size\">Snabbmatning f\u00f6r X och Z axel<\/li>\r\n\r\n\r\n\r\n<li class=\"has-small-font-size\">Kyl system<\/li>\r\n\r\n\r\n\r\n<li class=\"has-small-font-size\">Material support<\/li>\r\n\r\n\r\n\r\n<li class=\"has-small-font-size\">Sp\u00e5n uppsamlare<\/li>\r\n\r\n\r\n\r\n<li class=\"has-small-font-size\">Fast st\u00e4nk skydd<\/li>\r\n\r\n\r\n\r\n<li class=\"has-small-font-size\">Integrerad sp\u00e5nskydd p\u00e5 glidskenor<\/li>\r\n\r\n\r\n\r\n<li class=\"has-small-font-size\">Chuckskydd<\/li>\r\n\r\n\r\n\r\n<li class=\"has-small-font-size\">Ledarskruvskydd<\/li>\r\n\r\n\r\n\r\n<li class=\"has-small-font-size\">Arbetsbelysning<\/li>\r\n\r\n\r\n\r\n<li class=\"has-small-font-size\">mm<\/li>\r\n<\/ul>\r\n<\/div>\r\n<!-- \/wp:post-content --><\/div>\r\n<!-- \/wp:columns -->\r\n\r\n<!-- wp:table {\"className\":\"is-style-stripes\",\"fontSize\":\"small\"} -->\r\n<figure class=\"wp-block-table is-style-stripes has-small-font-size\">\r\n<table>\r\n<thead>\r\n<tr>\r\n<th>Modell<\/th>\r\n<th>Art. 111100240 &#8211; Servoturn 500\/1000<\/th>\r\n<th>Art. 111100250 &#8211; Servoturn 500\/1500<\/th>\r\n<th>Art. 111100260 &#8211; Servoturn 500\/2000<\/th>\r\n<\/tr>\r\n<\/thead>\r\n<tbody>\r\n<tr>\r\n<td>Dubb avst\u00e5nd<\/td>\r\n<td>950 mm<\/td>\r\n<td>1450 mm<\/td>\r\n<td>1950 mm<\/td>\r\n<\/tr>\r\n<tr>\r\n<td>Dubb h\u00f6jd<\/td>\r\n<td>250 mm<\/td>\r\n<td>250 mm<\/td>\r\n<td>250 mm<\/td>\r\n<\/tr>\r\n<tr>\r\n<td>Sving \u00f6ver b\u00e4dd<\/td>\r\n<td>500 mm<\/td>\r\n<td>500 mm<\/td>\r\n<td>500 mm<\/td>\r\n<\/tr>\r\n<tr>\r\n<td>Sving \u00f6ver support<\/td>\r\n<td>300 mm<\/td>\r\n<td>300 mm<\/td>\r\n<td>300 mm<\/td>\r\n<\/tr>\r\n<tr>\r\n<td>Spindel varvtal (antal v\u00e4xlar)<\/td>\r\n<td>30-1600 v\/min (16)<\/td>\r\n<td>30-1600 v\/min (16)<\/td>\r\n<td>30-1600 v\/min (16)<\/td>\r\n<\/tr>\r\n<tr>\r\n<td>Spindelgenomg\u00e5ng<\/td>\r\n<td>86 mm<\/td>\r\n<td>86 mm<\/td>\r\n<td>86 mm<\/td>\r\n<\/tr>\r\n<tr>\r\n<td>Spindelnos montering<\/td>\r\n<td>A2-8<\/td>\r\n<td>A2-8<\/td>\r\n<td>A2-8<\/td>\r\n<\/tr>\r\n<tr>\r\n<td>Motor effekt<\/td>\r\n<td>6 &#8211; 9 kW<\/td>\r\n<td>6 &#8211; 9 kW<\/td>\r\n<td>6 &#8211; 9 kW<\/td>\r\n<\/tr>\r\n<tr>\r\n<td>Maskin dimension<\/td>\r\n<td>3,2 x 1,28 x 1,65 m<\/td>\r\n<td>3,75 x 1,28 x 1,65 m<\/td>\r\n<td>4,25 x 1,28 x 1,65 m<\/td>\r\n<\/tr>\r\n<tr>\r\n<td>Vikt<\/td>\r\n<td>2850 kg<\/td>\r\n<td>3150 kg<\/td>\r\n<td>3450 kg<\/td>\r\n<\/tr>\r\n<\/tbody>\r\n<\/table>\r\n<\/figure>\r\n<!-- \/wp:table -->\r\n\r\n<!-- wp:paragraph -->\r\n<p>Servoturn-serien av universalsvarvar kombinerar den modernaste matningstekniken med klassisk maskinteknik. Till skillnad fr\u00e5n vanliga svarvar har denna serie kulskruvsdrifter och elektroniska handhjul p\u00e5 alla axlar. Servomotorer med h\u00f6gt vridmoment implementerar varje matningsr\u00f6relse med dynamiken hos moderna CNC-maskiner. Utan v\u00e4xlingshjul och v\u00e4xlar kan matning och g\u00e4ngstigning v\u00e4ljas elektroniskt. Snabba traverser p\u00e5 alla axlar minskar den icke-produktiva tiden och elektroniska stopp ger h\u00f6g repeteringsnoggrannhet.<\/p>\r\n<!-- \/wp:paragraph -->\r\n\r\n<!-- wp:paragraph -->\r\n<p>Servoturn serien finns i 3 olika versioner.<\/p>\r\n<!-- \/wp:paragraph -->\r\n\r\n<!-- wp:paragraph -->\r\n<p>F\u00f6r mer info om produkten och tillbeh\u00f6r se produktblad eller kontakta oss.<\/p>\r\n<!-- \/wp:paragraph -->\r\n\r\n<!-- wp:buttons -->\r\n<div class=\"wp-block-buttons\"><!-- wp:button {\"backgroundColor\":\"vivid-red\",\"textColor\":\"white\"} -->\r\n<div class=\"wp-block-button\"><a class=\"wp-block-button__link has-white-color has-vivid-red-background-color has-text-color has-background wp-element-button\" href=\"https:\/\/swebalk.com\/wp-content\/uploads\/2023\/08\/Servoturn-500_1000-Datasheet.pdf\" target=\"_blank\" rel=\"noreferrer noopener\">Produktblad Servoturn 500\/1000<\/a><\/div>\r\n<div>\u00a0<\/div>\r\n<!-- \/wp:button -->\r\n\r\n<!-- wp:button {\"backgroundColor\":\"vivid-red\",\"textColor\":\"white\"} -->\r\n<div class=\"wp-block-button\"><a class=\"wp-block-button__link has-white-color has-vivid-red-background-color has-text-color has-background wp-element-button\" href=\"https:\/\/swebalk.com\/wp-content\/uploads\/2023\/08\/Servoturn-500_1500-Datasheet.pdf\" target=\"_blank\" rel=\"noreferrer noopener\">Produktblad Servoturn 500\/1500<\/a><\/div>\r\n<div>\u00a0<\/div>\r\n<!-- \/wp:button -->\r\n\r\n<!-- wp:button {\"backgroundColor\":\"vivid-red\",\"textColor\":\"white\"} -->\r\n<div class=\"wp-block-button\"><a class=\"wp-block-button__link has-white-color has-vivid-red-background-color has-text-color has-background wp-element-button\" href=\"https:\/\/swebalk.com\/wp-content\/uploads\/2023\/08\/Servoturn-500_2000-Datasheet.pdf\" target=\"_blank\" rel=\"noreferrer noopener\">Produktblad Servoturn 500\/2000<\/a><\/div>\r\n<!-- \/wp:button --><\/div>\r\n<!-- \/wp:buttons -->","protected":false},"excerpt":{"rendered":"<p>Standard utrustning: Modell Art. 111100240 &#8211; Servoturn 500\/1000 Art. 111100250 &#8211; Servoturn 500\/1500 Art. 111100260 &#8211; Servoturn 500\/2000 Dubb avst\u00e5nd 950 mm 1450 mm 1950 mm Dubb h\u00f6jd 250 mm 250 mm 250 mm Sving \u00f6ver b\u00e4dd 500 mm 500 mm 500 mm Sving \u00f6ver support 300 mm 300 mm 300 mm Spindel varvtal (antal [&hellip;]<\/p>\n","protected":false},"featured_media":2747,"comment_status":"open","ping_status":"closed","template":"","meta":{"_acf_changed":false},"product_brand":[],"product_cat":[50],"product_tag":[],"class_list":{"0":"post-2256","1":"product","2":"type-product","3":"status-publish","4":"has-post-thumbnail","6":"product_cat-svarvning","7":"post","8":"post-with-thumbnail","9":"post-with-thumbnail-large","11":"first","12":"instock","13":"shipping-taxable","14":"product-type-simple"},"acf":[],"_links":{"self":[{"href":"https:\/\/swebalk.com\/en\/wp-json\/wp\/v2\/product\/2256","targetHints":{"allow":["GET"]}}],"collection":[{"href":"https:\/\/swebalk.com\/en\/wp-json\/wp\/v2\/product"}],"about":[{"href":"https:\/\/swebalk.com\/en\/wp-json\/wp\/v2\/types\/product"}],"replies":[{"embeddable":true,"href":"https:\/\/swebalk.com\/en\/wp-json\/wp\/v2\/comments?post=2256"}],"wp:featuredmedia":[{"embeddable":true,"href":"https:\/\/swebalk.com\/en\/wp-json\/wp\/v2\/media\/2747"}],"wp:attachment":[{"href":"https:\/\/swebalk.com\/en\/wp-json\/wp\/v2\/media?parent=2256"}],"wp:term":[{"taxonomy":"product_brand","embeddable":true,"href":"https:\/\/swebalk.com\/en\/wp-json\/wp\/v2\/product_brand?post=2256"},{"taxonomy":"product_cat","embeddable":true,"href":"https:\/\/swebalk.com\/en\/wp-json\/wp\/v2\/product_cat?post=2256"},{"taxonomy":"product_tag","embeddable":true,"href":"https:\/\/swebalk.com\/en\/wp-json\/wp\/v2\/product_tag?post=2256"}],"curies":[{"name":"wp","href":"https:\/\/api.w.org\/{rel}","templated":true}]}}