{"id":2253,"date":"2023-09-09T11:54:07","date_gmt":"2023-09-09T11:54:07","guid":{"rendered":"https:\/\/swebalk.com\/?post_type=product&#038;p=2253"},"modified":"2024-05-13T09:30:51","modified_gmt":"2024-05-13T09:30:51","slug":"planslipmaskin-hfs-nc-series","status":"publish","type":"product","link":"https:\/\/swebalk.com\/en\/product\/planslipmaskin-hfs-nc-series\/","title":{"rendered":"Planslipmaskin HFS NC Series"},"content":{"rendered":"<figure class=\"wp-block-table is-style-stripes\">HFS NC-serien \u00e4r en l\u00f6sning f\u00f6r automatisk och halvautomatisk plan och profilslipning. Denna maskin erbjuder f\u00f6rdelar n\u00e4r det g\u00e4ller precision och effektivitet tack vare slipcykler som enkelt kan programmeras via peksk\u00e4rmen och det automatiska sliphjulsbehandlingsl\u00e4get. L\u00e4tt att mata in bearbetningscyklerna och kompenserar m\u00e5tt och hastighet helt automatiskt. M\u00f6jligheten att v\u00e4xla mellan halvautomatisk och automatisk drift ut\u00f6kar ocks\u00e5 anv\u00e4ndningsomr\u00e5det fr\u00e5n serieproduktion till underh\u00e5llsverkst\u00e4der och skolor. HFS NC finns i fyra olika versioner. F\u00f6r mer info om produkten och tillbeh\u00f6r se produktblad eller kontakta oss.<\/figure>\r\n\r\n\r\n\r\n<figure class=\"wp-block-table is-style-stripes has-small-font-size\">\r\n<table>\r\n<thead>\r\n<tr>\r\n<th>Modell<\/th>\r\n<th>Art. 153100010 &#8211; HFS 52 NC<\/th>\r\n<th>Art. 153100020 &#8211; HFS 73 NC<\/th>\r\n<th>Art. 153100030 &#8211; HFS 104 NC<\/th>\r\n<th>Art. 153100040 &#8211; HFS 160 NC<\/th>\r\n<\/tr>\r\n<\/thead>\r\n<tbody>\r\n<tr>\r\n<td>Arbetsstycken vikt inkl. magnet platta (max.) (mm)<\/td>\r\n<td>210<\/td>\r\n<td>400<\/td>\r\n<td>680<\/td>\r\n<td>850<\/td>\r\n<\/tr>\r\n<tr>\r\n<td>Avst\u00e5nd spindel &#8211; arbetsbord (mm)<\/td>\r\n<td>470<\/td>\r\n<td>640<\/td>\r\n<td>640<\/td>\r\n<td>640<\/td>\r\n<\/tr>\r\n<tr>\r\n<td>Storlek magnet bord<\/td>\r\n<td>500 x 200<\/td>\r\n<td>700 x 300<\/td>\r\n<td>1000 x 400<\/td>\r\n<td>1600 x 400<\/td>\r\n<\/tr>\r\n<tr>\r\n<td>R\u00f6relse X-axel (mm)<\/td>\r\n<td>560<\/td>\r\n<td>800<\/td>\r\n<td>1120<\/td>\r\n<td>1780<\/td>\r\n<\/tr>\r\n<tr>\r\n<td>R\u00f6relse Z-axel (mm)<\/td>\r\n<td>220<\/td>\r\n<td>330<\/td>\r\n<td>430<\/td>\r\n<td>430<\/td>\r\n<\/tr>\r\n<tr>\r\n<td>Varvtal (m\/min)<\/td>\r\n<td>500-3500<\/td>\r\n<td>500-2300<\/td>\r\n<td>500-2300<\/td>\r\n<td>500-2300<\/td>\r\n<\/tr>\r\n<tr>\r\n<td>Motor effekt (kW)<\/td>\r\n<td>3,7<\/td>\r\n<td>3,7<\/td>\r\n<td>5,5<\/td>\r\n<td>5,5<\/td>\r\n<\/tr>\r\n<tr>\r\n<td>Slipskivan (mm)<\/td>\r\n<td>255 x 50,8 x 25<\/td>\r\n<td>400 x 127 x 40<\/td>\r\n<td>400 x 127 x 40<\/td>\r\n<td>400 x 127 x 40<\/td>\r\n<\/tr>\r\n<tr>\r\n<td>Maskin dimension (m)<\/td>\r\n<td>2,4 x 1,75 x 2,4<\/td>\r\n<td>2,9 x 1,9 x 2,5<\/td>\r\n<td>2,9 x 1,9 x 2,5<\/td>\r\n<td>6,5 x 3 x 2,5<\/td>\r\n<\/tr>\r\n<\/tbody>\r\n<\/table>\r\n<\/figure>\r\n\r\n\r\n\r\n<div class=\"wp-block-buttons is-layout-flex wp-block-buttons-is-layout-flex\">\r\n<div class=\"wp-block-button has-custom-width wp-block-button__width-50\"><a class=\"wp-block-button__link has-white-color has-vivid-red-background-color has-text-color has-background wp-element-button\" href=\"https:\/\/swebalk.com\/wp-content\/uploads\/2023\/08\/HFS-52-NC-Datasheet.pdf\" target=\"_blank\" rel=\"noreferrer noopener\">Produktblad HFS 52 NC<\/a><\/div>\r\n<div>\u00a0<\/div>\r\n\r\n\r\n\r\n<div class=\"wp-block-button has-custom-width wp-block-button__width-50\"><a class=\"wp-block-button__link has-white-color has-vivid-red-background-color has-text-color has-background wp-element-button\" href=\"https:\/\/swebalk.com\/wp-content\/uploads\/2023\/08\/HFS-73-NC-Datasheet.pdf\" target=\"_blank\" rel=\"noreferrer noopener\">Produktblad HFS 73 NC<\/a><\/div>\r\n<div>\u00a0<\/div>\r\n\r\n\r\n\r\n<div class=\"wp-block-button has-custom-width wp-block-button__width-50\"><a class=\"wp-block-button__link has-white-color has-vivid-red-background-color has-text-color has-background wp-element-button\" href=\"https:\/\/swebalk.com\/wp-content\/uploads\/2023\/08\/HFS-104-NC-Datasheet.pdf\" target=\"_blank\" rel=\"noreferrer noopener\">Produktblad HFS 104 NC<\/a><\/div>\r\n<div>\u00a0<\/div>\r\n\r\n\r\n\r\n<div class=\"wp-block-button has-custom-width wp-block-button__width-50\"><a class=\"wp-block-button__link has-white-color has-vivid-red-background-color has-text-color has-background wp-element-button\" href=\"https:\/\/swebalk.com\/wp-content\/uploads\/2023\/08\/HFS-160-NC-Datasheet.pdf\" target=\"_blank\" rel=\"noreferrer noopener\">Produktblad HFS 160 NC<\/a><\/div>\r\n<\/div>","protected":false},"excerpt":{"rendered":"<p>HFS NC-serien \u00e4r en l\u00f6sning f\u00f6r automatisk och halvautomatisk plan och profilslipning. Denna maskin erbjuder f\u00f6rdelar n\u00e4r det g\u00e4ller precision och effektivitet tack vare slipcykler som enkelt kan programmeras via peksk\u00e4rmen och det automatiska sliphjulsbehandlingsl\u00e4get. L\u00e4tt att mata in bearbetningscyklerna och kompenserar m\u00e5tt och hastighet helt automatiskt. M\u00f6jligheten att v\u00e4xla mellan halvautomatisk och automatisk drift [&hellip;]<\/p>\n","protected":false},"featured_media":2731,"comment_status":"open","ping_status":"closed","template":"","meta":{"_acf_changed":false},"product_brand":[],"product_cat":[48],"product_tag":[],"class_list":{"0":"post-2253","1":"product","2":"type-product","3":"status-publish","4":"has-post-thumbnail","6":"product_cat-slipning","7":"post","8":"post-with-thumbnail","9":"post-with-thumbnail-large","11":"first","12":"instock","13":"shipping-taxable","14":"product-type-simple"},"acf":[],"_links":{"self":[{"href":"https:\/\/swebalk.com\/en\/wp-json\/wp\/v2\/product\/2253","targetHints":{"allow":["GET"]}}],"collection":[{"href":"https:\/\/swebalk.com\/en\/wp-json\/wp\/v2\/product"}],"about":[{"href":"https:\/\/swebalk.com\/en\/wp-json\/wp\/v2\/types\/product"}],"replies":[{"embeddable":true,"href":"https:\/\/swebalk.com\/en\/wp-json\/wp\/v2\/comments?post=2253"}],"wp:featuredmedia":[{"embeddable":true,"href":"https:\/\/swebalk.com\/en\/wp-json\/wp\/v2\/media\/2731"}],"wp:attachment":[{"href":"https:\/\/swebalk.com\/en\/wp-json\/wp\/v2\/media?parent=2253"}],"wp:term":[{"taxonomy":"product_brand","embeddable":true,"href":"https:\/\/swebalk.com\/en\/wp-json\/wp\/v2\/product_brand?post=2253"},{"taxonomy":"product_cat","embeddable":true,"href":"https:\/\/swebalk.com\/en\/wp-json\/wp\/v2\/product_cat?post=2253"},{"taxonomy":"product_tag","embeddable":true,"href":"https:\/\/swebalk.com\/en\/wp-json\/wp\/v2\/product_tag?post=2253"}],"curies":[{"name":"wp","href":"https:\/\/api.w.org\/{rel}","templated":true}]}}