{"id":2252,"date":"2023-09-09T11:51:13","date_gmt":"2023-09-09T11:51:13","guid":{"rendered":"https:\/\/swebalk.com\/?post_type=product&#038;p=2252"},"modified":"2025-01-12T12:50:20","modified_gmt":"2025-01-12T12:50:20","slug":"vertikal-kallbandsag-vb-a-series","status":"publish","type":"product","link":"https:\/\/swebalk.com\/en\/product\/vertikal-kallbandsag-vb-a-series\/","title":{"rendered":"Vertikal kallbands\u00e5g VB-A Series"},"content":{"rendered":"<figure class=\"wp-block-table is-style-stripes\">En robust vertikal bands\u00e5g i VB-A serier passar alla verkst\u00e4der som bearbetar st\u00e5l. Men man dessa ocks\u00e5 l\u00e4mpar sig f\u00f6r s\u00e5gning i andra materialen s\u00e5 som aluminium, tr\u00e4, plast etc. Modellerna i VB A-serien \u00e4r designade f\u00f6r allsidig anv\u00e4ndning och k\u00e4nnetecknas av sin styva konstruktion, stabila arbetsbord och variabla hastigheter. VB-A vertikala kallbands\u00e5gar finns i tv\u00e5 olika versioner. F\u00f6r mer info om produkten och tillbeh\u00f6r se produktblad eller kontakta oss.<\/figure>\r\n\r\n\r\n\r\n<figure class=\"wp-block-table is-style-stripes has-small-font-size\">\r\n<table>\r\n<thead>\r\n<tr>\r\n<th>Modell<\/th>\r\n<th>Art. 143100010 &#8211; VB 300 A<\/th>\r\n<th>\u00a0<\/th>\r\n<th>Art. 143100030 &#8211; VB 500 A<\/th>\r\n<th>\u00a0<\/th>\r\n<\/tr>\r\n<\/thead>\r\n<tbody>\r\n<tr>\r\n<td>Bord dimension (mm)<\/td>\r\n<td>500x400x890<\/td>\r\n<td>\u00a0<\/td>\r\n<td>700x660x980<\/td>\r\n<td>\u00a0<\/td>\r\n<\/tr>\r\n<tr>\r\n<td>Arbetsbord med justering vinkel (v\/h)<\/td>\r\n<td>15\/45 grader<\/td>\r\n<td>\u00a0<\/td>\r\n<td>15\/30 grader<\/td>\r\n<td>\u00a0<\/td>\r\n<\/tr>\r\n<tr>\r\n<td>S\u00e5g kapacitet h\u00f6jd x hals (mm)<\/td>\r\n<td>185 x 310<\/td>\r\n<td>\u00a0<\/td>\r\n<td>310 x 500<\/td>\r\n<td>\u00a0<\/td>\r\n<\/tr>\r\n<tr>\r\n<td>S\u00e5g hastighet (m\/min)<\/td>\r\n<td>10 &#8211; 180<\/td>\r\n<td>\u00a0<\/td>\r\n<td>15 &#8211; 328<\/td>\r\n<td>\u00a0<\/td>\r\n<\/tr>\r\n<tr>\r\n<td>S\u00e5gbladets bredd (mm)<\/td>\r\n<td>3 &#8211; 16<\/td>\r\n<td>\u00a0<\/td>\r\n<td>3 &#8211; 16<\/td>\r\n<td>\u00a0<\/td>\r\n<\/tr>\r\n<tr>\r\n<td>S\u00e5gbladets l\u00e4ngd (mm)<\/td>\r\n<td>2835 &#8211; 2915<\/td>\r\n<td>\u00a0<\/td>\r\n<td>3980 &#8211; 4050<\/td>\r\n<td>\u00a0<\/td>\r\n<\/tr>\r\n<tr>\r\n<td>Motor effekt (kW)<\/td>\r\n<td>0,55<\/td>\r\n<td>\u00a0<\/td>\r\n<td>1,5<\/td>\r\n<td>\u00a0<\/td>\r\n<\/tr>\r\n<tr>\r\n<td>Bladets svets kapacitet\u00a0<\/td>\r\n<td>2,4 kVA<\/td>\r\n<td>\u00a0<\/td>\r\n<td>2,4 kVA<\/td>\r\n<td>\u00a0<\/td>\r\n<\/tr>\r\n<tr>\r\n<td>Maskin dimension (m)<\/td>\r\n<td>0,91 x 0,82 x 1,6<\/td>\r\n<td>\u00a0<\/td>\r\n<td>1,25 x 1,04 x 1,98<\/td>\r\n<td>\u00a0<\/td>\r\n<\/tr>\r\n<\/tbody>\r\n<\/table>\r\n<\/figure>\r\n\r\n\r\n\r\n<div class=\"wp-block-buttons is-layout-flex wp-block-buttons-is-layout-flex\">\r\n<div class=\"wp-block-button has-custom-width wp-block-button__width-25\"><a class=\"wp-block-button__link has-white-color has-vivid-red-background-color has-text-color has-background wp-element-button\" href=\"https:\/\/swebalk.com\/wp-content\/uploads\/2023\/08\/VB-300-A-Datasheet.pdf\" target=\"_blank\" rel=\"noreferrer noopener\">Produktblad VB 300 A<\/a><\/div>\r\n<div>\u00a0<\/div>\r\n\r\n\r\n\r\n<div class=\"wp-block-button has-custom-width wp-block-button__width-25\"><a class=\"wp-block-button__link has-white-color has-vivid-red-background-color has-text-color has-background wp-element-button\" href=\"https:\/\/swebalk.com\/wp-content\/uploads\/2023\/08\/VB-500-A-Datasheet.pdf\" target=\"_blank\" rel=\"noreferrer noopener\">Produktblad VB 500 A<\/a><\/div>\r\n<\/div>","protected":false},"excerpt":{"rendered":"<p>En robust vertikal bands\u00e5g i VB-A serier passar alla verkst\u00e4der som bearbetar st\u00e5l. Men man dessa ocks\u00e5 l\u00e4mpar sig f\u00f6r s\u00e5gning i andra materialen s\u00e5 som aluminium, tr\u00e4, plast etc. Modellerna i VB A-serien \u00e4r designade f\u00f6r allsidig anv\u00e4ndning och k\u00e4nnetecknas av sin styva konstruktion, stabila arbetsbord och variabla hastigheter. VB-A vertikala kallbands\u00e5gar finns i [&hellip;]<\/p>\n","protected":false},"featured_media":2729,"comment_status":"open","ping_status":"closed","template":"","meta":{"_acf_changed":false},"product_brand":[],"product_cat":[43],"product_tag":[],"class_list":{"0":"post-2252","1":"product","2":"type-product","3":"status-publish","4":"has-post-thumbnail","6":"product_cat-sagning-kapning-2","7":"post","8":"post-with-thumbnail","9":"post-with-thumbnail-large","11":"first","12":"instock","13":"shipping-taxable","14":"product-type-simple"},"acf":[],"_links":{"self":[{"href":"https:\/\/swebalk.com\/en\/wp-json\/wp\/v2\/product\/2252","targetHints":{"allow":["GET"]}}],"collection":[{"href":"https:\/\/swebalk.com\/en\/wp-json\/wp\/v2\/product"}],"about":[{"href":"https:\/\/swebalk.com\/en\/wp-json\/wp\/v2\/types\/product"}],"replies":[{"embeddable":true,"href":"https:\/\/swebalk.com\/en\/wp-json\/wp\/v2\/comments?post=2252"}],"wp:featuredmedia":[{"embeddable":true,"href":"https:\/\/swebalk.com\/en\/wp-json\/wp\/v2\/media\/2729"}],"wp:attachment":[{"href":"https:\/\/swebalk.com\/en\/wp-json\/wp\/v2\/media?parent=2252"}],"wp:term":[{"taxonomy":"product_brand","embeddable":true,"href":"https:\/\/swebalk.com\/en\/wp-json\/wp\/v2\/product_brand?post=2252"},{"taxonomy":"product_cat","embeddable":true,"href":"https:\/\/swebalk.com\/en\/wp-json\/wp\/v2\/product_cat?post=2252"},{"taxonomy":"product_tag","embeddable":true,"href":"https:\/\/swebalk.com\/en\/wp-json\/wp\/v2\/product_tag?post=2252"}],"curies":[{"name":"wp","href":"https:\/\/api.w.org\/{rel}","templated":true}]}}