{"id":2250,"date":"2023-09-09T11:47:47","date_gmt":"2023-09-09T11:47:47","guid":{"rendered":"https:\/\/swebalk.com\/?post_type=product&#038;p=2250"},"modified":"2025-05-09T15:00:46","modified_gmt":"2025-05-09T15:00:46","slug":"svarv-turnado-series","status":"publish","type":"product","link":"https:\/\/swebalk.com\/en\/product\/svarv-turnado-series\/","title":{"rendered":"Svarv Turnado Series"},"content":{"rendered":"<div class=\"wp-block-columns\">\r\n<div class=\"wp-block-column\">\r\n<p>Maskinerna i Turnado-serien \u00e4r den moderna versionen av den klassiska svarven. De k\u00e4nnetecknas av robust konstruktion, en kraftfull motor och h\u00f6g m\u00e5ngsidighet. Med det omfattande utbudet av standard tillbeh\u00f6r och tillval kan dessa maskiner anpassas till m\u00e5nga produktionskrav. En modern l\u00e4gesindikator ing\u00e5r ocks\u00e5 i standardutrustningen, liksom en h\u00f6gkvalitativ snabbv\u00e4xlingsverktygsh\u00e5llare. Modellerna i denna serie har bevisat sig sj\u00e4lva m\u00e5nga g\u00e5nger och har varit en av v\u00e5ra mest s\u00e5lda konventionella svarvar i mer \u00e4n 20 \u00e5r.<\/p>\r\n<p>\r\n\r\n<\/p>\r\n<p>Turnado serien finns i 5 olika versioner.<\/p>\r\n<p>F\u00f6r mer info om produkten och tillbeh\u00f6r se produktblad eller kontakta oss.<\/p>\r\n<div class=\"description-table-wrapper\"><table class=\"description-table\"><thead><tr><th>Modell<\/th><th>Art. 111100040 - Turnado 230\/1000<\/th><th>Art. 111100060 - Turnado 230\/1500<\/th><th>Art. 111100070 - Turnado 230\/2000<\/th><th>Art. 111100080 - Turnado 280\/1500<\/th><th>Art. 111100090 - Turnado 280\/2000<\/th><\/tr><\/thead><tbody><tr><td class=\"left-align\">Dubb avst\u00e5nd<\/td><td>1000 mm<\/td><td>1500 mm<\/td><td>2000 mm<\/td><td>1428 mm<\/td><td>1928 mm<\/td><\/tr><tr><td class=\"left-align\">Dubb h\u00f6jd<\/td><td>230 mm<\/td><td>230 mm<\/td><td>230 mm<\/td><td>280 mm<\/td><td>280 mm<\/td><\/tr><tr><td class=\"left-align\">Sving \u00f6ver b\u00e4dd<\/td><td>460 mm<\/td><td>460 mm<\/td><td>460 mm<\/td><td>560 mm<\/td><td>560 mm<\/td><\/tr><tr><td class=\"left-align\">Sving \u00f6ver gap<\/td><td>690 mm<\/td><td>690 mm<\/td><td>690 mm<\/td><td>785 mm<\/td><td>785 mm<\/td><\/tr><tr><td class=\"left-align\">Sving \u00f6ver support<\/td><td>224 mm<\/td><td>224 mm<\/td><td>224 mm<\/td><td>355 mm<\/td><td>355 mm<\/td><\/tr><tr><td class=\"left-align\">Spindel varvtal (antal v\u00e4xlar)<\/td><td>25\u20133000 v\/min (12)<\/td><td>25\u20133000 v\/min (12)<\/td><td>25\u20133000 v\/min (12)<\/td><td>25\u20131600 v\/min (12)<\/td><td>25\u20131600 v\/min (12)<\/td><\/tr><tr><td class=\"left-align\">Spindelgenomg\u00e5ng<\/td><td>58 mm<\/td><td>58 mm<\/td><td>58 mm<\/td><td>80 mm<\/td><td>80 mm<\/td><\/tr><tr><td class=\"left-align\">Spindelnos montering<\/td><td>Camlock D1-6<\/td><td>Camlock D1-6<\/td><td>Camlock D1-6<\/td><td>Camlock D1-8<\/td><td>Camlock D1-8<\/td><\/tr><tr><td class=\"left-align\">Motor effekt<\/td><td>5,5 kW<\/td><td>5,5 kW<\/td><td>5,5 kW<\/td><td>5,5 kW<\/td><td>5,5 kW<\/td><\/tr><tr><td class=\"left-align\">Vikt<\/td><td>1720 kg<\/td><td>1970 kg<\/td><td>2100 kg<\/td><td>2370 kg<\/td><td>2720 kg<\/td><\/tr><\/tbody><\/table><\/div>\r\n<div class=\"standard-equipment-block\"><h3>\ud83d\udee0\ufe0f Standardutrustning<\/h3><table class=\"custom-table\"><thead><tr><th>Utrustning<\/th><th>Enhet<\/th><th>Specifikation<\/th><\/tr><\/thead><tbody><tr><td>\u2714\ufe0f 3-axis DRO, X.pos 3.2 VC<\/td><td>st.<\/td><td>1<\/td><\/tr><tr><td>\u2714\ufe0f 3-backschuck \u00d8 250\/315 mm<\/td><td>st.<\/td><td>1<\/td><\/tr><tr><td>\u2714\ufe0f 4-backschuck \u00d8 300\/350 mm<\/td><td>st.<\/td><td>1<\/td><\/tr><tr><td>\u2714\ufe0f Plan skiva \u00d8 350\/450 mm<\/td><td>st.<\/td><td>1<\/td><\/tr><tr><td>\u2714\ufe0f Grund snabbh\u00e5llare WB \/ WC<\/td><td>st.<\/td><td>1<\/td><\/tr><tr><td>\u2714\ufe0f Snabb verktygsh\u00e5llare WBD 25120 \/ WCD 32150<\/td><td>st.<\/td><td>1<\/td><\/tr><tr><td>\u2714\ufe0f Snabbmatning f\u00f6r X och Z axel<\/td><td>st.<\/td><td>1<\/td><\/tr><tr><td>\u2714\ufe0f Kyl system<\/td><td>st.<\/td><td>1<\/td><\/tr><tr><td>\u2714\ufe0f Material support<\/td><td>st.<\/td><td>1<\/td><\/tr><tr><td>\u2714\ufe0f Sp\u00e5n uppsamlare<\/td><td>st.<\/td><td>1<\/td><\/tr><tr><td>\u2714\ufe0f Fast st\u00e4nk skydd<\/td><td>st.<\/td><td>1<\/td><\/tr><tr><td>\u2714\ufe0f Integrerad sp\u00e5nskydd<\/td><td>st.<\/td><td>1<\/td><\/tr><tr><td>\u2714\ufe0f Chuckskydd<\/td><td>st.<\/td><td>1<\/td><\/tr><tr><td>\u2714\ufe0f Ledarskruvskydd<\/td><td>st.<\/td><td>1<\/td><\/tr><tr><td>\u2714\ufe0f Fotbroms<\/td><td>st.<\/td><td>1<\/td><\/tr><tr><td>\u2714\ufe0f Arbetsbelysning<\/td><td>st.<\/td><td>1<\/td><\/tr><\/tbody><\/table><\/div>\r\n<\/div>\r\n<\/div>\r\n\r\n\r\n\r\n<div class=\"wp-block-buttons is-layout-flex wp-block-buttons-is-layout-flex\">\r\n<div class=\"wp-block-button\"><a class=\"wp-block-button__link has-white-color has-vivid-red-background-color has-text-color has-background wp-element-button\" href=\"https:\/\/swebalk.com\/wp-content\/uploads\/2023\/08\/Turnado-230_1000-Datasheet.pdf\" target=\"_blank\" rel=\"noreferrer noopener\">Produktblad Turnado 230\/1000<\/a><\/div>\r\n<div>\u00a0<\/div>\r\n\r\n\r\n\r\n<div class=\"wp-block-button\"><a class=\"wp-block-button__link has-white-color has-vivid-red-background-color has-text-color has-background wp-element-button\" href=\"https:\/\/swebalk.com\/wp-content\/uploads\/2023\/08\/Turnado-230_1500-Datasheet.pdf\" target=\"_blank\" rel=\"noreferrer noopener\">Produktblad Turnado 230\/1500<\/a><\/div>\r\n<div>\u00a0<\/div>\r\n\r\n\r\n\r\n<div class=\"wp-block-button\"><a class=\"wp-block-button__link has-white-color has-vivid-red-background-color has-text-color has-background wp-element-button\" href=\"https:\/\/swebalk.com\/wp-content\/uploads\/2023\/08\/Turnado-230_2000-Datasheet.pdf\" target=\"_blank\" rel=\"noreferrer noopener\">Produktblad Turnado 230\/2000<\/a><\/div>\r\n<div>\u00a0<\/div>\r\n\r\n\r\n\r\n<div class=\"wp-block-button\"><a class=\"wp-block-button__link has-white-color has-vivid-red-background-color has-text-color has-background wp-element-button\" href=\"https:\/\/swebalk.com\/wp-content\/uploads\/2023\/08\/Turnado-280_1500-Datasheet.pdf\" target=\"_blank\" rel=\"noreferrer noopener\">Produktblad Turnado 280\/1500<\/a><\/div>\r\n<div>\u00a0<\/div>\r\n\r\n\r\n\r\n<div class=\"wp-block-button\"><a class=\"wp-block-button__link has-white-color has-vivid-red-background-color has-text-color has-background wp-element-button\" href=\"https:\/\/swebalk.com\/wp-content\/uploads\/2023\/08\/Turnado-280_2000-Datasheet.pdf\" target=\"_blank\" rel=\"noreferrer noopener\">Produktblad Turnado 280\/2000<\/a><\/div>\r\n<\/div>","protected":false},"excerpt":{"rendered":"<p>Maskinerna i Turnado-serien \u00e4r den moderna versionen av den klassiska svarven. De k\u00e4nnetecknas av robust konstruktion, en kraftfull motor och h\u00f6g m\u00e5ngsidighet. Med det omfattande utbudet av standard tillbeh\u00f6r och tillval kan dessa maskiner anpassas till m\u00e5nga produktionskrav. En modern l\u00e4gesindikator ing\u00e5r ocks\u00e5 i standardutrustningen, liksom en h\u00f6gkvalitativ snabbv\u00e4xlingsverktygsh\u00e5llare. Modellerna i denna serie har bevisat [&hellip;]<\/p>\n","protected":false},"featured_media":2723,"comment_status":"open","ping_status":"closed","template":"","meta":{"_acf_changed":false},"product_brand":[],"product_cat":[50],"product_tag":[],"class_list":{"0":"post-2250","1":"product","2":"type-product","3":"status-publish","4":"has-post-thumbnail","6":"product_cat-svarvning","7":"post","8":"post-with-thumbnail","9":"post-with-thumbnail-large","11":"first","12":"instock","13":"shipping-taxable","14":"product-type-simple"},"acf":[],"_links":{"self":[{"href":"https:\/\/swebalk.com\/en\/wp-json\/wp\/v2\/product\/2250","targetHints":{"allow":["GET"]}}],"collection":[{"href":"https:\/\/swebalk.com\/en\/wp-json\/wp\/v2\/product"}],"about":[{"href":"https:\/\/swebalk.com\/en\/wp-json\/wp\/v2\/types\/product"}],"replies":[{"embeddable":true,"href":"https:\/\/swebalk.com\/en\/wp-json\/wp\/v2\/comments?post=2250"}],"wp:featuredmedia":[{"embeddable":true,"href":"https:\/\/swebalk.com\/en\/wp-json\/wp\/v2\/media\/2723"}],"wp:attachment":[{"href":"https:\/\/swebalk.com\/en\/wp-json\/wp\/v2\/media?parent=2250"}],"wp:term":[{"taxonomy":"product_brand","embeddable":true,"href":"https:\/\/swebalk.com\/en\/wp-json\/wp\/v2\/product_brand?post=2250"},{"taxonomy":"product_cat","embeddable":true,"href":"https:\/\/swebalk.com\/en\/wp-json\/wp\/v2\/product_cat?post=2250"},{"taxonomy":"product_tag","embeddable":true,"href":"https:\/\/swebalk.com\/en\/wp-json\/wp\/v2\/product_tag?post=2250"}],"curies":[{"name":"wp","href":"https:\/\/api.w.org\/{rel}","templated":true}]}}