{"id":2246,"date":"2023-09-09T11:43:41","date_gmt":"2023-09-09T11:43:41","guid":{"rendered":"https:\/\/swebalk.com\/?post_type=product&#038;p=2246"},"modified":"2024-05-13T06:01:54","modified_gmt":"2024-05-13T06:01:54","slug":"pelarborrmaskin-ima-i32","status":"publish","type":"product","link":"https:\/\/swebalk.com\/en\/product\/pelarborrmaskin-ima-i32\/","title":{"rendered":"Pelarborrmaskin IMA I32"},"content":{"rendered":"<figure class=\"wp-block-table is-style-stripes has-small-font-size\">\r\n<table>\r\n<tbody>\r\n<tr>\r\n<td>Borrkapacitet<\/td>\r\n<td>30 \/ 32 mm<\/td>\r\n<\/tr>\r\n<tr>\r\n<td>G\u00e4ngkapacitet<\/td>\r\n<td>M18 \/ M22<\/td>\r\n<\/tr>\r\n<tr>\r\n<td>Arbetsbord\/T-sp\u00e5r<\/td>\r\n<td>500 x 400\/14 mm<\/td>\r\n<\/tr>\r\n<tr>\r\n<td>Pinol r\u00f6relse<\/td>\r\n<td>150 mm<\/td>\r\n<\/tr>\r\n<tr>\r\n<td>Varvtal<\/td>\r\n<td>50 v\/min \u2013 3800 v\/min<\/td>\r\n<\/tr>\r\n<tr>\r\n<td>Spindelkona<\/td>\r\n<td>MK 3<\/td>\r\n<\/tr>\r\n<\/tbody>\r\n<\/table>\r\n<\/figure>\r\n\r\n\r\n\r\n<p>IMA I32\u00a0 \u00e4r en serie svensktillverkade pelarborrmaskiner med 30 mm borrkapacitet. Maskinerna finns med b\u00e5de manuell och automatisk matning som g\u00f6r det m\u00f6jligt att ha en effektivare arbetsg\u00e5ng. B\u00e5de borrhuvud och bordarm \u00e4r vridbara 360\u00b0 runt pelaren, samt h\u00f6j- och s\u00e4nkbara. Borrskydd med mikrobrytare \u00e4r standard inom CE-omr\u00e5de.<\/p>\r\n\r\n\r\n\r\n<p><strong>Art. 131104060 &#8211; IMA I 32<\/strong> \u2013 manuell matning<\/p>\r\n\r\n\r\n\r\n<p><strong>Art. 131104070 &#8211; IMA I 32 M<\/strong> \u2013 automatisk maskinmatning f\u00f6r att f\u00f6renkla arbetet f\u00f6r operat\u00f6ren.<\/p>\r\n\r\n\r\n\r\n<p><strong>Art. 132104030 &#8211; IMA I 32 B<\/strong> \u2013 b\u00e4nkutf\u00f6rande med manuell matning.<\/p>\r\n\r\n\r\n\r\n<p><strong>Art. 132104040 &#8211; IMA I 32 BM<\/strong> \u2013 b\u00e4nkutf\u00f6rande med automatisk matning.<\/p>\r\n\r\n\r\n\r\n<p><strong>Art. 131104080 &#8211; IMA I 32 F<\/strong> \u2013 med stegl\u00f6st varvtal, 50-3800 rpm.<\/p>\r\n\r\n\r\n\r\n<p><strong>Art. 131104090 &#8211; IMA I 32 MF<\/strong> \u2013 med stegl\u00f6st varvtal och automatisk matning.<\/p>\r\n\r\n\r\n\r\n<div class=\"wp-block-buttons is-layout-flex wp-block-buttons-is-layout-flex\">\r\n<div class=\"wp-block-button has-custom-width wp-block-button__width-50\"><a class=\"wp-block-button__link has-white-color has-vivid-red-background-color has-text-color has-background wp-element-button\" href=\"https:\/\/swebalk.com\/wp-content\/uploads\/2023\/08\/prospekt-ima_i-32.pdf\" target=\"_blank\" rel=\"noreferrer noopener\">Produktblad IMA I32<\/a><\/div>\r\n<div>\u00a0<\/div>\r\n\r\n\r\n\r\n<div class=\"wp-block-button has-custom-width wp-block-button__width-50\"><a class=\"wp-block-button__link has-white-color has-vivid-red-background-color has-text-color has-background wp-element-button\" href=\"https:\/\/swebalk.com\/wp-content\/uploads\/2023\/08\/prospekt-ima_i-32-b.pdf\" target=\"_blank\" rel=\"noreferrer noopener\">Produktblad IMA I32B<\/a><\/div>\r\n<div>\u00a0<\/div>\r\n\r\n\r\n\r\n<div class=\"wp-block-button has-custom-width wp-block-button__width-50\"><a class=\"wp-block-button__link has-white-color has-vivid-red-background-color has-text-color has-background wp-element-button\" href=\"https:\/\/swebalk.com\/wp-content\/uploads\/2023\/08\/prospekt-ima_i-32-m.pdf\" target=\"_blank\" rel=\"noreferrer noopener\">Produktblad IMA I32M<\/a><\/div>\r\n<div>\u00a0<\/div>\r\n\r\n\r\n\r\n<div class=\"wp-block-button has-custom-width wp-block-button__width-50\"><a class=\"wp-block-button__link has-white-color has-vivid-red-background-color has-text-color has-background wp-element-button\" href=\"https:\/\/swebalk.com\/wp-content\/uploads\/2023\/08\/prospekt-ima_i-32-bm.pdf\" target=\"_blank\" rel=\"noreferrer noopener\">Produktblad IMA I32BM<\/a><\/div>\r\n<div>\u00a0<\/div>\r\n\r\n\r\n\r\n<div class=\"wp-block-button has-custom-width wp-block-button__width-50\"><a class=\"wp-block-button__link has-white-color has-vivid-red-background-color has-text-color has-background wp-element-button\" href=\"https:\/\/swebalk.com\/wp-content\/uploads\/2023\/08\/prospekt-ima_i-32-f.pdf\" target=\"_blank\" rel=\"noreferrer noopener\">Produktblad IMA I32F<\/a><\/div>\r\n<div>\u00a0<\/div>\r\n\r\n\r\n\r\n<div class=\"wp-block-button has-custom-width wp-block-button__width-50\"><a class=\"wp-block-button__link has-white-color has-vivid-red-background-color has-text-color has-background wp-element-button\" href=\"https:\/\/swebalk.com\/wp-content\/uploads\/2023\/08\/prospekt-ima_i-32-mf.pdf\" target=\"_blank\" rel=\"noreferrer noopener\">Produktblad IMA I32MF<\/a><\/div>\r\n<\/div>","protected":false},"excerpt":{"rendered":"<p>Borrkapacitet 30 \/ 32 mm G\u00e4ngkapacitet M18 \/ M22 Arbetsbord\/T-sp\u00e5r 500 x 400\/14 mm Pinol r\u00f6relse 150 mm Varvtal 50 v\/min \u2013 3800 v\/min Spindelkona MK 3 IMA I32\u00a0 \u00e4r en serie svensktillverkade pelarborrmaskiner med 30 mm borrkapacitet. Maskinerna finns med b\u00e5de manuell och automatisk matning som g\u00f6r det m\u00f6jligt att ha en effektivare arbetsg\u00e5ng. [&hellip;]<\/p>\n","protected":false},"featured_media":2707,"comment_status":"open","ping_status":"closed","template":"","meta":{"_acf_changed":false},"product_brand":[],"product_cat":[31],"product_tag":[],"class_list":{"0":"post-2246","1":"product","2":"type-product","3":"status-publish","4":"has-post-thumbnail","6":"product_cat-borrning","7":"post","8":"post-with-thumbnail","9":"post-with-thumbnail-large","11":"first","12":"instock","13":"shipping-taxable","14":"product-type-simple"},"acf":[],"_links":{"self":[{"href":"https:\/\/swebalk.com\/en\/wp-json\/wp\/v2\/product\/2246","targetHints":{"allow":["GET"]}}],"collection":[{"href":"https:\/\/swebalk.com\/en\/wp-json\/wp\/v2\/product"}],"about":[{"href":"https:\/\/swebalk.com\/en\/wp-json\/wp\/v2\/types\/product"}],"replies":[{"embeddable":true,"href":"https:\/\/swebalk.com\/en\/wp-json\/wp\/v2\/comments?post=2246"}],"wp:featuredmedia":[{"embeddable":true,"href":"https:\/\/swebalk.com\/en\/wp-json\/wp\/v2\/media\/2707"}],"wp:attachment":[{"href":"https:\/\/swebalk.com\/en\/wp-json\/wp\/v2\/media?parent=2246"}],"wp:term":[{"taxonomy":"product_brand","embeddable":true,"href":"https:\/\/swebalk.com\/en\/wp-json\/wp\/v2\/product_brand?post=2246"},{"taxonomy":"product_cat","embeddable":true,"href":"https:\/\/swebalk.com\/en\/wp-json\/wp\/v2\/product_cat?post=2246"},{"taxonomy":"product_tag","embeddable":true,"href":"https:\/\/swebalk.com\/en\/wp-json\/wp\/v2\/product_tag?post=2246"}],"curies":[{"name":"wp","href":"https:\/\/api.w.org\/{rel}","templated":true}]}}