{"id":2245,"date":"2023-09-09T11:41:59","date_gmt":"2023-09-09T11:41:59","guid":{"rendered":"https:\/\/swebalk.com\/?post_type=product&#038;p=2245"},"modified":"2023-09-12T08:27:55","modified_gmt":"2023-09-12T08:27:55","slug":"verkstadspress-knwp-hm-series","status":"publish","type":"product","link":"https:\/\/swebalk.com\/en\/product\/verkstadspress-knwp-hm-series\/","title":{"rendered":"Verkstadspress KNWP HM Series"},"content":{"rendered":"<figure class=\"wp-block-table is-style-stripes has-small-font-size\">Denna serie av hydrauliska verkstadspressar med motordrift tillverkas i Europa. Den stabila portalkonstruktionen med justerbart, \u00f6ppet st\u00f6dbord \u00e4r l\u00e4mplig f\u00f6r applikationer som in- och utpressning av lager, f\u00f6r monterings- och riktningsarbeten eller f\u00f6r provning av arbetsstycken. Den i sidled positionerbara arbetscylindern underl\u00e4ttar uppst\u00e4llningen utan att arbetsstycket beh\u00f6ver flyttas. Dessa pressar \u00e4r n\u00e4stan oumb\u00e4rliga i tekniska verkst\u00e4der och underh\u00e5llsavdelningar.<\/figure>\r\n\r\n\r\n\r\n<figure class=\"wp-block-table is-style-stripes has-small-font-size\">\r\n<table>\r\n<thead>\r\n<tr>\r\n<th>Modell<\/th>\r\n<th>Art. 131746 &#8211; KNWP 160 HM<\/th>\r\n<th>Art. 131747 &#8211; KNWP 200 HM<\/th>\r\n<\/tr>\r\n<\/thead>\r\n<tbody>\r\n<tr>\r\n<td>Presstryck<\/td>\r\n<td>160 t<\/td>\r\n<td>200 t<\/td>\r\n<\/tr>\r\n<tr>\r\n<td>Slagl\u00e4ngd<\/td>\r\n<td>400 mm<\/td>\r\n<td>400 mm<\/td>\r\n<\/tr>\r\n<tr>\r\n<td>Fram\u00e5tg\u00e5ende hastighet<\/td>\r\n<td>7,48 mm\/s<\/td>\r\n<td>5,73 mm\/s<\/td>\r\n<\/tr>\r\n<tr>\r\n<td>Tryck hastighet<\/td>\r\n<td>2,4 mm\/s<\/td>\r\n<td>1,84 mm\/s<\/td>\r\n<\/tr>\r\n<tr>\r\n<td>Retur hastighet<\/td>\r\n<td>9,35 mm\/s<\/td>\r\n<td>7,08 mm\/s<\/td>\r\n<\/tr>\r\n<tr>\r\n<td>Motor effekt hydraul pump<\/td>\r\n<td>3 kW<\/td>\r\n<td>3 kW<\/td>\r\n<\/tr>\r\n<tr>\r\n<td>Oljevolym<\/td>\r\n<td>57 L<\/td>\r\n<td>64 L<\/td>\r\n<\/tr>\r\n<tr>\r\n<td>Vikt<\/td>\r\n<td>1195 kg<\/td>\r\n<td>1690 kg<\/td>\r\n<\/tr>\r\n<\/tbody>\r\n<\/table>\r\n<\/figure>\r\n\r\n\r\n\r\n<div class=\"wp-block-buttons is-layout-flex wp-block-buttons-is-layout-flex\">\r\n<div class=\"wp-block-button\"><a class=\"wp-block-button__link has-white-color has-vivid-red-background-color has-text-color has-background wp-element-button\" href=\"https:\/\/swebalk.com\/wp-content\/uploads\/2023\/08\/KNWP-160-HM-Datasheet.pdf\" target=\"_blank\" rel=\"noreferrer noopener\">Produktblad KNWP 160 HM<\/a><\/div>\r\n<div>\u00a0<\/div>\r\n\r\n\r\n\r\n<div class=\"wp-block-button\"><a class=\"wp-block-button__link has-white-color has-vivid-red-background-color has-text-color has-background wp-element-button\" href=\"https:\/\/swebalk.com\/wp-content\/uploads\/2023\/08\/KNWP-200-HM-Datasheet.pdf\" target=\"_blank\" rel=\"noreferrer noopener\">Produktblad KNWP 200 HM<\/a><\/div>\r\n<\/div>","protected":false},"excerpt":{"rendered":"<p>Denna serie av hydrauliska verkstadspressar med motordrift tillverkas i Europa. Den stabila portalkonstruktionen med justerbart, \u00f6ppet st\u00f6dbord \u00e4r l\u00e4mplig f\u00f6r applikationer som in- och utpressning av lager, f\u00f6r monterings- och riktningsarbeten eller f\u00f6r provning av arbetsstycken. Den i sidled positionerbara arbetscylindern underl\u00e4ttar uppst\u00e4llningen utan att arbetsstycket beh\u00f6ver flyttas. Dessa pressar \u00e4r n\u00e4stan oumb\u00e4rliga i tekniska [&hellip;]<\/p>\n","protected":false},"featured_media":2700,"comment_status":"open","ping_status":"closed","template":"","meta":{"_acf_changed":false},"product_brand":[],"product_cat":[49],"product_tag":[],"class_list":{"0":"post-2245","1":"product","2":"type-product","3":"status-publish","4":"has-post-thumbnail","6":"product_cat-pressar","7":"post","8":"post-with-thumbnail","9":"post-with-thumbnail-large","11":"first","12":"instock","13":"shipping-taxable","14":"product-type-simple"},"acf":[],"_links":{"self":[{"href":"https:\/\/swebalk.com\/en\/wp-json\/wp\/v2\/product\/2245","targetHints":{"allow":["GET"]}}],"collection":[{"href":"https:\/\/swebalk.com\/en\/wp-json\/wp\/v2\/product"}],"about":[{"href":"https:\/\/swebalk.com\/en\/wp-json\/wp\/v2\/types\/product"}],"replies":[{"embeddable":true,"href":"https:\/\/swebalk.com\/en\/wp-json\/wp\/v2\/comments?post=2245"}],"wp:featuredmedia":[{"embeddable":true,"href":"https:\/\/swebalk.com\/en\/wp-json\/wp\/v2\/media\/2700"}],"wp:attachment":[{"href":"https:\/\/swebalk.com\/en\/wp-json\/wp\/v2\/media?parent=2245"}],"wp:term":[{"taxonomy":"product_brand","embeddable":true,"href":"https:\/\/swebalk.com\/en\/wp-json\/wp\/v2\/product_brand?post=2245"},{"taxonomy":"product_cat","embeddable":true,"href":"https:\/\/swebalk.com\/en\/wp-json\/wp\/v2\/product_cat?post=2245"},{"taxonomy":"product_tag","embeddable":true,"href":"https:\/\/swebalk.com\/en\/wp-json\/wp\/v2\/product_tag?post=2245"}],"curies":[{"name":"wp","href":"https:\/\/api.w.org\/{rel}","templated":true}]}}