{"id":2243,"date":"2023-09-09T11:36:50","date_gmt":"2023-09-09T11:36:50","guid":{"rendered":"https:\/\/swebalk.com\/?post_type=product&#038;p=2243"},"modified":"2025-05-09T14:58:45","modified_gmt":"2025-05-09T14:58:45","slug":"cnc-svarv-roturn-c-series","status":"publish","type":"product","link":"https:\/\/swebalk.com\/en\/product\/cnc-svarv-roturn-c-series\/","title":{"rendered":"CNC Svarv Roturn C Series"},"content":{"rendered":"<p>Denna maskin i ROTURN C-serien imponerar med de klassiska f\u00f6rdelarna med en kompakt CNC-svarv. Med sin Siemens 828 D Basic-styrning uppfyller den alla krav f\u00f6r aktuell styrteknik. Maskinen med lutande b\u00e4dd med 8-stations verktygsrevolver och kraftfull 15 kW (20 hk) huvudspindelmotor har en hydraulisk 3-k\u00e4ftschuck med genomg\u00e5ende h\u00e5l. Dubbdocka \u00e4r utrustad med en hydrauliskt man\u00f6vrerad pinne och ett stort slag. En plan transport\u00f6r och ett h\u00f6gpresterande kylv\u00e4tskesystem kompletterar standardutrustningen.<\/p>\r\n<div class=\"description-table-wrapper\"><table class=\"description-table\"><thead><tr><th>Modell<\/th><th>Art. 112100010 - Roturn 402 C<\/th><th>Art. 112100020 - Roturn 400 C<\/th><\/tr><\/thead><tbody><tr><td class=\"left-align\">Arbetsstycke l\u00e4ngd max<\/td><td>430 mm<\/td><td>430 mm<\/td><\/tr><tr><td class=\"left-align\">Sving \u00f6ver b\u00e4dd<\/td><td>400 mm<\/td><td>400 mm<\/td><\/tr><tr><td class=\"left-align\">Sving \u00f6ver support<\/td><td>250 mm<\/td><td>250 mm<\/td><\/tr><tr><td class=\"left-align\">R\u00f6relse X-axel<\/td><td>200 mm<\/td><td>200 mm<\/td><\/tr><tr><td class=\"left-align\">R\u00f6relse Z-axel<\/td><td>450 mm<\/td><td>450 mm<\/td><\/tr><tr><td class=\"left-align\">Spindel varvtal<\/td><td>2000 v\/min<\/td><td>3000 v\/min<\/td><\/tr><tr><td class=\"left-align\">Spindelgenomg\u00e5ng<\/td><td>86 mm<\/td><td>46 mm<\/td><\/tr><tr><td class=\"left-align\">Spindelnos montering<\/td><td>ISO A2-8<\/td><td>ISO A2-8<\/td><\/tr><tr><td class=\"left-align\">Antal verktygs poster<\/td><td>8<\/td><td>8<\/td><\/tr><tr><td class=\"left-align\">Snabbmatning X-axel<\/td><td>16000 mm\/min<\/td><td>16000 mm\/min<\/td><\/tr><tr><td class=\"left-align\">Snabbmatning Z-axel<\/td><td>20000 mm\/min<\/td><td>20000 mm\/min<\/td><\/tr><tr><td class=\"left-align\">Motor effekt huvuddrift<\/td><td>15\/11 kW<\/td><td>15\/11 kW<\/td><\/tr><tr><td class=\"left-align\">Maskin dimension<\/td><td>3,8 x 1,87 x 1,91 m<\/td><td>3,8 x 1,87 x 1,91 m<\/td><\/tr><tr><td class=\"left-align\">Vikt<\/td><td>3400 kg<\/td><td>3340 kg<\/td><\/tr><\/tbody><\/table><\/div>\r\n<div class=\"standard-equipment-block\"><h3>\ud83d\udee0\ufe0f Standardutrustning<\/h3><table class=\"custom-table\"><thead><tr><th>Utrustning<\/th><th>Enhet<\/th><th>Specifikation<\/th><\/tr><\/thead><tbody><tr><td>\u2714\ufe0f Siemens 828D styrsystem<\/td><td>st.<\/td><td>1<\/td><\/tr><tr><td>\u2714\ufe0f Verktygsrevolver 12 poster<\/td><td>st.<\/td><td>1<\/td><\/tr><tr><td>\u2714\ufe0f Hydraulisk 3-backschuck 200 mm<\/td><td>st.<\/td><td>1<\/td><\/tr><tr><td>\u2714\ufe0f Hydraulisk dubbdocka<\/td><td>st.<\/td><td>1<\/td><\/tr><tr><td>\u2714\ufe0f Sp\u00e5ntransport\u00f6r<\/td><td>st.<\/td><td>1<\/td><\/tr><tr><td>\u2714\ufe0f Kyl system med spolpistol<\/td><td>st.<\/td><td>1<\/td><\/tr><tr><td>\u2714\ufe0f Bl\u00e5spistol<\/td><td>st.<\/td><td>1<\/td><\/tr><tr><td>\u2714\ufe0f Programbar dubbdocka<\/td><td>st.<\/td><td>1<\/td><\/tr><tr><td>\u2714\ufe0f Automatiskt centralt sm\u00f6rjsystem<\/td><td>st.<\/td><td>1<\/td><\/tr><tr><td>\u2714\ufe0f Arbetsbelysning<\/td><td>st.<\/td><td>1<\/td><\/tr><\/tbody><\/table><\/div>\r\n\r\n\r\n\r\n<div class=\"wp-block-buttons is-layout-flex wp-block-buttons-is-layout-flex\">\r\n<div class=\"wp-block-button\"><a class=\"wp-block-button__link has-white-color has-vivid-red-background-color has-text-color has-background wp-element-button\" href=\"https:\/\/swebalk.com\/wp-content\/uploads\/2023\/08\/Roturn-402-C-Datasheet.pdf\" target=\"_blank\" rel=\"noreferrer noopener\">Produktblad Roturn 402 C<\/a><\/div>\r\n<div>\u00a0<\/div>\r\n\r\n\r\n\r\n<div class=\"wp-block-button\"><a class=\"wp-block-button__link has-white-color has-vivid-red-background-color has-text-color has-background wp-element-button\" href=\"https:\/\/swebalk.com\/wp-content\/uploads\/2023\/08\/Roturn-400-C-Datasheet.pdf\" target=\"_blank\" rel=\"noreferrer noopener\">Produktblad Roturn 400 C<\/a><\/div>\r\n<\/div>","protected":false},"excerpt":{"rendered":"<p>Denna maskin i ROTURN C-serien imponerar med de klassiska f\u00f6rdelarna med en kompakt CNC-svarv. Med sin Siemens 828 D Basic-styrning uppfyller den alla krav f\u00f6r aktuell styrteknik. Maskinen med lutande b\u00e4dd med 8-stations verktygsrevolver och kraftfull 15 kW (20 hk) huvudspindelmotor har en hydraulisk 3-k\u00e4ftschuck med genomg\u00e5ende h\u00e5l. Dubbdocka \u00e4r utrustad med en hydrauliskt man\u00f6vrerad [&hellip;]<\/p>\n","protected":false},"featured_media":2683,"comment_status":"open","ping_status":"closed","template":"","meta":{"_acf_changed":false},"product_brand":[],"product_cat":[50],"product_tag":[],"class_list":{"0":"post-2243","1":"product","2":"type-product","3":"status-publish","4":"has-post-thumbnail","6":"product_cat-svarvning","7":"post","8":"post-with-thumbnail","9":"post-with-thumbnail-large","11":"first","12":"instock","13":"shipping-taxable","14":"product-type-simple"},"acf":[],"_links":{"self":[{"href":"https:\/\/swebalk.com\/en\/wp-json\/wp\/v2\/product\/2243","targetHints":{"allow":["GET"]}}],"collection":[{"href":"https:\/\/swebalk.com\/en\/wp-json\/wp\/v2\/product"}],"about":[{"href":"https:\/\/swebalk.com\/en\/wp-json\/wp\/v2\/types\/product"}],"replies":[{"embeddable":true,"href":"https:\/\/swebalk.com\/en\/wp-json\/wp\/v2\/comments?post=2243"}],"wp:featuredmedia":[{"embeddable":true,"href":"https:\/\/swebalk.com\/en\/wp-json\/wp\/v2\/media\/2683"}],"wp:attachment":[{"href":"https:\/\/swebalk.com\/en\/wp-json\/wp\/v2\/media?parent=2243"}],"wp:term":[{"taxonomy":"product_brand","embeddable":true,"href":"https:\/\/swebalk.com\/en\/wp-json\/wp\/v2\/product_brand?post=2243"},{"taxonomy":"product_cat","embeddable":true,"href":"https:\/\/swebalk.com\/en\/wp-json\/wp\/v2\/product_cat?post=2243"},{"taxonomy":"product_tag","embeddable":true,"href":"https:\/\/swebalk.com\/en\/wp-json\/wp\/v2\/product_tag?post=2243"}],"curies":[{"name":"wp","href":"https:\/\/api.w.org\/{rel}","templated":true}]}}