{"id":2240,"date":"2023-09-09T11:14:44","date_gmt":"2023-09-09T11:14:44","guid":{"rendered":"https:\/\/swebalk.com\/?post_type=product&#038;p=2240"},"modified":"2024-05-13T09:45:29","modified_gmt":"2024-05-13T09:45:29","slug":"universalfrasmaskin-uwf-5","status":"publish","type":"product","link":"https:\/\/swebalk.com\/en\/product\/universalfrasmaskin-uwf-5\/","title":{"rendered":"Universalfr\u00e4smaskin UWF 5"},"content":{"rendered":"<p><strong>Standard utrustning<\/strong>:<\/p>\r\n<div class=\"wp-block-columns\">\r\n<div class=\"wp-block-column\">\r\n\r\n\r\n<ul class=\"wp-block-list\">\r\n<li>3-axis DRO, X.pos 3.2<\/li>\r\n\r\n\r\n\r\n<li>Reduceringshylsa ISO50\/MT4<\/li>\r\n\r\n\r\n\r\n<li>Arbor st\u00f6d f\u00f6r horisontell fr\u00e4sning<\/li>\r\n\r\n\r\n\r\n<li>Horisontell arborh\u00e5llare \u00d8 27 och \u00d8 32 mm<\/li>\r\n\r\n\r\n\r\n<li>Fr\u00e4schuck med sp\u00e4nnhylsor 3-25 mm (8 st.)<\/li>\r\n\r\n\r\n\r\n<li>Sp\u00e5npanna<\/li>\r\n\r\n\r\n\r\n<li>Kylsystem<\/li>\r\n\r\n\r\n\r\n<li>Dragst\u00e5ng<\/li>\r\n\r\n\r\n\r\n<li>Arbetsbelysning<\/li>\r\n\r\n\r\n\r\n<li>Verktygsl\u00e5da<\/li>\r\n\r\n\r\n\r\n<li>Instruktionsbok<\/li>\r\n<\/ul>\r\n<\/div>\r\n<!-- \/wp:post-content -->\r\n\r\n<!-- wp:column -->\r\n<div class=\"wp-block-column\"><!-- wp:table {\"className\":\"is-style-stripes\",\"fontSize\":\"small\"} -->\r\n<figure class=\"wp-block-table is-style-stripes has-small-font-size\">\r\n<table>\r\n<tbody>\r\n<tr>\r\n<td>Arbetsbord\/T-sp\u00e5r<\/td>\r\n<td>1325 x 360\/18 mm<\/td>\r\n<\/tr>\r\n<tr>\r\n<td>Arbetsbord belastning<\/td>\r\n<td>500 kg<\/td>\r\n<\/tr>\r\n<tr>\r\n<td>X-axel r\u00f6relse<\/td>\r\n<td>750 mm<\/td>\r\n<\/tr>\r\n<tr>\r\n<td>Y-axel r\u00f6relse<\/td>\r\n<td>280 mm<\/td>\r\n<\/tr>\r\n<tr>\r\n<td>Z-axel r\u00f6relse<\/td>\r\n<td>390 mm<\/td>\r\n<\/tr>\r\n<tr>\r\n<td>Matning X-axel<\/td>\r\n<td>30 &#8211; 750 mm\/min<\/td>\r\n<\/tr>\r\n<tr>\r\n<td>Matning Y-axel<\/td>\r\n<td>20 &#8211; 500 mm\/min<\/td>\r\n<\/tr>\r\n<tr>\r\n<td>Matning Z-axel<\/td>\r\n<td>15 &#8211; 375 mm\/min<\/td>\r\n<\/tr>\r\n<tr>\r\n<td>Snabbmatning X-axel<\/td>\r\n<td>1200 mm\/min<\/td>\r\n<\/tr>\r\n<tr>\r\n<td>Snabbmatning Y-axel<\/td>\r\n<td>800 mm\/min<\/td>\r\n<\/tr>\r\n<tr>\r\n<td>Snabbmatning Z-axel<\/td>\r\n<td>600 mm\/min<\/td>\r\n<\/tr>\r\n<tr>\r\n<td>Varvtal (vertikal)<\/td>\r\n<td>60 \u2013 1750 v\/min<\/td>\r\n<\/tr>\r\n<tr>\r\n<td>Spindelkona<\/td>\r\n<td>ISO 50<\/td>\r\n<\/tr>\r\n<tr>\r\n<td>Avst\u00e5nd spindel &#8211; bord<\/td>\r\n<td>175 &#8211; 565 mm<\/td>\r\n<\/tr>\r\n<tr>\r\n<td>Fr\u00e4shuvud vridomr\u00e5de<\/td>\r\n<td>360\u00b0<\/td>\r\n<\/tr>\r\n<tr>\r\n<td>Varvtal horisontell spindel<\/td>\r\n<td>60 \u2013 1800 v\/min<\/td>\r\n<\/tr>\r\n<tr>\r\n<td>Spindelkona horisontell<\/td>\r\n<td>ISO 50<\/td>\r\n<\/tr>\r\n<tr>\r\n<td>Motor effekt horisontell<\/td>\r\n<td>5,5 kW<\/td>\r\n<\/tr>\r\n<tr>\r\n<td>Motor effekt vertikal<\/td>\r\n<td>4 kW<\/td>\r\n<\/tr>\r\n<tr>\r\n<td>Dimension (LxBxH)<\/td>\r\n<td>1,8 x 2,1 x 2,0 m<\/td>\r\n<\/tr>\r\n<tr>\r\n<td>Vikt<\/td>\r\n<td>2850 kg<\/td>\r\n<\/tr>\r\n<\/tbody>\r\n<\/table>\r\n<\/figure>\r\n<!-- \/wp:table --><\/div>\r\n<!-- \/wp:column --><\/div>\r\n<!-- \/wp:columns -->\r\n\r\n<!-- wp:paragraph -->\r\n<p>Denna universalfr\u00e4s \u00e4r en av toppmodellerna i UWF-serien, som k\u00e4nnetecknas av ett stort arbetsomr\u00e5de, universalfr\u00e4shuvud och horisontell spindel. Den har kraftig driv med stegl\u00f6st variabla servomotorns matning ut\u00f6kar anv\u00e4ndningsomr\u00e5det f\u00f6r UWF 5. Fr\u00e4shuvud kan vridas i tv\u00e5 riktningar och den horisontella spindeln har en egen drivning med en fingraderad v\u00e4xling. Med sin omfattande utrustning \u00e4r denna modell perfekt f\u00f6r s\u00e5v\u00e4l underh\u00e5llssverkst\u00e4der som utbildnings- och produktionsavdelningar.<\/p>\r\n<!-- \/wp:paragraph -->\r\n\r\n<!-- wp:buttons -->\r\n<div class=\"wp-block-buttons\"><!-- wp:button {\"backgroundColor\":\"vivid-red\",\"textColor\":\"white\"} -->\r\n<div class=\"wp-block-button\"><a class=\"wp-block-button__link has-white-color has-vivid-red-background-color has-text-color has-background wp-element-button\" href=\"https:\/\/swebalk.com\/wp-content\/uploads\/2023\/08\/UWF-5-Datasheet.pdf\" target=\"_blank\" rel=\"noreferrer noopener\">Produktblad UWF 5<\/a><\/div>\r\n<!-- \/wp:button --><\/div>\r\n<!-- \/wp:buttons -->","protected":false},"excerpt":{"rendered":"<p>Standard utrustning: Arbetsbord\/T-sp\u00e5r 1325 x 360\/18 mm Arbetsbord belastning 500 kg X-axel r\u00f6relse 750 mm Y-axel r\u00f6relse 280 mm Z-axel r\u00f6relse 390 mm Matning X-axel 30 &#8211; 750 mm\/min Matning Y-axel 20 &#8211; 500 mm\/min Matning Z-axel 15 &#8211; 375 mm\/min Snabbmatning X-axel 1200 mm\/min Snabbmatning Y-axel 800 mm\/min Snabbmatning Z-axel 600 mm\/min Varvtal (vertikal) [&hellip;]<\/p>\n","protected":false},"featured_media":2677,"comment_status":"open","ping_status":"closed","template":"","meta":{"_acf_changed":false},"product_brand":[],"product_cat":[47],"product_tag":[],"class_list":{"0":"post-2240","1":"product","2":"type-product","3":"status-publish","4":"has-post-thumbnail","6":"product_cat-frasning","7":"post","8":"post-with-thumbnail","9":"post-with-thumbnail-large","11":"first","12":"instock","13":"shipping-taxable","14":"product-type-simple"},"acf":[],"_links":{"self":[{"href":"https:\/\/swebalk.com\/en\/wp-json\/wp\/v2\/product\/2240","targetHints":{"allow":["GET"]}}],"collection":[{"href":"https:\/\/swebalk.com\/en\/wp-json\/wp\/v2\/product"}],"about":[{"href":"https:\/\/swebalk.com\/en\/wp-json\/wp\/v2\/types\/product"}],"replies":[{"embeddable":true,"href":"https:\/\/swebalk.com\/en\/wp-json\/wp\/v2\/comments?post=2240"}],"wp:featuredmedia":[{"embeddable":true,"href":"https:\/\/swebalk.com\/en\/wp-json\/wp\/v2\/media\/2677"}],"wp:attachment":[{"href":"https:\/\/swebalk.com\/en\/wp-json\/wp\/v2\/media?parent=2240"}],"wp:term":[{"taxonomy":"product_brand","embeddable":true,"href":"https:\/\/swebalk.com\/en\/wp-json\/wp\/v2\/product_brand?post=2240"},{"taxonomy":"product_cat","embeddable":true,"href":"https:\/\/swebalk.com\/en\/wp-json\/wp\/v2\/product_cat?post=2240"},{"taxonomy":"product_tag","embeddable":true,"href":"https:\/\/swebalk.com\/en\/wp-json\/wp\/v2\/product_tag?post=2240"}],"curies":[{"name":"wp","href":"https:\/\/api.w.org\/{rel}","templated":true}]}}