{"id":2238,"date":"2023-09-09T11:11:02","date_gmt":"2023-09-09T11:11:02","guid":{"rendered":"https:\/\/swebalk.com\/?post_type=product&#038;p=2238"},"modified":"2025-01-12T12:33:13","modified_gmt":"2025-01-12T12:33:13","slug":"kapmaskin-kks-t","status":"publish","type":"product","link":"https:\/\/swebalk.com\/en\/product\/kapmaskin-kks-t\/","title":{"rendered":"Kapmaskin KKS T"},"content":{"rendered":"<figure class=\"wp-block-table is-style-stripes\">Manuella cirkel s\u00e5gar KKS T \u00e4r utrustade med allt du beh\u00f6ver f\u00f6r att bearbeta mindre r\u00f6r och profiler. Du kan klippa exakta geringar med alla modeller. Skruvstycken p\u00e5 modellen KKS 350T \u00e4r sj\u00e4lvcentrerande f\u00f6r optimal sk\u00e4rning. Modeller med 275T mm s\u00e5gblad \u00e4r utrustade med en snabb sp\u00e4nnskruv. Bands\u00e5gen kan p\u00e5 beg\u00e4ran levereras med passande rullbanor samt m\u00e4tskalan och material stopp. F\u00f6r mer info om produkten och tillbeh\u00f6r se produktblad eller kontakta oss.<\/figure>\r\n\r\n\r\n\r\n<figure class=\"wp-block-table\">\r\n<table>\r\n<tbody>\r\n<tr>\r\n<td class=\"has-text-align-center\" data-align=\"center\">\u00a0<\/td>\r\n<td><strong>0\u00b0<\/strong><\/td>\r\n<td><strong>-45\u00b0<\/strong><\/td>\r\n<td><strong>+45\u00b0<\/strong><\/td>\r\n<\/tr>\r\n<tr>\r\n<td class=\"has-text-align-center\" data-align=\"center\">Modell<\/td>\r\n<td>275\/350<\/td>\r\n<td>275\/350<\/td>\r\n<td>275\/350<\/td>\r\n<\/tr>\r\n<tr>\r\n<td class=\"has-text-align-center\" data-align=\"center\"><img decoding=\"async\" src=\"https:\/\/www.pilous.cz\/user_uploads\/METAL\/Picto_tabulka\/01_kolo.jpg\" alt=\"\" \/><\/td>\r\n<td>70\/120<\/td>\r\n<td>65\/105<\/td>\r\n<td>65\/105<\/td>\r\n<\/tr>\r\n<tr>\r\n<td class=\"has-text-align-center\" data-align=\"center\"><img decoding=\"async\" src=\"https:\/\/www.pilous.cz\/user_uploads\/METAL\/Picto_tabulka\/02_ctverec.jpg\" alt=\"\" \/><\/td>\r\n<td>65\/110<\/td>\r\n<td>60\/100<\/td>\r\n<td>60\/100<\/td>\r\n<\/tr>\r\n<tr>\r\n<td class=\"has-text-align-center\" data-align=\"center\"><img decoding=\"async\" src=\"https:\/\/www.pilous.cz\/user_uploads\/METAL\/Picto_tabulka\/03_obdelnik.jpg\" alt=\"\" \/><\/td>\r\n<td>90 x 45\/140 x 100<\/td>\r\n<td>70 x 45\/100 x 100<\/td>\r\n<td>70 x 45\/100 x 100<\/td>\r\n<\/tr>\r\n<\/tbody>\r\n<\/table>\r\n<\/figure>\r\n\r\n\r\n\r\n<div class=\"wp-block-buttons is-layout-flex wp-block-buttons-is-layout-flex\">\r\n<div>\u00a0<\/div>\r\n\r\n\r\n\r\n<div class=\"wp-block-button has-custom-width wp-block-button__width-25\"><a class=\"wp-block-button__link has-white-color has-vivid-red-background-color has-text-color has-background wp-element-button\" href=\"https:\/\/swebalk.com\/wp-content\/uploads\/2023\/08\/KKS-275-T-Datasheet.pdf\" target=\"_blank\" rel=\"noreferrer noopener\">Produktblad KKS 275 T<\/a><\/div>\r\n<div>\u00a0<\/div>\r\n\r\n\r\n\r\n<div class=\"wp-block-button has-custom-width wp-block-button__width-25\"><a class=\"wp-block-button__link has-white-color has-vivid-red-background-color has-text-color has-background wp-element-button\" href=\"https:\/\/swebalk.com\/wp-content\/uploads\/2023\/08\/KKS-350-T-Datasheet.pdf\" target=\"_blank\" rel=\"noreferrer noopener\">Produktblad KKS 350 T<\/a><\/div>\r\n<\/div>","protected":false},"excerpt":{"rendered":"<p>Manuella cirkel s\u00e5gar KKS T \u00e4r utrustade med allt du beh\u00f6ver f\u00f6r att bearbeta mindre r\u00f6r och profiler. Du kan klippa exakta geringar med alla modeller. Skruvstycken p\u00e5 modellen KKS 350T \u00e4r sj\u00e4lvcentrerande f\u00f6r optimal sk\u00e4rning. Modeller med 275T mm s\u00e5gblad \u00e4r utrustade med en snabb sp\u00e4nnskruv. Bands\u00e5gen kan p\u00e5 beg\u00e4ran levereras med passande rullbanor [&hellip;]<\/p>\n","protected":false},"featured_media":2666,"comment_status":"open","ping_status":"closed","template":"","meta":{"_acf_changed":false},"product_brand":[],"product_cat":[43],"product_tag":[],"class_list":{"0":"post-2238","1":"product","2":"type-product","3":"status-publish","4":"has-post-thumbnail","6":"product_cat-sagning-kapning-2","7":"post","8":"post-with-thumbnail","9":"post-with-thumbnail-large","11":"first","12":"instock","13":"shipping-taxable","14":"product-type-simple"},"acf":[],"_links":{"self":[{"href":"https:\/\/swebalk.com\/en\/wp-json\/wp\/v2\/product\/2238","targetHints":{"allow":["GET"]}}],"collection":[{"href":"https:\/\/swebalk.com\/en\/wp-json\/wp\/v2\/product"}],"about":[{"href":"https:\/\/swebalk.com\/en\/wp-json\/wp\/v2\/types\/product"}],"replies":[{"embeddable":true,"href":"https:\/\/swebalk.com\/en\/wp-json\/wp\/v2\/comments?post=2238"}],"wp:featuredmedia":[{"embeddable":true,"href":"https:\/\/swebalk.com\/en\/wp-json\/wp\/v2\/media\/2666"}],"wp:attachment":[{"href":"https:\/\/swebalk.com\/en\/wp-json\/wp\/v2\/media?parent=2238"}],"wp:term":[{"taxonomy":"product_brand","embeddable":true,"href":"https:\/\/swebalk.com\/en\/wp-json\/wp\/v2\/product_brand?post=2238"},{"taxonomy":"product_cat","embeddable":true,"href":"https:\/\/swebalk.com\/en\/wp-json\/wp\/v2\/product_cat?post=2238"},{"taxonomy":"product_tag","embeddable":true,"href":"https:\/\/swebalk.com\/en\/wp-json\/wp\/v2\/product_tag?post=2238"}],"curies":[{"name":"wp","href":"https:\/\/api.w.org\/{rel}","templated":true}]}}