{"id":2237,"date":"2023-09-09T11:09:06","date_gmt":"2023-09-09T11:09:06","guid":{"rendered":"https:\/\/swebalk.com\/?post_type=product&#038;p=2237"},"modified":"2025-05-09T14:50:18","modified_gmt":"2025-05-09T14:50:18","slug":"svarv-v-turn-410-pro","status":"publish","type":"product","link":"https:\/\/swebalk.com\/en\/product\/svarv-v-turn-410-pro\/","title":{"rendered":"Svarv V-Turn 410 PRO"},"content":{"rendered":"<div class=\"wp-block-columns\">\r\n<div class=\"wp-block-column\">\r\n<p>De nydesignade PRO-modellerna av v\u00e5r stors\u00e4ljare V-Turn \u00f6vertygar med f\u00f6rb\u00e4ttrad ergonomi och h\u00f6gre s\u00e4kerhet. Utrustade med en v\u00e4xelriktare och en h\u00f6gpresterande spindelmotor kan de enkelt n\u00e5 3 000 varv per minut. Arbetsstycken med liten diameter kan d\u00e4rmed bearbetas effektivt. Men modellerna erbjuder ocks\u00e5 styrka och stabilitet f\u00f6r tyngre bearbetning. Den inbyggda funktionen av den konstanta sk\u00e4rhastigheten, som anpassar spindelhastigheten till diametern vid svarvning, m\u00f6jligg\u00f6r bearbetningsresultat som \u00e4r j\u00e4mf\u00f6rbara med CNC-maskiner.<\/p>\r\n<div class=\"description-table-wrapper\"><table class=\"description-table\"><thead><tr><th>Modell<\/th><th>Enhet<\/th><th>V\u00e4rde<\/th><\/tr><\/thead><tbody><tr><td class=\"left-align\">Dubb avst\u00e5nd<\/td><td>mm<\/td><td>1000<\/td><\/tr><tr><td class=\"left-align\">Dubb h\u00f6jd<\/td><td>mm<\/td><td>205<\/td><\/tr><tr><td class=\"left-align\">Sving diameter \u00f6ver bed<\/td><td>mm<\/td><td>380<\/td><\/tr><tr><td class=\"left-align\">Sving \u00f6ver gap<\/td><td>mm<\/td><td>580<\/td><\/tr><tr><td class=\"left-align\">Tv\u00e4rslidsr\u00f6relse<\/td><td>mm<\/td><td>230<\/td><\/tr><tr><td class=\"left-align\">Toppslidsr\u00f6relse<\/td><td>mm<\/td><td>140<\/td><\/tr><tr><td class=\"left-align\">Varvtal (h\u00f6g)<\/td><td>v\/min<\/td><td>550 \u2013 3000<\/td><\/tr><tr><td class=\"left-align\">Varvtal (l\u00e5g)<\/td><td>v\/min<\/td><td>30 \u2013 550<\/td><\/tr><tr><td class=\"left-align\">L\u00e4ngdmatning<\/td><td>mm\/v<\/td><td>0,026 \u2013 0,9<\/td><\/tr><tr><td class=\"left-align\">Tv\u00e4rmatning<\/td><td>mm\/v<\/td><td>0,013 \u2013 0,45<\/td><\/tr><tr><td class=\"left-align\">Spindelgenomg\u00e5ng<\/td><td>mm<\/td><td>52<\/td><\/tr><tr><td class=\"left-align\">Spindelnos montering<\/td><td>typ<\/td><td>Camlock D1-6<\/td><\/tr><tr><td class=\"left-align\">Spindelkona<\/td><td>typ<\/td><td>MK 6<\/td><\/tr><tr><td class=\"left-align\">Dubbdocka kona<\/td><td>typ<\/td><td>MK 4<\/td><\/tr><tr><td class=\"left-align\">Motor<\/td><td>kW<\/td><td>5,5<\/td><\/tr><tr><td class=\"left-align\">Dimension (LxBxH)<\/td><td>mm<\/td><td>1940 x 1000 x 1500<\/td><\/tr><tr><td class=\"left-align\">Vikt<\/td><td>kg<\/td><td>1210<\/td><\/tr><\/tbody><\/table><\/div>\r\n<div class=\"standard-equipment-block\"><h3>\ud83d\udee0\ufe0f Standardutrustning<\/h3><table class=\"custom-table\"><thead><tr><th>Utrustning<\/th><th>Enhet<\/th><th>Specifikation<\/th><\/tr><\/thead><tbody><tr><td>\u2714\ufe0f 3-axis DRO, X.pos 3.2 VC<\/td><td>st.<\/td><td>1<\/td><\/tr><tr><td>\u2714\ufe0f 4-backschuck \u00d8 250 mm<\/td><td>st.<\/td><td>1<\/td><\/tr><tr><td>\u2714\ufe0f Plan skiva \u00d8 350 mm<\/td><td>st.<\/td><td>1<\/td><\/tr><tr><td>\u2714\ufe0f Grund snabbh\u00e5llare WB<\/td><td>st.<\/td><td>1<\/td><\/tr><tr><td>\u2714\ufe0f Snabb verktygsh\u00e5llare WBD 25120<\/td><td>st.<\/td><td>1<\/td><\/tr><tr><td>\u2714\ufe0f Kyl system<\/td><td>st.<\/td><td>1<\/td><\/tr><tr><td>\u2714\ufe0f Material support<\/td><td>st.<\/td><td>1<\/td><\/tr><tr><td>\u2714\ufe0f Sp\u00e5n uppsamlare<\/td><td>st.<\/td><td>1<\/td><\/tr><tr><td>\u2714\ufe0f Fast st\u00e4nk skydd<\/td><td>st.<\/td><td>1<\/td><\/tr><tr><td>\u2714\ufe0f Integrerad sp\u00e5nskydd p\u00e5 glid skenor<\/td><td>st.<\/td><td>1<\/td><\/tr><tr><td>\u2714\ufe0f Chuckskydd<\/td><td>st.<\/td><td>1<\/td><\/tr><tr><td>\u2714\ufe0f Ledarskruvskydd<\/td><td>st.<\/td><td>1<\/td><\/tr><tr><td>\u2714\ufe0f Fotbroms<\/td><td>st.<\/td><td>1<\/td><\/tr><tr><td>\u2714\ufe0f Arbetsbelysning<\/td><td>st.<\/td><td>1<\/td><\/tr><\/tbody><\/table><\/div>\r\n<\/div>\r\n<\/div>\r\n\r\n\r\n\r\n<div class=\"wp-block-buttons is-layout-flex wp-block-buttons-is-layout-flex\">\r\n<div class=\"wp-block-button has-custom-width wp-block-button__width-50\"><a class=\"wp-block-button__link has-white-color has-vivid-red-background-color has-text-color has-background wp-element-button\" href=\"https:\/\/swebalk.com\/wp-content\/uploads\/2023\/08\/V-Turn-410-PRO-Datasheet.pdf\">Produktblad V-Turn 410 PRO<\/a><\/div>\r\n<\/div>","protected":false},"excerpt":{"rendered":"<p>De nydesignade PRO-modellerna av v\u00e5r stors\u00e4ljare V-Turn \u00f6vertygar med f\u00f6rb\u00e4ttrad ergonomi och h\u00f6gre s\u00e4kerhet. Utrustade med en v\u00e4xelriktare och en h\u00f6gpresterande spindelmotor kan de enkelt n\u00e5 3 000 varv per minut. Arbetsstycken med liten diameter kan d\u00e4rmed bearbetas effektivt. Men modellerna erbjuder ocks\u00e5 styrka och stabilitet f\u00f6r tyngre bearbetning. Den inbyggda funktionen av den konstanta [&hellip;]<\/p>\n","protected":false},"featured_media":2661,"comment_status":"open","ping_status":"closed","template":"","meta":{"_acf_changed":false},"product_brand":[],"product_cat":[50],"product_tag":[],"class_list":{"0":"post-2237","1":"product","2":"type-product","3":"status-publish","4":"has-post-thumbnail","6":"product_cat-svarvning","7":"post","8":"post-with-thumbnail","9":"post-with-thumbnail-large","11":"first","12":"instock","13":"shipping-taxable","14":"product-type-simple"},"acf":[],"_links":{"self":[{"href":"https:\/\/swebalk.com\/en\/wp-json\/wp\/v2\/product\/2237","targetHints":{"allow":["GET"]}}],"collection":[{"href":"https:\/\/swebalk.com\/en\/wp-json\/wp\/v2\/product"}],"about":[{"href":"https:\/\/swebalk.com\/en\/wp-json\/wp\/v2\/types\/product"}],"replies":[{"embeddable":true,"href":"https:\/\/swebalk.com\/en\/wp-json\/wp\/v2\/comments?post=2237"}],"wp:featuredmedia":[{"embeddable":true,"href":"https:\/\/swebalk.com\/en\/wp-json\/wp\/v2\/media\/2661"}],"wp:attachment":[{"href":"https:\/\/swebalk.com\/en\/wp-json\/wp\/v2\/media?parent=2237"}],"wp:term":[{"taxonomy":"product_brand","embeddable":true,"href":"https:\/\/swebalk.com\/en\/wp-json\/wp\/v2\/product_brand?post=2237"},{"taxonomy":"product_cat","embeddable":true,"href":"https:\/\/swebalk.com\/en\/wp-json\/wp\/v2\/product_cat?post=2237"},{"taxonomy":"product_tag","embeddable":true,"href":"https:\/\/swebalk.com\/en\/wp-json\/wp\/v2\/product_tag?post=2237"}],"curies":[{"name":"wp","href":"https:\/\/api.w.org\/{rel}","templated":true}]}}