{"id":2236,"date":"2023-09-09T11:07:23","date_gmt":"2023-09-09T11:07:23","guid":{"rendered":"https:\/\/swebalk.com\/?post_type=product&#038;p=2236"},"modified":"2024-05-12T17:07:40","modified_gmt":"2024-05-12T17:07:40","slug":"kallbandsag-pilous-arg-300-s-a-f-300-plus-s-a-f","status":"publish","type":"product","link":"https:\/\/swebalk.com\/en\/product\/kallbandsag-pilous-arg-300-s-a-f-300-plus-s-a-f\/","title":{"rendered":"Kallbands\u00e5g Pilous ARG 300 S.A.F. \/ 300 Plus S.A.F."},"content":{"rendered":"<figure class=\"wp-block-table is-style-stripes\">\r\n<table>\r\n<tbody>\r\n<tr>\r\n<td>Motor effekt<\/td>\r\n<td>400 V, 50 Hz, 2,2 kW<\/td>\r\n<\/tr>\r\n<tr>\r\n<td>Motor effekt kylpump<\/td>\r\n<td>400 V, 50 Hz, 0,05 kW<\/td>\r\n<\/tr>\r\n<tr>\r\n<td>Hydraulisk motor<\/td>\r\n<td>400 V, 50 Hz, 0,55 kW<\/td>\r\n<\/tr>\r\n<tr>\r\n<td>S\u00e5gbladetshastighet<\/td>\r\n<td>15-90 m\/min.<\/td>\r\n<\/tr>\r\n<tr>\r\n<td>Arbetsh\u00f6jd skruvstycke<\/td>\r\n<td>910 mm<\/td>\r\n<\/tr>\r\n<tr>\r\n<td>Hydraulolja tank<\/td>\r\n<td>cca 25 l<\/td>\r\n<\/tr>\r\n<tr>\r\n<td>Kyltank<\/td>\r\n<td>cca 15 l<\/td>\r\n<\/tr>\r\n<tr>\r\n<td>Maskin dimension\u00a0(min.) 300 S.A.F.\/300 Plus S.A.F.<\/td>\r\n<td>1760\/1740 x 890\/950 x 1560\/1560 mm<\/td>\r\n<\/tr>\r\n<tr>\r\n<td>Maskin dimension (max.) 300 S.A.F.\/300 Plus S.A.F.<\/td>\r\n<td>2180\/2190 x 1660\/1870 x 2030\/2050 mm<\/td>\r\n<\/tr>\r\n<tr>\r\n<td>Vikt 300 S.A.F.\/300 Plus S.A.F.<\/td>\r\n<td>550\/690 kg<\/td>\r\n<\/tr>\r\n<\/tbody>\r\n<\/table>\r\n<\/figure>\r\n\r\n\r\n\r\n<figure class=\"wp-block-table\">\r\n<table>\r\n<tbody>\r\n<tr>\r\n<td class=\"has-text-align-center\" data-align=\"center\"><strong>ARG 300<\/strong><strong> S.A.F.<\/strong><\/td>\r\n<td><strong>90\u00b0<\/strong><\/td>\r\n<td><strong>+45\u00b0<\/strong><\/td>\r\n<td><strong>+60\u00b0<\/strong><\/td>\r\n<\/tr>\r\n<tr>\r\n<td class=\"has-text-align-center\" data-align=\"center\"><img decoding=\"async\" src=\"https:\/\/www.pilous.cz\/user_uploads\/METAL\/Picto_tabulka\/01_kolo.jpg\" alt=\"\" \/><\/td>\r\n<td>300<\/td>\r\n<td>240<\/td>\r\n<td>155<\/td>\r\n<\/tr>\r\n<tr>\r\n<td class=\"has-text-align-center\" data-align=\"center\"><img decoding=\"async\" src=\"https:\/\/www.pilous.cz\/user_uploads\/METAL\/Picto_tabulka\/02_ctverec.jpg\" alt=\"\" \/><\/td>\r\n<td>290<\/td>\r\n<td>225<\/td>\r\n<td>150<\/td>\r\n<\/tr>\r\n<tr>\r\n<td class=\"has-text-align-center\" data-align=\"center\"><img decoding=\"async\" src=\"https:\/\/www.pilous.cz\/user_uploads\/METAL\/Picto_tabulka\/03_obdelnik.jpg\" alt=\"\" \/><\/td>\r\n<td>375 x 190<\/td>\r\n<td>240 x 160<\/td>\r\n<td>150 x 150<\/td>\r\n<\/tr>\r\n<\/tbody>\r\n<\/table>\r\n<\/figure>\r\n\r\n\r\n\r\n<figure class=\"wp-block-table\">\r\n<table>\r\n<tbody>\r\n<tr>\r\n<td class=\"has-text-align-center\" data-align=\"center\"><strong>ARG 300 Plus<\/strong> <strong>S.A.F.<\/strong><\/td>\r\n<td><strong>90\u00b0<\/strong><\/td>\r\n<td><strong>-45\u00b0<\/strong><\/td>\r\n<td><strong>+45\u00b0<\/strong><\/td>\r\n<td><strong>+60\u00b0<\/strong><\/td>\r\n<\/tr>\r\n<tr>\r\n<td class=\"has-text-align-center\" data-align=\"center\"><img decoding=\"async\" src=\"https:\/\/www.pilous.cz\/user_uploads\/METAL\/Picto_tabulka\/01_kolo.jpg\" alt=\"\" \/><\/td>\r\n<td>300<\/td>\r\n<td>220<\/td>\r\n<td>240<\/td>\r\n<td>155<\/td>\r\n<\/tr>\r\n<tr>\r\n<td class=\"has-text-align-center\" data-align=\"center\"><img decoding=\"async\" src=\"https:\/\/www.pilous.cz\/user_uploads\/METAL\/Picto_tabulka\/02_ctverec.jpg\" alt=\"\" \/><\/td>\r\n<td>290<\/td>\r\n<td>195<\/td>\r\n<td>225<\/td>\r\n<td>150<\/td>\r\n<\/tr>\r\n<tr>\r\n<td class=\"has-text-align-center\" data-align=\"center\"><img decoding=\"async\" src=\"https:\/\/www.pilous.cz\/user_uploads\/METAL\/Picto_tabulka\/03_obdelnik.jpg\" alt=\"\" \/><\/td>\r\n<td>375 x 190<\/td>\r\n<td>240 x 100<\/td>\r\n<td>240 x 160<\/td>\r\n<td>150 x 150<\/td>\r\n<\/tr>\r\n<\/tbody>\r\n<\/table>\r\n<\/figure>\r\n\r\n<p>Den halvautomatiska versionen levereras med hydrauliskt skruvstycke och har stegl\u00f6s reglering av bandhastighet (15\u201390 m\/min). S\u00e5gbygeln kan enkelt st\u00e4llas in f\u00f6r gering (fr\u00e5n 45\u00b0 v\u00e4nster till 60\u00b0 h\u00f6ger) fr\u00e5n maskinens man\u00f6verpanel (bygeln l\u00e5ser fast mekaniskt i l\u00e4ge). S\u00e5gbygelns skyddsk\u00e5pa \u00e4r f\u00f6rsedd med s\u00e4kerhetsbrytare. Maskinen \u00e4r utrustad med h\u00f6gpresterande industriell hydraulisk enhet. Genom att trycka p\u00e5 en enda omkopplare utf\u00f6rs en komplett sk\u00e4rcykel &#8211; materialkl\u00e4mning, start av kniv och kylsystem, sk\u00e4rning, kniv och kylstopp, armlyftning till det ursprungliga justerbara l\u00e4get och uppl\u00e5sning av skruvstycke. Allt detta i samband med hydraulikstyrd s\u00e5gbladsmatning till sk\u00e4r \u00f6kar sk\u00e4reffektiviteten avsev\u00e4rt, speciellt vid st\u00f6rre serier och kapning av fulla och h\u00f6gkvalitativa material. Bands\u00e5gen finns i tv\u00e5 olika versioner. ARG 300 S.A.F. och ARG 300 Plus S.A.F.<\/p>\r\n<!-- \/wp:post-content -->\r\n\r\n<!-- wp:paragraph -->\r\n<p>F\u00f6r mer info om produkten och tillbeh\u00f6r se produktblad eller kontakta oss<\/p>\r\n<!-- \/wp:paragraph -->\r\n\r\n<!-- wp:buttons -->\r\n<div class=\"wp-block-buttons\"><!-- wp:button {\"backgroundColor\":\"vivid-red\",\"textColor\":\"white\"} -->\r\n<div class=\"wp-block-button\"><a class=\"wp-block-button__link has-white-color has-vivid-red-background-color has-text-color has-background wp-element-button\" href=\"https:\/\/swebalk.com\/wp-content\/uploads\/2023\/08\/arg-300-s-a-f-en.pdf\" target=\"_blank\" rel=\"noreferrer noopener\">Produktblad ARG 300 S.A.F.<\/a><\/div>\r\n<!-- \/wp:button -->\r\n\r\n<!-- wp:button {\"backgroundColor\":\"vivid-red\",\"textColor\":\"white\"} -->\r\n<div class=\"wp-block-button\"><a class=\"wp-block-button__link has-white-color has-vivid-red-background-color has-text-color has-background wp-element-button\" href=\"https:\/\/swebalk.com\/wp-content\/uploads\/2023\/08\/arg-300-plus-s-a-f-en.pdf\" target=\"_blank\" rel=\"noreferrer noopener\">Produktblad ARG 300 Plus S.A.F.<\/a><\/div>\r\n<!-- \/wp:button --><\/div>\r\n<!-- \/wp:buttons -->\r\n\r\n<!-- wp:paragraph -->\r\n<p>F\u00f6rslag p\u00e5 p\u00e5 passande rullbanor<\/p>\r\n<p><img decoding=\"async\" src=\"https:\/\/www.pilous.cz\/user_uploads\/METAL\/Dopravniky_schema\/300_SAF_dopr2021.jpg\" \/><\/p>\r\n<!-- \/wp:paragraph -->\r\n\r\n<!-- wp:image {\"id\":1514,\"sizeSlug\":\"full\",\"linkDestination\":\"none\"} -->\r\n<figure class=\"wp-block-image size-full\"><\/figure>\r\n<!-- \/wp:image -->","protected":false},"excerpt":{"rendered":"<p>Motor effekt 400 V, 50 Hz, 2,2 kW Motor effekt kylpump 400 V, 50 Hz, 0,05 kW Hydraulisk motor 400 V, 50 Hz, 0,55 kW S\u00e5gbladetshastighet 15-90 m\/min. Arbetsh\u00f6jd skruvstycke 910 mm Hydraulolja tank cca 25 l Kyltank cca 15 l Maskin dimension\u00a0(min.) 300 S.A.F.\/300 Plus S.A.F. 1760\/1740 x 890\/950 x 1560\/1560 mm Maskin dimension [&hellip;]<\/p>\n","protected":false},"featured_media":2648,"comment_status":"open","ping_status":"closed","template":"","meta":{"_acf_changed":false},"product_brand":[],"product_cat":[43],"product_tag":[],"class_list":{"0":"post-2236","1":"product","2":"type-product","3":"status-publish","4":"has-post-thumbnail","6":"product_cat-sagning-kapning-2","7":"post","8":"post-with-thumbnail","9":"post-with-thumbnail-large","11":"first","12":"instock","13":"shipping-taxable","14":"product-type-simple"},"acf":[],"_links":{"self":[{"href":"https:\/\/swebalk.com\/en\/wp-json\/wp\/v2\/product\/2236","targetHints":{"allow":["GET"]}}],"collection":[{"href":"https:\/\/swebalk.com\/en\/wp-json\/wp\/v2\/product"}],"about":[{"href":"https:\/\/swebalk.com\/en\/wp-json\/wp\/v2\/types\/product"}],"replies":[{"embeddable":true,"href":"https:\/\/swebalk.com\/en\/wp-json\/wp\/v2\/comments?post=2236"}],"wp:featuredmedia":[{"embeddable":true,"href":"https:\/\/swebalk.com\/en\/wp-json\/wp\/v2\/media\/2648"}],"wp:attachment":[{"href":"https:\/\/swebalk.com\/en\/wp-json\/wp\/v2\/media?parent=2236"}],"wp:term":[{"taxonomy":"product_brand","embeddable":true,"href":"https:\/\/swebalk.com\/en\/wp-json\/wp\/v2\/product_brand?post=2236"},{"taxonomy":"product_cat","embeddable":true,"href":"https:\/\/swebalk.com\/en\/wp-json\/wp\/v2\/product_cat?post=2236"},{"taxonomy":"product_tag","embeddable":true,"href":"https:\/\/swebalk.com\/en\/wp-json\/wp\/v2\/product_tag?post=2236"}],"curies":[{"name":"wp","href":"https:\/\/api.w.org\/{rel}","templated":true}]}}