{"id":2233,"date":"2023-09-09T11:01:58","date_gmt":"2023-09-09T11:01:58","guid":{"rendered":"https:\/\/swebalk.com\/?post_type=product&#038;p=2233"},"modified":"2025-01-12T12:22:25","modified_gmt":"2025-01-12T12:22:25","slug":"kantmaskin-sbs-e-series","status":"publish","type":"product","link":"https:\/\/swebalk.com\/en\/product\/kantmaskin-sbs-e-series\/","title":{"rendered":"Kantmaskin SBS E Series"},"content":{"rendered":"<figure class=\"wp-block-table is-style-stripes has-small-font-size\">De manuella kantmaskinerna i SBS E-serien med sin tunga och robusta design \u00e4r designade f\u00f6r att b\u00f6ja l\u00e5nga metallpl\u00e5tar p\u00e5 upp till 2540 mm. Med hj\u00e4lp av vinkelstopp kan denna serie \u00e4ven anv\u00e4ndas f\u00f6r tillverkning av sm\u00e5 serier. SBS E kantmaskin finns i 2 olika versioner F\u00f6r mer info om produkten och tillbeh\u00f6r se produktblad eller kontakta oss<\/figure>\r\n\r\n\r\n\r\n<figure class=\"wp-block-table is-style-stripes\">\r\n<table>\r\n<thead>\r\n<tr>\r\n<th>Modell<\/th>\r\n<th>Art. 231100030 &#8211; SBS E 2020\/2,0<\/th>\r\n<th>Art. 231100040 &#8211; SBS E 2540\/1,5<\/th>\r\n<th>\u00a0<\/th>\r\n<\/tr>\r\n<\/thead>\r\n<tbody>\r\n<tr>\r\n<td>Arbetsl\u00e4ngd<\/td>\r\n<td>2020 mm<\/td>\r\n<td>2540 mm<\/td>\r\n<td>\u00a0<\/td>\r\n<\/tr>\r\n<tr>\r\n<td>Pl\u00e5ttjocklek<\/td>\r\n<td>2,0 mm<\/td>\r\n<td>1,5 mm<\/td>\r\n<td>\u00a0<\/td>\r\n<\/tr>\r\n<tr>\r\n<td>Arbetsh\u00f6jd<\/td>\r\n<td>920 mm<\/td>\r\n<td>920 mm<\/td>\r\n<td>\u00a0<\/td>\r\n<\/tr>\r\n<tr>\r\n<td>Bockningsvinkel<\/td>\r\n<td>135\u00b0<\/td>\r\n<td>135\u00b0<\/td>\r\n<td>\u00a0<\/td>\r\n<\/tr>\r\n<tr>\r\n<td>Maskin dimension (m)<\/td>\r\n<td>2,8 x 0,85 x 1,3<\/td>\r\n<td>3,32 x 0,72 x 1,5<\/td>\r\n<td>\u00a0<\/td>\r\n<\/tr>\r\n<tr>\r\n<td>Vikt<\/td>\r\n<td>1025 kg<\/td>\r\n<td>1250 kg<\/td>\r\n<td>\u00a0<\/td>\r\n<\/tr>\r\n<\/tbody>\r\n<\/table>\r\n<\/figure>\r\n\r\n\r\n\r\n<div class=\"wp-block-buttons is-layout-flex wp-block-buttons-is-layout-flex\">\r\n<div class=\"wp-block-button\"><a class=\"wp-block-button__link has-white-color has-vivid-red-background-color has-text-color has-background wp-element-button\" href=\"https:\/\/swebalk.com\/wp-content\/uploads\/2023\/08\/SBS-E-2020_20-Datasheet.pdf\" target=\"_blank\" rel=\"noreferrer noopener\">Produktblad SBS E 2020\/2,0<\/a><\/div>\r\n\r\n\r\n\r\n<div class=\"wp-block-button\"><a class=\"wp-block-button__link has-white-color has-vivid-red-background-color has-text-color has-background wp-element-button\" href=\"https:\/\/swebalk.com\/wp-content\/uploads\/2023\/08\/SBS-E-2540_15-Datasheet.pdf\" target=\"_blank\" rel=\"noreferrer noopener\">Produktblad SBS E 2540\/1,5<\/a><\/div>\r\n\r\n\r\n\r\n<div class=\"wp-block-button\"><a class=\"wp-block-button__link has-white-color has-vivid-red-background-color has-text-color has-background wp-element-button\" href=\"https:\/\/swebalk.com\/wp-content\/uploads\/2023\/08\/IQ-SBS-E-V01_131372_EN.pdf\" target=\"_blank\" rel=\"noreferrer noopener\">SBS E 2020 \u2022 2540<\/a><\/div>\r\n<\/div>","protected":false},"excerpt":{"rendered":"<p>De manuella kantmaskinerna i SBS E-serien med sin tunga och robusta design \u00e4r designade f\u00f6r att b\u00f6ja l\u00e5nga metallpl\u00e5tar p\u00e5 upp till 2540 mm. Med hj\u00e4lp av vinkelstopp kan denna serie \u00e4ven anv\u00e4ndas f\u00f6r tillverkning av sm\u00e5 serier. SBS E kantmaskin finns i 2 olika versioner F\u00f6r mer info om produkten och tillbeh\u00f6r se produktblad [&hellip;]<\/p>\n","protected":false},"featured_media":2633,"comment_status":"open","ping_status":"closed","template":"","meta":{"_acf_changed":false},"product_brand":[],"product_cat":[53],"product_tag":[],"class_list":{"0":"post-2233","1":"product","2":"type-product","3":"status-publish","4":"has-post-thumbnail","6":"product_cat-kantmaskiner","7":"post","8":"post-with-thumbnail","9":"post-with-thumbnail-large","11":"first","12":"instock","13":"shipping-taxable","14":"product-type-simple"},"acf":[],"_links":{"self":[{"href":"https:\/\/swebalk.com\/en\/wp-json\/wp\/v2\/product\/2233","targetHints":{"allow":["GET"]}}],"collection":[{"href":"https:\/\/swebalk.com\/en\/wp-json\/wp\/v2\/product"}],"about":[{"href":"https:\/\/swebalk.com\/en\/wp-json\/wp\/v2\/types\/product"}],"replies":[{"embeddable":true,"href":"https:\/\/swebalk.com\/en\/wp-json\/wp\/v2\/comments?post=2233"}],"wp:featuredmedia":[{"embeddable":true,"href":"https:\/\/swebalk.com\/en\/wp-json\/wp\/v2\/media\/2633"}],"wp:attachment":[{"href":"https:\/\/swebalk.com\/en\/wp-json\/wp\/v2\/media?parent=2233"}],"wp:term":[{"taxonomy":"product_brand","embeddable":true,"href":"https:\/\/swebalk.com\/en\/wp-json\/wp\/v2\/product_brand?post=2233"},{"taxonomy":"product_cat","embeddable":true,"href":"https:\/\/swebalk.com\/en\/wp-json\/wp\/v2\/product_cat?post=2233"},{"taxonomy":"product_tag","embeddable":true,"href":"https:\/\/swebalk.com\/en\/wp-json\/wp\/v2\/product_tag?post=2233"}],"curies":[{"name":"wp","href":"https:\/\/api.w.org\/{rel}","templated":true}]}}