{"id":2230,"date":"2023-09-09T10:54:44","date_gmt":"2023-09-09T10:54:44","guid":{"rendered":"https:\/\/swebalk.com\/?post_type=product&#038;p=2230"},"modified":"2024-05-12T17:41:52","modified_gmt":"2024-05-12T17:41:52","slug":"borr-och-frasmaskin-ima-i28u","status":"publish","type":"product","link":"https:\/\/swebalk.com\/en\/product\/borr-och-frasmaskin-ima-i28u\/","title":{"rendered":"Borr- och fr\u00e4smaskin IMA I28U"},"content":{"rendered":"<div class=\"wp-block-columns\">\r\n<div class=\"wp-block-column\">\r\n<figure class=\"wp-block-image size-full\">\r\n<table>\r\n<tbody>\r\n<tr>\r\n<td>Borrkapacitet<\/td>\r\n<td>25 \/ 28 mm<\/td>\r\n<\/tr>\r\n<tr>\r\n<td>G\u00e4ngkapacitet<\/td>\r\n<td>M16 \/ M20<\/td>\r\n<\/tr>\r\n<tr>\r\n<td>Planfr\u00e4sning<\/td>\r\n<td>Max \u00f8 35 mm max \u2193 1 mm max &lt; 80% &gt;<\/td>\r\n<\/tr>\r\n<tr>\r\n<td>Sp\u00e5rfr\u00e4sning<\/td>\r\n<td>max \u00f8 10 mm max \u2193 5 mm<\/td>\r\n<\/tr>\r\n<tr>\r\n<td>Arbetsbord\/T-sp\u00e5r<\/td>\r\n<td>584 x 242\/14 mm<\/td>\r\n<\/tr>\r\n<tr>\r\n<td>Pinol r\u00f6relse<\/td>\r\n<td>130 mm<\/td>\r\n<\/tr>\r\n<tr>\r\n<td>Varvtal<\/td>\r\n<td>105 v\/min \u2013 3480 v\/min<\/td>\r\n<\/tr>\r\n<tr>\r\n<td>Spindelkona<\/td>\r\n<td>MK 3<\/td>\r\n<\/tr>\r\n<\/tbody>\r\n<\/table>\r\n<\/figure>\r\n<\/div>\r\n<\/div>\r\n<!-- \/wp:post-content -->\r\n\r\n<!-- wp:paragraph -->\r\n<p>IMA I28U \u00e4r en kombinerad 25 mm borr-\/fr\u00e4smaskin.<\/p>\r\n<!-- \/wp:paragraph -->\r\n\r\n<!-- wp:paragraph -->\r\n<p>Maskinen \u00e4r utrustad med koordinatbord med 3 T-sp\u00e5r och oljerand. Bordet kan utrustas med automatisk matning f\u00f6r den l\u00e4ngsg\u00e5ende r\u00f6relsen.<\/p>\r\n<!-- \/wp:paragraph -->\r\n\r\n<!-- wp:paragraph -->\r\n<p>P\u00e5 borrhuvudets framsida finns en ratt f\u00f6r nedmatning av spindeln vid finmatning. Finmatningen m\u00f6jligg\u00f6r en j\u00e4mn matning och noggrann inst\u00e4llning av sk\u00e4rdjup vid fr\u00e4sning. Vid fr\u00e4sningsarbeten l\u00e5ses spindelhylsan fast i \u00f6nskad position. Maskinen \u00e4r l\u00e4mpad f\u00f6r borrning, brotschning, g\u00e4ngning och fr\u00e4sning. Borrhuvudet \u00e4r h\u00f6j- och s\u00e4nkbart och vridbart 0-45\u00b0 \u00e5t b\u00e5da h\u00e5ll. \u00d6nskad vinkel kan st\u00e4llas in mot en graderad bricka.<\/p>\r\n<!-- \/wp:paragraph -->\r\n\r\n<!-- wp:paragraph -->\r\n<p>Borrskydd med mikrobrytare \u00e4r standard inom CE-omr\u00e5de.<\/p>\r\n<!-- \/wp:paragraph -->\r\n\r\n<!-- wp:buttons -->\r\n<div class=\"wp-block-buttons\"><!-- wp:button {\"backgroundColor\":\"vivid-red\",\"textColor\":\"white\",\"width\":50} -->\r\n<div class=\"wp-block-button has-custom-width wp-block-button__width-50\"><a class=\"wp-block-button__link has-white-color has-vivid-red-background-color has-text-color has-background wp-element-button\" href=\"https:\/\/swebalk.com\/wp-content\/uploads\/2023\/08\/prospekt-ima_i-28-u.pdf\" target=\"_blank\" rel=\"noreferrer noopener\">Produktblad I28U<\/a><\/div>\r\n<!-- \/wp:button --><\/div>\r\n<!-- \/wp:buttons -->","protected":false},"excerpt":{"rendered":"<p>Borrkapacitet 25 \/ 28 mm G\u00e4ngkapacitet M16 \/ M20 Planfr\u00e4sning Max \u00f8 35 mm max \u2193 1 mm max &lt; 80% &gt; Sp\u00e5rfr\u00e4sning max \u00f8 10 mm max \u2193 5 mm Arbetsbord\/T-sp\u00e5r 584 x 242\/14 mm Pinol r\u00f6relse 130 mm Varvtal 105 v\/min \u2013 3480 v\/min Spindelkona MK 3 IMA I28U \u00e4r en kombinerad 25 [&hellip;]<\/p>\n","protected":false},"featured_media":2613,"comment_status":"open","ping_status":"closed","template":"","meta":{"_acf_changed":false},"product_brand":[],"product_cat":[31],"product_tag":[],"class_list":{"0":"post-2230","1":"product","2":"type-product","3":"status-publish","4":"has-post-thumbnail","6":"product_cat-borrning","7":"post","8":"post-with-thumbnail","9":"post-with-thumbnail-large","11":"first","12":"instock","13":"shipping-taxable","14":"product-type-simple"},"acf":[],"_links":{"self":[{"href":"https:\/\/swebalk.com\/en\/wp-json\/wp\/v2\/product\/2230","targetHints":{"allow":["GET"]}}],"collection":[{"href":"https:\/\/swebalk.com\/en\/wp-json\/wp\/v2\/product"}],"about":[{"href":"https:\/\/swebalk.com\/en\/wp-json\/wp\/v2\/types\/product"}],"replies":[{"embeddable":true,"href":"https:\/\/swebalk.com\/en\/wp-json\/wp\/v2\/comments?post=2230"}],"wp:featuredmedia":[{"embeddable":true,"href":"https:\/\/swebalk.com\/en\/wp-json\/wp\/v2\/media\/2613"}],"wp:attachment":[{"href":"https:\/\/swebalk.com\/en\/wp-json\/wp\/v2\/media?parent=2230"}],"wp:term":[{"taxonomy":"product_brand","embeddable":true,"href":"https:\/\/swebalk.com\/en\/wp-json\/wp\/v2\/product_brand?post=2230"},{"taxonomy":"product_cat","embeddable":true,"href":"https:\/\/swebalk.com\/en\/wp-json\/wp\/v2\/product_cat?post=2230"},{"taxonomy":"product_tag","embeddable":true,"href":"https:\/\/swebalk.com\/en\/wp-json\/wp\/v2\/product_tag?post=2230"}],"curies":[{"name":"wp","href":"https:\/\/api.w.org\/{rel}","templated":true}]}}