{"id":2229,"date":"2023-09-09T10:52:12","date_gmt":"2023-09-09T10:52:12","guid":{"rendered":"https:\/\/swebalk.com\/?post_type=product&#038;p=2229"},"modified":"2025-05-09T15:00:01","modified_gmt":"2025-05-09T15:00:01","slug":"svarv-basic-plus","status":"publish","type":"product","link":"https:\/\/swebalk.com\/en\/product\/svarv-basic-plus\/","title":{"rendered":"Svarv Basic Plus"},"content":{"rendered":"<p><\/p>\r\n<div class=\"wp-block-columns is-layout-flex wp-container-core-columns-is-layout-9d6595d7 wp-block-columns-is-layout-flex\">\r\n<div class=\"wp-block-column is-layout-flow wp-block-column-is-layout-flow\">\r\n<p>Basic Plus \u00e4r en m\u00e5ngsidig svarv f\u00f6r tillverkning. P\u00e5 grund av det stora urvalet av tillbeh\u00f6r \u00e4r denna modell det b\u00e4sta valet f\u00f6r underh\u00e5llsverkstad eller utbildning.<\/p>\r\n<div class=\"description-table-wrapper\"><table class=\"description-table\"><thead><tr><th>Modell<\/th><th>V\u00e4rde<\/th><th>Enhet<\/th><\/tr><\/thead><tbody><tr><td class=\"left-align\">Dubb avst\u00e5nd<\/td><td>810<\/td><td>mm<\/td><\/tr><tr><td class=\"left-align\">Sving diameter \u00f6ver bed<\/td><td>300<\/td><td>mm<\/td><\/tr><tr><td class=\"left-align\">Tv\u00e4rslidsr\u00f6relse<\/td><td>155<\/td><td>mm<\/td><\/tr><tr><td class=\"left-align\">Toppslidsr\u00f6relse<\/td><td>95<\/td><td>mm<\/td><\/tr><tr><td class=\"left-align\">Varvtal<\/td><td>60 \u2013 1550<\/td><td>v\/min<\/td><\/tr><tr><td class=\"left-align\">L\u00e4ngdmatning<\/td><td>0,052 \u2013 1,39<\/td><td>mm\/v<\/td><\/tr><tr><td class=\"left-align\">Tv\u00e4rmatning<\/td><td>0,014 \u2013 0,38<\/td><td>mm\/v<\/td><\/tr><tr><td class=\"left-align\">Spindelgenomg\u00e5ng<\/td><td>38<\/td><td>mm<\/td><\/tr><tr><td class=\"left-align\">Spindelnos montering<\/td><td>Camlock D1-4<\/td><td>typ<\/td><\/tr><tr><td class=\"left-align\">Spindelkona<\/td><td>MK 5<\/td><td>typ<\/td><\/tr><tr><td class=\"left-align\">Dubbdocka kona<\/td><td>MK 3<\/td><td>typ<\/td><\/tr><tr><td class=\"left-align\">Huvud motor<\/td><td>1.1<\/td><td>kW<\/td><\/tr><tr><td class=\"left-align\">Dimension (LxBxH)<\/td><td>1600 x 750 x 1270<\/td><td>mm<\/td><\/tr><tr><td class=\"left-align\">Vikt<\/td><td>520<\/td><td>kg<\/td><\/tr><tr><td class=\"left-align\"><\/td><\/tr><\/tbody><\/table><\/div>\r\n<\/div>\r\n<\/div>\r\n<p>\r\n\r\n<\/p>\r\n<div class=\"wp-block-buttons is-layout-flex wp-block-buttons-is-layout-flex\">\r\n<div class=\"wp-block-button has-custom-width wp-block-button__width-50 is-style-fill\"><a class=\"wp-block-button__link has-white-color has-vivid-red-background-color has-text-color has-background wp-element-button\" href=\"https:\/\/swebalk.com\/wp-content\/uploads\/2023\/08\/Basic-Plus-Datasheet.pdf\">Produktblad Basic Plus<\/a><\/div>\r\n<\/div>\r\n<div>\u00a0<\/div>\r\n<p><\/p>","protected":false},"excerpt":{"rendered":"<p>Basic Plus \u00e4r en m\u00e5ngsidig svarv f\u00f6r tillverkning. P\u00e5 grund av det stora urvalet av tillbeh\u00f6r \u00e4r denna modell det b\u00e4sta valet f\u00f6r underh\u00e5llsverkstad eller utbildning.<\/p>","protected":false},"featured_media":2607,"comment_status":"open","ping_status":"closed","template":"","meta":{"_acf_changed":false},"product_brand":[],"product_cat":[50],"product_tag":[],"class_list":{"0":"post-2229","1":"product","2":"type-product","3":"status-publish","4":"has-post-thumbnail","6":"product_cat-svarvning","7":"post","8":"post-with-thumbnail","9":"post-with-thumbnail-large","11":"first","12":"instock","13":"shipping-taxable","14":"product-type-simple"},"acf":[],"_links":{"self":[{"href":"https:\/\/swebalk.com\/en\/wp-json\/wp\/v2\/product\/2229","targetHints":{"allow":["GET"]}}],"collection":[{"href":"https:\/\/swebalk.com\/en\/wp-json\/wp\/v2\/product"}],"about":[{"href":"https:\/\/swebalk.com\/en\/wp-json\/wp\/v2\/types\/product"}],"replies":[{"embeddable":true,"href":"https:\/\/swebalk.com\/en\/wp-json\/wp\/v2\/comments?post=2229"}],"wp:featuredmedia":[{"embeddable":true,"href":"https:\/\/swebalk.com\/en\/wp-json\/wp\/v2\/media\/2607"}],"wp:attachment":[{"href":"https:\/\/swebalk.com\/en\/wp-json\/wp\/v2\/media?parent=2229"}],"wp:term":[{"taxonomy":"product_brand","embeddable":true,"href":"https:\/\/swebalk.com\/en\/wp-json\/wp\/v2\/product_brand?post=2229"},{"taxonomy":"product_cat","embeddable":true,"href":"https:\/\/swebalk.com\/en\/wp-json\/wp\/v2\/product_cat?post=2229"},{"taxonomy":"product_tag","embeddable":true,"href":"https:\/\/swebalk.com\/en\/wp-json\/wp\/v2\/product_tag?post=2229"}],"curies":[{"name":"wp","href":"https:\/\/api.w.org\/{rel}","templated":true}]}}