{"id":2228,"date":"2023-09-09T10:50:16","date_gmt":"2023-09-09T10:50:16","guid":{"rendered":"https:\/\/swebalk.com\/?post_type=product&#038;p=2228"},"modified":"2023-09-11T19:12:48","modified_gmt":"2023-09-11T19:12:48","slug":"bandslip-och-skivputsmaskin-ks-150-b","status":"publish","type":"product","link":"https:\/\/swebalk.com\/en\/product\/bandslip-och-skivputsmaskin-ks-150-b\/","title":{"rendered":"Bandslip- och skivputsmaskin KS 150 B"},"content":{"rendered":"<div class=\"wp-block-columns\">\r\n<div class=\"wp-block-column\">\r\n<div class=\"wp-block-column\">\r\n\r\n\r\n<table>\r\n<tbody>\r\n<tr>\r\n<td class=\"block-editor-rich-text__editable wp-block-table__cell-content rich-text\" role=\"textbox\" contenteditable=\"true\" aria-multiline=\"true\" aria-label=\"Text i tabellkropp\">Bords vinkel justering<\/td>\r\n<td class=\"block-editor-rich-text__editable wp-block-table__cell-content rich-text\" role=\"textbox\" contenteditable=\"true\" aria-multiline=\"true\" aria-label=\"Text i tabellkropp\">45\u00b0<\/td>\r\n<\/tr>\r\n<tr>\r\n<td class=\"block-editor-rich-text__editable wp-block-table__cell-content rich-text\" role=\"textbox\" contenteditable=\"true\" aria-multiline=\"true\" aria-label=\"Text i tabellkropp\">Band hastighet<\/td>\r\n<td class=\"block-editor-rich-text__editable wp-block-table__cell-content rich-text\" role=\"textbox\" contenteditable=\"true\" aria-multiline=\"true\" aria-label=\"Text i tabellkropp\">5,5 m\/s<\/td>\r\n<\/tr>\r\n<tr>\r\n<td class=\"block-editor-rich-text__editable wp-block-table__cell-content rich-text\" role=\"textbox\" contenteditable=\"true\" aria-multiline=\"true\" aria-label=\"Text i tabellkropp\">Vinkel justering av band<\/td>\r\n<td class=\"block-editor-rich-text__editable wp-block-table__cell-content rich-text\" role=\"textbox\" contenteditable=\"true\" aria-multiline=\"true\" aria-label=\"Text i tabellkropp\">90\u00b0<\/td>\r\n<\/tr>\r\n<tr>\r\n<td class=\"block-editor-rich-text__editable wp-block-table__cell-content rich-text\" role=\"textbox\" contenteditable=\"true\" aria-multiline=\"true\" aria-label=\"Text i tabellkropp\">Slipskivan diameter<\/td>\r\n<td class=\"block-editor-rich-text__editable wp-block-table__cell-content rich-text\" role=\"textbox\" contenteditable=\"true\" aria-multiline=\"true\" aria-label=\"Text i tabellkropp\">230 mm<\/td>\r\n<\/tr>\r\n<tr>\r\n<td class=\"block-editor-rich-text__editable wp-block-table__cell-content rich-text\" role=\"textbox\" contenteditable=\"true\" aria-multiline=\"true\" aria-label=\"Text i tabellkropp\">Slipband dimension<\/td>\r\n<td class=\"block-editor-rich-text__editable wp-block-table__cell-content rich-text\" role=\"textbox\" contenteditable=\"true\" aria-multiline=\"true\" aria-label=\"Text i tabellkropp\">150 x 1220 mm<\/td>\r\n<\/tr>\r\n<tr>\r\n<td class=\"block-editor-rich-text__editable wp-block-table__cell-content rich-text\" role=\"textbox\" contenteditable=\"true\" aria-multiline=\"true\" aria-label=\"Text i tabellkropp\">Motor effekt<\/td>\r\n<td class=\"block-editor-rich-text__editable wp-block-table__cell-content rich-text\" role=\"textbox\" contenteditable=\"true\" aria-multiline=\"true\" aria-label=\"Text i tabellkropp\">0,75 kW<\/td>\r\n<\/tr>\r\n<tr>\r\n<td class=\"block-editor-rich-text__editable wp-block-table__cell-content rich-text\" role=\"textbox\" contenteditable=\"true\" aria-multiline=\"true\" aria-label=\"Text i tabellkropp\">Sp\u00e4nning<\/td>\r\n<td class=\"block-editor-rich-text__editable wp-block-table__cell-content rich-text\" role=\"textbox\" contenteditable=\"true\" aria-multiline=\"true\" aria-label=\"Text i tabellkropp\">230v<\/td>\r\n<\/tr>\r\n<tr>\r\n<td class=\"block-editor-rich-text__editable wp-block-table__cell-content rich-text\" role=\"textbox\" contenteditable=\"true\" aria-multiline=\"true\" aria-label=\"Text i tabellkropp\">Vikt<\/td>\r\n<td class=\"block-editor-rich-text__editable wp-block-table__cell-content rich-text\" role=\"textbox\" contenteditable=\"true\" aria-multiline=\"true\" aria-label=\"Text i tabellkropp\">50 kg<\/td>\r\n<\/tr>\r\n<\/tbody>\r\n<\/table>\r\n<p><strong>Standard utrustning:<\/strong><\/p>\r\n\r\n\r\n\r\n<ul class=\"wp-block-list\">\r\n<li>Justerbar material stopp<\/li>\r\n\r\n\r\n\r\n<li>St\u00f6dbord<\/li>\r\n\r\n\r\n\r\n<li>Stativ<\/li>\r\n\r\n\r\n\r\n<li>Slipskiva<\/li>\r\n\r\n\r\n\r\n<li>Slipband<\/li>\r\n\r\n\r\n\r\n<li>Manual<\/li>\r\n<\/ul>\r\n<\/div>\r\n<\/div>\r\n<\/div>\r\n<!-- \/wp:post-content -->\r\n\r\n<!-- wp:paragraph -->\r\n<p>Kombinationsbandslipen med egen bas har en stor slipyta som kan anv\u00e4ndas horisontellt och vertikalt, samt en slipskiva med ett vinkelst\u00e4llbart bord. Maskinen \u00e4r s\u00e4rskilt l\u00e4mpad f\u00f6r att grovslipa plana, raka ytor f\u00f6r att bryta kanter eller grada avskurna kanter. Slipskivan \u00e4r konstruerad f\u00f6r att slipa ytterradier eller vinklar p\u00e5 smala arbetsstycke och sliphastigheten kan varieras f\u00f6r finare bearbetning.<\/p>\r\n<!-- \/wp:paragraph -->\r\n\r\n<!-- wp:paragraph -->\r\n<p>F\u00f6r mer info om produkten och tillbeh\u00f6r se produktblad eller kontakta oss.<\/p>\r\n<!-- \/wp:paragraph -->\r\n\r\n<!-- wp:buttons -->\r\n<div class=\"wp-block-buttons\"><!-- wp:button {\"backgroundColor\":\"vivid-red\",\"textColor\":\"white\"} -->\r\n<div class=\"wp-block-button\"><a class=\"wp-block-button__link has-white-color has-vivid-red-background-color has-text-color has-background wp-element-button\" href=\"https:\/\/swebalk.com\/wp-content\/uploads\/2023\/08\/KS-150-B-Datasheet.pdf\" target=\"_blank\" rel=\"noreferrer noopener\">Produktblad KS 150 B<\/a><\/div>\r\n<!-- \/wp:button --><\/div>\r\n<!-- \/wp:buttons -->","protected":false},"excerpt":{"rendered":"<p>Bords vinkel justering 45\u00b0 Band hastighet 5,5 m\/s Vinkel justering av band 90\u00b0 Slipskivan diameter 230 mm Slipband dimension 150 x 1220 mm Motor effekt 0,75 kW Sp\u00e4nning 230v Vikt 50 kg Standard utrustning: Kombinationsbandslipen med egen bas har en stor slipyta som kan anv\u00e4ndas horisontellt och vertikalt, samt en slipskiva med ett vinkelst\u00e4llbart bord. [&hellip;]<\/p>\n","protected":false},"featured_media":2604,"comment_status":"open","ping_status":"closed","template":"","meta":{"_acf_changed":false},"product_brand":[],"product_cat":[48],"product_tag":[],"class_list":{"0":"post-2228","1":"product","2":"type-product","3":"status-publish","4":"has-post-thumbnail","6":"product_cat-slipning","7":"post","8":"post-with-thumbnail","9":"post-with-thumbnail-large","11":"first","12":"instock","13":"shipping-taxable","14":"product-type-simple"},"acf":[],"_links":{"self":[{"href":"https:\/\/swebalk.com\/en\/wp-json\/wp\/v2\/product\/2228","targetHints":{"allow":["GET"]}}],"collection":[{"href":"https:\/\/swebalk.com\/en\/wp-json\/wp\/v2\/product"}],"about":[{"href":"https:\/\/swebalk.com\/en\/wp-json\/wp\/v2\/types\/product"}],"replies":[{"embeddable":true,"href":"https:\/\/swebalk.com\/en\/wp-json\/wp\/v2\/comments?post=2228"}],"wp:featuredmedia":[{"embeddable":true,"href":"https:\/\/swebalk.com\/en\/wp-json\/wp\/v2\/media\/2604"}],"wp:attachment":[{"href":"https:\/\/swebalk.com\/en\/wp-json\/wp\/v2\/media?parent=2228"}],"wp:term":[{"taxonomy":"product_brand","embeddable":true,"href":"https:\/\/swebalk.com\/en\/wp-json\/wp\/v2\/product_brand?post=2228"},{"taxonomy":"product_cat","embeddable":true,"href":"https:\/\/swebalk.com\/en\/wp-json\/wp\/v2\/product_cat?post=2228"},{"taxonomy":"product_tag","embeddable":true,"href":"https:\/\/swebalk.com\/en\/wp-json\/wp\/v2\/product_tag?post=2228"}],"curies":[{"name":"wp","href":"https:\/\/api.w.org\/{rel}","templated":true}]}}