{"id":2226,"date":"2023-09-09T10:45:09","date_gmt":"2023-09-09T10:45:09","guid":{"rendered":"https:\/\/swebalk.com\/?post_type=product&#038;p=2226"},"modified":"2025-05-09T15:03:58","modified_gmt":"2025-05-09T15:03:58","slug":"fras-och-borrmaskin-mark-super-series","status":"publish","type":"product","link":"https:\/\/swebalk.com\/en\/product\/fras-och-borrmaskin-mark-super-series\/","title":{"rendered":"Fr\u00e4s- och borrmaskin Mark Super Series"},"content":{"rendered":"<div class=\"wp-block-columns\">\r\n<div class=\"wp-block-column\">\r\n<p>Mark Super-serien \u00e4r borr- och fr\u00e4smaskiner. De \u00e4r idealiska som en kompakt borrmaskin med kraftfull drivning och ett brett hastighetsomr\u00e5de. Men dessa maskiner sk\u00e4r ocks\u00e5 en fin figur vid fr\u00e4sning av st\u00e5l och icke-j\u00e4rnmetaller. De l\u00e4mpar sig f\u00f6r mindre verkst\u00e4der och underh\u00e5llsavdelningar. Passar v\u00e4l till mindre serieproduktion eller utbildningsavdelningar. Tack vare sin kompakta design och m\u00e5ngsidighet \u00e4r de fortfarande en stors\u00e4ljare.<\/p>\r\n<\/div>\r\n<\/div>\r\n\r\n\r\n\r\n<div class=\"wp-block-buttons is-layout-flex wp-block-buttons-is-layout-flex\">\r\n<div>\r\n<div class=\"description-table-wrapper\"><table class=\"description-table\"><thead><tr><th>Modell<\/th><th>Art. 121100030 - Mark Super SV<\/th><th>Art. 121100020 - Mark Super S<\/th><\/tr><\/thead><tbody><tr><td class=\"left-align\">Arbetsbord<\/td><td>800 x 240 mm<\/td><td>800 x 240 mm<\/td><\/tr><tr><td class=\"left-align\">Borrkapacitet<\/td><td>25 mm<\/td><td>32 mm<\/td><\/tr><tr><td class=\"left-align\">X-axel r\u00f6relse manuel\/auto<\/td><td>560\/480 mm<\/td><td>560\/480 mm<\/td><\/tr><tr><td class=\"left-align\">Spindelkona<\/td><td>MK 4<\/td><td>MT 4<\/td><\/tr><tr><td class=\"left-align\">Pinol r\u00f6relse<\/td><td>120 mm<\/td><td>120 mm<\/td><\/tr><tr><td class=\"left-align\">Avst\u00e5nd spindel \u2013 pelare<\/td><td>450 mm<\/td><td>460 mm<\/td><\/tr><tr><td class=\"left-align\">Spindel varvtal (v\u00e4xlar)<\/td><td>75\u20132500 v\/min (2)<\/td><td>75\u20133200 v\/min (12)<\/td><\/tr><tr><td class=\"left-align\">Motor effekt<\/td><td>1,5 kW<\/td><td>1,5\/1,1 kW<\/td><\/tr><tr><td class=\"left-align\">Maskin dimension<\/td><td>1,24 x 0,93 x 2,1 m<\/td><td>1,25 x 0,95 x 2,13 m<\/td><\/tr><tr><td class=\"left-align\">Vikt<\/td><td>380 kg<\/td><td>380 kg<\/td><\/tr><\/tbody><\/table><\/div>\r\n<div class=\"standard-equipment-block\"><h3>\ud83d\udee0\ufe0f Standardutrustning<\/h3><table class=\"custom-table\"><thead><tr><th>Utrustning<\/th><th>Enhet<\/th><th>Specifikation<\/th><\/tr><\/thead><tbody><tr><td>\u2714\ufe0f 3-axis DRO, X.pos 3.2<\/td><td>st.<\/td><td>1<\/td><\/tr><tr><td>\u2714\ufe0f Automatisk pinolmatning<\/td><td>st.<\/td><td>1<\/td><\/tr><tr><td>\u2714\ufe0f Stativ<\/td><td>st.<\/td><td>1<\/td><\/tr><tr><td>\u2714\ufe0f Bordsmatning TV 1000<\/td><td>st.<\/td><td>1<\/td><\/tr><tr><td>\u2714\ufe0f Borrchuck 13 mm<\/td><td>st.<\/td><td>1<\/td><\/tr><tr><td>\u2714\ufe0f Verktygsh\u00e5llare<\/td><td>st.<\/td><td>1<\/td><\/tr><tr><td>\u2714\ufe0f Manual<\/td><td>st.<\/td><td>1<\/td><\/tr><\/tbody><\/table><\/div>\r\n<\/div>\r\n<div class=\"wp-block-button\"><a class=\"wp-block-button__link has-white-color has-vivid-red-background-color has-text-color has-background wp-element-button\" href=\"https:\/\/swebalk.com\/wp-content\/uploads\/2023\/08\/Mark-Super-SV-Datasheet.pdf\">Produktblad Mark Super SV<\/a><\/div>\r\n\r\n\r\n\r\n<div class=\"wp-block-button\"><a class=\"wp-block-button__link has-white-color has-vivid-red-background-color has-text-color has-background wp-element-button\" href=\"https:\/\/swebalk.com\/wp-content\/uploads\/2023\/08\/Mark-Super-S-Datasheet.pdf\">Produktblad Mark Super S<\/a><\/div>\r\n<\/div>","protected":false},"excerpt":{"rendered":"<p>Mark Super-serien \u00e4r borr- och fr\u00e4smaskiner. De \u00e4r idealiska som en kompakt borrmaskin med kraftfull drivning och ett brett hastighetsomr\u00e5de. Men dessa maskiner sk\u00e4r ocks\u00e5 en fin figur vid fr\u00e4sning av st\u00e5l och icke-j\u00e4rnmetaller. De l\u00e4mpar sig f\u00f6r mindre verkst\u00e4der och underh\u00e5llsavdelningar. Passar v\u00e4l till mindre serieproduktion eller utbildningsavdelningar. Tack vare sin kompakta design och [&hellip;]<\/p>\n","protected":false},"featured_media":2584,"comment_status":"open","ping_status":"closed","template":"","meta":{"_acf_changed":false},"product_brand":[],"product_cat":[31,47],"product_tag":[],"class_list":{"0":"post-2226","1":"product","2":"type-product","3":"status-publish","4":"has-post-thumbnail","6":"product_cat-borrning","7":"product_cat-frasning","8":"post","9":"post-with-thumbnail","10":"post-with-thumbnail-large","12":"first","13":"instock","14":"shipping-taxable","15":"product-type-simple"},"acf":[],"_links":{"self":[{"href":"https:\/\/swebalk.com\/en\/wp-json\/wp\/v2\/product\/2226","targetHints":{"allow":["GET"]}}],"collection":[{"href":"https:\/\/swebalk.com\/en\/wp-json\/wp\/v2\/product"}],"about":[{"href":"https:\/\/swebalk.com\/en\/wp-json\/wp\/v2\/types\/product"}],"replies":[{"embeddable":true,"href":"https:\/\/swebalk.com\/en\/wp-json\/wp\/v2\/comments?post=2226"}],"wp:featuredmedia":[{"embeddable":true,"href":"https:\/\/swebalk.com\/en\/wp-json\/wp\/v2\/media\/2584"}],"wp:attachment":[{"href":"https:\/\/swebalk.com\/en\/wp-json\/wp\/v2\/media?parent=2226"}],"wp:term":[{"taxonomy":"product_brand","embeddable":true,"href":"https:\/\/swebalk.com\/en\/wp-json\/wp\/v2\/product_brand?post=2226"},{"taxonomy":"product_cat","embeddable":true,"href":"https:\/\/swebalk.com\/en\/wp-json\/wp\/v2\/product_cat?post=2226"},{"taxonomy":"product_tag","embeddable":true,"href":"https:\/\/swebalk.com\/en\/wp-json\/wp\/v2\/product_tag?post=2226"}],"curies":[{"name":"wp","href":"https:\/\/api.w.org\/{rel}","templated":true}]}}