{"id":2225,"date":"2023-09-09T10:43:19","date_gmt":"2023-09-09T10:43:19","guid":{"rendered":"https:\/\/swebalk.com\/?post_type=product&#038;p=2225"},"modified":"2025-05-04T16:56:15","modified_gmt":"2025-05-04T16:56:15","slug":"svarv-basic-180-v","status":"publish","type":"product","link":"https:\/\/swebalk.com\/en\/product\/svarv-basic-180-v\/","title":{"rendered":"Svarv Basic 180 V"},"content":{"rendered":"<p>Basic 180 V \u00e4r en av de tyngsta maskinerna i detta popul\u00e4ra marknadssegment. Med en b\u00e4dd bredd p\u00e5 206 mm (8 tum) och en 30 procent h\u00f6gre totalvikt har dess solida konstruktion en positiv effekt p\u00e5 bearbetnings kvaliteten. Denna svarv m\u00f6jligg\u00f6r ocks\u00e5 tyngre bearbetnings operationer som uppfyller industriella krav. Utrustad med en inverter kan den enkelt n\u00e5 3 000 varv per minut. Funktionen med konstant sk\u00e4rhastighet s\u00e4kerst\u00e4ller ocks\u00e5 bearbetnings resultat som \u00e4r j\u00e4mf\u00f6rbara med den hos en CNC-svarv vid v\u00e4ndning.<\/p>\r\n<div class=\"description-table-wrapper\"><table class=\"description-table\"><thead><tr><th>Modell<\/th><th>Enhet<\/th><th>V\u00e4rde<\/th><\/tr><\/thead><tbody><tr><td class=\"left-align\">Dubb avst\u00e5nd<\/td><td>mm<\/td><td>1000<\/td><\/tr><tr><td class=\"left-align\">Sving diameter \u00f6ver bed<\/td><td>mm<\/td><td>356<\/td><\/tr><tr><td class=\"left-align\">Tv\u00e4rslidsr\u00f6relse<\/td><td>mm<\/td><td>178<\/td><\/tr><tr><td class=\"left-align\">Toppslidsr\u00f6relse<\/td><td>mm<\/td><td>92<\/td><\/tr><tr><td class=\"left-align\">Varvtal<\/td><td>v\/min<\/td><td>30 \u2013 3000<\/td><\/tr><tr><td class=\"left-align\">L\u00e4ngdmatning<\/td><td>mm\/v<\/td><td>0,043 \u2013 0,653<\/td><\/tr><tr><td class=\"left-align\">Tv\u00e4rmatning<\/td><td>mm\/v<\/td><td>0,014 \u2013 0,206<\/td><\/tr><tr><td class=\"left-align\">Spindelgenomg\u00e5ng<\/td><td>mm<\/td><td>38<\/td><\/tr><tr><td class=\"left-align\">Spindelnos montering<\/td><td>typ<\/td><td>Camlock D1-4<\/td><\/tr><tr><td class=\"left-align\">Spindelkona<\/td><td>typ<\/td><td>MK 5<\/td><\/tr><tr><td class=\"left-align\">Dubbdocka kona<\/td><td>typ<\/td><td>MK 3<\/td><\/tr><tr><td class=\"left-align\">Huvud motor<\/td><td>kW<\/td><td>4<\/td><\/tr><tr><td class=\"left-align\">Dimension (LxBxH)<\/td><td>mm<\/td><td>1950 x 750 x 1550<\/td><\/tr><tr><td class=\"left-align\">Vikt<\/td><td>kg<\/td><td>880<\/td><\/tr><\/tbody><\/table><\/div>\r\n<div class=\"standard-equipment-block\"><h3>\ud83d\udee0\ufe0f Standardutrustning<\/h3><table class=\"custom-table\"><thead><tr><th>Utrustning<\/th><th>Enhet<\/th><th>Specifikation<\/th><\/tr><\/thead><tbody><tr><td>\u2714\ufe0f 3-axis DRO, X.pos 3.2 VC<\/td><td>st.<\/td><td>1<\/td><\/tr><tr><td>\u2714\ufe0f 4-backschuck \u00d8 200 mm<\/td><td>st.<\/td><td>1<\/td><\/tr><tr><td>\u2714\ufe0f Plan skiva \u00d8 320 mm<\/td><td>st.<\/td><td>1<\/td><\/tr><tr><td>\u2714\ufe0f Grund snabbh\u00e5llare WE<\/td><td>st.<\/td><td>1<\/td><\/tr><tr><td>\u2714\ufe0f Snabb verktygsh\u00e5llare WED 20100<\/td><td>st.<\/td><td>1<\/td><\/tr><tr><td>\u2714\ufe0f Kyl system<\/td><td>st.<\/td><td>1<\/td><\/tr><tr><td>\u2714\ufe0f Material support<\/td><td>st.<\/td><td>1<\/td><\/tr><tr><td>\u2714\ufe0f Sp\u00e5n uppsamlare<\/td><td>st.<\/td><td>1<\/td><\/tr><tr><td>\u2714\ufe0f Fast st\u00e4nk skydd<\/td><td>st.<\/td><td>1<\/td><\/tr><tr><td>\u2714\ufe0f Sp\u00e5nskydd<\/td><td>st.<\/td><td>1<\/td><\/tr><tr><td>\u2714\ufe0f Chuckskydd<\/td><td>st.<\/td><td>1<\/td><\/tr><tr><td>\u2714\ufe0f Ledarskruvskydd<\/td><td>st.<\/td><td>1<\/td><\/tr><tr><td>\u2714\ufe0f Fotbroms<\/td><td>st.<\/td><td>1<\/td><\/tr><tr><td>\u2714\ufe0f Arbetsbelysning<\/td><td>st.<\/td><td>1<\/td><\/tr><\/tbody><\/table><\/div>\r\n\r\n\r\n\r\n<div class=\"wp-block-buttons is-layout-flex wp-block-buttons-is-layout-flex\">\r\n<div class=\"wp-block-button\"><a class=\"wp-block-button__link has-white-color has-vivid-red-background-color has-text-color has-background wp-element-button\" href=\"https:\/\/swebalk.com\/wp-content\/uploads\/2023\/08\/Basic-180-V-Datasheet.pdf\">Produktblad Basic 180 V<\/a><\/div>\r\n<\/div>","protected":false},"excerpt":{"rendered":"<p>Basic 180 V \u00e4r en av de tyngsta maskinerna i detta popul\u00e4ra marknadssegment. Med en b\u00e4dd bredd p\u00e5 206 mm (8 tum) och en 30 procent h\u00f6gre totalvikt har dess solida konstruktion en positiv effekt p\u00e5 bearbetnings kvaliteten. Denna svarv m\u00f6jligg\u00f6r ocks\u00e5 tyngre bearbetnings operationer som uppfyller industriella krav. Utrustad med en inverter kan den [&hellip;]<\/p>\n","protected":false},"featured_media":2581,"comment_status":"open","ping_status":"closed","template":"","meta":{"_acf_changed":false},"product_brand":[],"product_cat":[50],"product_tag":[],"class_list":{"0":"post-2225","1":"product","2":"type-product","3":"status-publish","4":"has-post-thumbnail","6":"product_cat-svarvning","7":"post","8":"post-with-thumbnail","9":"post-with-thumbnail-large","11":"first","12":"instock","13":"shipping-taxable","14":"product-type-simple"},"acf":[],"_links":{"self":[{"href":"https:\/\/swebalk.com\/en\/wp-json\/wp\/v2\/product\/2225","targetHints":{"allow":["GET"]}}],"collection":[{"href":"https:\/\/swebalk.com\/en\/wp-json\/wp\/v2\/product"}],"about":[{"href":"https:\/\/swebalk.com\/en\/wp-json\/wp\/v2\/types\/product"}],"replies":[{"embeddable":true,"href":"https:\/\/swebalk.com\/en\/wp-json\/wp\/v2\/comments?post=2225"}],"wp:featuredmedia":[{"embeddable":true,"href":"https:\/\/swebalk.com\/en\/wp-json\/wp\/v2\/media\/2581"}],"wp:attachment":[{"href":"https:\/\/swebalk.com\/en\/wp-json\/wp\/v2\/media?parent=2225"}],"wp:term":[{"taxonomy":"product_brand","embeddable":true,"href":"https:\/\/swebalk.com\/en\/wp-json\/wp\/v2\/product_brand?post=2225"},{"taxonomy":"product_cat","embeddable":true,"href":"https:\/\/swebalk.com\/en\/wp-json\/wp\/v2\/product_cat?post=2225"},{"taxonomy":"product_tag","embeddable":true,"href":"https:\/\/swebalk.com\/en\/wp-json\/wp\/v2\/product_tag?post=2225"}],"curies":[{"name":"wp","href":"https:\/\/api.w.org\/{rel}","templated":true}]}}