{"id":2223,"date":"2023-09-09T10:38:32","date_gmt":"2023-09-09T10:38:32","guid":{"rendered":"https:\/\/swebalk.com\/?post_type=product&#038;p=2223"},"modified":"2024-05-13T05:59:52","modified_gmt":"2024-05-13T05:59:52","slug":"pelarborrmaskin-ima-i45","status":"publish","type":"product","link":"https:\/\/swebalk.com\/en\/product\/pelarborrmaskin-ima-i45\/","title":{"rendered":"Pelarborrmaskin IMA I45"},"content":{"rendered":"<figure class=\"wp-block-table is-style-stripes has-small-font-size\">\r\n<table>\r\n<tbody>\r\n<tr>\r\n<td>Borrkapacitet<\/td>\r\n<td>40 mm<\/td>\r\n<\/tr>\r\n<tr>\r\n<td>G\u00e4ngkapacitet<\/td>\r\n<td>M24 \/ M28<\/td>\r\n<\/tr>\r\n<tr>\r\n<td>Arbetsbord\/T-sp\u00e5r<\/td>\r\n<td>500 x 400\/14 mm<\/td>\r\n<\/tr>\r\n<tr>\r\n<td>Pinol r\u00f6relse<\/td>\r\n<td>190 mm<\/td>\r\n<\/tr>\r\n<tr>\r\n<td>Varvtal<\/td>\r\n<td>90 v\/min \u2013 1800 v\/min<\/td>\r\n<\/tr>\r\n<tr>\r\n<td>Spindelkona<\/td>\r\n<td>MK 4<\/td>\r\n<\/tr>\r\n<\/tbody>\r\n<\/table>\r\n<\/figure>\r\n\r\n\r\n\r\n<p><strong>Art. 131104130 &#8211; IMA I 45<\/strong> har en borrkapacitet p\u00e5 40mm. Konstruktionen av v\u00e4xell\u00e5dan \u00e4r v\u00e5r v\u00e4lbepr\u00f6vade teknik f\u00f6r h\u00f6gsta m\u00f6jliga vridmoment. Borrhuvudet \u00e4r fast monterat p\u00e5 toppen av pelaren. Bordarmen \u00e4r vridbar 360\u00b0 runt pelaren, samt h\u00f6j- och s\u00e4nkbar.<\/p>\r\n\r\n\r\n\r\n<p><strong>Art. 131104140 &#8211; IMA I 45 M<\/strong>\u00a0N\u00e4r inst\u00e4llt borrdjup uppn\u00e5tts, g\u00e5r spindeln automatisk tillbaka till utg\u00e5ngsl\u00e4get. Matningen kan ocks\u00e5 avbrytas manuellt. F\u00f6r att skydda maskinen vid anv\u00e4ndning av maskinmatningen finns ett \u00f6verbelastningsskydd som tr\u00e4der i kraft n\u00e4r belastningen blir f\u00f6r h\u00f6g.<\/p>\r\n\r\n\r\n\r\n<p><strong>Art. 131104150 &#8211; IMA I 45 ME<\/strong>\u00a0Start \/ stopp av den automatiska matningen sker via tryckknappar, inbyggda i matningsspakarna. Hand- och automatisk reversering f\u00f6r g\u00e4ngning \u00e4r standard. Borrskydd med mikrobrytare \u00e4r standard inom CE-omr\u00e5de.<\/p>\r\n\r\n\r\n\r\n<div class=\"wp-block-buttons is-layout-flex wp-block-buttons-is-layout-flex\">\r\n<div class=\"wp-block-button has-custom-width wp-block-button__width-50\"><a class=\"wp-block-button__link has-white-color has-vivid-red-background-color has-text-color has-background wp-element-button\" href=\"https:\/\/swebalk.com\/wp-content\/uploads\/2023\/08\/prospekt-ima_i-45-m.pdf\" target=\"_blank\" rel=\"noreferrer noopener\">Produktblad IMA I45M<\/a><\/div>\r\n\r\n\r\n\r\n<div class=\"wp-block-button has-custom-width wp-block-button__width-50\"><a class=\"wp-block-button__link has-white-color has-vivid-red-background-color has-text-color has-background wp-element-button\" href=\"https:\/\/swebalk.com\/wp-content\/uploads\/2023\/08\/prospekt-ima_i-45-me.pdf\" target=\"_blank\" rel=\"noreferrer noopener\">Produktblad IMA I45ME<\/a><\/div>\r\n<\/div>","protected":false},"excerpt":{"rendered":"<p>Borrkapacitet 40 mm G\u00e4ngkapacitet M24 \/ M28 Arbetsbord\/T-sp\u00e5r 500 x 400\/14 mm Pinol r\u00f6relse 190 mm Varvtal 90 v\/min \u2013 1800 v\/min Spindelkona MK 4 Art. 131104130 &#8211; IMA I 45 har en borrkapacitet p\u00e5 40mm. Konstruktionen av v\u00e4xell\u00e5dan \u00e4r v\u00e5r v\u00e4lbepr\u00f6vade teknik f\u00f6r h\u00f6gsta m\u00f6jliga vridmoment. Borrhuvudet \u00e4r fast monterat p\u00e5 toppen av pelaren. [&hellip;]<\/p>\n","protected":false},"featured_media":2571,"comment_status":"open","ping_status":"closed","template":"","meta":{"_acf_changed":false},"product_brand":[],"product_cat":[31],"product_tag":[],"class_list":{"0":"post-2223","1":"product","2":"type-product","3":"status-publish","4":"has-post-thumbnail","6":"product_cat-borrning","7":"post","8":"post-with-thumbnail","9":"post-with-thumbnail-large","11":"first","12":"instock","13":"shipping-taxable","14":"product-type-simple"},"acf":[],"_links":{"self":[{"href":"https:\/\/swebalk.com\/en\/wp-json\/wp\/v2\/product\/2223","targetHints":{"allow":["GET"]}}],"collection":[{"href":"https:\/\/swebalk.com\/en\/wp-json\/wp\/v2\/product"}],"about":[{"href":"https:\/\/swebalk.com\/en\/wp-json\/wp\/v2\/types\/product"}],"replies":[{"embeddable":true,"href":"https:\/\/swebalk.com\/en\/wp-json\/wp\/v2\/comments?post=2223"}],"wp:featuredmedia":[{"embeddable":true,"href":"https:\/\/swebalk.com\/en\/wp-json\/wp\/v2\/media\/2571"}],"wp:attachment":[{"href":"https:\/\/swebalk.com\/en\/wp-json\/wp\/v2\/media?parent=2223"}],"wp:term":[{"taxonomy":"product_brand","embeddable":true,"href":"https:\/\/swebalk.com\/en\/wp-json\/wp\/v2\/product_brand?post=2223"},{"taxonomy":"product_cat","embeddable":true,"href":"https:\/\/swebalk.com\/en\/wp-json\/wp\/v2\/product_cat?post=2223"},{"taxonomy":"product_tag","embeddable":true,"href":"https:\/\/swebalk.com\/en\/wp-json\/wp\/v2\/product_tag?post=2223"}],"curies":[{"name":"wp","href":"https:\/\/api.w.org\/{rel}","templated":true}]}}