{"id":2219,"date":"2023-09-09T10:25:39","date_gmt":"2023-09-09T10:25:39","guid":{"rendered":"https:\/\/swebalk.com\/?post_type=product&#038;p=2219"},"modified":"2024-05-13T10:09:35","modified_gmt":"2024-05-13T10:09:35","slug":"verkstadspress-knwp-m-series","status":"publish","type":"product","link":"https:\/\/swebalk.com\/en\/product\/verkstadspress-knwp-m-series\/","title":{"rendered":"Verkstadspress KNWP M Series"},"content":{"rendered":"<figure class=\"wp-block-table is-style-stripes has-small-font-size\">\r\n<figure class=\"wp-block-table is-style-stripes has-small-font-size\">Dessa manuella hydrauliska verkstadspressar \u00e4r byggda i Europa och \u00e4r l\u00e4mpliga f\u00f6r allm\u00e4n montering och riktningsarbete eller f\u00f6r att testa arbetsstycken. De m\u00f6jligg\u00f6r ett s\u00e4kert och professionellt arbete och anv\u00e4nds fr\u00e4mst i mekaniska verkst\u00e4der, bilverkst\u00e4der, l\u00e5ssmed och skolor.<\/figure>\r\n\r\n\r\n\r\n<figure class=\"wp-block-table is-style-stripes has-small-font-size\">\r\n<table>\r\n<thead>\r\n<tr>\r\n<th>Modell<\/th>\r\n<th>Art. 271100090 &#8211; KNWP 15 M<\/th>\r\n<th>Art. 271100100 &#8211; KNWP 30 M<\/th>\r\n<th>Art. 271100110 &#8211; KNWP 50 M<\/th>\r\n<\/tr>\r\n<\/thead>\r\n<tbody>\r\n<tr>\r\n<td>Presstryck<\/td>\r\n<td>15 t<\/td>\r\n<td>30 t<\/td>\r\n<td>50 t<\/td>\r\n<\/tr>\r\n<tr>\r\n<td>Slagl\u00e4ngd<\/td>\r\n<td>160 mm<\/td>\r\n<td>160 mm<\/td>\r\n<td>160 mm<\/td>\r\n<\/tr>\r\n<tr>\r\n<td>Innerbredd<\/td>\r\n<td>560 mm<\/td>\r\n<td>565 mm<\/td>\r\n<td>750 mm<\/td>\r\n<\/tr>\r\n<tr>\r\n<td>Oljevolym<\/td>\r\n<td>1,65 L<\/td>\r\n<td>1,65 L<\/td>\r\n<td>1,65 L<\/td>\r\n<\/tr>\r\n<tr>\r\n<td>Vikt<\/td>\r\n<td>117 kg<\/td>\r\n<td>150 kg<\/td>\r\n<td>250 kg<\/td>\r\n<\/tr>\r\n<tr>\r\n<td>Maskin dimension (m)<\/td>\r\n<td>0,83 x 0,6 x 1,93<\/td>\r\n<td>0,83 x 0,64 x 2,05<\/td>\r\n<td>1,1 x 0,76 x 2,12<\/td>\r\n<\/tr>\r\n<\/tbody>\r\n<\/table>\r\n<\/figure>\r\n\r\n\r\n\r\n<div class=\"wp-block-buttons is-layout-flex wp-block-buttons-is-layout-flex\">\r\n<div class=\"wp-block-button\"><a class=\"wp-block-button__link has-white-color has-vivid-red-background-color has-text-color has-background wp-element-button\" href=\"https:\/\/swebalk.com\/wp-content\/uploads\/2023\/08\/KNWP-15-M-Datasheet.pdf\" target=\"_blank\" rel=\"noreferrer noopener\">Produktblad KNWP 15 M<\/a><\/div>\r\n<div>\u00a0<\/div>\r\n\r\n\r\n\r\n<div class=\"wp-block-button\"><a class=\"wp-block-button__link has-white-color has-vivid-red-background-color has-text-color has-background wp-element-button\" href=\"https:\/\/swebalk.com\/wp-content\/uploads\/2023\/08\/KNWP-30-M-Datasheet.pdf\" target=\"_blank\" rel=\"noreferrer noopener\">Produktblad KNWP 30 M<\/a><\/div>\r\n<div>\u00a0<\/div>\r\n\r\n\r\n\r\n<div class=\"wp-block-button\"><a class=\"wp-block-button__link has-white-color has-vivid-red-background-color has-text-color has-background wp-element-button\" href=\"https:\/\/swebalk.com\/wp-content\/uploads\/2023\/08\/KNWP-50-M-Datasheet.pdf\" target=\"_blank\" rel=\"noreferrer noopener\">Produktblad KNWP 50 M<\/a><\/div>\r\n<\/div>\r\n<\/figure>\r\n<div class=\"wp-block-buttons\"><\/div>\r\n<!-- \/wp:post-content -->","protected":false},"excerpt":{"rendered":"","protected":false},"featured_media":2551,"comment_status":"open","ping_status":"closed","template":"","meta":{"_acf_changed":false},"product_brand":[],"product_cat":[49],"product_tag":[],"class_list":{"0":"post-2219","1":"product","2":"type-product","3":"status-publish","4":"has-post-thumbnail","6":"product_cat-pressar","7":"post","8":"post-with-thumbnail","9":"post-with-thumbnail-large","11":"first","12":"instock","13":"shipping-taxable","14":"product-type-simple"},"acf":[],"_links":{"self":[{"href":"https:\/\/swebalk.com\/en\/wp-json\/wp\/v2\/product\/2219","targetHints":{"allow":["GET"]}}],"collection":[{"href":"https:\/\/swebalk.com\/en\/wp-json\/wp\/v2\/product"}],"about":[{"href":"https:\/\/swebalk.com\/en\/wp-json\/wp\/v2\/types\/product"}],"replies":[{"embeddable":true,"href":"https:\/\/swebalk.com\/en\/wp-json\/wp\/v2\/comments?post=2219"}],"wp:featuredmedia":[{"embeddable":true,"href":"https:\/\/swebalk.com\/en\/wp-json\/wp\/v2\/media\/2551"}],"wp:attachment":[{"href":"https:\/\/swebalk.com\/en\/wp-json\/wp\/v2\/media?parent=2219"}],"wp:term":[{"taxonomy":"product_brand","embeddable":true,"href":"https:\/\/swebalk.com\/en\/wp-json\/wp\/v2\/product_brand?post=2219"},{"taxonomy":"product_cat","embeddable":true,"href":"https:\/\/swebalk.com\/en\/wp-json\/wp\/v2\/product_cat?post=2219"},{"taxonomy":"product_tag","embeddable":true,"href":"https:\/\/swebalk.com\/en\/wp-json\/wp\/v2\/product_tag?post=2219"}],"curies":[{"name":"wp","href":"https:\/\/api.w.org\/{rel}","templated":true}]}}