{"id":2218,"date":"2023-09-09T10:09:34","date_gmt":"2023-09-09T10:09:34","guid":{"rendered":"https:\/\/swebalk.com\/?post_type=product&#038;p=2218"},"modified":"2024-09-14T09:17:33","modified_gmt":"2024-09-14T09:17:33","slug":"rundmaskin-krm-at-series","status":"publish","type":"product","link":"https:\/\/swebalk.com\/en\/product\/rundmaskin-krm-at-series\/","title":{"rendered":"Rundmaskin KRM AT Series"},"content":{"rendered":"<figure class=\"wp-block-table is-style-stripes has-small-font-size\">\r\n<figure class=\"wp-block-table is-style-stripes has-small-font-size\">Rundmaskin KRM AT Series<\/figure>\r\n<div class=\"wp-block-columns\">\r\n<div class=\"wp-block-column\">\r\n<p>Alla maskiner i denna serie har asymmetriska rullar. Denna geometri ger optimal dragkraft \u00e4ven med tunna metallpl\u00e5tar i str\u00e4ckb\u00f6jningsfasen f\u00f6r h\u00f6gprecisionsb\u00f6jning. Den bakre rullen matas manuellt. \u00d6vervalsen \u00e4r mycket l\u00e4tt utsv\u00e4ngbar f\u00f6r borttagning av f\u00e4rdigrundade \u00e4mnen.<\/p>\r\n<p>KRM AT rundmaskin finns i 3 olika versioner.<\/p>\r\n<p>F\u00f6r mer info om produkten och tillbeh\u00f6r se produktblad eller kontakta oss.<\/p>\r\n<\/div>\r\n<\/div>\r\n<figure class=\"wp-block-table is-style-stripes has-small-font-size\">\r\n<table style=\"height: 300px;\" width=\"909\">\r\n<thead>\r\n<tr>\r\n<th>Modell<\/th>\r\n<th>Art. 241100010 &#8211; KRM-AT 10\/3,0<\/th>\r\n<th>Art. 241100020 &#8211; KRM-AT 12\/2,5<\/th>\r\n<th>Art. 241100030 &#8211; KRM-AT 15\/2,0<\/th>\r\n<\/tr>\r\n<\/thead>\r\n<tbody>\r\n<tr>\r\n<td>Arbetsl\u00e4ngd<\/td>\r\n<td>1050 mm<\/td>\r\n<td>1270 mm<\/td>\r\n<td>1550 mm<\/td>\r\n<\/tr>\r\n<tr>\r\n<td>Pl\u00e5ttjocklek (max)<\/td>\r\n<td>3,0 mm<\/td>\r\n<td>2,5 mm<\/td>\r\n<td>1,5 mm<\/td>\r\n<\/tr>\r\n<tr>\r\n<td>B\u00f6jnings diameter (min)<\/td>\r\n<td>130 mm<\/td>\r\n<td>130 mm<\/td>\r\n<td>130 mm<\/td>\r\n<\/tr>\r\n<tr>\r\n<td>Vals diameter<\/td>\r\n<td>90 mm<\/td>\r\n<td>90 mm<\/td>\r\n<td>90 mm<\/td>\r\n<\/tr>\r\n<tr>\r\n<td>Matningshastighet<\/td>\r\n<td>6 m\/min<\/td>\r\n<td>6 m\/min<\/td>\r\n<td>6 m\/min<\/td>\r\n<\/tr>\r\n<tr>\r\n<td>Motor effekt<\/td>\r\n<td>1,1 kW<\/td>\r\n<td>1,1 kW<\/td>\r\n<td>1,5 kW<\/td>\r\n<\/tr>\r\n<tr>\r\n<td>Maskin dimension (m)<\/td>\r\n<td>1,63 x 0,7 x 1,2<\/td>\r\n<td>1,85 x 0,7 x 1,2<\/td>\r\n<td>2,13 x 0,7 x 1,2<\/td>\r\n<\/tr>\r\n<tr>\r\n<td>Vikt<\/td>\r\n<td>480 kg<\/td>\r\n<td>520 kg<\/td>\r\n<td>580 kg<\/td>\r\n<\/tr>\r\n<\/tbody>\r\n<\/table>\r\n<\/figure>\r\n<div class=\"wp-block-buttons\">\r\n<div class=\"wp-block-button has-custom-width wp-block-button__width-75\"><a class=\"wp-block-button__link has-white-color has-vivid-red-background-color has-text-color has-background wp-element-button\" href=\"https:\/\/swebalk.com\/wp-content\/uploads\/2024\/05\/KRM-AT-10_30-Datasheet.pdf\" target=\"_blank\" rel=\"noreferrer noopener\">Produktblad KRM-AT 10\/3.0<\/a><\/div>\r\n<div>\u00a0<\/div>\r\n<div class=\"wp-block-button has-custom-width wp-block-button__width-75\"><a class=\"wp-block-button__link has-white-color has-vivid-red-background-color has-text-color has-background wp-element-button\" href=\"https:\/\/swebalk.com\/wp-content\/uploads\/2024\/05\/KRM-AT-12_25-Datasheet.pdf\" target=\"_blank\" rel=\"noreferrer noopener\">Produktblad KRM-AT 12\/2.5<\/a><\/div>\r\n<\/div>\r\n<\/figure>\r\n<figure class=\"wp-block-table is-style-stripes has-small-font-size\">\r\n<div class=\"wp-block-buttons\">\r\n<div class=\"wp-block-button has-custom-width wp-block-button__width-75\"><a class=\"wp-block-button__link has-white-color has-vivid-red-background-color has-text-color has-background wp-element-button\" href=\"https:\/\/swebalk.com\/wp-content\/uploads\/2024\/05\/KRM-AT-15_20-Datasheet.pdf\" target=\"_blank\" rel=\"noreferrer noopener\">Produktblad KRM-AT 15\/2.0<\/a><\/div>\r\n<\/div>\r\n<\/figure>\r\n<div>\u00a0<\/div>\r\n<div>\u00a0<\/div>\r\n<div class=\"wp-block-buttons\"><\/div>\r\n<!-- \/wp:post-content -->","protected":false},"excerpt":{"rendered":"<p>Rundmaskin KRM AT Series Alla maskiner i denna serie har asymmetriska rullar. Denna geometri ger optimal dragkraft \u00e4ven med tunna metallpl\u00e5tar i str\u00e4ckb\u00f6jningsfasen f\u00f6r h\u00f6gprecisionsb\u00f6jning. Den bakre rullen matas manuellt. \u00d6vervalsen \u00e4r mycket l\u00e4tt utsv\u00e4ngbar f\u00f6r borttagning av f\u00e4rdigrundade \u00e4mnen. KRM AT rundmaskin finns i 3 olika versioner. F\u00f6r mer info om produkten och tillbeh\u00f6r [&hellip;]<\/p>\n","protected":false},"featured_media":3372,"comment_status":"open","ping_status":"closed","template":"","meta":{"_acf_changed":false},"product_brand":[],"product_cat":[55],"product_tag":[],"class_list":{"0":"post-2218","1":"product","2":"type-product","3":"status-publish","4":"has-post-thumbnail","6":"product_cat-rundmaskiner","7":"post","8":"post-with-thumbnail","9":"post-with-thumbnail-large","11":"first","12":"instock","13":"shipping-taxable","14":"product-type-simple"},"acf":[],"_links":{"self":[{"href":"https:\/\/swebalk.com\/en\/wp-json\/wp\/v2\/product\/2218","targetHints":{"allow":["GET"]}}],"collection":[{"href":"https:\/\/swebalk.com\/en\/wp-json\/wp\/v2\/product"}],"about":[{"href":"https:\/\/swebalk.com\/en\/wp-json\/wp\/v2\/types\/product"}],"replies":[{"embeddable":true,"href":"https:\/\/swebalk.com\/en\/wp-json\/wp\/v2\/comments?post=2218"}],"wp:featuredmedia":[{"embeddable":true,"href":"https:\/\/swebalk.com\/en\/wp-json\/wp\/v2\/media\/3372"}],"wp:attachment":[{"href":"https:\/\/swebalk.com\/en\/wp-json\/wp\/v2\/media?parent=2218"}],"wp:term":[{"taxonomy":"product_brand","embeddable":true,"href":"https:\/\/swebalk.com\/en\/wp-json\/wp\/v2\/product_brand?post=2218"},{"taxonomy":"product_cat","embeddable":true,"href":"https:\/\/swebalk.com\/en\/wp-json\/wp\/v2\/product_cat?post=2218"},{"taxonomy":"product_tag","embeddable":true,"href":"https:\/\/swebalk.com\/en\/wp-json\/wp\/v2\/product_tag?post=2218"}],"curies":[{"name":"wp","href":"https:\/\/api.w.org\/{rel}","templated":true}]}}