{"id":2217,"date":"2023-09-09T09:58:21","date_gmt":"2023-09-09T09:58:21","guid":{"rendered":"https:\/\/swebalk.com\/?post_type=product&#038;p=2217"},"modified":"2024-05-12T17:10:58","modified_gmt":"2024-05-12T17:10:58","slug":"kallbandsag-pilous-arg-330-f-330-plus-f","status":"publish","type":"product","link":"https:\/\/swebalk.com\/en\/product\/kallbandsag-pilous-arg-330-f-330-plus-f\/","title":{"rendered":"Kallbands\u00e5g Pilous ARG 330 F\/330 Plus F"},"content":{"rendered":"<figure class=\"wp-block-table is-style-stripes\">\r\n<table>\r\n<tbody>\r\n<tr>\r\n<td>Motor effekt<\/td>\r\n<td>400 V, 50 Hz, 3 kW<\/td>\r\n<\/tr>\r\n<tr>\r\n<td>Motor effekt kylpump<\/td>\r\n<td>400 V, 50 Hz, 0,12 kW<\/td>\r\n<\/tr>\r\n<tr>\r\n<td>S\u00e5gbladetshastighet<\/td>\r\n<td>15-90 m\/min.<\/td>\r\n<\/tr>\r\n<tr>\r\n<td>Arbetsh\u00f6jd skruvstycke<\/td>\r\n<td>945 mm<\/td>\r\n<\/tr>\r\n<tr>\r\n<td>Kyltank<\/td>\r\n<td>cca 35 l<\/td>\r\n<\/tr>\r\n<tr>\r\n<td>Maskin dimension\u00a0(min.) 330 F\/330 Plus F<\/td>\r\n<td>2290\/2290 x 1360\/1360 x 1660\/1660 mm<\/td>\r\n<\/tr>\r\n<tr>\r\n<td>Maskin dimension (max.) 330 F\/330 Plus F<\/td>\r\n<td>2660\/2650 x 2040\/2040 x 2060\/2050 mm<\/td>\r\n<\/tr>\r\n<tr>\r\n<td>Vikt 330 F\/330 Plus F<\/td>\r\n<td>725\/835 kg<\/td>\r\n<\/tr>\r\n<\/tbody>\r\n<\/table>\r\n<\/figure>\r\n\r\n\r\n\r\n<figure class=\"wp-block-table\">\r\n<table>\r\n<tbody>\r\n<tr>\r\n<td class=\"has-text-align-center\" data-align=\"center\"><strong>ARG 330<\/strong> <strong>F<\/strong><\/td>\r\n<td><strong>90\u00b0<\/strong><\/td>\r\n<td><strong>+45\u00b0<\/strong><\/td>\r\n<td><strong>+60\u00b0<\/strong><\/td>\r\n<\/tr>\r\n<tr>\r\n<td class=\"has-text-align-center\" data-align=\"center\"><img decoding=\"async\" src=\"https:\/\/www.pilous.cz\/user_uploads\/METAL\/Picto_tabulka\/01_kolo.jpg\" alt=\"\" \/><\/td>\r\n<td>330<\/td>\r\n<td>250<\/td>\r\n<td>165<\/td>\r\n<\/tr>\r\n<tr>\r\n<td class=\"has-text-align-center\" data-align=\"center\"><img decoding=\"async\" src=\"https:\/\/www.pilous.cz\/user_uploads\/METAL\/Picto_tabulka\/02_ctverec.jpg\" alt=\"\" \/><\/td>\r\n<td>320<\/td>\r\n<td>230<\/td>\r\n<td>150<\/td>\r\n<\/tr>\r\n<tr>\r\n<td class=\"has-text-align-center\" data-align=\"center\"><img decoding=\"async\" src=\"https:\/\/www.pilous.cz\/user_uploads\/METAL\/Picto_tabulka\/03_obdelnik.jpg\" alt=\"\" \/><\/td>\r\n<td>400 x 200<\/td>\r\n<td>250 x 170<\/td>\r\n<td>150 x 150<\/td>\r\n<\/tr>\r\n<\/tbody>\r\n<\/table>\r\n<\/figure>\r\n\r\n\r\n\r\n<figure class=\"wp-block-table\">\r\n<table>\r\n<tbody>\r\n<tr>\r\n<td class=\"has-text-align-center\" data-align=\"center\"><strong>ARG 330 Plus<\/strong> <strong>F<\/strong><\/td>\r\n<td><strong>90\u00b0<\/strong><\/td>\r\n<td><strong>-45\u00b0<\/strong><\/td>\r\n<td><strong>+45\u00b0<\/strong><\/td>\r\n<td><strong>+60\u00b0<\/strong><\/td>\r\n<\/tr>\r\n<tr>\r\n<td class=\"has-text-align-center\" data-align=\"center\"><img decoding=\"async\" src=\"https:\/\/www.pilous.cz\/user_uploads\/METAL\/Picto_tabulka\/01_kolo.jpg\" alt=\"\" \/><\/td>\r\n<td>330<\/td>\r\n<td>240<\/td>\r\n<td>250<\/td>\r\n<td>165<\/td>\r\n<\/tr>\r\n<tr>\r\n<td class=\"has-text-align-center\" data-align=\"center\"><img decoding=\"async\" src=\"https:\/\/www.pilous.cz\/user_uploads\/METAL\/Picto_tabulka\/02_ctverec.jpg\" alt=\"\" \/><\/td>\r\n<td>220<\/td>\r\n<td>200<\/td>\r\n<td>230<\/td>\r\n<td>150<\/td>\r\n<\/tr>\r\n<tr>\r\n<td class=\"has-text-align-center\" data-align=\"center\"><img decoding=\"async\" src=\"https:\/\/www.pilous.cz\/user_uploads\/METAL\/Picto_tabulka\/03_obdelnik.jpg\" alt=\"\" \/><\/td>\r\n<td>400 x 200<\/td>\r\n<td>250 x 140<\/td>\r\n<td>250 x 170<\/td>\r\n<td>150 x 150<\/td>\r\n<\/tr>\r\n<\/tbody>\r\n<\/table>\r\n<\/figure>\r\n\r\n\r\n\r\n<p>Ett helt nytt, revolutionerande koncept av bands\u00e5garmsgjutning och en ny, unik design. Bands\u00e5garmens \u00e4r utformad s\u00e5 att den s\u00e4kerst\u00e4ller optimal stabilitet i sk\u00e4rningsprocessen. Den robusta bands\u00e5gen l\u00e4mpar sig generellt f\u00f6r mest kr\u00e4vande underh\u00e5llsverkstad.<\/p>\r\n\r\n\r\n\r\n<p>Gravitation bands\u00e5gar levereras med l\u00e4ngdanslag. S\u00e5gbygeln kan snabbt inst\u00e4llas f\u00f6r gering som l\u00e5ses mekaniskt. Skyddsk\u00e5pan f\u00f6r s\u00e5gbygeln \u00e4r f\u00f6rsedd med s\u00e4kerhetsbrytare. S\u00e5gbladet styrs upp via h\u00e5rdmetallplattor och kullager.<\/p>\r\n\r\n\r\n\r\n<p>Levereras komplett med motor \u2013 kapslingsklass IP 54, elektrisk kylv\u00e4tskepump, bands\u00e5gsblad med tandning 5\/8 eller 6\/10 och instruktionsbok. Maskinen \u00e4r \u00e4ven utrustad med frekvensomvandlare.<\/p>\r\n\r\n\r\n\r\n<p>Bands\u00e5garmslyftet \u00e4r manuellt; matningen till snittet utf\u00f6rs av armens vikt, med m\u00f6jlighet till kontinuerlig reglering av oljespj\u00e4llets avlastningsventil. N\u00e4r s\u00e5gningen \u00e4r klar st\u00e4ngs bands\u00e5gsdriften automatiskt av.<\/p>\r\n\r\n\r\n\r\n<p>Bands\u00e5gen finns i tv\u00e5 olika versioner. ARG 330 F och ARG 330 Plus F<\/p>\r\n\r\n\r\n\r\n<p>F\u00f6r mer info om produkten och tillbeh\u00f6r se produktblad eller kontakta oss<\/p>\r\n\r\n\r\n\r\n<div class=\"wp-block-buttons is-layout-flex wp-block-buttons-is-layout-flex\">\r\n<div class=\"wp-block-button has-custom-width wp-block-button__width-50\"><a class=\"wp-block-button__link has-white-color has-vivid-red-background-color has-text-color has-background wp-element-button\" href=\"https:\/\/swebalk.com\/wp-content\/uploads\/2023\/08\/arg-330-f-en.pdf\" target=\"_blank\" rel=\"noreferrer noopener\">Produktblad ARG 330 F<\/a><\/div>\r\n<div class=\"wp-block-button has-custom-width wp-block-button__width-50\"><a class=\"wp-block-button__link has-white-color has-vivid-red-background-color has-text-color has-background wp-element-button\" href=\"https:\/\/swebalk.com\/wp-content\/uploads\/2023\/08\/arg-330-plus-f-en.pdf\" target=\"_blank\" rel=\"noreferrer noopener\">Produktblad ARG 330 Plus F<\/a><\/div>\r\n<\/div>\r\n<div>\u00a0<\/div>\r\n<div>F\u00f6rslag p\u00e5 passande rullbanor<\/div>\r\n<div><img decoding=\"async\" src=\"https:\/\/www.pilous.cz\/user_uploads\/METAL\/Dopravniky_schema\/330_F_dopr.jpg\" \/><\/div>","protected":false},"excerpt":{"rendered":"<p>Motor effekt 400 V, 50 Hz, 3 kW Motor effekt kylpump 400 V, 50 Hz, 0,12 kW S\u00e5gbladetshastighet 15-90 m\/min. Arbetsh\u00f6jd skruvstycke 945 mm Kyltank cca 35 l Maskin dimension\u00a0(min.) 330 F\/330 Plus F 2290\/2290 x 1360\/1360 x 1660\/1660 mm Maskin dimension (max.) 330 F\/330 Plus F 2660\/2650 x 2040\/2040 x 2060\/2050 mm Vikt 330 [&hellip;]<\/p>\n","protected":false},"featured_media":2530,"comment_status":"open","ping_status":"closed","template":"","meta":{"_acf_changed":false},"product_brand":[],"product_cat":[43],"product_tag":[],"class_list":{"0":"post-2217","1":"product","2":"type-product","3":"status-publish","4":"has-post-thumbnail","6":"product_cat-sagning-kapning-2","7":"post","8":"post-with-thumbnail","9":"post-with-thumbnail-large","11":"first","12":"instock","13":"shipping-taxable","14":"product-type-simple"},"acf":[],"_links":{"self":[{"href":"https:\/\/swebalk.com\/en\/wp-json\/wp\/v2\/product\/2217","targetHints":{"allow":["GET"]}}],"collection":[{"href":"https:\/\/swebalk.com\/en\/wp-json\/wp\/v2\/product"}],"about":[{"href":"https:\/\/swebalk.com\/en\/wp-json\/wp\/v2\/types\/product"}],"replies":[{"embeddable":true,"href":"https:\/\/swebalk.com\/en\/wp-json\/wp\/v2\/comments?post=2217"}],"wp:featuredmedia":[{"embeddable":true,"href":"https:\/\/swebalk.com\/en\/wp-json\/wp\/v2\/media\/2530"}],"wp:attachment":[{"href":"https:\/\/swebalk.com\/en\/wp-json\/wp\/v2\/media?parent=2217"}],"wp:term":[{"taxonomy":"product_brand","embeddable":true,"href":"https:\/\/swebalk.com\/en\/wp-json\/wp\/v2\/product_brand?post=2217"},{"taxonomy":"product_cat","embeddable":true,"href":"https:\/\/swebalk.com\/en\/wp-json\/wp\/v2\/product_cat?post=2217"},{"taxonomy":"product_tag","embeddable":true,"href":"https:\/\/swebalk.com\/en\/wp-json\/wp\/v2\/product_tag?post=2217"}],"curies":[{"name":"wp","href":"https:\/\/api.w.org\/{rel}","templated":true}]}}