{"id":2211,"date":"2023-09-09T09:36:31","date_gmt":"2023-09-09T09:36:31","guid":{"rendered":"https:\/\/swebalk.com\/?post_type=product&#038;p=2211"},"modified":"2024-05-13T10:50:04","modified_gmt":"2024-05-13T10:50:04","slug":"cnc-fleroperationsmaskin-vector-m-series","status":"publish","type":"product","link":"https:\/\/swebalk.com\/en\/product\/cnc-fleroperationsmaskin-vector-m-series\/","title":{"rendered":"CNC fleroperationsmaskin Vector M Series"},"content":{"rendered":"<figure class=\"wp-block-table is-style-stripes has-small-font-size\"><strong>Standard utrustning<\/strong>:<\/figure>\r\n<div class=\"wp-block-columns\">\r\n<div class=\"wp-block-column\">\r\n\r\n\r\n<ul class=\"wp-block-list\">\r\n<li>Styrsystem Siemens Sinumerik 828D<\/li>\r\n\r\n\r\n\r\n<li>Kylning genom spindel<\/li>\r\n\r\n\r\n\r\n<li>Kylsystem med flush spolning pistol<\/li>\r\n\r\n\r\n\r\n<li>Spolning av sp\u00e5n<\/li>\r\n\r\n\r\n\r\n<li>USB port<\/li>\r\n\r\n\r\n\r\n<li>Internt port (LAN)<\/li>\r\n\r\n\r\n\r\n<li>CF kortl\u00e4sare<\/li>\r\n\r\n\r\n\r\n<li>Varningssignal lampa 3-f\u00e4rg<\/li>\r\n\r\n\r\n\r\n<li>Verktygsrevolver med 24 platser<\/li>\r\n\r\n\r\n\r\n<li>F\u00f6rberedelse f\u00f6r Renishaw TS 27 R<\/li>\r\n\r\n\r\n\r\n<li>Manual<\/li>\r\n\r\n\r\n\r\n<li>mm&#8230;<\/li>\r\n\r\n\r\n\r\n<li>Utrustning kan variera mellan olika modeller<\/li>\r\n<\/ul>\r\n<\/div>\r\n<!-- \/wp:post-content --><\/div>\r\n<!-- \/wp:columns -->\r\n\r\n<!-- wp:table {\"className\":\"is-style-stripes\",\"fontSize\":\"small\"} -->\r\n<figure class=\"wp-block-table is-style-stripes has-small-font-size\">\r\n<table>\r\n<thead>\r\n<tr>\r\n<th>Modell<\/th>\r\n<th>Art. 122100030 &#8211; Vector 650 M SI<\/th>\r\n<th>Art. 1221000400 &#8211; Vector 850 M SI<\/th>\r\n<th>Art. 122100050 &#8211; Vector 1000 M SI<\/th>\r\n<\/tr>\r\n<\/thead>\r\n<tbody>\r\n<tr>\r\n<td>Arbetsbord<\/td>\r\n<td>800 x 550 mm<\/td>\r\n<td>1000 x 550 mm<\/td>\r\n<td>1100 x 550 mm<\/td>\r\n<\/tr>\r\n<tr>\r\n<td>R\u00f6relse X-axel<\/td>\r\n<td>650 mm<\/td>\r\n<td>850 mm<\/td>\r\n<td>1000 mm<\/td>\r\n<\/tr>\r\n<tr>\r\n<td>R\u00f6relse Y-axel<\/td>\r\n<td>550 mm<\/td>\r\n<td>550 mm<\/td>\r\n<td>550 mm<\/td>\r\n<\/tr>\r\n<tr>\r\n<td>R\u00f6relse Z-axel<\/td>\r\n<td>550 mm<\/td>\r\n<td>550 mm<\/td>\r\n<td>550 mm<\/td>\r\n<\/tr>\r\n<tr>\r\n<td>Spindel varvtal<\/td>\r\n<td>10000 v\/min<\/td>\r\n<td>10000 v\/min<\/td>\r\n<td>10000 v\/min<\/td>\r\n<\/tr>\r\n<tr>\r\n<td>Spindelkona<\/td>\r\n<td>SK 40<\/td>\r\n<td>SK 40<\/td>\r\n<td>SK 40<\/td>\r\n<\/tr>\r\n<tr>\r\n<td>Snabbmatning X-, Y-axel<\/td>\r\n<td>36000 m\/min<\/td>\r\n<td>36000 m\/min<\/td>\r\n<td>36000 m\/min<\/td>\r\n<\/tr>\r\n<tr>\r\n<td>Antal verktygs platser<\/td>\r\n<td>24<\/td>\r\n<td>24<\/td>\r\n<td>24<\/td>\r\n<\/tr>\r\n<tr>\r\n<td>Motor effekt<\/td>\r\n<td>9 kW<\/td>\r\n<td>9 kW<\/td>\r\n<td>9 kW<\/td>\r\n<\/tr>\r\n<tr>\r\n<td>Vikt<\/td>\r\n<td>4000 kg<\/td>\r\n<td>4300 kg<\/td>\r\n<td>4600 kg<\/td>\r\n<\/tr>\r\n<\/tbody>\r\n<\/table>\r\n<\/figure>\r\n<!-- \/wp:table -->\r\n\r\n<!-- wp:paragraph -->\r\n<p>Vector-serien \u00e4r den kompakta allt-i-ett-bearbetningsl\u00f6sningen, designad och f\u00f6rkonfigurerad f\u00f6r komplexa tillverkningsutmaningar. Maskinerna \u00e4r designade med den senaste FEM-analysmjukvaran. Tillverkningen sker under strikt kvalitetskontroll f\u00f6r att garantera perfekt utf\u00f6rande. B\u00e5de den bepr\u00f6vade Meehanite-gjutningen och pelarens deltakonstruktion s\u00e4kerst\u00e4ller ytterligare stabilitet hos maskinramen. De genomg\u00e5ende h\u00f6gkvalitativa komponenterna garanterar smidig drift under flera skift.<\/p>\r\n<!-- \/wp:paragraph -->\r\n\r\n<!-- wp:paragraph -->\r\n<p>Vector M serien finns i 3 olika versioner.<\/p>\r\n<p>F\u00f6r mer info om produkten och tillbeh\u00f6r se produktblad eller kontakta oss.<\/p>\r\n<!-- \/wp:paragraph -->\r\n\r\n<!-- wp:paragraph -->\r\n<div class=\"wp-block-buttons\">\r\n<div class=\"wp-block-button\"><!-- wp:button {\"backgroundColor\":\"vivid-red\",\"textColor\":\"white\",\"width\":100} -->\r\n<div class=\"wp-block-button has-custom-width wp-block-button__width-100\"><a class=\"wp-block-button__link has-white-color has-vivid-red-background-color has-text-color has-background wp-element-button\" href=\"https:\/\/swebalk.com\/wp-content\/uploads\/2023\/08\/VECTOR-650-M-SI-Datasheet.pdf\" target=\"_blank\" rel=\"noreferrer noopener\">Produktblad Vector 650 M SI<\/a><\/div>\r\n<!-- \/wp:button -->\r\n\r\n<!-- wp:button {\"backgroundColor\":\"vivid-red\",\"textColor\":\"white\",\"width\":100} -->\r\n<div>\u00a0<\/div>\r\n<!-- \/wp:button -->\r\n\r\n<!-- wp:button {\"backgroundColor\":\"vivid-red\",\"textColor\":\"white\",\"width\":100} -->\r\n<div class=\"wp-block-button has-custom-width wp-block-button__width-100\"><a class=\"wp-block-button__link has-white-color has-vivid-red-background-color has-text-color has-background wp-element-button\" href=\"https:\/\/swebalk.com\/wp-content\/uploads\/2023\/08\/VECTOR-850-M-SI-Datasheet.pdf\" target=\"_blank\" rel=\"noreferrer noopener\">Produktblad Vector 850 M SI<\/a><\/div>\r\n<!-- \/wp:button -->\r\n\r\n<!-- wp:button {\"backgroundColor\":\"vivid-red\",\"textColor\":\"white\",\"width\":100} -->\r\n<div>\u00a0<\/div>\r\n<!-- \/wp:button -->\r\n\r\n<!-- wp:button {\"backgroundColor\":\"vivid-red\",\"textColor\":\"white\",\"width\":100} -->\r\n<div class=\"wp-block-button has-custom-width wp-block-button__width-100\"><a class=\"wp-block-button__link has-white-color has-vivid-red-background-color has-text-color has-background wp-element-button\" href=\"https:\/\/swebalk.com\/wp-content\/uploads\/2023\/08\/VECTOR-1000-M-SI-Datasheet.pdf\" target=\"_blank\" rel=\"noreferrer noopener\">Produktblad Vector 1000 M SI<\/a><\/div>\r\n<!-- \/wp:button -->\r\n\r\n<!-- wp:button {\"backgroundColor\":\"vivid-red\",\"textColor\":\"white\",\"width\":100} -->\r\n<div class=\"wp-block-button has-custom-width wp-block-button__width-100\">\u00a0<\/div>\r\n<!-- \/wp:button --><\/div>\r\n<!-- \/wp:button --><\/div>\r\n<!-- \/wp:buttons -->","protected":false},"excerpt":{"rendered":"<p>Standard utrustning: Modell Art. 122100030 &#8211; Vector 650 M SI Art. 1221000400 &#8211; Vector 850 M SI Art. 122100050 &#8211; Vector 1000 M SI Arbetsbord 800 x 550 mm 1000 x 550 mm 1100 x 550 mm R\u00f6relse X-axel 650 mm 850 mm 1000 mm R\u00f6relse Y-axel 550 mm 550 mm 550 mm R\u00f6relse Z-axel [&hellip;]<\/p>\n","protected":false},"featured_media":2506,"comment_status":"open","ping_status":"closed","template":"","meta":{"_acf_changed":false},"product_brand":[],"product_cat":[47],"product_tag":[],"class_list":{"0":"post-2211","1":"product","2":"type-product","3":"status-publish","4":"has-post-thumbnail","6":"product_cat-frasning","7":"post","8":"post-with-thumbnail","9":"post-with-thumbnail-large","11":"first","12":"instock","13":"shipping-taxable","14":"product-type-simple"},"acf":[],"_links":{"self":[{"href":"https:\/\/swebalk.com\/en\/wp-json\/wp\/v2\/product\/2211","targetHints":{"allow":["GET"]}}],"collection":[{"href":"https:\/\/swebalk.com\/en\/wp-json\/wp\/v2\/product"}],"about":[{"href":"https:\/\/swebalk.com\/en\/wp-json\/wp\/v2\/types\/product"}],"replies":[{"embeddable":true,"href":"https:\/\/swebalk.com\/en\/wp-json\/wp\/v2\/comments?post=2211"}],"wp:featuredmedia":[{"embeddable":true,"href":"https:\/\/swebalk.com\/en\/wp-json\/wp\/v2\/media\/2506"}],"wp:attachment":[{"href":"https:\/\/swebalk.com\/en\/wp-json\/wp\/v2\/media?parent=2211"}],"wp:term":[{"taxonomy":"product_brand","embeddable":true,"href":"https:\/\/swebalk.com\/en\/wp-json\/wp\/v2\/product_brand?post=2211"},{"taxonomy":"product_cat","embeddable":true,"href":"https:\/\/swebalk.com\/en\/wp-json\/wp\/v2\/product_cat?post=2211"},{"taxonomy":"product_tag","embeddable":true,"href":"https:\/\/swebalk.com\/en\/wp-json\/wp\/v2\/product_tag?post=2211"}],"curies":[{"name":"wp","href":"https:\/\/api.w.org\/{rel}","templated":true}]}}