{"id":2210,"date":"2023-09-09T09:31:25","date_gmt":"2023-09-09T09:31:25","guid":{"rendered":"https:\/\/swebalk.com\/?post_type=product&#038;p=2210"},"modified":"2024-08-03T18:01:41","modified_gmt":"2024-08-03T18:01:41","slug":"kantmaskin-sbs-1020-1270-series","status":"publish","type":"product","link":"https:\/\/swebalk.com\/en\/product\/kantmaskin-sbs-1020-1270-series\/","title":{"rendered":"Kantmaskin SBS 1020 \u2022 1270 Series"},"content":{"rendered":"<table>\r\n<thead>\r\n<tr>\r\n<th class=\"block-editor-rich-text__editable wp-block-table__cell-content rich-text\" role=\"textbox\" contenteditable=\"true\" aria-multiline=\"true\" aria-label=\"Rubrikcellens text\">Modell<\/th>\r\n<th class=\"block-editor-rich-text__editable wp-block-table__cell-content rich-text\" role=\"textbox\" contenteditable=\"true\" aria-multiline=\"true\" aria-label=\"Rubrikcellens text\">Art. 231100010 &#8211; SBS 1020\/2,5<\/th>\r\n<th class=\"block-editor-rich-text__editable wp-block-table__cell-content rich-text\" role=\"textbox\" contenteditable=\"true\" aria-multiline=\"true\" aria-label=\"Rubrikcellens text\">Art. 231100020 &#8211; SBS 1270\/2,0<\/th>\r\n<\/tr>\r\n<\/thead>\r\n<tbody>\r\n<tr>\r\n<td class=\"block-editor-rich-text__editable wp-block-table__cell-content rich-text\" role=\"textbox\" contenteditable=\"true\" aria-multiline=\"true\" aria-label=\"Text i tabellkropp\">Arbetsl\u00e4ngd<\/td>\r\n<td class=\"block-editor-rich-text__editable wp-block-table__cell-content rich-text\" role=\"textbox\" contenteditable=\"true\" aria-multiline=\"true\" aria-label=\"Text i tabellkropp\">1020 mm<\/td>\r\n<td class=\"block-editor-rich-text__editable wp-block-table__cell-content rich-text\" role=\"textbox\" contenteditable=\"true\" aria-multiline=\"true\" aria-label=\"Text i tabellkropp\">1270 mm<\/td>\r\n<\/tr>\r\n<tr>\r\n<td class=\"block-editor-rich-text__editable wp-block-table__cell-content rich-text\" role=\"textbox\" contenteditable=\"true\" aria-multiline=\"true\" aria-label=\"Text i tabellkropp\">Pl\u00e5ttjocklek<\/td>\r\n<td class=\"block-editor-rich-text__editable wp-block-table__cell-content rich-text\" role=\"textbox\" contenteditable=\"true\" aria-multiline=\"true\" aria-label=\"Text i tabellkropp\">2,5 mm<\/td>\r\n<td class=\"block-editor-rich-text__editable wp-block-table__cell-content rich-text\" role=\"textbox\" contenteditable=\"true\" aria-multiline=\"true\" aria-label=\"Text i tabellkropp\">2 mm<\/td>\r\n<\/tr>\r\n<tr>\r\n<td class=\"block-editor-rich-text__editable wp-block-table__cell-content rich-text\" role=\"textbox\" contenteditable=\"true\" aria-multiline=\"true\" aria-label=\"Text i tabellkropp\">Bockningsvinkel<\/td>\r\n<td class=\"block-editor-rich-text__editable wp-block-table__cell-content rich-text\" role=\"textbox\" contenteditable=\"true\" aria-multiline=\"true\" aria-label=\"Text i tabellkropp\">135\u00b0<\/td>\r\n<td class=\"block-editor-rich-text__editable wp-block-table__cell-content rich-text\" role=\"textbox\" contenteditable=\"true\" aria-multiline=\"true\" aria-label=\"Text i tabellkropp\">135\u00b0<\/td>\r\n<\/tr>\r\n<tr>\r\n<td class=\"block-editor-rich-text__editable wp-block-table__cell-content rich-text\" role=\"textbox\" contenteditable=\"true\" aria-multiline=\"true\" aria-label=\"Text i tabellkropp\">Maskin dimension (m)<\/td>\r\n<td class=\"block-editor-rich-text__editable wp-block-table__cell-content rich-text\" role=\"textbox\" contenteditable=\"true\" aria-multiline=\"true\" aria-label=\"Text i tabellkropp\">1,35 x 0,85 x 1,18<\/td>\r\n<td class=\"block-editor-rich-text__editable wp-block-table__cell-content rich-text\" role=\"textbox\" contenteditable=\"true\" aria-multiline=\"true\" aria-label=\"Text i tabellkropp\">1,6 x 0,9 x 1,18<\/td>\r\n<\/tr>\r\n<tr>\r\n<td class=\"block-editor-rich-text__editable wp-block-table__cell-content rich-text\" role=\"textbox\" contenteditable=\"true\" aria-multiline=\"true\" aria-label=\"Text i tabellkropp\">Vikt<\/td>\r\n<td class=\"block-editor-rich-text__editable wp-block-table__cell-content rich-text\" role=\"textbox\" contenteditable=\"true\" aria-multiline=\"true\" aria-label=\"Text i tabellkropp\">285 kg<\/td>\r\n<td class=\"block-editor-rich-text__editable wp-block-table__cell-content rich-text\" role=\"textbox\" contenteditable=\"true\" aria-multiline=\"true\" aria-label=\"Text i tabellkropp\">330 kg<\/td>\r\n<\/tr>\r\n<\/tbody>\r\n<\/table>\r\n<p>Kantmaskinerna i SBS-serien anv\u00e4nds f\u00f6r bockning av tunnpl\u00e5t. Tack vare sin kompakta design passar de l\u00e4tt in i sm\u00e5 verkst\u00e4der och t\u00e4cker ett brett spektrum av applikationer med sitt segmenterade \u00f6vre verktyg. Fotman\u00f6vrerad ansp\u00e4nning av \u00f6verprisma och justerbart vinkelstopp l\u00e4mpar sig dessa kantmaskiner \u00e4ven f\u00f6r tillverkning av sm\u00e5 serier.<\/p>\r\n<p><\/p>\r\n<div class=\"wp-block-button\"><a class=\"wp-block-button__link has-white-color has-vivid-red-background-color has-text-color has-background wp-element-button\" href=\"https:\/\/swebalk.com\/wp-content\/uploads\/2023\/08\/SBS-1020_25-Datasheet.pdf\" target=\"_blank\" rel=\"noreferrer noopener\">Produktblad SBS 1020\/2,5<\/a><\/div>\r\n<p>\r\n\r\n<\/p>\r\n<div class=\"wp-block-button\"><a class=\"wp-block-button__link has-white-color has-vivid-red-background-color has-text-color has-background wp-element-button\" href=\"https:\/\/swebalk.com\/wp-content\/uploads\/2023\/08\/SBS-1270_2-Datasheet.pdf\" target=\"_blank\" rel=\"noreferrer noopener\">Produktblad SBS 1270\/2,0<\/a><\/div>\r\n<p><\/p>","protected":false},"excerpt":{"rendered":"<p>Modell Art. 231100010 &#8211; SBS 1020\/2,5 Art. 231100020 &#8211; SBS 1270\/2,0 Arbetsl\u00e4ngd 1020 mm 1270 mm Pl\u00e5ttjocklek 2,5 mm 2 mm Bockningsvinkel 135\u00b0 135\u00b0 Maskin dimension (m) 1,35 x 0,85 x 1,18 1,6 x 0,9 x 1,18 Vikt 285 kg 330 kg Kantmaskinerna i SBS-serien anv\u00e4nds f\u00f6r bockning av tunnpl\u00e5t. Tack vare sin kompakta design [&hellip;]<\/p>\n","protected":false},"featured_media":2517,"comment_status":"open","ping_status":"closed","template":"","meta":{"_acf_changed":false},"product_brand":[],"product_cat":[53],"product_tag":[],"class_list":{"0":"post-2210","1":"product","2":"type-product","3":"status-publish","4":"has-post-thumbnail","6":"product_cat-kantmaskiner","7":"post","8":"post-with-thumbnail","9":"post-with-thumbnail-large","11":"first","12":"instock","13":"shipping-taxable","14":"product-type-simple"},"acf":[],"_links":{"self":[{"href":"https:\/\/swebalk.com\/en\/wp-json\/wp\/v2\/product\/2210","targetHints":{"allow":["GET"]}}],"collection":[{"href":"https:\/\/swebalk.com\/en\/wp-json\/wp\/v2\/product"}],"about":[{"href":"https:\/\/swebalk.com\/en\/wp-json\/wp\/v2\/types\/product"}],"replies":[{"embeddable":true,"href":"https:\/\/swebalk.com\/en\/wp-json\/wp\/v2\/comments?post=2210"}],"wp:featuredmedia":[{"embeddable":true,"href":"https:\/\/swebalk.com\/en\/wp-json\/wp\/v2\/media\/2517"}],"wp:attachment":[{"href":"https:\/\/swebalk.com\/en\/wp-json\/wp\/v2\/media?parent=2210"}],"wp:term":[{"taxonomy":"product_brand","embeddable":true,"href":"https:\/\/swebalk.com\/en\/wp-json\/wp\/v2\/product_brand?post=2210"},{"taxonomy":"product_cat","embeddable":true,"href":"https:\/\/swebalk.com\/en\/wp-json\/wp\/v2\/product_cat?post=2210"},{"taxonomy":"product_tag","embeddable":true,"href":"https:\/\/swebalk.com\/en\/wp-json\/wp\/v2\/product_tag?post=2210"}],"curies":[{"name":"wp","href":"https:\/\/api.w.org\/{rel}","templated":true}]}}