{"id":2208,"date":"2023-09-09T09:22:54","date_gmt":"2023-09-09T09:22:54","guid":{"rendered":"https:\/\/swebalk.com\/?post_type=product&#038;p=2208"},"modified":"2025-05-09T14:56:03","modified_gmt":"2025-05-09T14:56:03","slug":"svarv-turnado-pro-series","status":"publish","type":"product","link":"https:\/\/swebalk.com\/en\/product\/svarv-turnado-pro-series\/","title":{"rendered":"Svarv Turnado PRO Series"},"content":{"rendered":"<p>Maskinerna i Turnado PRO-serien \u00e4r den moderna versionen av den klassiska svarven. PRO-modellerna \u00e4r den senaste generationen av v\u00e5ra universalsvarvar, som har pr\u00f6vats och testats i 20 \u00e5r. Med konstant sk\u00e4rhastighet, snabba traverser och ett ut\u00f6kat hastighetsomr\u00e5de som kan styras av en v\u00e4xelriktare k\u00e4nnetecknar dessa modeller av h\u00f6gpresterande bearbetning, utm\u00e4rkt ytkvalitet och tidseffektivitet. De \u00e4r l\u00e4tta att k\u00e4nna igen p\u00e5 den nya ergonomiska bekl\u00e4dnadsdesignen, som integrerar alla funktioner i ett helhetskoncept.<\/p>\r\n\r\n\r\n\r\n<div class=\"description-table-wrapper\"><table class=\"description-table\"><thead><tr><th>Modell<\/th><th>Art. 111100140 - Turnado 230\/1000 PRO<\/th><th>Art. 111100150 - Turnado 230\/1500 PRO<\/th><th>Art. 111100160 - Turnado 280\/1500 PRO<\/th><\/tr><\/thead><tbody><tr><td class=\"left-align\">Dubb avst\u00e5nd<\/td><td>1000 mm<\/td><td>1500 mm<\/td><td>1500 mm<\/td><\/tr><tr><td class=\"left-align\">Dubb h\u00f6jd<\/td><td>230 mm<\/td><td>230 mm<\/td><td>280 mm<\/td><\/tr><tr><td class=\"left-align\">Svin \u00f6ver b\u00e4dd<\/td><td>460 mm<\/td><td>460 mm<\/td><td>560 mm<\/td><\/tr><tr><td class=\"left-align\">Sving \u00f6ver gap<\/td><td>690 mm<\/td><td>690 mm<\/td><td>785 mm<\/td><\/tr><tr><td class=\"left-align\">Sving \u00f6ver support<\/td><td>224 mm<\/td><td>224 mm<\/td><td>355 mm<\/td><\/tr><tr><td class=\"left-align\">Spindel varvtal<\/td><td>30\u20133000 v\/min<\/td><td>30\u20133000 v\/min<\/td><td>25\u20131600 v\/min<\/td><\/tr><tr><td class=\"left-align\">Spindelnos montering<\/td><td>Camlock D1-6<\/td><td>Camlock D1-6<\/td><td>Camlock D1-8<\/td><\/tr><tr><td class=\"left-align\">Motor effekt<\/td><td>7,5 kW<\/td><td>7,5 kW<\/td><td>7,5 kW<\/td><\/tr><tr><td class=\"left-align\">Vikt<\/td><td>1720 kg<\/td><td>1970 kg<\/td><td>2370 kg<\/td><\/tr><\/tbody><\/table><\/div>\r\n<div class=\"standard-equipment-block\"><h3>\ud83d\udee0\ufe0f Standardutrustning<\/h3><table class=\"custom-table\"><thead><tr><th>Utrustning<\/th><th>Enhet<\/th><th>Specifikation<\/th><\/tr><\/thead><tbody><tr><td>\u2714\ufe0f 3-axis DRO, X.pos 3.2 VC<\/td><td>st.<\/td><td>1<\/td><\/tr><tr><td>\u2714\ufe0f 3-backschuck \u00d8 250\/315 mm<\/td><td>st.<\/td><td>1<\/td><\/tr><tr><td>\u2714\ufe0f 4-backschuck \u00d8 300\/350 mm<\/td><td>st.<\/td><td>1<\/td><\/tr><tr><td>\u2714\ufe0f Plan skiva \u00d8 350\/450 mm<\/td><td>st.<\/td><td>1<\/td><\/tr><tr><td>\u2714\ufe0f Grund snabbh\u00e5llare WB<\/td><td>st.<\/td><td>1<\/td><\/tr><tr><td>\u2714\ufe0f Snabb verktygsh\u00e5llare WBD 25120<\/td><td>st.<\/td><td>1<\/td><\/tr><tr><td>\u2714\ufe0f Snabbmatning f\u00f6r X och Z axel<\/td><td>st.<\/td><td>1<\/td><\/tr><tr><td>\u2714\ufe0f Kyl system<\/td><td>st.<\/td><td>1<\/td><\/tr><tr><td>\u2714\ufe0f Material support<\/td><td>st.<\/td><td>1<\/td><\/tr><tr><td>\u2714\ufe0f Sp\u00e5n uppsamlare<\/td><td>st.<\/td><td>1<\/td><\/tr><tr><td>\u2714\ufe0f Fast st\u00e4nk skydd<\/td><td>st.<\/td><td>1<\/td><\/tr><tr><td>\u2714\ufe0f Integrerad sp\u00e5nskydd p\u00e5 glid skenor<\/td><td>st.<\/td><td>1<\/td><\/tr><tr><td>\u2714\ufe0f Chuckskydd<\/td><td>st.<\/td><td>1<\/td><\/tr><tr><td>\u2714\ufe0f Ledarskruvskydd<\/td><td>st.<\/td><td>1<\/td><\/tr><tr><td>\u2714\ufe0f Fotbroms<\/td><td>st.<\/td><td>1<\/td><\/tr><tr><td>\u2714\ufe0f Arbetsbelysning<\/td><td>st.<\/td><td>1<\/td><\/tr><\/tbody><\/table><\/div>\r\n<p>F\u00f6r mer information v\u00e4lj en av produktbladen nedan<\/p>\r\n\r\n\r\n\r\n<div class=\"wp-block-columns is-layout-flex wp-container-core-columns-is-layout-9d6595d7 wp-block-columns-is-layout-flex\">\r\n<div class=\"wp-block-column is-layout-flow wp-block-column-is-layout-flow\">\r\n<div class=\"wp-block-buttons is-layout-flex wp-block-buttons-is-layout-flex\">\r\n<div class=\"wp-block-button\"><a class=\"wp-block-button__link has-white-color has-vivid-red-background-color has-text-color has-background wp-element-button\" href=\"https:\/\/swebalk.com\/wp-content\/uploads\/2023\/08\/Turnado-230_1000-PRO-Datasheet.pdf\" target=\"_blank\" rel=\"noreferrer noopener\">Turnado 230\/1000 PRO<\/a><\/div>\r\n<\/div>\r\n<\/div>\r\n\r\n\r\n\r\n<div class=\"wp-block-column is-layout-flow wp-block-column-is-layout-flow\">\r\n<div class=\"wp-block-buttons is-layout-flex wp-block-buttons-is-layout-flex\">\r\n<div class=\"wp-block-button\"><a class=\"wp-block-button__link has-white-color has-vivid-red-background-color has-text-color has-background wp-element-button\" href=\"https:\/\/swebalk.com\/wp-content\/uploads\/2023\/08\/Turnado-230_1500-PRO-Datasheet.pdf\" target=\"_blank\" rel=\"noreferrer noopener\">Turnado 230\/1500 PRO<\/a><\/div>\r\n<\/div>\r\n<\/div>\r\n\r\n\r\n\r\n<div class=\"wp-block-column is-layout-flow wp-block-column-is-layout-flow\">\r\n<div class=\"wp-block-buttons is-layout-flex wp-block-buttons-is-layout-flex\">\r\n<div class=\"wp-block-button\"><a class=\"wp-block-button__link has-white-color has-vivid-red-background-color has-text-color has-background wp-element-button\" href=\"https:\/\/swebalk.com\/wp-content\/uploads\/2023\/08\/Turnado-280_1500-PRO-Datasheet.pdf\" target=\"_blank\" rel=\"noreferrer noopener\">Turnado 280\/1500 PRO<\/a><\/div>\r\n<\/div>\r\n<\/div>\r\n<\/div>","protected":false},"excerpt":{"rendered":"<p>Maskinerna i Turnado PRO-serien \u00e4r den moderna versionen av den klassiska svarven. PRO-modellerna \u00e4r den senaste generationen av v\u00e5ra universalsvarvar, som har pr\u00f6vats och testats i 20 \u00e5r. Med konstant sk\u00e4rhastighet, snabba traverser och ett ut\u00f6kat hastighetsomr\u00e5de som kan styras av en v\u00e4xelriktare k\u00e4nnetecknar dessa modeller av h\u00f6gpresterande bearbetning, utm\u00e4rkt ytkvalitet och tidseffektivitet. De \u00e4r [&hellip;]<\/p>\n","protected":false},"featured_media":2478,"comment_status":"open","ping_status":"closed","template":"","meta":{"_acf_changed":false},"product_brand":[],"product_cat":[50],"product_tag":[],"class_list":{"0":"post-2208","1":"product","2":"type-product","3":"status-publish","4":"has-post-thumbnail","6":"product_cat-svarvning","7":"post","8":"post-with-thumbnail","9":"post-with-thumbnail-large","11":"first","12":"instock","13":"shipping-taxable","14":"product-type-simple"},"acf":[],"_links":{"self":[{"href":"https:\/\/swebalk.com\/en\/wp-json\/wp\/v2\/product\/2208","targetHints":{"allow":["GET"]}}],"collection":[{"href":"https:\/\/swebalk.com\/en\/wp-json\/wp\/v2\/product"}],"about":[{"href":"https:\/\/swebalk.com\/en\/wp-json\/wp\/v2\/types\/product"}],"replies":[{"embeddable":true,"href":"https:\/\/swebalk.com\/en\/wp-json\/wp\/v2\/comments?post=2208"}],"wp:featuredmedia":[{"embeddable":true,"href":"https:\/\/swebalk.com\/en\/wp-json\/wp\/v2\/media\/2478"}],"wp:attachment":[{"href":"https:\/\/swebalk.com\/en\/wp-json\/wp\/v2\/media?parent=2208"}],"wp:term":[{"taxonomy":"product_brand","embeddable":true,"href":"https:\/\/swebalk.com\/en\/wp-json\/wp\/v2\/product_brand?post=2208"},{"taxonomy":"product_cat","embeddable":true,"href":"https:\/\/swebalk.com\/en\/wp-json\/wp\/v2\/product_cat?post=2208"},{"taxonomy":"product_tag","embeddable":true,"href":"https:\/\/swebalk.com\/en\/wp-json\/wp\/v2\/product_tag?post=2208"}],"curies":[{"name":"wp","href":"https:\/\/api.w.org\/{rel}","templated":true}]}}