{"id":2207,"date":"2023-09-09T09:18:40","date_gmt":"2023-09-09T09:18:40","guid":{"rendered":"https:\/\/swebalk.com\/?post_type=product&#038;p=2207"},"modified":"2025-04-26T07:34:06","modified_gmt":"2025-04-26T07:34:06","slug":"kallbandsag-pilous-arg-260-260-plus","status":"publish","type":"product","link":"https:\/\/swebalk.com\/en\/product\/kallbandsag-pilous-arg-260-260-plus\/","title":{"rendered":"Kallbands\u00e5g Pilous ARG 260\/260 Plus"},"content":{"rendered":"<figure class=\"wp-block-table is-style-stripes\">\r\n<table>\r\n<tbody>\r\n<tr>\r\n<td>Motor effekt<\/td>\r\n<td>400 V, 50 Hz, 0,9\/1,4 kW<\/td>\r\n<\/tr>\r\n<tr>\r\n<td>Motor effekt kylpump<\/td>\r\n<td>400 V, 50 Hz, 0,05 kW<\/td>\r\n<\/tr>\r\n<tr>\r\n<td>S\u00e5gbladetshastighet<\/td>\r\n<td>35\/70 m\/min.<\/td>\r\n<\/tr>\r\n<tr>\r\n<td>Arbetsh\u00f6jd skruvstycke<\/td>\r\n<td>910 mm<\/td>\r\n<\/tr>\r\n<tr>\r\n<td>Kyltank<\/td>\r\n<td>cca 15 l<\/td>\r\n<\/tr>\r\n<tr>\r\n<td>Maskin dimension\u00a0(min.) 260\/260 Plus<\/td>\r\n<td>1690\/1620 x 750\/950 x 1450\/1420 mm<\/td>\r\n<\/tr>\r\n<tr>\r\n<td>Maskin dimension (max.) 260\/260 Plus<\/td>\r\n<td>1960\/1860 x 1500\/1680 x 2030\/1980 mm<\/td>\r\n<\/tr>\r\n<tr>\r\n<td>Vikt 260\/260 Plus<\/td>\r\n<td>350\/475 kg<\/td>\r\n<\/tr>\r\n<\/tbody>\r\n<\/table>\r\n<\/figure>\r\n<div class=\"wp-block-columns\">\r\n<div class=\"wp-block-column\">\r\n\r\n<\/div>\r\n<!-- \/wp:post-content --><\/div>\r\n<!-- \/wp:columns -->\r\n\r\n<!-- wp:table -->\r\n<figure class=\"wp-block-table\">\r\n<table>\r\n<tbody>\r\n<tr>\r\n<td class=\"has-text-align-center\" data-align=\"center\"><strong>ARG 260<\/strong><\/td>\r\n<td><strong>90\u00b0<\/strong><\/td>\r\n<td><strong>+45\u00b0<\/strong><\/td>\r\n<td><strong>+60\u00b0<\/strong><\/td>\r\n<\/tr>\r\n<tr>\r\n<td class=\"has-text-align-center\" data-align=\"center\"><img decoding=\"async\" src=\"https:\/\/www.pilous.cz\/user_uploads\/METAL\/Picto_tabulka\/01_kolo.jpg\" alt=\"\" \/><\/td>\r\n<td>260<\/td>\r\n<td>200<\/td>\r\n<td>125<\/td>\r\n<\/tr>\r\n<tr>\r\n<td class=\"has-text-align-center\" data-align=\"center\"><img decoding=\"async\" src=\"https:\/\/www.pilous.cz\/user_uploads\/METAL\/Picto_tabulka\/02_ctverec.jpg\" alt=\"\" \/><\/td>\r\n<td>255<\/td>\r\n<td>185<\/td>\r\n<td>120<\/td>\r\n<\/tr>\r\n<tr>\r\n<td class=\"has-text-align-center\" data-align=\"center\"><img decoding=\"async\" src=\"https:\/\/www.pilous.cz\/user_uploads\/METAL\/Picto_tabulka\/03_obdelnik.jpg\" alt=\"\" \/><\/td>\r\n<td>300 x 200<\/td>\r\n<td>185 x 200<\/td>\r\n<td>125 x 120<\/td>\r\n<\/tr>\r\n<\/tbody>\r\n<\/table>\r\n<\/figure>\r\n<!-- \/wp:table -->\r\n\r\n<!-- wp:table -->\r\n<figure class=\"wp-block-table\">\r\n<table>\r\n<tbody>\r\n<tr>\r\n<td class=\"has-text-align-center\" data-align=\"center\"><strong>ARG 260 Plus<\/strong><\/td>\r\n<td><strong>90\u00b0<\/strong><\/td>\r\n<td><strong>-45\u00b0<\/strong><\/td>\r\n<td><strong>+45\u00b0<\/strong><\/td>\r\n<td><strong>+60\u00b0<\/strong><\/td>\r\n<\/tr>\r\n<tr>\r\n<td class=\"has-text-align-center\" data-align=\"center\"><img decoding=\"async\" src=\"https:\/\/www.pilous.cz\/user_uploads\/METAL\/Picto_tabulka\/01_kolo.jpg\" alt=\"\" \/><\/td>\r\n<td>260<\/td>\r\n<td>175<\/td>\r\n<td>200<\/td>\r\n<td>125<\/td>\r\n<\/tr>\r\n<tr>\r\n<td class=\"has-text-align-center\" data-align=\"center\"><img decoding=\"async\" src=\"https:\/\/www.pilous.cz\/user_uploads\/METAL\/Picto_tabulka\/02_ctverec.jpg\" alt=\"\" \/><\/td>\r\n<td>255<\/td>\r\n<td>145<\/td>\r\n<td>185<\/td>\r\n<td>120<\/td>\r\n<\/tr>\r\n<tr>\r\n<td class=\"has-text-align-center\" data-align=\"center\"><img decoding=\"async\" src=\"https:\/\/www.pilous.cz\/user_uploads\/METAL\/Picto_tabulka\/03_obdelnik.jpg\" alt=\"\" \/><\/td>\r\n<td>300 x 200<\/td>\r\n<td>190 x 100<\/td>\r\n<td>185 x 200<\/td>\r\n<td>125 x 120<\/td>\r\n<\/tr>\r\n<\/tbody>\r\n<\/table>\r\n<\/figure>\r\n<!-- \/wp:table -->\r\n\r\n<!-- wp:paragraph -->\r\n<p>Pilous ARG 260 \u00e4r en uppgraderad version av ARG 250 modellen. En universell och robust bands\u00e5g avsedd f\u00f6r underh\u00e5llsverkst\u00e4der, skolor och liknande. Alla elektriska och kylv\u00e4tskeledningar \u00e4r dolda i bands\u00e5gens arm, vilket inneb\u00e4r att de \u00e4r skyddade fr\u00e5n skador. Armens nya koncept ger en stor f\u00f6renkling n\u00e4r du byter s\u00e5gblad eller vid reng\u00f6ring av armens insida. ARG 260 har ocks\u00e5 m\u00e5nga tekniska justeringar och f\u00f6r\u00e4ndringar som f\u00f6rb\u00e4ttrat kvalitet, anv\u00e4ndarkomfort och livsl\u00e4ngd. Maskinen levereras med motor som har kapslingsklass IP 54, elektrisk kylv\u00e4tskepump, bands\u00e5gblad och instruktionsbok.<\/p>\r\n<!-- \/wp:paragraph -->\r\n\r\n<!-- wp:paragraph -->\r\n<p>Bands\u00e5garmslyftet \u00e4r manuellt; matningen till snittet utf\u00f6rs av armens vikt, med m\u00f6jlighet till kontinuerlig reglering av oljespj\u00e4llets avlastningsventil. N\u00e4r s\u00e5gningen \u00e4r klar st\u00e4ngs bands\u00e5gsdriften automatiskt av.<\/p>\r\n<!-- \/wp:paragraph -->\r\n\r\n<!-- wp:paragraph -->\r\n<p>Bands\u00e5gen finns i tv\u00e5 olika versioner. ARG 260 och ARG 260 Plus<\/p>\r\n<!-- \/wp:paragraph -->\r\n\r\n<!-- wp:paragraph -->\r\n<p>F\u00f6r mer info om produkten och tillbeh\u00f6r se produktblad eller kontakta oss<\/p>\r\n<!-- \/wp:paragraph -->\r\n\r\n<!-- wp:buttons -->\r\n<div class=\"wp-block-buttons\">\r\n<div class=\"wp-block-button\"><a class=\"wp-block-button__link has-white-color has-vivid-red-background-color has-text-color has-background wp-element-button\" href=\"https:\/\/swebalk.com\/wp-content\/uploads\/2023\/08\/arg-260-en.pdf\" target=\"_blank\" rel=\"noreferrer noopener\">Produktblad ARG 260<\/a><\/div>\r\n<div class=\"wp-block-button\"><a class=\"wp-block-button__link has-white-color has-vivid-red-background-color has-text-color has-background wp-element-button\" href=\"https:\/\/swebalk.com\/wp-content\/uploads\/2023\/08\/arg-260-plus-en.pdf\" target=\"_blank\" rel=\"noreferrer noopener\">Produktblad ARG 260 Plus<\/a><\/div>\r\n<\/div>\r\n<div>\u00a0<\/div>\r\n<div>F\u00f6rslag p\u00e5 passande rullbanor<\/div>\r\n<div>\u00a0<\/div>\r\n<div><a href=\"https:\/\/swebalk.com\/wp-content\/uploads\/2023\/08\/image-16.png\"><img decoding=\"async\" class=\"wp-image-912\" src=\"https:\/\/swebalk.com\/wp-content\/uploads\/2023\/08\/image-16.png\" alt=\"\" \/><\/a><\/div>\r\n<!-- \/wp:buttons -->","protected":false},"excerpt":{"rendered":"<p>Motor effekt 400 V, 50 Hz, 0,9\/1,4 kW Motor effekt kylpump 400 V, 50 Hz, 0,05 kW S\u00e5gbladetshastighet 35\/70 m\/min. Arbetsh\u00f6jd skruvstycke 910 mm Kyltank cca 15 l Maskin dimension\u00a0(min.) 260\/260 Plus 1690\/1620 x 750\/950 x 1450\/1420 mm Maskin dimension (max.) 260\/260 Plus 1960\/1860 x 1500\/1680 x 2030\/1980 mm Vikt 260\/260 Plus 350\/475 kg ARG [&hellip;]<\/p>\n","protected":false},"featured_media":2461,"comment_status":"open","ping_status":"closed","template":"","meta":{"_acf_changed":false},"product_brand":[],"product_cat":[43],"product_tag":[],"class_list":{"0":"post-2207","1":"product","2":"type-product","3":"status-publish","4":"has-post-thumbnail","6":"product_cat-sagning-kapning-2","7":"post","8":"post-with-thumbnail","9":"post-with-thumbnail-large","11":"first","12":"instock","13":"shipping-taxable","14":"product-type-simple"},"acf":[],"_links":{"self":[{"href":"https:\/\/swebalk.com\/en\/wp-json\/wp\/v2\/product\/2207","targetHints":{"allow":["GET"]}}],"collection":[{"href":"https:\/\/swebalk.com\/en\/wp-json\/wp\/v2\/product"}],"about":[{"href":"https:\/\/swebalk.com\/en\/wp-json\/wp\/v2\/types\/product"}],"replies":[{"embeddable":true,"href":"https:\/\/swebalk.com\/en\/wp-json\/wp\/v2\/comments?post=2207"}],"wp:featuredmedia":[{"embeddable":true,"href":"https:\/\/swebalk.com\/en\/wp-json\/wp\/v2\/media\/2461"}],"wp:attachment":[{"href":"https:\/\/swebalk.com\/en\/wp-json\/wp\/v2\/media?parent=2207"}],"wp:term":[{"taxonomy":"product_brand","embeddable":true,"href":"https:\/\/swebalk.com\/en\/wp-json\/wp\/v2\/product_brand?post=2207"},{"taxonomy":"product_cat","embeddable":true,"href":"https:\/\/swebalk.com\/en\/wp-json\/wp\/v2\/product_cat?post=2207"},{"taxonomy":"product_tag","embeddable":true,"href":"https:\/\/swebalk.com\/en\/wp-json\/wp\/v2\/product_tag?post=2207"}],"curies":[{"name":"wp","href":"https:\/\/api.w.org\/{rel}","templated":true}]}}