{"id":2205,"date":"2023-09-09T09:07:44","date_gmt":"2023-09-09T09:07:44","guid":{"rendered":"https:\/\/swebalk.com\/?post_type=product&#038;p=2205"},"modified":"2024-05-12T18:46:17","modified_gmt":"2024-05-12T18:46:17","slug":"pelarborrmaskin-ima-i28","status":"publish","type":"product","link":"https:\/\/swebalk.com\/en\/product\/pelarborrmaskin-ima-i28\/","title":{"rendered":"Pelarborrmaskin IMA I28"},"content":{"rendered":"<figure class=\"wp-block-table is-style-stripes\">\r\n<figure class=\"wp-block-table is-style-stripes\">\r\n<table>\r\n<tbody>\r\n<tr>\r\n<td>Borrkapacitet<\/td>\r\n<td>25 \/ 28 mm<\/td>\r\n<\/tr>\r\n<tr>\r\n<td>G\u00e4ngkapacitet<\/td>\r\n<td>M16 \/ M20<\/td>\r\n<\/tr>\r\n<tr>\r\n<td>Arbetsbord\/T-sp\u00e5r<\/td>\r\n<td>500 x 400\/14 mm<\/td>\r\n<\/tr>\r\n<tr>\r\n<td>Pinol r\u00f6relse<\/td>\r\n<td>130 mm<\/td>\r\n<\/tr>\r\n<tr>\r\n<td>Varvtal<\/td>\r\n<td>105 v\/min \u2013 3480 v\/min<\/td>\r\n<\/tr>\r\n<tr>\r\n<td>Spindelkona<\/td>\r\n<td>MK 3<\/td>\r\n<\/tr>\r\n<\/tbody>\r\n<\/table>\r\n<\/figure>\r\n\r\n\r\n\r\n<p><strong>IMA I28\u00a0<\/strong>\u00e4r en serie svensktillverkade pelarborrmaskiner med 25 mm borrkapacitet. Maskinerna finns med b\u00e5de manuell och automatisk matning som g\u00f6r det m\u00f6jligt att ha en effektivare arbetsg\u00e5ng. B\u00e5de borrhuvud och bordarm \u00e4r vridbara 360\u00b0 runt pelaren, samt h\u00f6j- och s\u00e4nkbara. Borrskydd med mikrobrytare \u00e4r standard inom CE-omr\u00e5de.<\/p>\r\n\r\n\r\n\r\n<p><strong>Art. 131104020 &#8211; IMA I28<\/strong>\u00a0\u2013 Manuell matning<br \/><strong>Art. 132104010 &#8211; IMA I28B<\/strong>\u00a0\u2013 B\u00e4nkutf\u00f6rande med manuell matning<br \/><strong>Art. 131104050 &#8211; IMA I28M<\/strong> \u2013 Automatisk maskinmatning f\u00f6r att f\u00f6renkla arbetet f\u00f6r operat\u00f6ren.<br \/><strong>Art. 132104020 &#8211; IMA I28BM<\/strong>\u00a0\u2013 B\u00e4nkutf\u00f6rande med automatisk matning<br \/><strong>Art. 131104030 &#8211; IMA I28T<\/strong>\u2013 Toppmotor, som \u00e4r damm- och vattent\u00e4t enligt IP-54 standard<br \/><strong>Art. 131104040 &#8211; IMA I28T~<\/strong>\u2013 Toppmotor med 1-fasutf\u00f6rande<\/p>\r\n\r\n\r\n\r\n<div class=\"wp-block-buttons has-custom-font-size has-medium-font-size is-horizontal is-content-justification-left is-layout-flex wp-container-core-buttons-is-layout-34f2649e wp-block-buttons-is-layout-flex\">\r\n<div class=\"wp-block-button has-custom-width wp-block-button__width-50\"><a class=\"wp-block-button__link has-white-color has-vivid-red-background-color has-text-color has-background has-text-align-center wp-element-button\" href=\"https:\/\/swebalk.com\/wp-content\/uploads\/2023\/08\/prospekt-ima_i-28.pdf\" target=\"_blank\" rel=\"noreferrer noopener\">Produktblad <strong>IMA I28<\/strong><\/a><\/div>\r\n\r\n\r\n\r\n<div class=\"wp-block-button has-custom-width wp-block-button__width-50\"><a class=\"wp-block-button__link has-white-color has-vivid-red-background-color has-text-color has-background wp-element-button\" href=\"https:\/\/swebalk.com\/wp-content\/uploads\/2023\/08\/prospekt-ima_i-28-b-1.pdf\" target=\"_blank\" rel=\"noreferrer noopener\">Produktblad <strong>IMA I28<\/strong>B<\/a><\/div>\r\n\r\n\r\n\r\n<div class=\"wp-block-button has-custom-width wp-block-button__width-50\"><a class=\"wp-block-button__link has-white-color has-vivid-red-background-color has-text-color has-background wp-element-button\" href=\"https:\/\/swebalk.com\/wp-content\/uploads\/2023\/08\/prospekt-ima_i-28-t.pdf\" target=\"_blank\" rel=\"noreferrer noopener\">Produktblad <strong>IMA I28<\/strong>T<\/a><\/div>\r\n\r\n\r\n\r\n<div class=\"wp-block-button has-custom-width wp-block-button__width-50\"><a class=\"wp-block-button__link has-white-color has-vivid-red-background-color has-text-color has-background wp-element-button\" href=\"https:\/\/swebalk.com\/wp-content\/uploads\/2023\/08\/prospekt-ima_i-28-t-1-.pdf\" target=\"_blank\" rel=\"noreferrer noopener\">Produktblad <strong>IMA I28<\/strong>T-1<\/a><\/div>\r\n\r\n\r\n\r\n<div class=\"wp-block-button has-custom-width wp-block-button__width-50\"><a class=\"wp-block-button__link has-white-color has-vivid-red-background-color has-text-color has-background wp-element-button\" href=\"https:\/\/swebalk.com\/wp-content\/uploads\/2023\/08\/prospekt-ima_i-28-m.pdf\" target=\"_blank\" rel=\"noreferrer noopener\">Produktblad <strong>IMA I28<\/strong>M<\/a><\/div>\r\n<\/div>\r\n<\/figure>\r\n<div class=\"wp-block-buttons has-custom-font-size has-medium-font-size\"><\/div>\r\n<!-- \/wp:post-content -->","protected":false},"excerpt":{"rendered":"","protected":false},"featured_media":2460,"comment_status":"open","ping_status":"closed","template":"","meta":{"_acf_changed":false},"product_brand":[],"product_cat":[31],"product_tag":[],"class_list":{"0":"post-2205","1":"product","2":"type-product","3":"status-publish","4":"has-post-thumbnail","6":"product_cat-borrning","7":"post","8":"post-with-thumbnail","9":"post-with-thumbnail-large","11":"first","12":"instock","13":"shipping-taxable","14":"product-type-simple"},"acf":[],"_links":{"self":[{"href":"https:\/\/swebalk.com\/en\/wp-json\/wp\/v2\/product\/2205","targetHints":{"allow":["GET"]}}],"collection":[{"href":"https:\/\/swebalk.com\/en\/wp-json\/wp\/v2\/product"}],"about":[{"href":"https:\/\/swebalk.com\/en\/wp-json\/wp\/v2\/types\/product"}],"replies":[{"embeddable":true,"href":"https:\/\/swebalk.com\/en\/wp-json\/wp\/v2\/comments?post=2205"}],"wp:featuredmedia":[{"embeddable":true,"href":"https:\/\/swebalk.com\/en\/wp-json\/wp\/v2\/media\/2460"}],"wp:attachment":[{"href":"https:\/\/swebalk.com\/en\/wp-json\/wp\/v2\/media?parent=2205"}],"wp:term":[{"taxonomy":"product_brand","embeddable":true,"href":"https:\/\/swebalk.com\/en\/wp-json\/wp\/v2\/product_brand?post=2205"},{"taxonomy":"product_cat","embeddable":true,"href":"https:\/\/swebalk.com\/en\/wp-json\/wp\/v2\/product_cat?post=2205"},{"taxonomy":"product_tag","embeddable":true,"href":"https:\/\/swebalk.com\/en\/wp-json\/wp\/v2\/product_tag?post=2205"}],"curies":[{"name":"wp","href":"https:\/\/api.w.org\/{rel}","templated":true}]}}