{"id":2187,"date":"2023-09-09T07:16:07","date_gmt":"2023-09-09T07:16:07","guid":{"rendered":"https:\/\/swebalk.com\/?post_type=product&#038;p=2187"},"modified":"2024-05-13T10:54:41","modified_gmt":"2024-05-13T10:54:41","slug":"universal-frasmaskin-vhf-3-2","status":"publish","type":"product","link":"https:\/\/swebalk.com\/en\/product\/universal-frasmaskin-vhf-3-2\/","title":{"rendered":"Universal fr\u00e4smaskin VHF 3.2"},"content":{"rendered":"<table>\r\n<tbody>\r\n<tr>\r\n<td class=\"block-editor-rich-text__editable wp-block-table__cell-content rich-text\" role=\"textbox\" contenteditable=\"true\" aria-multiline=\"true\" aria-label=\"Text i tabellkropp\">Arbetsbord\/T-Sp\u00e5r (mm)<\/td>\r\n<td class=\"block-editor-rich-text__editable wp-block-table__cell-content rich-text\" role=\"textbox\" contenteditable=\"true\" aria-multiline=\"true\" aria-label=\"Text i tabellkropp\">1370 x 320 mm \/ 14<\/td>\r\n<\/tr>\r\n<tr>\r\n<td class=\"block-editor-rich-text__editable wp-block-table__cell-content rich-text\" role=\"textbox\" contenteditable=\"true\" aria-multiline=\"true\" aria-label=\"Text i tabellkropp\">Bord kapacitet<\/td>\r\n<td class=\"block-editor-rich-text__editable wp-block-table__cell-content rich-text\" role=\"textbox\" contenteditable=\"true\" aria-multiline=\"true\" aria-label=\"Text i tabellkropp\">300 kg<\/td>\r\n<\/tr>\r\n<tr>\r\n<td class=\"block-editor-rich-text__editable wp-block-table__cell-content rich-text\" role=\"textbox\" contenteditable=\"true\" aria-multiline=\"true\" aria-label=\"Text i tabellkropp\">X-axel r\u00f6relse<\/td>\r\n<td class=\"block-editor-rich-text__editable wp-block-table__cell-content rich-text\" role=\"textbox\" contenteditable=\"true\" aria-multiline=\"true\" aria-label=\"Text i tabellkropp\">1000 mm<\/td>\r\n<\/tr>\r\n<tr>\r\n<td class=\"block-editor-rich-text__editable wp-block-table__cell-content rich-text\" role=\"textbox\" contenteditable=\"true\" aria-multiline=\"true\" aria-label=\"Text i tabellkropp\">Y-axel r\u00f6relse<\/td>\r\n<td class=\"block-editor-rich-text__editable wp-block-table__cell-content rich-text\" role=\"textbox\" contenteditable=\"true\" aria-multiline=\"true\" aria-label=\"Text i tabellkropp\">360 mm<\/td>\r\n<\/tr>\r\n<tr>\r\n<td class=\"block-editor-rich-text__editable wp-block-table__cell-content rich-text\" role=\"textbox\" contenteditable=\"true\" aria-multiline=\"true\" aria-label=\"Text i tabellkropp\">Z-axel r\u00f6relse<\/td>\r\n<td class=\"block-editor-rich-text__editable wp-block-table__cell-content rich-text\" role=\"textbox\" contenteditable=\"true\" aria-multiline=\"true\" aria-label=\"Text i tabellkropp\">400 mm<\/td>\r\n<\/tr>\r\n<tr>\r\n<td class=\"block-editor-rich-text__editable wp-block-table__cell-content rich-text\" role=\"textbox\" contenteditable=\"true\" aria-multiline=\"true\" aria-label=\"Text i tabellkropp\">Varvtal (variabla L-H)<\/td>\r\n<td class=\"block-editor-rich-text__editable wp-block-table__cell-content rich-text\" role=\"textbox\" contenteditable=\"true\" aria-multiline=\"true\" aria-label=\"Text i tabellkropp\">70 v\/min \u2013 3600 v\/min<\/td>\r\n<\/tr>\r\n<tr>\r\n<td class=\"block-editor-rich-text__editable wp-block-table__cell-content rich-text\" role=\"textbox\" contenteditable=\"true\" aria-multiline=\"true\" aria-label=\"Text i tabellkropp\">Spindelkona<\/td>\r\n<td class=\"block-editor-rich-text__editable wp-block-table__cell-content rich-text\" role=\"textbox\" contenteditable=\"true\" aria-multiline=\"true\" aria-label=\"Text i tabellkropp\">ISO 40<\/td>\r\n<\/tr>\r\n<tr>\r\n<td class=\"block-editor-rich-text__editable wp-block-table__cell-content rich-text\" role=\"textbox\" contenteditable=\"true\" aria-multiline=\"true\" aria-label=\"Text i tabellkropp\">Avst\u00e5nd spindel &#8211; pelare<\/td>\r\n<td class=\"block-editor-rich-text__editable wp-block-table__cell-content rich-text\" role=\"textbox\" contenteditable=\"true\" aria-multiline=\"true\" aria-label=\"Text i tabellkropp\">160 &#8211; 560 mm<\/td>\r\n<\/tr>\r\n<tr>\r\n<td class=\"block-editor-rich-text__editable wp-block-table__cell-content rich-text\" role=\"textbox\" contenteditable=\"true\" aria-multiline=\"true\" aria-label=\"Text i tabellkropp\">Matning X- , Y-axel<\/td>\r\n<td class=\"block-editor-rich-text__editable wp-block-table__cell-content rich-text\" role=\"textbox\" contenteditable=\"true\" aria-multiline=\"true\" aria-label=\"Text i tabellkropp\">30 mm\/min \u2013 830 mm\/min<\/td>\r\n<\/tr>\r\n<tr>\r\n<td class=\"block-editor-rich-text__editable wp-block-table__cell-content rich-text\" role=\"textbox\" contenteditable=\"true\" aria-multiline=\"true\" aria-label=\"Text i tabellkropp\">Matning Z-axel<\/td>\r\n<td class=\"block-editor-rich-text__editable wp-block-table__cell-content rich-text\" role=\"textbox\" contenteditable=\"true\" aria-multiline=\"true\" aria-label=\"Text i tabellkropp\">23 mm\/min \u2013 625 mm\/min<\/td>\r\n<\/tr>\r\n<tr>\r\n<td class=\"block-editor-rich-text__editable wp-block-table__cell-content rich-text\" role=\"textbox\" contenteditable=\"true\" aria-multiline=\"true\" aria-label=\"Text i tabellkropp\">Snabbmatning X- , Y-axel<\/td>\r\n<td class=\"block-editor-rich-text__editable wp-block-table__cell-content rich-text\" role=\"textbox\" contenteditable=\"true\" aria-multiline=\"true\" aria-label=\"Text i tabellkropp\">1335 mm\/min<\/td>\r\n<\/tr>\r\n<tr>\r\n<td class=\"block-editor-rich-text__editable wp-block-table__cell-content rich-text\" role=\"textbox\" contenteditable=\"true\" aria-multiline=\"true\" aria-label=\"Text i tabellkropp\">Snabbmatning Z-axel<\/td>\r\n<td class=\"block-editor-rich-text__editable wp-block-table__cell-content rich-text\" role=\"textbox\" contenteditable=\"true\" aria-multiline=\"true\" aria-label=\"Text i tabellkropp\">1000 mm\/min<\/td>\r\n<\/tr>\r\n<tr>\r\n<td class=\"block-editor-rich-text__editable wp-block-table__cell-content rich-text\" role=\"textbox\" contenteditable=\"true\" aria-multiline=\"true\" aria-label=\"Text i tabellkropp\">Varvtal horisontal spindel<\/td>\r\n<td class=\"block-editor-rich-text__editable wp-block-table__cell-content rich-text\" role=\"textbox\" contenteditable=\"true\" aria-multiline=\"true\" aria-label=\"Text i tabellkropp\">35 &#8211; 1500 v\/min<\/td>\r\n<\/tr>\r\n<tr>\r\n<td class=\"block-editor-rich-text__editable wp-block-table__cell-content rich-text\" role=\"textbox\" contenteditable=\"true\" aria-multiline=\"true\" aria-label=\"Text i tabellkropp\">Spindelkona horisontal<\/td>\r\n<td class=\"block-editor-rich-text__editable wp-block-table__cell-content rich-text\" role=\"textbox\" contenteditable=\"true\" aria-multiline=\"true\" aria-label=\"Text i tabellkropp\">ISO 40<\/td>\r\n<\/tr>\r\n<tr>\r\n<td class=\"block-editor-rich-text__editable wp-block-table__cell-content rich-text\" role=\"textbox\" contenteditable=\"true\" aria-multiline=\"true\" aria-label=\"Text i tabellkropp\">Avst\u00e5nd spindel &#8211; pelare, horisontal<\/td>\r\n<td class=\"block-editor-rich-text__editable wp-block-table__cell-content rich-text\" role=\"textbox\" contenteditable=\"true\" aria-multiline=\"true\" aria-label=\"Text i tabellkropp\">75 &#8211; 475 mm<\/td>\r\n<\/tr>\r\n<tr>\r\n<td class=\"block-editor-rich-text__editable wp-block-table__cell-content rich-text\" role=\"textbox\" contenteditable=\"true\" aria-multiline=\"true\" aria-label=\"Text i tabellkropp\">Motor vertikal\/horisontal<\/td>\r\n<td class=\"block-editor-rich-text__editable wp-block-table__cell-content rich-text\" role=\"textbox\" contenteditable=\"true\" aria-multiline=\"true\" aria-label=\"Text i tabellkropp\">3,7\/3,0 kW<\/td>\r\n<\/tr>\r\n<tr>\r\n<td class=\"block-editor-rich-text__editable wp-block-table__cell-content rich-text\" role=\"textbox\" contenteditable=\"true\" aria-multiline=\"true\" aria-label=\"Text i tabellkropp\">Dimension (LxBxH)<\/td>\r\n<td class=\"block-editor-rich-text__editable wp-block-table__cell-content rich-text\" role=\"textbox\" contenteditable=\"true\" aria-multiline=\"true\" aria-label=\"Text i tabellkropp\">1900 x 1750 x 2350 mm<\/td>\r\n<\/tr>\r\n<tr>\r\n<td class=\"block-editor-rich-text__editable wp-block-table__cell-content rich-text\" role=\"textbox\" contenteditable=\"true\" aria-multiline=\"true\" aria-label=\"Text i tabellkropp\">Vikt<\/td>\r\n<td class=\"block-editor-rich-text__editable wp-block-table__cell-content rich-text\" role=\"textbox\" contenteditable=\"true\" aria-multiline=\"true\" aria-label=\"Text i tabellkropp\">1950 kg<\/td>\r\n<\/tr>\r\n<\/tbody>\r\n<\/table>\r\n<p><strong>Standard utrustning<\/strong>:<\/p>\r\n<p><\/p>\r\n<ul class=\"wp-block-list\">\r\n<li>3-axis DRO, X.pos 3.2<\/li>\r\n\r\n\r\n\r\n<li>Sp\u00e5npanna<\/li>\r\n\r\n\r\n\r\n<li>Kyl system<\/li>\r\n\r\n\r\n\r\n<li>Central sm\u00f6rj system<\/li>\r\n\r\n\r\n\r\n<li>M16 dragst\u00e5ng<\/li>\r\n\r\n\r\n\r\n<li>Arborverktyg \u00d8 27 mm<\/li>\r\n\r\n\r\n\r\n<li>Verktygsl\u00e5da<\/li>\r\n\r\n\r\n\r\n<li>Instruktionsbok<\/li>\r\n<\/ul>\r\n<p><\/p>\r\n<p><\/p>\r\n<p>Den m\u00e5ngsidiga universella fr\u00e4sen kompletterar den bepr\u00f6vade toppmodellen i VHF-serien. Kombinationen av horisontell spindel, sv\u00e4ngbart vertikalt fr\u00e4shuvud och stort sp\u00e4nnbord, med ett \u00f6kat hastighetsomr\u00e5de och den stegl\u00f6st variabla servomatningen, ut\u00f6kar det breda anv\u00e4ndningsomr\u00e5det f\u00f6r VHF-serien. \u00d6verarm med fr\u00e4shuvud \u00e4r vridbart 90\u00b0 \u00e5t b\u00e5da h\u00e5llen samt 45\u00b0 fram\u00e5t \u2013 bak\u00e5t. Tillsammans med den omfattande utrustningen \u00e4r denna modell ocks\u00e5 idealisk f\u00f6r fr\u00e4sning i reparationsverkst\u00e4der samt utbildnings- och produktionsavdelningar.<\/p>\r\n<p>\r\n\r\n<\/p>\r\n<div class=\"wp-block-buttons is-layout-flex wp-block-buttons-is-layout-flex\">\r\n<div class=\"wp-block-button\"><a class=\"wp-block-button__link has-white-color has-vivid-red-background-color has-text-color has-background wp-element-button\" href=\"https:\/\/swebalk.com\/wp-content\/uploads\/2023\/08\/VHF-3.2-Datasheet.pdf\">Produktblad VHF 3.2<\/a><\/div>\r\n<\/div>\r\n<p><\/p>","protected":false},"excerpt":{"rendered":"<p>Arbetsbord\/T-Sp\u00e5r (mm) 1370 x 320 mm \/ 14 Bord kapacitet 300 kg X-axel r\u00f6relse 1000 mm Y-axel r\u00f6relse 360 mm Z-axel r\u00f6relse 400 mm Varvtal (variabla L-H) 70 v\/min \u2013 3600 v\/min Spindelkona ISO 40 Avst\u00e5nd spindel &#8211; pelare 160 &#8211; 560 mm Matning X- , Y-axel 30 mm\/min \u2013 830 mm\/min Matning Z-axel 23 [&hellip;]<\/p>\n","protected":false},"featured_media":2441,"comment_status":"open","ping_status":"closed","template":"","meta":{"_acf_changed":false},"product_brand":[],"product_cat":[47],"product_tag":[],"class_list":{"0":"post-2187","1":"product","2":"type-product","3":"status-publish","4":"has-post-thumbnail","6":"product_cat-frasning","7":"post","8":"post-with-thumbnail","9":"post-with-thumbnail-large","11":"first","12":"instock","13":"shipping-taxable","14":"product-type-simple"},"acf":[],"_links":{"self":[{"href":"https:\/\/swebalk.com\/en\/wp-json\/wp\/v2\/product\/2187","targetHints":{"allow":["GET"]}}],"collection":[{"href":"https:\/\/swebalk.com\/en\/wp-json\/wp\/v2\/product"}],"about":[{"href":"https:\/\/swebalk.com\/en\/wp-json\/wp\/v2\/types\/product"}],"replies":[{"embeddable":true,"href":"https:\/\/swebalk.com\/en\/wp-json\/wp\/v2\/comments?post=2187"}],"wp:featuredmedia":[{"embeddable":true,"href":"https:\/\/swebalk.com\/en\/wp-json\/wp\/v2\/media\/2441"}],"wp:attachment":[{"href":"https:\/\/swebalk.com\/en\/wp-json\/wp\/v2\/media?parent=2187"}],"wp:term":[{"taxonomy":"product_brand","embeddable":true,"href":"https:\/\/swebalk.com\/en\/wp-json\/wp\/v2\/product_brand?post=2187"},{"taxonomy":"product_cat","embeddable":true,"href":"https:\/\/swebalk.com\/en\/wp-json\/wp\/v2\/product_cat?post=2187"},{"taxonomy":"product_tag","embeddable":true,"href":"https:\/\/swebalk.com\/en\/wp-json\/wp\/v2\/product_tag?post=2187"}],"curies":[{"name":"wp","href":"https:\/\/api.w.org\/{rel}","templated":true}]}}