{"id":981,"date":"2023-08-22T08:04:04","date_gmt":"2023-08-22T08:04:04","guid":{"rendered":"https:\/\/swebalk.com\/?page_id=981"},"modified":"2023-09-07T14:11:55","modified_gmt":"2023-09-07T14:11:55","slug":"bandslipmaskin-b-d-series","status":"publish","type":"page","link":"https:\/\/swebalk.com\/en\/produkter\/skarandebearbetning\/slipning\/bandslipmaskin-b-d-series\/","title":{"rendered":"Bandslipmaskin B-D Series"},"content":{"rendered":"<p>Art. 102886 &#8211; B 150<\/p>\n\n\n\n<p>Art. 102887 &#8211; B 150 D<\/p>\n\n\n\n<div class=\"wp-block-columns is-layout-flex wp-container-core-columns-is-layout-9d6595d7 wp-block-columns-is-layout-flex\">\n<div class=\"wp-block-column is-layout-flow wp-block-column-is-layout-flow\">\n<figure class=\"wp-block-image size-large\"><a href=\"https:\/\/swebalk.com\/wp-content\/uploads\/2023\/08\/image-29.png\"><img decoding=\"async\" src=\"https:\/\/swebalk.com\/wp-content\/uploads\/2023\/08\/image-29-845x1024.png\" alt=\"\" class=\"wp-image-982\"\/><\/a><\/figure>\n\n\n\n<div class=\"wp-block-columns is-layout-flex wp-container-core-columns-is-layout-9d6595d7 wp-block-columns-is-layout-flex\">\n<div class=\"wp-block-column is-layout-flow wp-block-column-is-layout-flow\">\n<figure class=\"wp-block-image size-full\"><a href=\"https:\/\/swebalk.com\/wp-content\/uploads\/2023\/09\/image-26.png\"><img decoding=\"async\" src=\"https:\/\/swebalk.com\/wp-content\/uploads\/2023\/09\/image-26.png\" alt=\"\" class=\"wp-image-2159\"\/><\/a><\/figure>\n<\/div>\n\n\n\n<div class=\"wp-block-column is-layout-flow wp-block-column-is-layout-flow\">\n<figure class=\"wp-block-image size-full\"><a href=\"https:\/\/swebalk.com\/wp-content\/uploads\/2023\/09\/image-27.png\"><img decoding=\"async\" src=\"https:\/\/swebalk.com\/wp-content\/uploads\/2023\/09\/image-27.png\" alt=\"\" class=\"wp-image-2160\"\/><\/a><\/figure>\n<\/div>\n\n\n\n<div class=\"wp-block-column is-layout-flow wp-block-column-is-layout-flow\">\n<figure class=\"wp-block-image size-full\"><a href=\"https:\/\/swebalk.com\/wp-content\/uploads\/2023\/09\/image-28.png\"><img decoding=\"async\" src=\"https:\/\/swebalk.com\/wp-content\/uploads\/2023\/09\/image-28.png\" alt=\"\" class=\"wp-image-2162\"\/><\/a><\/figure>\n<\/div>\n<\/div>\n<\/div>\n\n\n\n<div class=\"wp-block-column is-layout-flow wp-block-column-is-layout-flow\">\n<p>Kraftiga bandslipmaskiner i serien B-D har en stor slipyta som l\u00f6per \u00f6ver ett stort kontakthjul. Vilar p\u00e5 metallstativ och kan lutas efter eget \u00f6nskem\u00e5l och kan kopplas till ett dammutsugssystem via ett munstycke. Denna bandslipserie har en s\u00e4rskilt kraftfull motor, idealisk f\u00f6r slipning av plana och raka ytor eller f\u00f6r fasning och gradning. Kontakthjul \u00e4r ocks\u00e5 idealisk f\u00f6r slipning av yttre och inre radier eller vinklar p\u00e5 smala arbetsstycken.<\/p>\n\n\n\n<p>Bandslipmaskin finns i tv\u00e5 olika versioner.<\/p>\n\n\n\n<p>F\u00f6r mer info om produkten och tillbeh\u00f6r se produktblad eller kontakta oss.<\/p>\n<\/div>\n<\/div>\n\n\n\n<figure class=\"wp-block-table is-style-stripes\"><table><thead><tr><th>Modell<\/th><th>B 150 <br>Art. 102886<\/th><th>B 150 D<br>Art. 102887<\/th><\/tr><\/thead><tbody><tr><td>Slipbandshastighet (m\/s)<\/td><td>33<\/td><td>33<\/td><\/tr><tr><td>Slipbandets dimension (mm)<\/td><td>150 x 2000<\/td><td>150 x 2000<\/td><\/tr><tr><td>Kontakthjul (mm)<\/td><td>200 x 150<\/td><td>200 x 150<\/td><\/tr><tr><td>Slip area (mm)<\/td><td>530 x 150<\/td><td>530 x 150<\/td><\/tr><tr><td>Motor effekt (kW)<\/td><td>4<\/td><td>4<\/td><\/tr><tr><td>Maskin dimension (m)<\/td><td>1,05 x 0,62 x 1,27<\/td><td>1,05 x 0,62 x 1,27<\/td><\/tr><tr><td>Vikt (kg)<\/td><td>128<\/td><td>135<\/td><\/tr><\/tbody><\/table><\/figure>\n\n\n\n<div class=\"wp-block-buttons is-layout-flex wp-block-buttons-is-layout-flex\">\n<div class=\"wp-block-button has-custom-width wp-block-button__width-50\"><a class=\"wp-block-button__link has-white-color has-vivid-red-background-color has-text-color has-background wp-element-button\" href=\"https:\/\/swebalk.com\/wp-content\/uploads\/2023\/08\/B-150-Datasheet.pdf\" target=\"_blank\" rel=\"noreferrer noopener\">Produktblad B 150<\/a><\/div>\n\n\n\n<div class=\"wp-block-button has-custom-width wp-block-button__width-50\"><a class=\"wp-block-button__link has-white-color has-vivid-red-background-color has-text-color has-background wp-element-button\" href=\"https:\/\/swebalk.com\/wp-content\/uploads\/2023\/08\/B-150-D-Datasheet.pdf\" target=\"_blank\" rel=\"noreferrer noopener\">Produktblad B 150 D<\/a><\/div>\n<\/div>","protected":false},"excerpt":{"rendered":"<p>Art. 102886 &#8211; B 150 Art. 102887 &#8211; B 150 D Kraftiga bandslipmaskiner i serien B-D har en stor slipyta som l\u00f6per \u00f6ver ett stort kontakthjul. Vilar p\u00e5 metallstativ och kan lutas efter eget \u00f6nskem\u00e5l och kan kopplas till ett dammutsugssystem via ett munstycke. Denna bandslipserie har en s\u00e4rskilt kraftfull motor, idealisk f\u00f6r slipning av [&hellip;]<\/p>\n","protected":false},"author":1,"featured_media":0,"parent":401,"menu_order":0,"comment_status":"closed","ping_status":"closed","template":"templates\/template-full.php","meta":{"_acf_changed":false,"footnotes":""},"class_list":["post-981","page","type-page","status-publish","hentry","post"],"acf":[],"_links":{"self":[{"href":"https:\/\/swebalk.com\/en\/wp-json\/wp\/v2\/pages\/981","targetHints":{"allow":["GET"]}}],"collection":[{"href":"https:\/\/swebalk.com\/en\/wp-json\/wp\/v2\/pages"}],"about":[{"href":"https:\/\/swebalk.com\/en\/wp-json\/wp\/v2\/types\/page"}],"author":[{"embeddable":true,"href":"https:\/\/swebalk.com\/en\/wp-json\/wp\/v2\/users\/1"}],"replies":[{"embeddable":true,"href":"https:\/\/swebalk.com\/en\/wp-json\/wp\/v2\/comments?post=981"}],"version-history":[{"count":4,"href":"https:\/\/swebalk.com\/en\/wp-json\/wp\/v2\/pages\/981\/revisions"}],"predecessor-version":[{"id":2493,"href":"https:\/\/swebalk.com\/en\/wp-json\/wp\/v2\/pages\/981\/revisions\/2493"}],"up":[{"embeddable":true,"href":"https:\/\/swebalk.com\/en\/wp-json\/wp\/v2\/pages\/401"}],"wp:attachment":[{"href":"https:\/\/swebalk.com\/en\/wp-json\/wp\/v2\/media?parent=981"}],"curies":[{"name":"wp","href":"https:\/\/api.w.org\/{rel}","templated":true}]}}