{"id":973,"date":"2023-08-22T07:36:32","date_gmt":"2023-08-22T07:36:32","guid":{"rendered":"https:\/\/swebalk.com\/?page_id=973"},"modified":"2023-09-07T14:16:17","modified_gmt":"2023-09-07T14:16:17","slug":"rundslipmaskin-rsm-c-series","status":"publish","type":"page","link":"https:\/\/swebalk.com\/en\/produkter\/skarandebearbetning\/slipning\/rundslipmaskin-rsm-c-series\/","title":{"rendered":"Rundslipmaskin RSM C Series"},"content":{"rendered":"<figure class=\"wp-block-table is-style-stripes\"><table><tbody><tr><td>Art. 302444<br>RSM 750 C<\/td><td>Art. 302445<br>RSM 1000 C<\/td><td>Art. 302446<br>RSM 1500 C<\/td><td>Art. 302447<br>RSM 2000 C<\/td><\/tr><\/tbody><\/table><\/figure>\n\n\n\n<div class=\"wp-block-columns is-layout-flex wp-container-core-columns-is-layout-9d6595d7 wp-block-columns-is-layout-flex\">\n<div class=\"wp-block-column is-layout-flow wp-block-column-is-layout-flow\">\n<figure class=\"wp-block-image size-large\"><a href=\"https:\/\/swebalk.com\/wp-content\/uploads\/2023\/08\/image-28.png\"><img decoding=\"async\" src=\"https:\/\/swebalk.com\/wp-content\/uploads\/2023\/08\/image-28-1024x548.png\" alt=\"\" class=\"wp-image-974\"\/><\/a><\/figure>\n\n\n\n<div class=\"wp-block-columns is-layout-flex wp-container-core-columns-is-layout-9d6595d7 wp-block-columns-is-layout-flex\">\n<div class=\"wp-block-column is-layout-flow wp-block-column-is-layout-flow\">\n<figure class=\"wp-block-image size-full\"><a href=\"https:\/\/swebalk.com\/wp-content\/uploads\/2023\/09\/image-32.png\"><img decoding=\"async\" src=\"https:\/\/swebalk.com\/wp-content\/uploads\/2023\/09\/image-32.png\" alt=\"\" class=\"wp-image-2169\"\/><\/a><\/figure>\n<\/div>\n\n\n\n<div class=\"wp-block-column is-layout-flow wp-block-column-is-layout-flow\">\n<figure class=\"wp-block-image size-full\"><a href=\"https:\/\/swebalk.com\/wp-content\/uploads\/2023\/09\/image-33.png\"><img decoding=\"async\" src=\"https:\/\/swebalk.com\/wp-content\/uploads\/2023\/09\/image-33.png\" alt=\"\" class=\"wp-image-2170\"\/><\/a><\/figure>\n<\/div>\n<\/div>\n<\/div>\n\n\n\n<div class=\"wp-block-column is-layout-flow wp-block-column-is-layout-flow\">\n<p>Modellerna i RSM C-serien \u00e4r cylindriska precisionsslipmaskiner avsedda f\u00f6r l\u00e5nga och tyngre arbetsstycken. Serien \u00e4r l\u00e4mplig f\u00f6r bearbetning av enskilda delar s\u00e5v\u00e4l som f\u00f6r sm\u00e5 serietillverkning och erbjuder ytterligare flexibilitet med den interna slipanordningen. Den klassiska designen med en stor maskinb\u00e4dd, markstyrningar och kraftfulla drivningar f\u00f6r arbetsspindeln, slipspindeln och hydraulenheten g\u00f6r dessa maskiner till en kostnadseffektiv l\u00f6sning f\u00f6r precisionsslipning av st\u00f6rre arbetsstycken.<\/p>\n\n\n\n<p>RSM C finns i fyra olika versioner.<\/p>\n\n\n\n<p>F\u00f6r mer info om produkten och tillbeh\u00f6r se produktblad eller kontakta oss.<\/p>\n<\/div>\n<\/div>\n\n\n\n<figure class=\"wp-block-table is-style-stripes has-small-font-size\"><table><thead><tr><th>Modell<\/th><th>RSM 750 C<br>Art. 302444<\/th><th>RSM 1000 C<br>Art. 302445<\/th><th>RSM 1500 C<br>Art. 302446<\/th><th>RSM 2000 C<br>Art. 302447<\/th><\/tr><\/thead><tbody><tr><td>Avst\u00e5nd till centrum (mm)<\/td><td>135<\/td><td>180<\/td><td>180<\/td><td>180<\/td><\/tr><tr><td>Slipdiameter (mm)<\/td><td>8 &#8211; 200<\/td><td>8 &#8211; 320<\/td><td>8 &#8211; 320<\/td><td>15 &#8211; 320<\/td><\/tr><tr><td>Slipningsl\u00e4ngd (mm)<\/td><td>750<\/td><td>1000<\/td><td>1500<\/td><td>2000<\/td><\/tr><tr><td>Inv\u00e4ndig slipdiameter (mm)<\/td><td>25 &#8211; 100<\/td><td>30 &#8211; 100<\/td><td>30 &#8211; 100<\/td><td>30 &#8211; 100<\/td><\/tr><tr><td>Spindelkona<\/td><td>4<\/td><td>4<\/td><td>4<\/td><td>4<\/td><\/tr><tr><td>Varvtal (m\/min)<\/td><td>10000<\/td><td>10000<\/td><td>10000<\/td><td>10000<\/td><\/tr><tr><td>Dubbdocka<\/td><td>4<\/td><td>4<\/td><td>4<\/td><td>4<\/td><\/tr><tr><td>Slipskivan (mm)<\/td><td>400 x 50 x 203<\/td><td>400 x 50 x 203<\/td><td>400 x 50 x 203<\/td><td>500 x 50 x 203<\/td><\/tr><tr><td>Maskin dimension (m)<\/td><td>3 x 1,8 x 1,65<\/td><td>3,61 x 1,81 x 1,52<\/td><td>4,61 x 1,81 x 1,52<\/td><td>5,61 x 1,81 x 1,52<\/td><\/tr><tr><td>Vikt<\/td><td>3500<\/td><td>3700<\/td><td>4300<\/td><td>6600<\/td><\/tr><\/tbody><\/table><\/figure>\n\n\n\n<div class=\"wp-block-buttons is-layout-flex wp-block-buttons-is-layout-flex\">\n<div class=\"wp-block-button has-custom-width wp-block-button__width-50\"><a class=\"wp-block-button__link has-white-color has-vivid-red-background-color has-text-color has-background wp-element-button\" href=\"https:\/\/swebalk.com\/wp-content\/uploads\/2023\/08\/RSM-750-C-Datasheet.pdf\" target=\"_blank\" rel=\"noreferrer noopener\">Produktblad RSM 750 C<\/a><\/div>\n\n\n\n<div class=\"wp-block-button has-custom-width wp-block-button__width-50\"><a class=\"wp-block-button__link has-white-color has-vivid-red-background-color has-text-color has-background wp-element-button\" href=\"https:\/\/swebalk.com\/wp-content\/uploads\/2023\/08\/RSM-1000-C-Datasheet.pdf\" target=\"_blank\" rel=\"noreferrer noopener\">Produktblad RSM 1000 C<\/a><\/div>\n\n\n\n<div class=\"wp-block-button has-custom-width wp-block-button__width-50\"><a class=\"wp-block-button__link has-white-color has-vivid-red-background-color has-text-color has-background wp-element-button\" href=\"https:\/\/swebalk.com\/wp-content\/uploads\/2023\/08\/RSM-1500-C-Datasheet-1.pdf\" target=\"_blank\" rel=\"noreferrer noopener\">Produktblad RSM 1500 C<\/a><\/div>\n\n\n\n<div class=\"wp-block-button has-custom-width wp-block-button__width-50\"><a class=\"wp-block-button__link has-white-color has-vivid-red-background-color has-text-color has-background wp-element-button\" href=\"https:\/\/swebalk.com\/wp-content\/uploads\/2023\/08\/RSM-2000-C-Datasheet.pdf\" target=\"_blank\" rel=\"noreferrer noopener\">Produktblad RSM 2000 C<\/a><\/div>\n<\/div>\n\n\n\n<p><\/p>","protected":false},"excerpt":{"rendered":"<p>Art. 302444RSM 750 C Art. 302445RSM 1000 C Art. 302446RSM 1500 C Art. 302447RSM 2000 C Modellerna i RSM C-serien \u00e4r cylindriska precisionsslipmaskiner avsedda f\u00f6r l\u00e5nga och tyngre arbetsstycken. Serien \u00e4r l\u00e4mplig f\u00f6r bearbetning av enskilda delar s\u00e5v\u00e4l som f\u00f6r sm\u00e5 serietillverkning och erbjuder ytterligare flexibilitet med den interna slipanordningen. Den klassiska designen med en [&hellip;]<\/p>\n","protected":false},"author":1,"featured_media":0,"parent":401,"menu_order":0,"comment_status":"closed","ping_status":"closed","template":"templates\/template-full.php","meta":{"_acf_changed":false,"footnotes":""},"class_list":["post-973","page","type-page","status-publish","hentry","post"],"acf":[],"_links":{"self":[{"href":"https:\/\/swebalk.com\/en\/wp-json\/wp\/v2\/pages\/973","targetHints":{"allow":["GET"]}}],"collection":[{"href":"https:\/\/swebalk.com\/en\/wp-json\/wp\/v2\/pages"}],"about":[{"href":"https:\/\/swebalk.com\/en\/wp-json\/wp\/v2\/types\/page"}],"author":[{"embeddable":true,"href":"https:\/\/swebalk.com\/en\/wp-json\/wp\/v2\/users\/1"}],"replies":[{"embeddable":true,"href":"https:\/\/swebalk.com\/en\/wp-json\/wp\/v2\/comments?post=973"}],"version-history":[{"count":3,"href":"https:\/\/swebalk.com\/en\/wp-json\/wp\/v2\/pages\/973\/revisions"}],"predecessor-version":[{"id":2171,"href":"https:\/\/swebalk.com\/en\/wp-json\/wp\/v2\/pages\/973\/revisions\/2171"}],"up":[{"embeddable":true,"href":"https:\/\/swebalk.com\/en\/wp-json\/wp\/v2\/pages\/401"}],"wp:attachment":[{"href":"https:\/\/swebalk.com\/en\/wp-json\/wp\/v2\/media?parent=973"}],"curies":[{"name":"wp","href":"https:\/\/api.w.org\/{rel}","templated":true}]}}