{"id":930,"date":"2023-08-21T17:56:43","date_gmt":"2023-08-21T17:56:43","guid":{"rendered":"https:\/\/swebalk.com\/?page_id=930"},"modified":"2023-08-28T14:55:56","modified_gmt":"2023-08-28T14:55:56","slug":"kallbandsag-pilous-arg-330-f-330-plus-f","status":"publish","type":"page","link":"https:\/\/swebalk.com\/en\/produkter\/skarandebearbetning\/sagning-kapning\/kallbandsag-pilous-arg-330-f-330-plus-f\/","title":{"rendered":"Kallbands\u00e5g Pilous ARG 330 F\/330 Plus F"},"content":{"rendered":"<figure class=\"wp-block-table is-style-stripes\"><table><tbody><tr><td>Art. ARG 330 F<\/td><td>Art. ARG 330 Plus F<\/td><\/tr><\/tbody><\/table><\/figure>\n\n\n\n<div class=\"wp-block-columns is-layout-flex wp-container-core-columns-is-layout-9d6595d7 wp-block-columns-is-layout-flex\">\n<div class=\"wp-block-column is-layout-flow wp-block-column-is-layout-flow\">\n<figure class=\"wp-block-image size-full\"><img decoding=\"async\" src=\"https:\/\/swebalk.com\/wp-content\/uploads\/2023\/08\/01_330_plus_F_32f1b143c46447ec5c5eb3da126e082f.jpg\" alt=\"\" class=\"wp-image-931\"\/><\/figure>\n\n\n\n<div class=\"wp-block-columns is-layout-flex wp-container-core-columns-is-layout-9d6595d7 wp-block-columns-is-layout-flex\">\n<div class=\"wp-block-column is-layout-flow wp-block-column-is-layout-flow\">\n<figure class=\"wp-block-image size-full\"><img decoding=\"async\" src=\"https:\/\/swebalk.com\/wp-content\/uploads\/2023\/08\/image-23.png\" alt=\"\" class=\"wp-image-932\"\/><\/figure>\n<\/div>\n\n\n\n<div class=\"wp-block-column is-layout-flow wp-block-column-is-layout-flow\">\n<figure class=\"wp-block-image size-full\"><img decoding=\"async\" src=\"https:\/\/swebalk.com\/wp-content\/uploads\/2023\/08\/image-24.png\" alt=\"\" class=\"wp-image-933\"\/><\/figure>\n<\/div>\n\n\n\n<div class=\"wp-block-column is-layout-flow wp-block-column-is-layout-flow\">\n<figure class=\"wp-block-image size-full\"><img decoding=\"async\" src=\"https:\/\/swebalk.com\/wp-content\/uploads\/2023\/08\/image-25.png\" alt=\"\" class=\"wp-image-934\"\/><\/figure>\n<\/div>\n<\/div>\n<\/div>\n\n\n\n<div class=\"wp-block-column is-layout-flow wp-block-column-is-layout-flow\">\n<figure class=\"wp-block-table is-style-stripes has-small-font-size\"><table><tbody><tr><td>Motor effekt<\/td><td>400 V, 50 Hz, 3 kW<\/td><\/tr><tr><td>Motor effekt kylpump<\/td><td>400 V, 50 Hz, 0,12 kW<\/td><\/tr><tr><td>S\u00e5gbladetshastighet<\/td><td>15-90 m\/min.<\/td><\/tr><tr><td>Arbetsh\u00f6jd skruvstycke<\/td><td>945 mm<\/td><\/tr><tr><td>Kyltank<\/td><td>cca 35 l<\/td><\/tr><tr><td>Maskin dimension&nbsp;(min.) 330 F\/330 Plus F<\/td><td>2290\/2290 x 1360\/1360 x 1660\/1660 mm<\/td><\/tr><tr><td>Maskin dimension (max.) 330 F\/330 Plus F<\/td><td>2660\/2650 x 2040\/2040 x 2060\/2050 mm<\/td><\/tr><tr><td>Vikt 330 F\/330 Plus F<\/td><td>725\/835 kg<\/td><\/tr><\/tbody><\/table><\/figure>\n<\/div>\n<\/div>\n\n\n\n<figure class=\"wp-block-table\"><table><tbody><tr><td class=\"has-text-align-center\" data-align=\"center\"><strong>ARG 330<\/strong> <strong>F<\/strong><\/td><td><strong>90\u00b0<\/strong><\/td><td><strong>+45\u00b0<\/strong><\/td><td><strong>+60\u00b0<\/strong><\/td><\/tr><tr><td class=\"has-text-align-center\" data-align=\"center\"><img decoding=\"async\" src=\"https:\/\/www.pilous.cz\/user_uploads\/METAL\/Picto_tabulka\/01_kolo.jpg\" alt=\"\"><\/td><td>330<\/td><td>250<\/td><td>165<\/td><\/tr><tr><td class=\"has-text-align-center\" data-align=\"center\"><img decoding=\"async\" src=\"https:\/\/www.pilous.cz\/user_uploads\/METAL\/Picto_tabulka\/02_ctverec.jpg\" alt=\"\"><\/td><td>320<\/td><td>230<\/td><td>150<\/td><\/tr><tr><td class=\"has-text-align-center\" data-align=\"center\"><img decoding=\"async\" src=\"https:\/\/www.pilous.cz\/user_uploads\/METAL\/Picto_tabulka\/03_obdelnik.jpg\" alt=\"\"><\/td><td>400 x 200<\/td><td>250 x 170<\/td><td>150 x 150<\/td><\/tr><\/tbody><\/table><\/figure>\n\n\n\n<figure class=\"wp-block-table\"><table><tbody><tr><td class=\"has-text-align-center\" data-align=\"center\"><strong>ARG 330 Plus<\/strong> <strong>F<\/strong><\/td><td><strong>90\u00b0<\/strong><\/td><td><strong>-45\u00b0<\/strong><\/td><td><strong>+45\u00b0<\/strong><\/td><td><strong>+60\u00b0<\/strong><\/td><\/tr><tr><td class=\"has-text-align-center\" data-align=\"center\"><img decoding=\"async\" src=\"https:\/\/www.pilous.cz\/user_uploads\/METAL\/Picto_tabulka\/01_kolo.jpg\" alt=\"\"><\/td><td>330<\/td><td>240<\/td><td>250<\/td><td>165<\/td><\/tr><tr><td class=\"has-text-align-center\" data-align=\"center\"><img decoding=\"async\" src=\"https:\/\/www.pilous.cz\/user_uploads\/METAL\/Picto_tabulka\/02_ctverec.jpg\" alt=\"\"><\/td><td>220<\/td><td>200<\/td><td>230<\/td><td>150<\/td><\/tr><tr><td class=\"has-text-align-center\" data-align=\"center\"><img decoding=\"async\" src=\"https:\/\/www.pilous.cz\/user_uploads\/METAL\/Picto_tabulka\/03_obdelnik.jpg\" alt=\"\"><\/td><td>400 x 200<\/td><td>250 x 140<\/td><td>250 x 170<\/td><td>150 x 150<\/td><\/tr><\/tbody><\/table><\/figure>\n\n\n\n<p>Ett helt nytt, revolutionerande koncept av bands\u00e5garmsgjutning och en ny, unik design. Bands\u00e5garmens \u00e4r utformad s\u00e5 att den s\u00e4kerst\u00e4ller optimal stabilitet i sk\u00e4rningsprocessen. Den robusta bands\u00e5gen l\u00e4mpar sig generellt f\u00f6r mest kr\u00e4vande underh\u00e5llsverkstad.<\/p>\n\n\n\n<p>Gravitation bands\u00e5gar levereras med l\u00e4ngdanslag. S\u00e5gbygeln kan snabbt inst\u00e4llas f\u00f6r gering som l\u00e5ses mekaniskt. Skyddsk\u00e5pan f\u00f6r s\u00e5gbygeln \u00e4r f\u00f6rsedd med s\u00e4kerhetsbrytare. S\u00e5gbladet styrs upp via h\u00e5rdmetallplattor och kullager.<\/p>\n\n\n\n<p>Levereras komplett med motor \u2013 kapslingsklass IP 54, elektrisk kylv\u00e4tskepump, bands\u00e5gsblad med tandning 5\/8 eller 6\/10 och instruktionsbok. Maskinen \u00e4r \u00e4ven utrustad med frekvensomvandlare.<\/p>\n\n\n\n<p>Bands\u00e5garmslyftet \u00e4r manuellt; matningen till snittet utf\u00f6rs av armens vikt, med m\u00f6jlighet till kontinuerlig reglering av oljespj\u00e4llets avlastningsventil. N\u00e4r s\u00e5gningen \u00e4r klar st\u00e4ngs bands\u00e5gsdriften automatiskt av.<\/p>\n\n\n\n<p>Bands\u00e5gen finns i tv\u00e5 olika versioner. ARG 330 F och ARG 330 Plus F<\/p>\n\n\n\n<p>F\u00f6r mer info om produkten och tillbeh\u00f6r se produktblad eller kontakta oss<\/p>\n\n\n\n<div class=\"wp-block-buttons is-layout-flex wp-block-buttons-is-layout-flex\">\n<div class=\"wp-block-button has-custom-width wp-block-button__width-50\"><a class=\"wp-block-button__link has-white-color has-vivid-red-background-color has-text-color has-background wp-element-button\" href=\"https:\/\/swebalk.com\/wp-content\/uploads\/2023\/08\/arg-330-f-en.pdf\" target=\"_blank\" rel=\"noreferrer noopener\">Produktblad ARG 330 F<\/a><\/div>\n\n\n\n<div class=\"wp-block-button has-custom-width wp-block-button__width-50\"><a class=\"wp-block-button__link has-white-color has-vivid-red-background-color has-text-color has-background wp-element-button\" href=\"https:\/\/swebalk.com\/wp-content\/uploads\/2023\/08\/arg-330-plus-f-en.pdf\" target=\"_blank\" rel=\"noreferrer noopener\">Produktblad ARG 330 Plus F<\/a><\/div>\n<\/div>\n\n\n\n<figure class=\"wp-block-image size-full\"><img decoding=\"async\" src=\"https:\/\/swebalk.com\/wp-content\/uploads\/2023\/08\/image-133.png\" alt=\"\" class=\"wp-image-1526\"\/><\/figure>","protected":false},"excerpt":{"rendered":"<p>Art. ARG 330 F Art. ARG 330 Plus F Motor effekt 400 V, 50 Hz, 3 kW Motor effekt kylpump 400 V, 50 Hz, 0,12 kW S\u00e5gbladetshastighet 15-90 m\/min. Arbetsh\u00f6jd skruvstycke 945 mm Kyltank cca 35 l Maskin dimension&nbsp;(min.) 330 F\/330 Plus F 2290\/2290 x 1360\/1360 x 1660\/1660 mm Maskin dimension (max.) 330 F\/330 Plus [&hellip;]<\/p>\n","protected":false},"author":1,"featured_media":0,"parent":399,"menu_order":0,"comment_status":"closed","ping_status":"closed","template":"templates\/template-full.php","meta":{"_acf_changed":false,"footnotes":""},"class_list":["post-930","page","type-page","status-publish","hentry","post"],"acf":[],"_links":{"self":[{"href":"https:\/\/swebalk.com\/en\/wp-json\/wp\/v2\/pages\/930","targetHints":{"allow":["GET"]}}],"collection":[{"href":"https:\/\/swebalk.com\/en\/wp-json\/wp\/v2\/pages"}],"about":[{"href":"https:\/\/swebalk.com\/en\/wp-json\/wp\/v2\/types\/page"}],"author":[{"embeddable":true,"href":"https:\/\/swebalk.com\/en\/wp-json\/wp\/v2\/users\/1"}],"replies":[{"embeddable":true,"href":"https:\/\/swebalk.com\/en\/wp-json\/wp\/v2\/comments?post=930"}],"version-history":[{"count":3,"href":"https:\/\/swebalk.com\/en\/wp-json\/wp\/v2\/pages\/930\/revisions"}],"predecessor-version":[{"id":1527,"href":"https:\/\/swebalk.com\/en\/wp-json\/wp\/v2\/pages\/930\/revisions\/1527"}],"up":[{"embeddable":true,"href":"https:\/\/swebalk.com\/en\/wp-json\/wp\/v2\/pages\/399"}],"wp:attachment":[{"href":"https:\/\/swebalk.com\/en\/wp-json\/wp\/v2\/media?parent=930"}],"curies":[{"name":"wp","href":"https:\/\/api.w.org\/{rel}","templated":true}]}}