{"id":919,"date":"2023-08-21T17:33:15","date_gmt":"2023-08-21T17:33:15","guid":{"rendered":"https:\/\/swebalk.com\/?page_id=919"},"modified":"2023-09-03T14:52:06","modified_gmt":"2023-09-03T14:52:06","slug":"kallbandsag-pilous-arg-300-f-300-plus-f","status":"publish","type":"page","link":"https:\/\/swebalk.com\/en\/produkter\/skarandebearbetning\/sagning-kapning\/kallbandsag-pilous-arg-300-f-300-plus-f\/","title":{"rendered":"Kallbands\u00e5g Pilous ARG 300 F\/300 Plus F"},"content":{"rendered":"<figure class=\"wp-block-table is-style-stripes\"><table><tbody><tr><td>Art. ARG 300 F<\/td><td>Art. ARG 300 Plus F<\/td><\/tr><\/tbody><\/table><\/figure>\n\n\n\n<div class=\"wp-block-columns is-layout-flex wp-container-core-columns-is-layout-9d6595d7 wp-block-columns-is-layout-flex\">\n<div class=\"wp-block-column is-layout-flow wp-block-column-is-layout-flow\">\n<figure class=\"wp-block-image size-full\"><a href=\"https:\/\/swebalk.com\/wp-content\/uploads\/2023\/08\/01_300_F_02f7a4fc50901d41e8e4598ac01184f5.jpg\"><img decoding=\"async\" src=\"https:\/\/swebalk.com\/wp-content\/uploads\/2023\/08\/01_300_F_02f7a4fc50901d41e8e4598ac01184f5.jpg\" alt=\"\" class=\"wp-image-920\"\/><\/a><\/figure>\n\n\n\n<div class=\"wp-block-columns is-layout-flex wp-container-core-columns-is-layout-9d6595d7 wp-block-columns-is-layout-flex\">\n<div class=\"wp-block-column is-layout-flow wp-block-column-is-layout-flow\">\n<figure class=\"wp-block-image size-full\"><a href=\"https:\/\/swebalk.com\/wp-content\/uploads\/2023\/08\/image-17.png\"><img decoding=\"async\" src=\"https:\/\/swebalk.com\/wp-content\/uploads\/2023\/08\/image-17.png\" alt=\"\" class=\"wp-image-921\"\/><\/a><\/figure>\n<\/div>\n\n\n\n<div class=\"wp-block-column is-layout-flow wp-block-column-is-layout-flow\">\n<figure class=\"wp-block-image size-full\"><a href=\"https:\/\/swebalk.com\/wp-content\/uploads\/2023\/08\/image-18.png\"><img decoding=\"async\" src=\"https:\/\/swebalk.com\/wp-content\/uploads\/2023\/08\/image-18.png\" alt=\"\" class=\"wp-image-922\"\/><\/a><\/figure>\n<\/div>\n\n\n\n<div class=\"wp-block-column is-layout-flow wp-block-column-is-layout-flow\">\n<figure class=\"wp-block-image size-full\"><a href=\"https:\/\/swebalk.com\/wp-content\/uploads\/2023\/08\/image-21.png\"><img decoding=\"async\" src=\"https:\/\/swebalk.com\/wp-content\/uploads\/2023\/08\/image-21.png\" alt=\"\" class=\"wp-image-925\"\/><\/a><\/figure>\n<\/div>\n<\/div>\n<\/div>\n\n\n\n<div class=\"wp-block-column is-layout-flow wp-block-column-is-layout-flow\">\n<figure class=\"wp-block-table is-style-stripes has-small-font-size\"><table><tbody><tr><td>Motor effekt<\/td><td>400 V, 50 Hz, 2,2 kW<\/td><\/tr><tr><td>Motor effekt kylpump<\/td><td>400 V, 50 Hz, 0,05 kW<\/td><\/tr><tr><td>S\u00e5gbladetshastighet<\/td><td>15-90 m\/min.<\/td><\/tr><tr><td>Arbetsh\u00f6jd skruvstycke<\/td><td>910 mm<\/td><\/tr><tr><td>Kyltank<\/td><td>cca 15 l<\/td><\/tr><tr><td>Maskin dimension&nbsp;(min.) 300 F\/300 Plus F<\/td><td>1760\/1740 x 890\/950 x 1560\/1560 mm<\/td><\/tr><tr><td>Maskin dimension (max.) 300 F\/300 Plus F<\/td><td>2180\/2180 x 1660\/1870 x 2030\/2050 mm<\/td><\/tr><tr><td>Vikt 300 F\/300 Plus F<\/td><td>455\/625 kg<\/td><\/tr><\/tbody><\/table><\/figure>\n<\/div>\n<\/div>\n\n\n\n<figure class=\"wp-block-table\"><table><tbody><tr><td class=\"has-text-align-center\" data-align=\"center\"><strong>ARG 300<\/strong> <strong>F<\/strong><\/td><td><strong>90\u00b0<\/strong><\/td><td><strong>+45\u00b0<\/strong><\/td><td><strong>+60\u00b0<\/strong><\/td><\/tr><tr><td class=\"has-text-align-center\" data-align=\"center\"><img decoding=\"async\" src=\"https:\/\/www.pilous.cz\/user_uploads\/METAL\/Picto_tabulka\/01_kolo.jpg\" alt=\"\"><\/td><td>300<\/td><td>240<\/td><td>155<\/td><\/tr><tr><td class=\"has-text-align-center\" data-align=\"center\"><img decoding=\"async\" src=\"https:\/\/www.pilous.cz\/user_uploads\/METAL\/Picto_tabulka\/02_ctverec.jpg\" alt=\"\"><\/td><td>290<\/td><td>225<\/td><td>150<\/td><\/tr><tr><td class=\"has-text-align-center\" data-align=\"center\"><img decoding=\"async\" src=\"https:\/\/www.pilous.cz\/user_uploads\/METAL\/Picto_tabulka\/03_obdelnik.jpg\" alt=\"\"><\/td><td>375 x 190<\/td><td>240 x 160<\/td><td>150 x 150<\/td><\/tr><\/tbody><\/table><\/figure>\n\n\n\n<figure class=\"wp-block-table\"><table><tbody><tr><td class=\"has-text-align-center\" data-align=\"center\"><strong>ARG 300 Plus<\/strong> <strong>F<\/strong><\/td><td><strong>90\u00b0<\/strong><\/td><td><strong>-45\u00b0<\/strong><\/td><td><strong>+45\u00b0<\/strong><\/td><td><strong>+60\u00b0<\/strong><\/td><\/tr><tr><td class=\"has-text-align-center\" data-align=\"center\"><img decoding=\"async\" src=\"https:\/\/www.pilous.cz\/user_uploads\/METAL\/Picto_tabulka\/01_kolo.jpg\" alt=\"\"><\/td><td>300<\/td><td>220<\/td><td>240<\/td><td>155<\/td><\/tr><tr><td class=\"has-text-align-center\" data-align=\"center\"><img decoding=\"async\" src=\"https:\/\/www.pilous.cz\/user_uploads\/METAL\/Picto_tabulka\/02_ctverec.jpg\" alt=\"\"><\/td><td>290<\/td><td>195<\/td><td>225<\/td><td>150<\/td><\/tr><tr><td class=\"has-text-align-center\" data-align=\"center\"><img decoding=\"async\" src=\"https:\/\/www.pilous.cz\/user_uploads\/METAL\/Picto_tabulka\/03_obdelnik.jpg\" alt=\"\"><\/td><td>375 x 190<\/td><td>240 x 100<\/td><td>240 x 160<\/td><td>150 x 150<\/td><\/tr><\/tbody><\/table><\/figure>\n\n\n\n<p>En universell och robust bands\u00e5g avsedd f\u00f6r underh\u00e5llsverkst\u00e4der, skolor och liknande. Gravitation bands\u00e5gar levereras med l\u00e4ngdanslag. S\u00e5gbygeln kan snabbt inst\u00e4llas f\u00f6r gering som l\u00e5ses mekaniskt. Skyddsk\u00e5pan f\u00f6r s\u00e5gbygeln \u00e4r f\u00f6rsedd med s\u00e4kerhetsbrytare. S\u00e5gbladet styrs upp via h\u00e5rdmetallplattor och kullager.<\/p>\n\n\n\n<p>Levereras komplett med motor \u2013 kapslingsklass IP 54, elektrisk kylv\u00e4tskepump, bands\u00e5gsblad med tandning 5\/8 eller 6\/10 och instruktionsbok. Maskinen \u00e4r \u00e4ven utrustad med frekvensomvandlare.<\/p>\n\n\n\n<p>Bands\u00e5garmslyftet \u00e4r manuellt; matningen till snittet utf\u00f6rs av armens vikt, med m\u00f6jlighet till kontinuerlig reglering av oljespj\u00e4llets avlastningsventil. N\u00e4r s\u00e5gningen \u00e4r klar st\u00e4ngs bands\u00e5gsdriften automatiskt av.<\/p>\n\n\n\n<p>Bands\u00e5gen finns i tv\u00e5 olika versioner. ARG 300 F och ARG 300 Plus F.<\/p>\n\n\n\n<p>F\u00f6r mer info om produkten och tillbeh\u00f6r se produktblad eller kontakta oss.<\/p>\n\n\n\n<div class=\"wp-block-buttons is-layout-flex wp-block-buttons-is-layout-flex\">\n<div class=\"wp-block-button\"><a class=\"wp-block-button__link has-white-color has-vivid-red-background-color has-text-color has-background wp-element-button\" href=\"https:\/\/swebalk.com\/wp-content\/uploads\/2023\/08\/arg-300-f-en.pdf\" target=\"_blank\" rel=\"noreferrer noopener\">Produktblad ARG 300 F<\/a><\/div>\n\n\n\n<div class=\"wp-block-button\"><a class=\"wp-block-button__link has-white-color has-vivid-red-background-color has-text-color has-background wp-element-button\" href=\"https:\/\/swebalk.com\/wp-content\/uploads\/2023\/08\/arg-300-plus-f-en.pdf\" target=\"_blank\" rel=\"noreferrer noopener\">Produktblad ARG 300 Plus F<\/a><\/div>\n<\/div>\n\n\n\n<p><img decoding=\"async\" src=\"https:\/\/swebalk.com\/wp-content\/uploads\/2023\/08\/image-20.png\" alt=\"Denna bild har ett alt-attribut som \u00e4r tomt. Dess filnamn \u00e4r image-20.png\"><\/p>","protected":false},"excerpt":{"rendered":"<p>Art. ARG 300 F Art. ARG 300 Plus F Motor effekt 400 V, 50 Hz, 2,2 kW Motor effekt kylpump 400 V, 50 Hz, 0,05 kW S\u00e5gbladetshastighet 15-90 m\/min. Arbetsh\u00f6jd skruvstycke 910 mm Kyltank cca 15 l Maskin dimension&nbsp;(min.) 300 F\/300 Plus F 1760\/1740 x 890\/950 x 1560\/1560 mm Maskin dimension (max.) 300 F\/300 Plus [&hellip;]<\/p>\n","protected":false},"author":1,"featured_media":0,"parent":399,"menu_order":0,"comment_status":"closed","ping_status":"closed","template":"templates\/template-full.php","meta":{"_acf_changed":false,"footnotes":""},"class_list":["post-919","page","type-page","status-publish","hentry","post"],"acf":[],"_links":{"self":[{"href":"https:\/\/swebalk.com\/en\/wp-json\/wp\/v2\/pages\/919","targetHints":{"allow":["GET"]}}],"collection":[{"href":"https:\/\/swebalk.com\/en\/wp-json\/wp\/v2\/pages"}],"about":[{"href":"https:\/\/swebalk.com\/en\/wp-json\/wp\/v2\/types\/page"}],"author":[{"embeddable":true,"href":"https:\/\/swebalk.com\/en\/wp-json\/wp\/v2\/users\/1"}],"replies":[{"embeddable":true,"href":"https:\/\/swebalk.com\/en\/wp-json\/wp\/v2\/comments?post=919"}],"version-history":[{"count":5,"href":"https:\/\/swebalk.com\/en\/wp-json\/wp\/v2\/pages\/919\/revisions"}],"predecessor-version":[{"id":1961,"href":"https:\/\/swebalk.com\/en\/wp-json\/wp\/v2\/pages\/919\/revisions\/1961"}],"up":[{"embeddable":true,"href":"https:\/\/swebalk.com\/en\/wp-json\/wp\/v2\/pages\/399"}],"wp:attachment":[{"href":"https:\/\/swebalk.com\/en\/wp-json\/wp\/v2\/media?parent=919"}],"curies":[{"name":"wp","href":"https:\/\/api.w.org\/{rel}","templated":true}]}}