{"id":894,"date":"2023-08-21T15:17:19","date_gmt":"2023-08-21T15:17:19","guid":{"rendered":"https:\/\/swebalk.com\/?page_id=894"},"modified":"2023-08-30T07:58:53","modified_gmt":"2023-08-30T07:58:53","slug":"kallbandsag-pilous-arg-235-235-plus","status":"publish","type":"page","link":"https:\/\/swebalk.com\/en\/produkter\/skarandebearbetning\/sagning-kapning\/kallbandsag-pilous-arg-235-235-plus\/","title":{"rendered":"Kallbands\u00e5g Pilous ARG 235\/235 Plus"},"content":{"rendered":"<figure class=\"wp-block-table is-style-stripes\"><table><tbody><tr><td>Art. ARG 235<\/td><td>Art. ARG 235 Plus<\/td><\/tr><\/tbody><\/table><\/figure>\n\n\n\n<div class=\"wp-block-columns is-layout-flex wp-container-core-columns-is-layout-9d6595d7 wp-block-columns-is-layout-flex\">\n<div class=\"wp-block-column is-layout-flow wp-block-column-is-layout-flow\">\n<figure class=\"wp-block-image size-full\"><img decoding=\"async\" src=\"https:\/\/swebalk.com\/wp-content\/uploads\/2023\/08\/01_235_plus_75b5a24e5f486761217da96ced9a3ecd.png\" alt=\"\" class=\"wp-image-895\"\/><\/figure>\n\n\n\n<div class=\"wp-block-columns is-layout-flex wp-container-core-columns-is-layout-9d6595d7 wp-block-columns-is-layout-flex\">\n<div class=\"wp-block-column is-layout-flow wp-block-column-is-layout-flow\">\n<figure class=\"wp-block-image size-full\"><img decoding=\"async\" src=\"https:\/\/swebalk.com\/wp-content\/uploads\/2023\/08\/03_235_plus_levo_78c28efd2732279704900e346e89b381.jpg\" alt=\"\" class=\"wp-image-896\"\/><\/figure>\n<\/div>\n\n\n\n<div class=\"wp-block-column is-layout-flow wp-block-column-is-layout-flow\">\n<figure class=\"wp-block-image size-full\"><img decoding=\"async\" src=\"https:\/\/swebalk.com\/wp-content\/uploads\/2023\/08\/07_235_plus_stul_012d2f34533fc47121084afaa0189cc6.jpg\" alt=\"\" class=\"wp-image-897\"\/><\/figure>\n<\/div>\n\n\n\n<div class=\"wp-block-column is-layout-flow wp-block-column-is-layout-flow\">\n<figure class=\"wp-block-image size-full\"><img decoding=\"async\" src=\"https:\/\/swebalk.com\/wp-content\/uploads\/2023\/08\/image-12.png\" alt=\"\" class=\"wp-image-900\"\/><\/figure>\n<\/div>\n<\/div>\n<\/div>\n\n\n\n<div class=\"wp-block-column is-layout-flow wp-block-column-is-layout-flow\">\n<figure class=\"wp-block-table is-style-stripes has-small-font-size\"><table><tbody><tr><td>Motor effekt<\/td><td>400 V, 50 Hz, 0,9\/1,4 kW<\/td><\/tr><tr><td>Motor effekt kylpump<\/td><td>400 V, 50 Hz, 0,05 kW<\/td><\/tr><tr><td>S\u00e5gbladetshastighet<\/td><td>35\/70 m\/min.<\/td><\/tr><tr><td>Arbetsh\u00f6jd skruvstycke<\/td><td>900 mm<\/td><\/tr><tr><td>Kyltank<\/td><td>cca 15 l<\/td><\/tr><tr><td>Maskin dimension&nbsp;(min.) 235\/235 Plus<\/td><td>1680\/1640 x 750\/750 x 1400 mm<\/td><\/tr><tr><td>Maskin dimension (max.) 235\/235 Plus<\/td><td>1870\/1930 x 1300\/1610 x 2000 mm<\/td><\/tr><tr><td>Vikt 235\/235 Plus<\/td><td>285\/295 kg<\/td><\/tr><\/tbody><\/table><\/figure>\n<\/div>\n<\/div>\n\n\n\n<figure class=\"wp-block-table\"><table><tbody><tr><td class=\"has-text-align-center\" data-align=\"center\"><strong>ARG 235<\/strong><\/td><td><strong>90\u00b0<\/strong><\/td><td><strong>+45\u00b0<\/strong><\/td><td><strong>+60\u00b0<\/strong><\/td><\/tr><tr><td class=\"has-text-align-center\" data-align=\"center\"><img decoding=\"async\" alt=\"\" src=\"https:\/\/www.pilous.cz\/user_uploads\/METAL\/Picto_tabulka\/01_kolo.jpg\"><\/td><td>235<\/td><td>185<\/td><td>115<\/td><\/tr><tr><td class=\"has-text-align-center\" data-align=\"center\"><img decoding=\"async\" alt=\"\" src=\"https:\/\/www.pilous.cz\/user_uploads\/METAL\/Picto_tabulka\/02_ctverec.jpg\"><\/td><td>230<\/td><td>160<\/td><td>80<\/td><\/tr><tr><td class=\"has-text-align-center\" data-align=\"center\"><img decoding=\"async\" alt=\"\" src=\"https:\/\/www.pilous.cz\/user_uploads\/METAL\/Picto_tabulka\/03_obdelnik.jpg\"><\/td><td>280 x 180<\/td><td>185 x 100<\/td><td>115 x 80<\/td><\/tr><\/tbody><\/table><\/figure>\n\n\n\n<figure class=\"wp-block-table\"><table><tbody><tr><td class=\"has-text-align-center\" data-align=\"center\"><strong>ARG 235 Plus<\/strong><\/td><td><strong>90\u00b0<\/strong><\/td><td><strong>-45\u00b0<\/strong><\/td><td><strong>+45\u00b0<\/strong><\/td><td><strong>+60\u00b0<\/strong><\/td><\/tr><tr><td class=\"has-text-align-center\" data-align=\"center\"><img decoding=\"async\" alt=\"\" src=\"https:\/\/www.pilous.cz\/user_uploads\/METAL\/Picto_tabulka\/01_kolo.jpg\"><\/td><td>235<\/td><td>165<\/td><td>185<\/td><td>115<\/td><\/tr><tr><td class=\"has-text-align-center\" data-align=\"center\"><img decoding=\"async\" alt=\"\" src=\"https:\/\/www.pilous.cz\/user_uploads\/METAL\/Picto_tabulka\/02_ctverec.jpg\"><\/td><td>230<\/td><td>145<\/td><td>160<\/td><td>80<\/td><\/tr><tr><td class=\"has-text-align-center\" data-align=\"center\"><img decoding=\"async\" alt=\"\" src=\"https:\/\/www.pilous.cz\/user_uploads\/METAL\/Picto_tabulka\/03_obdelnik.jpg\"><\/td><td>280 x 180<\/td><td>185 x 80<\/td><td>185 x 100<\/td><td>115 x 80<\/td><\/tr><\/tbody><\/table><\/figure>\n\n\n\n<p>Uppgraderad version av den historiskt b\u00e4sts\u00e4ljande modellserien ARG 220 med helt nytt skulderblad och unik design.<\/p>\n\n\n\n<p>Bands\u00e5gen finns i tv\u00e5 versioner. ARG 235 och ARG 235 Plus<\/p>\n\n\n\n<p>Det uppdaterade konceptet f\u00f6r den gjutna armen garanterar enast\u00e5ende stabilitet och maximal noggrannhet under kapning och l\u00e5ng livsl\u00e4ngd f\u00f6r s\u00e5gklingorna. Alla elektriska och kylv\u00e4tskan ledningar \u00e4r dolda i bands\u00e5gens arm, vilket inneb\u00e4r att de \u00e4r skyddade fr\u00e5n skador. Det nya konceptet med armen medf\u00f6r ocks\u00e5 en stor f\u00f6renkling vid byte av s\u00e5gblad eller vid reng\u00f6ring av insidan av armen. F\u00f6rutom den nya bands\u00e5garmsdesignen finns det m\u00e5nga tekniska justeringar som f\u00f6rb\u00e4ttrar anv\u00e4ndarkomforten s\u00e5v\u00e4l som maskinens kvalitet och h\u00e5llbarhet. Som tillbeh\u00f6r \u00e4r det m\u00f6jligt att anv\u00e4nda s\u00e5gbladets reng\u00f6ringsborste som drivs synkront av drivhjulet.<\/p>\n\n\n\n<p>Bands\u00e5garmslyftet \u00e4r manuellt; matningen till snittet utf\u00f6rs av armens vikt, med m\u00f6jlighet till kontinuerlig reglering av oljespj\u00e4llets avlastningsventil. N\u00e4r s\u00e5gningen \u00e4r klar st\u00e4ngs bands\u00e5gsdriften automatiskt av.<\/p>\n\n\n\n<p>F\u00f6r mer info om produkten och tillbeh\u00f6r se produktblad eller kontakta oss<\/p>\n\n\n\n<div class=\"wp-block-buttons is-layout-flex wp-block-buttons-is-layout-flex\">\n<div class=\"wp-block-button\"><a class=\"wp-block-button__link has-white-color has-vivid-red-background-color has-text-color has-background wp-element-button\" href=\"https:\/\/swebalk.com\/wp-content\/uploads\/2023\/08\/arg-235-en.pdf\" target=\"_blank\" rel=\"noreferrer noopener\">Produktblad ARG 235<\/a><\/div>\n\n\n\n<div class=\"wp-block-button\"><a class=\"wp-block-button__link has-white-color has-vivid-red-background-color has-text-color has-background wp-element-button\" href=\"https:\/\/swebalk.com\/wp-content\/uploads\/2023\/08\/arg-235-en.pdf\" target=\"_blank\" rel=\"noreferrer noopener\">Produktblad ARG 235 Plus<\/a><\/div>\n<\/div>\n\n\n\n<p>F\u00f6rslag p\u00e5 passande rullbanor<\/p>\n\n\n\n<figure class=\"wp-block-image size-full\"><img decoding=\"async\" src=\"https:\/\/swebalk.com\/wp-content\/uploads\/2023\/08\/235_plus_dopr2021.jpg\" alt=\"\" class=\"wp-image-901\"\/><\/figure>","protected":false},"excerpt":{"rendered":"<p>Art. ARG 235 Art. ARG 235 Plus Motor effekt 400 V, 50 Hz, 0,9\/1,4 kW Motor effekt kylpump 400 V, 50 Hz, 0,05 kW S\u00e5gbladetshastighet 35\/70 m\/min. Arbetsh\u00f6jd skruvstycke 900 mm Kyltank cca 15 l Maskin dimension&nbsp;(min.) 235\/235 Plus 1680\/1640 x 750\/750 x 1400 mm Maskin dimension (max.) 235\/235 Plus 1870\/1930 x 1300\/1610 x 2000 [&hellip;]<\/p>\n","protected":false},"author":1,"featured_media":0,"parent":399,"menu_order":0,"comment_status":"closed","ping_status":"closed","template":"templates\/template-full.php","meta":{"_acf_changed":false,"footnotes":""},"class_list":["post-894","page","type-page","status-publish","hentry","post"],"acf":[],"_links":{"self":[{"href":"https:\/\/swebalk.com\/en\/wp-json\/wp\/v2\/pages\/894","targetHints":{"allow":["GET"]}}],"collection":[{"href":"https:\/\/swebalk.com\/en\/wp-json\/wp\/v2\/pages"}],"about":[{"href":"https:\/\/swebalk.com\/en\/wp-json\/wp\/v2\/types\/page"}],"author":[{"embeddable":true,"href":"https:\/\/swebalk.com\/en\/wp-json\/wp\/v2\/users\/1"}],"replies":[{"embeddable":true,"href":"https:\/\/swebalk.com\/en\/wp-json\/wp\/v2\/comments?post=894"}],"version-history":[{"count":4,"href":"https:\/\/swebalk.com\/en\/wp-json\/wp\/v2\/pages\/894\/revisions"}],"predecessor-version":[{"id":1776,"href":"https:\/\/swebalk.com\/en\/wp-json\/wp\/v2\/pages\/894\/revisions\/1776"}],"up":[{"embeddable":true,"href":"https:\/\/swebalk.com\/en\/wp-json\/wp\/v2\/pages\/399"}],"wp:attachment":[{"href":"https:\/\/swebalk.com\/en\/wp-json\/wp\/v2\/media?parent=894"}],"curies":[{"name":"wp","href":"https:\/\/api.w.org\/{rel}","templated":true}]}}