{"id":878,"date":"2023-08-21T14:06:38","date_gmt":"2023-08-21T14:06:38","guid":{"rendered":"https:\/\/swebalk.com\/?page_id=878"},"modified":"2023-08-30T17:31:00","modified_gmt":"2023-08-30T17:31:00","slug":"kallbandsag-pilous-arg-200-plus","status":"publish","type":"page","link":"https:\/\/swebalk.com\/en\/produkter\/skarandebearbetning\/sagning-kapning\/kallbandsag-pilous-arg-200-plus\/","title":{"rendered":"Kallbands\u00e5g Pilous ARG 200 plus"},"content":{"rendered":"<p>Art. ARG 200 Plus<\/p>\n\n\n\n<div class=\"wp-block-columns is-layout-flex wp-container-core-columns-is-layout-9d6595d7 wp-block-columns-is-layout-flex\">\n<div class=\"wp-block-column is-layout-flow wp-block-column-is-layout-flow\">\n<figure class=\"wp-block-image size-full\"><img decoding=\"async\" src=\"https:\/\/swebalk.com\/wp-content\/uploads\/2023\/08\/01_200_plus_84830f146816178db874231a20d04e18.png\" alt=\"\" class=\"wp-image-888\"\/><\/figure>\n\n\n\n<div class=\"wp-block-columns is-layout-flex wp-container-core-columns-is-layout-9d6595d7 wp-block-columns-is-layout-flex\">\n<div class=\"wp-block-column is-layout-flow wp-block-column-is-layout-flow\">\n<figure class=\"wp-block-image size-full\"><img decoding=\"async\" src=\"https:\/\/swebalk.com\/wp-content\/uploads\/2023\/08\/image-6.png\" alt=\"\" class=\"wp-image-881\"\/><\/figure>\n<\/div>\n\n\n\n<div class=\"wp-block-column is-layout-flow wp-block-column-is-layout-flow\">\n<figure class=\"wp-block-image size-full\"><img decoding=\"async\" src=\"https:\/\/swebalk.com\/wp-content\/uploads\/2023\/08\/image-7.png\" alt=\"\" class=\"wp-image-882\"\/><\/figure>\n<\/div>\n\n\n\n<div class=\"wp-block-column is-layout-flow wp-block-column-is-layout-flow\">\n<figure class=\"wp-block-image size-full\"><img decoding=\"async\" src=\"https:\/\/swebalk.com\/wp-content\/uploads\/2023\/08\/image-8.png\" alt=\"\" class=\"wp-image-883\"\/><\/figure>\n<\/div>\n<\/div>\n<\/div>\n\n\n\n<div class=\"wp-block-column is-layout-flow wp-block-column-is-layout-flow\">\n<figure class=\"wp-block-table is-style-stripes has-small-font-size\"><table><tbody><tr><td>Motor effekt<\/td><td>400 V, 50 Hz, 0,75\/0,95 kW<\/td><\/tr><tr><td>Motor kylv\u00e4tske pump<\/td><td>400 V, 50 Hz, 0,05 kW<\/td><\/tr><tr><td>S\u00e5gbladetshastighet<\/td><td>35\/70 m\/min.<\/td><\/tr><tr><td>Arbetsh\u00f6jd skruvstycke<\/td><td>900 mm<\/td><\/tr><tr><td>Kyltank<\/td><td>cca 15 l<\/td><\/tr><tr><td>Maskin dimension (min.)<\/td><td>1430 x 750 x 1400 mm<\/td><\/tr><tr><td>Maskin dimension (max.)<\/td><td>1450 x 1280 x 1980 mm<\/td><\/tr><tr><td>Vikt<\/td><td>245 kg<\/td><\/tr><\/tbody><\/table><\/figure>\n<\/div>\n<\/div>\n\n\n\n<figure class=\"wp-block-table\"><table><tbody><tr><td class=\"has-text-align-center\" data-align=\"center\"><\/td><td><strong>90\u00b0<\/strong><\/td><td><strong>-45\u00b0<\/strong><\/td><td><strong>+45\u00b0<\/strong><\/td><td><strong>+60\u00b0<\/strong><\/td><\/tr><tr><td class=\"has-text-align-center\" data-align=\"center\"><img decoding=\"async\" alt=\"\" src=\"https:\/\/www.pilous.cz\/user_uploads\/METAL\/Picto_tabulka\/01_kolo.jpg\"><\/td><td>200<\/td><td>135<\/td><td>155<\/td><td>95<\/td><\/tr><tr><td class=\"has-text-align-center\" data-align=\"center\"><img decoding=\"async\" alt=\"\" src=\"https:\/\/www.pilous.cz\/user_uploads\/METAL\/Picto_tabulka\/02_ctverec.jpg\"><\/td><td>200<\/td><td>115<\/td><td>130<\/td><td>65<\/td><\/tr><tr><td class=\"has-text-align-center\" data-align=\"center\"><img decoding=\"async\" alt=\"\" src=\"https:\/\/www.pilous.cz\/user_uploads\/METAL\/Picto_tabulka\/03_obdelnik.jpg\"><\/td><td>250 x 140<\/td><td>150 x 70<\/td><td>160 x 125<\/td><td>100 x 60<\/td><\/tr><\/tbody><\/table><\/figure>\n\n\n\n<p>Bands\u00e5g armen lyftets manuellt; matningen till snittet utf\u00f6rs av armens vikt, med m\u00f6jlighet till kontinuerlig reglering av oljespj\u00e4llets avlastningsventil. N\u00e4r s\u00e5gningen \u00e4r klar st\u00e4ngs bands\u00e5gsdriften automatiskt av. F\u00f6r att underl\u00e4tta armlyftningen \u00e4r maskinen utrustad med justerbara dragfj\u00e4drar som m\u00f6jligg\u00f6r inst\u00e4llning av den optimala kraften som kr\u00e4vs f\u00f6r armlyftningen i enlighet med egenskaperna hos materialet som ska sk\u00e4ras.<\/p>\n\n\n\n<p>Skruvsystemet m\u00f6jligg\u00f6r att sk\u00e4rvinkeln kan st\u00e4llas inom intervallen 60\u00b0 till h\u00f6ger och 45\u00b0 till v\u00e4nster. Vrid bordet roterar tillsammans med s\u00e5gbandet. Tack vare det sk\u00e4r inte s\u00e5gbladet in i skruvstyckets sp\u00e4nnyta.<\/p>\n\n\n\n<p>Bands\u00e5gen \u00e4r utrustad med 250mm material stopp.<\/p>\n\n\n\n<p>Bands\u00e5gen kan p\u00e5 beg\u00e4ran levereras med passande in- och\/eller utmatnings rullbanor.<\/p>\n\n\n\n<p>F\u00f6r mer info om produkten och eventuell utrustnings tillval se produktblad.<\/p>\n\n\n\n<div class=\"wp-block-buttons is-layout-flex wp-block-buttons-is-layout-flex\">\n<div class=\"wp-block-button\"><a class=\"wp-block-button__link has-white-color has-vivid-red-background-color has-text-color has-background wp-element-button\" href=\"https:\/\/swebalk.com\/wp-content\/uploads\/2023\/08\/arg-200-plus-en.pdf\" target=\"_blank\" rel=\"noreferrer noopener\">Produktblad ARG 200 Plus<\/a><\/div>\n<\/div>\n\n\n\n<p>F\u00f6rslag p\u00e5 passande rullbanor<\/p>\n\n\n\n<figure class=\"wp-block-image size-full\"><img decoding=\"async\" src=\"https:\/\/swebalk.com\/wp-content\/uploads\/2023\/08\/image-9.png\" alt=\"\" class=\"wp-image-884\"\/><\/figure>","protected":false},"excerpt":{"rendered":"<p>Art. ARG 200 Plus Motor effekt 400 V, 50 Hz, 0,75\/0,95 kW Motor kylv\u00e4tske pump 400 V, 50 Hz, 0,05 kW S\u00e5gbladetshastighet 35\/70 m\/min. Arbetsh\u00f6jd skruvstycke 900 mm Kyltank cca 15 l Maskin dimension (min.) 1430 x 750 x 1400 mm Maskin dimension (max.) 1450 x 1280 x 1980 mm Vikt 245 kg 90\u00b0 -45\u00b0 [&hellip;]<\/p>\n","protected":false},"author":1,"featured_media":0,"parent":399,"menu_order":0,"comment_status":"closed","ping_status":"closed","template":"templates\/template-full.php","meta":{"_acf_changed":false,"footnotes":""},"class_list":["post-878","page","type-page","status-publish","hentry","post"],"acf":[],"_links":{"self":[{"href":"https:\/\/swebalk.com\/en\/wp-json\/wp\/v2\/pages\/878","targetHints":{"allow":["GET"]}}],"collection":[{"href":"https:\/\/swebalk.com\/en\/wp-json\/wp\/v2\/pages"}],"about":[{"href":"https:\/\/swebalk.com\/en\/wp-json\/wp\/v2\/types\/page"}],"author":[{"embeddable":true,"href":"https:\/\/swebalk.com\/en\/wp-json\/wp\/v2\/users\/1"}],"replies":[{"embeddable":true,"href":"https:\/\/swebalk.com\/en\/wp-json\/wp\/v2\/comments?post=878"}],"version-history":[{"count":4,"href":"https:\/\/swebalk.com\/en\/wp-json\/wp\/v2\/pages\/878\/revisions"}],"predecessor-version":[{"id":1922,"href":"https:\/\/swebalk.com\/en\/wp-json\/wp\/v2\/pages\/878\/revisions\/1922"}],"up":[{"embeddable":true,"href":"https:\/\/swebalk.com\/en\/wp-json\/wp\/v2\/pages\/399"}],"wp:attachment":[{"href":"https:\/\/swebalk.com\/en\/wp-json\/wp\/v2\/media?parent=878"}],"curies":[{"name":"wp","href":"https:\/\/api.w.org\/{rel}","templated":true}]}}