{"id":851,"date":"2023-08-21T13:07:11","date_gmt":"2023-08-21T13:07:11","guid":{"rendered":"https:\/\/swebalk.com\/?page_id=851"},"modified":"2023-08-30T17:28:19","modified_gmt":"2023-08-30T17:28:19","slug":"kallbandsag-pilous-arg-130-super-k","status":"publish","type":"page","link":"https:\/\/swebalk.com\/en\/produkter\/skarandebearbetning\/sagning-kapning\/kallbandsag-pilous-arg-130-super-k\/","title":{"rendered":"Kallbands\u00e5g Pilous ARG 130 super \/ TK \/ K"},"content":{"rendered":"<div class=\"wp-block-columns is-layout-flex wp-container-core-columns-is-layout-9d6595d7 wp-block-columns-is-layout-flex\">\n<div class=\"wp-block-column is-layout-flow wp-block-column-is-layout-flow\">\n<figure class=\"wp-block-gallery has-nested-images columns-default is-cropped wp-block-gallery-1 is-layout-flex wp-block-gallery-is-layout-flex\">\n<figure class=\"wp-block-image size-full\"><img decoding=\"async\" data-id=\"856\" src=\"https:\/\/swebalk.com\/wp-content\/uploads\/2023\/08\/05_130_1c35a8998cb48b0071703564ddf7bd88-1.png\" alt=\"\" class=\"wp-image-856\"\/><\/figure>\n<\/figure>\n\n\n\n<div class=\"wp-block-columns is-layout-flex wp-container-core-columns-is-layout-9d6595d7 wp-block-columns-is-layout-flex\">\n<div class=\"wp-block-column is-layout-flow wp-block-column-is-layout-flow\">\n<figure class=\"wp-block-image size-full\"><img decoding=\"async\" src=\"https:\/\/swebalk.com\/wp-content\/uploads\/2023\/08\/image.png\" alt=\"\" class=\"wp-image-857\"\/><\/figure>\n<\/div>\n\n\n\n<div class=\"wp-block-column is-layout-flow wp-block-column-is-layout-flow\">\n<figure class=\"wp-block-image size-full\"><img decoding=\"async\" src=\"https:\/\/swebalk.com\/wp-content\/uploads\/2023\/08\/image-4.png\" alt=\"\" class=\"wp-image-859\"\/><\/figure>\n<\/div>\n\n\n\n<div class=\"wp-block-column is-layout-flow wp-block-column-is-layout-flow\">\n<figure class=\"wp-block-image size-full\"><img decoding=\"async\" src=\"https:\/\/swebalk.com\/wp-content\/uploads\/2023\/08\/image-227.png\" alt=\"\" class=\"wp-image-1919\"\/><\/figure>\n<\/div>\n<\/div>\n<\/div>\n\n\n\n<div class=\"wp-block-column is-layout-flow wp-block-column-is-layout-flow\">\n<figure class=\"wp-block-table is-style-stripes has-small-font-size\"><table><tbody><tr><td>Motor effekt<\/td><td>230 V, 50 Hz, 0,55 kW&nbsp; \/&nbsp; 400 V, 50 Hz, 0,37\/0,55 kW<\/td><\/tr><tr><td>Motor effekt kylpump<\/td><td>230 V, 50 Hz, 0,065 kW&nbsp; \/&nbsp; 400 V, 50 Hz, 0,05 kW<\/td><\/tr><tr><td>S\u00e5gbladetshastighet<\/td><td>65 m\/min.&nbsp; \/&nbsp; 35\/65 m\/min.<\/td><\/tr><tr><td>Arbetsh\u00f6jd skruvstycke (med stativ)<\/td><td>900 mm<\/td><\/tr><tr><td>Kylv\u00e4tske tank<\/td><td>cca 15 l<\/td><\/tr><tr><td>Maskin dimension (min.)<\/td><td>980 x 420 x 550 mm<\/td><\/tr><tr><td>Maskin dimension (max.)<\/td><td>1030 x 840 x 1540 mm<\/td><\/tr><tr><td>Vikt (super\/super TK\/super K)<\/td><td>70 \/ 77 \/ 100 kg<\/td><\/tr><\/tbody><\/table><\/figure>\n\n\n\n<p><\/p>\n<\/div>\n<\/div>\n\n\n\n<figure class=\"wp-block-table\"><table><tbody><tr><td class=\"has-text-align-center\" data-align=\"center\"><strong><br><\/strong><\/td><td><strong>90\u00b0<\/strong><\/td><td><strong>+45\u00b0<\/strong><\/td><td><strong>+60\u00b0<\/strong><\/td><\/tr><tr><td class=\"has-text-align-center\" data-align=\"center\"><img decoding=\"async\" alt=\"\" src=\"https:\/\/www.pilous.cz\/user_uploads\/METAL\/Picto_tabulka\/01_kolo.jpg\"><\/td><td>130<\/td><td>115<\/td><td>70<\/td><\/tr><tr><td class=\"has-text-align-center\" data-align=\"center\"><img decoding=\"async\" alt=\"\" src=\"https:\/\/www.pilous.cz\/user_uploads\/METAL\/Picto_tabulka\/02_ctverec.jpg\"><\/td><td>130<\/td><td>105<\/td><td>60<\/td><\/tr><tr><td class=\"has-text-align-center\" data-align=\"center\"><img decoding=\"async\" alt=\"\" src=\"https:\/\/www.pilous.cz\/user_uploads\/METAL\/Picto_tabulka\/03_obdelnik.jpg\"><\/td><td>180 x 100<\/td><td>115 x 75<\/td><td>70 x 60<\/td><\/tr><\/tbody><\/table><\/figure>\n\n\n\n<p>En universal bands\u00e5g \u00e4r anpassad f\u00f6r allm\u00e4n anv\u00e4ndning i olika verkstads anl\u00e4ggningar och i f\u00e4lt installationer. Maskinens robusta ram \u00e4r gjord av gr\u00e5tt gjutj\u00e4rn. Matningen underl\u00e4ttas med m\u00f6jlighet att reglera matningen med ett speciellt fj\u00e4der system. N\u00e4r s\u00e5gningen \u00e4r klar st\u00e4ngs bands\u00e5gsdriften automatiskt av. F\u00f6r snabb kapning av sm\u00e5 tv\u00e4rsnitt kan fj\u00e4der systemet \u00e4ven st\u00e4llas in f\u00f6r manuell matning. Maskinen kan levereras med 230V &#8211; 1 fas eller 400V &#8211; 3 fas. den levereras med 250mm anh\u00e5ll. P\u00e5 beg\u00e4ran bands\u00e5gen kan levereras med passande in- och\/eller utmatning rullbanor<\/p>\n\n\n\n<p>Arm lyft utf\u00f6rs manuellt.<\/p>\n\n\n\n<p>ARG 130 super bands\u00e5gar tillverkas i f\u00f6ljande versioner:<\/p>\n\n\n\n<p><strong>ARG 130 super<\/strong><\/p>\n\n\n\n<p>B\u00e4nk bands\u00e5g utan kylning.<\/p>\n\n\n\n<p><strong>ARG 130 super TK<\/strong><\/p>\n\n\n\n<p>B\u00e4nk bands\u00e5g med kylning. Maskinen \u00e4r kopplad till ett komplett kylsystem med en professionell h\u00f6gpresterande pump och m\u00f6jlighet att reglera fl\u00f6det p\u00e5 b\u00e5da styrhuvudena.<\/p>\n\n\n\n<p><strong>ARG 130 super K<\/strong><\/p>\n\n\n\n<p>Bands\u00e5g med bas och kylning. Maskinen \u00e4r kopplad till ett komplett kylsystem med en professionell h\u00f6gpresterande pump och m\u00f6jlighet att reglera fl\u00f6det p\u00e5 b\u00e5da styrhuvudena. Kylv\u00e4tsketanken placeras i maskinens botten. Denna version l\u00e5ter dig installera transport\u00f6rer b\u00e5de f\u00f6re och efter kapningen.<\/p>\n\n\n\n<div class=\"wp-block-buttons is-layout-flex wp-block-buttons-is-layout-flex\">\n<div class=\"wp-block-button\"><a class=\"wp-block-button__link has-white-color has-vivid-red-background-color has-text-color has-background wp-element-button\" href=\"https:\/\/swebalk.com\/wp-content\/uploads\/2023\/08\/arg-130-super-en.pdf\" target=\"_blank\" rel=\"noreferrer noopener\">Produktblad ARG 130 super<\/a><\/div>\n<\/div>\n\n\n\n<p>F\u00f6rslag p\u00e5 passande rullbana<\/p>\n\n\n\n<figure class=\"wp-block-image size-full\"><img decoding=\"async\" src=\"https:\/\/swebalk.com\/wp-content\/uploads\/2023\/08\/image-1.png\" alt=\"\" class=\"wp-image-858\"\/><\/figure>","protected":false},"excerpt":{"rendered":"<p>Motor effekt 230 V, 50 Hz, 0,55 kW&nbsp; \/&nbsp; 400 V, 50 Hz, 0,37\/0,55 kW Motor effekt kylpump 230 V, 50 Hz, 0,065 kW&nbsp; \/&nbsp; 400 V, 50 Hz, 0,05 kW S\u00e5gbladetshastighet 65 m\/min.&nbsp; \/&nbsp; 35\/65 m\/min. Arbetsh\u00f6jd skruvstycke (med stativ) 900 mm Kylv\u00e4tske tank cca 15 l Maskin dimension (min.) 980 x 420 x [&hellip;]<\/p>\n","protected":false},"author":1,"featured_media":0,"parent":399,"menu_order":0,"comment_status":"closed","ping_status":"closed","template":"templates\/template-full.php","meta":{"_acf_changed":false,"footnotes":""},"class_list":["post-851","page","type-page","status-publish","hentry","post"],"acf":[],"_links":{"self":[{"href":"https:\/\/swebalk.com\/en\/wp-json\/wp\/v2\/pages\/851","targetHints":{"allow":["GET"]}}],"collection":[{"href":"https:\/\/swebalk.com\/en\/wp-json\/wp\/v2\/pages"}],"about":[{"href":"https:\/\/swebalk.com\/en\/wp-json\/wp\/v2\/types\/page"}],"author":[{"embeddable":true,"href":"https:\/\/swebalk.com\/en\/wp-json\/wp\/v2\/users\/1"}],"replies":[{"embeddable":true,"href":"https:\/\/swebalk.com\/en\/wp-json\/wp\/v2\/comments?post=851"}],"version-history":[{"count":4,"href":"https:\/\/swebalk.com\/en\/wp-json\/wp\/v2\/pages\/851\/revisions"}],"predecessor-version":[{"id":1920,"href":"https:\/\/swebalk.com\/en\/wp-json\/wp\/v2\/pages\/851\/revisions\/1920"}],"up":[{"embeddable":true,"href":"https:\/\/swebalk.com\/en\/wp-json\/wp\/v2\/pages\/399"}],"wp:attachment":[{"href":"https:\/\/swebalk.com\/en\/wp-json\/wp\/v2\/media?parent=851"}],"curies":[{"name":"wp","href":"https:\/\/api.w.org\/{rel}","templated":true}]}}