{"id":833,"date":"2023-08-21T12:06:48","date_gmt":"2023-08-21T12:06:48","guid":{"rendered":"https:\/\/swebalk.com\/?page_id=833"},"modified":"2023-08-28T13:37:05","modified_gmt":"2023-08-28T13:37:05","slug":"kallbandsag-pilous-arg-105-mobil","status":"publish","type":"page","link":"https:\/\/swebalk.com\/en\/produkter\/skarandebearbetning\/sagning-kapning\/kallbandsag-pilous-arg-105-mobil\/","title":{"rendered":"Kallbands\u00e5g Pilous ARG 105 MOBIL"},"content":{"rendered":"<p>Art. ARG 105 mobil<\/p>\n\n\n\n<div class=\"wp-block-columns is-layout-flex wp-container-core-columns-is-layout-9d6595d7 wp-block-columns-is-layout-flex\">\n<div class=\"wp-block-column is-layout-flow wp-block-column-is-layout-flow\">\n<figure class=\"wp-block-image size-full\"><img decoding=\"async\" src=\"https:\/\/swebalk.com\/wp-content\/uploads\/2023\/08\/image-2.png\" alt=\"\" class=\"wp-image-836\"\/><\/figure>\n<\/div>\n\n\n\n<div class=\"wp-block-column is-layout-flow wp-block-column-is-layout-flow\">\n<figure class=\"wp-block-table is-style-stripes has-small-font-size\"><table><tbody><tr><td>Motor effekt<\/td><td>230 V, 50 Hz, 0,55 kW<\/td><\/tr><tr><td>S\u00e5gbladets hastighet<\/td><td>55 m\/min.<\/td><\/tr><tr><td>Maskin dimension (min.)<\/td><td>300 x 750 x 450 mm<\/td><\/tr><tr><td>Maskin dimensions (max.)<\/td><td>650 x 850 x 710 mm<\/td><\/tr><tr><td>Vikt<\/td><td>29 kg<\/td><\/tr><\/tbody><\/table><\/figure>\n\n\n\n<p><\/p>\n<\/div>\n<\/div>\n\n\n\n<figure class=\"wp-block-table\"><table><tbody><tr><td class=\"has-text-align-center\" data-align=\"center\"><\/td><td><strong>90\u00b0<\/strong><\/td><td><strong>+45\u00b0<\/strong><\/td><td><strong>+60\u00b0<\/strong><\/td><\/tr><tr><td class=\"has-text-align-center\" data-align=\"center\"><img decoding=\"async\" alt=\"\" src=\"https:\/\/www.pilous.cz\/user_uploads\/METAL\/Picto_tabulka\/01_kolo.jpg\"><\/td><td>105mm<\/td><td>70mm<\/td><td>40mm<\/td><\/tr><tr><td class=\"has-text-align-center\" data-align=\"center\"><img decoding=\"async\" alt=\"\" src=\"https:\/\/www.pilous.cz\/user_uploads\/METAL\/Picto_tabulka\/02_ctverec.jpg\"><\/td><td>105mm<\/td><td>65mm<\/td><td>40mm<\/td><\/tr><tr><td class=\"has-text-align-center\" data-align=\"center\"><img decoding=\"async\" alt=\"\" src=\"https:\/\/www.pilous.cz\/user_uploads\/METAL\/Picto_tabulka\/03_obdelnik.jpg\"><\/td><td>105 x 110mm<\/td><td>65 x 85mm<\/td><td>40 x 45mm<\/td><\/tr><\/tbody><\/table><\/figure>\n\n\n\n<p>Bands\u00e5gar manuella med sj\u00e4lvmatning utf\u00f6rande. Levereras med l\u00e4ngdanslag. S\u00e5gbygeln kan snabbt inst\u00e4llas f\u00f6r gering som l\u00e5ses mekaniskt. S\u00e5gbladet styrs upp via h\u00e5rdmetallplattor och kullager.<\/p>\n\n\n\n<p>Levereras komplett med motor \u2013 kapslingsklass IP 54, bands\u00e5gsblad med tandning 10 eller 14 och instruktionsbok.<\/p>\n\n\n\n<p>Levereras med 200mm material stopp.<\/p>\n\n\n\n<div class=\"wp-block-buttons is-layout-flex wp-block-buttons-is-layout-flex\">\n<div class=\"wp-block-button\"><a class=\"wp-block-button__link has-white-color has-vivid-red-background-color has-text-color has-background wp-element-button\" href=\"https:\/\/swebalk.com\/wp-content\/uploads\/2023\/08\/arg-105-mobil-en.pdf\" target=\"_blank\" rel=\"noreferrer noopener\">Produktblad ARG 105 MOBIL<\/a><\/div>\n<\/div>","protected":false},"excerpt":{"rendered":"<p>Art. ARG 105 mobil Motor effekt 230 V, 50 Hz, 0,55 kW S\u00e5gbladets hastighet 55 m\/min. Maskin dimension (min.) 300 x 750 x 450 mm Maskin dimensions (max.) 650 x 850 x 710 mm Vikt 29 kg \ufeff 90\u00b0 +45\u00b0 +60\u00b0 105mm 70mm 40mm 105mm 65mm 40mm 105 x 110mm 65 x 85mm 40 x [&hellip;]<\/p>\n","protected":false},"author":1,"featured_media":0,"parent":399,"menu_order":0,"comment_status":"closed","ping_status":"closed","template":"templates\/template-full.php","meta":{"_acf_changed":false,"footnotes":""},"class_list":["post-833","page","type-page","status-publish","hentry","post"],"acf":[],"_links":{"self":[{"href":"https:\/\/swebalk.com\/en\/wp-json\/wp\/v2\/pages\/833","targetHints":{"allow":["GET"]}}],"collection":[{"href":"https:\/\/swebalk.com\/en\/wp-json\/wp\/v2\/pages"}],"about":[{"href":"https:\/\/swebalk.com\/en\/wp-json\/wp\/v2\/types\/page"}],"author":[{"embeddable":true,"href":"https:\/\/swebalk.com\/en\/wp-json\/wp\/v2\/users\/1"}],"replies":[{"embeddable":true,"href":"https:\/\/swebalk.com\/en\/wp-json\/wp\/v2\/comments?post=833"}],"version-history":[{"count":6,"href":"https:\/\/swebalk.com\/en\/wp-json\/wp\/v2\/pages\/833\/revisions"}],"predecessor-version":[{"id":1487,"href":"https:\/\/swebalk.com\/en\/wp-json\/wp\/v2\/pages\/833\/revisions\/1487"}],"up":[{"embeddable":true,"href":"https:\/\/swebalk.com\/en\/wp-json\/wp\/v2\/pages\/399"}],"wp:attachment":[{"href":"https:\/\/swebalk.com\/en\/wp-json\/wp\/v2\/media?parent=833"}],"curies":[{"name":"wp","href":"https:\/\/api.w.org\/{rel}","templated":true}]}}