{"id":401,"date":"2023-08-20T07:21:01","date_gmt":"2023-08-20T07:21:01","guid":{"rendered":"https:\/\/swebalk.com\/?page_id=401"},"modified":"2026-02-08T20:10:21","modified_gmt":"2026-02-08T20:10:21","slug":"slipning","status":"publish","type":"page","link":"https:\/\/swebalk.com\/en\/produkter\/skarandebearbetning\/slipning\/","title":{"rendered":"Slipning"},"content":{"rendered":"<div class=\"wp-block-group alignfull is-nowrap is-layout-flex wp-container-core-group-is-layout-ad2f72ca wp-block-group-is-layout-flex\">\n<table class=\"custom-table\">\n        <tbody>\n            <!-- Row 1 -->\n            <tr>\n<!-- Product 1: Bandslipmaskin Scantool 75-->\n                <td>\n        <a href=\"https:\/\/swebalk.com\/en\/product\/bandslipmaskin-scantool-75\/\">\n                        <img decoding=\"async\" src=\"https:\/\/swebalk.com\/wp-content\/uploads\/2024\/11\/industrial-belt-grinder-for-workshops-and-industry_1_1649918477.jpg\" alt=\"Product Image\">\n                        <br>\n                        Bandslipmaskin Scantool 75\n                    <\/a>\n                <\/td>\n<!-- Product 2: Bandslipmaskin Arboga 150X -->\n                <td>\n                    <a href=\"https:\/\/swebalk.com\/en\/product\/bandslipmaskin-arboga-150-x\/\">\n                        <img decoding=\"async\" src=\" https:\/\/swebalk.com\/wp-content\/uploads\/2024\/12\/belt-grinder-for-industry-with-exhaust_1_1649922031.jpg\" alt=\"Product Image\">\n                        <br>\n                        Bandslipmaskin Arboga 150X\n                    <\/a>\n                <\/td>\n                <!-- Product 3: B\u00e4nkslipmaskin Slibex 200E-->\n                <td>\n                    <a href=\"https:\/\/swebalk.com\/en\/product\/bankslipmaskin-kef-slibex-200e-230v\/\">\n                        <img decoding=\"async\" src=\"https:\/\/swebalk.com\/wp-content\/uploads\/2024\/12\/Double-ended-grinder-for-hobby-and-workshop01656917234.jpg\">\n                        <br>\n                        B\u00e4nkslipmaskin Slibex 200E\n                    <\/a>\n                <\/td>\n<!-- Product 4: Kombislipmaskin Scantool SC 200TB-->\n                <td>\n<a href=\"https:\/\/swebalk.com\/en\/product\/kombislipmaskin-sc-200-t-b\/\">\n                        <img decoding=\"async\" src=\"https:\/\/swebalk.com\/wp-content\/uploads\/2024\/11\/Bench-grinders-and-polishing-machine01662102016.jpg\">\n                        <br>\n                        Kombislipmaskin Scantool SC 200TB\n                    <\/a>\n                <\/td>\n  <\/tr>\n\n            <tr>\n<!-- Product 1: Pelarslipmaskin Arboga EP 308-->\n                <td>\n        <a href=\"https:\/\/swebalk.com\/en\/product\/pelarslipmaskin-arboga-ep-308\/\">\n                        <img decoding=\"async\" src=\"https:\/\/swebalk.com\/wp-content\/uploads\/2024\/12\/Double-ended-pedestal-grinder01733318159-scaled.jpg\" alt=\"Product Image\">\n                        <br>\n                        Pelarslipmaskin Arboga EP 308\n                    <\/a>\n                <\/td>\n<!-- Product 2: B\u00e4nkslipmaskin KEF Slibette 6NE-->\n                <td>\n                    <a href=\"https:\/\/swebalk.com\/en\/product\/bankslipmaskin-kef-slibette-6ne-230v\/\">\n                        <img decoding=\"async\" src=\" https:\/\/swebalk.com\/wp-content\/uploads\/2024\/12\/Double-ended-grinder-for-workshops-and-industry01663241738.jpg\" alt=\"Product Image\">\n                        <br>\n                        B\u00e4nkslipmaskin KEF Slibette 6NE\n                    <\/a>\n                <\/td>\n                <!-- Product 3: Bandslipmaskin Scantool 150-->\n                <td>\n                    <a href=\"https:\/\/swebalk.com\/en\/product\/bandslipmaskin-scantool-150\/\">\n                        <img decoding=\"async\" src=\"https:\/\/swebalk.com\/wp-content\/uploads\/2024\/12\/Industrial-belt-grinder-for-workshops-and-Industry01659947994.jpg\">\n                        <br>\n                        Bandslipmaskin Scantool 150\n                    <\/a>\n                <\/td>\n<!-- Product 4: Kombislipmaskin Arboga EPB 308-->\n                <td>\n<a href=\"https:\/\/swebalk.com\/en\/product\/kombislipmaskin-arboga-epb-308\/\">\n                        <img decoding=\"async\" src=\"https:\/\/swebalk.com\/wp-content\/uploads\/2024\/12\/pedestal-grinder-with-belt-arm_1_1649921882.png\">\n                        <br>\n                        Kombislipmaskin Arboga EPB 308\n                    <\/a>\n                <\/td>\n  <\/tr>\n\n            <tr>\n<!-- Product 1: B\u00e4nkslipmaskin KEF Slibette 8N-->\n                <td>\n        <a href=\"https:\/\/swebalk.com\/en\/product\/bankslipmaskin-kef-slibette-8n\/\">\n                        <img decoding=\"async\" src=\"https:\/\/swebalk.com\/wp-content\/uploads\/2024\/12\/Double-ended-grinder-for-workshops-and-industry01663309203.jpg\" alt=\"Product Image\">\n                        <br>\n                        B\u00e4nkslipmaskin KEF Slibette 8N\n                    <\/a>\n                <\/td>\n<!-- Product 2: Bandslipmaskin Arboga 75X -->\n                <td>\n                    <a href=\"https:\/\/swebalk.com\/en\/product\/bandslipmaskin-arboga-75-x\/\">\n                        <img decoding=\"async\" src=\" https:\/\/swebalk.com\/wp-content\/uploads\/2024\/12\/belt-grinder-for-industry-with-exhaust_1_1649921988.jpg\" alt=\"Product Image\">\n                        <br>\n                        Bandslipmaskin Arboga 75X\n                    <\/a>\n                <\/td>\n                <!-- Product 3: B\u00e4nkslipmaskin Slibex 150-->\n                <td>\n                    <a href=\"https:\/\/swebalk.com\/en\/product\/bankslipmaskin-kef-slibex-150-230\/\">\n                        <img decoding=\"async\" src=\"https:\/\/swebalk.com\/wp-content\/uploads\/2024\/12\/Double-ended-grinder-with-grinding-wheel-EK-80-NK-3601667210882-scaled.jpg\">\n                        <br>\n                        B\u00e4nkslipmaskin Slibex 150\n                    <\/a>\n                <\/td>\n<!-- Product 4: Polermaskin Arboga PO 310-->\n                <td>\n<a href=\"https:\/\/swebalk.com\/en\/product\/polermaskin-arboga-po-310\/\">\n                        <img decoding=\"async\" src=\"https:\/\/swebalk.com\/wp-content\/uploads\/2024\/12\/polishing-machine_1_1649921753.jpg\">\n                        <br>\n                        Polermaskin Arboga PO 310\n                    <\/a>\n                <\/td>\n  <\/tr>\n\n            <tr>\n<!-- Product 1: B\u00e4nkslipmaskin KEF Slibette 6N-->\n                <td>\n        <a href=\"https:\/\/swebalk.com\/en\/product\/bankslipmaskin-kef-slibette-6n\/\">\n                        <img decoding=\"async\" src=\"https:\/\/swebalk.com\/wp-content\/uploads\/2024\/12\/Double-ended-grinder-for-workshops-and-industry01663241738.jpg\" alt=\"Product Image\">\n                        <br>\n                        B\u00e4nkslipmaskin KEF Slibette 6N\n                    <\/a>\n                <\/td>\n<!-- Product 2: B\u00e4nkslipmaskin KEF Slibette 8NE-->\n                <td>\n                    <a href=\"https:\/\/swebalk.com\/en\/product\/bankslipmaskin-kef-slibette-8ne-230v\/\">\n                        <img decoding=\"async\" src=\" https:\/\/swebalk.com\/wp-content\/uploads\/2024\/12\/Double-ended-grinder-for-workshops-and-industry01663308605.jpg\" alt=\"Product Image\">\n                        <br>\n                        B\u00e4nkslipmaskin KEF Slibette 8NE\n                    <\/a>\n                <\/td>\n                <!-- Product 3: B\u00e4nkslipmaskin Slibex 200T-->\n                <td>\n                    <a href=\"https:\/\/swebalk.com\/en\/product\/bankslipmaskin-kef-slibex-200t\/\">\n                        <img decoding=\"async\" src=\"https:\/\/swebalk.com\/wp-content\/uploads\/2024\/12\/Double-ended-grinder-for-hobby-and-workshop01656918931.jpg\">\n                        <br>\n                        B\u00e4nkslipmaskin Slibex 200T\n                    <\/a>\n                <\/td>\n<!-- Product 4: B\u00e4nkslipmaskin Arboga E 312-->\n                <td>\n<a href=\"https:\/\/swebalk.com\/en\/product\/bankslipmaskin-arboga-e-312\/\">\n                        <img decoding=\"async\" src=\"https:\/\/swebalk.com\/wp-content\/uploads\/2024\/12\/bench-grinder-with-grinding-wheels_1_1649921843.jpg\">\n                        <br>\n                        B\u00e4nkslipmaskin Arboga E 312\n                    <\/a>\n                <\/td>\n  <\/tr>\n<tr>      \n                                <!-- Product 1: Bandslipmaskin MS 75x2000 S-->\n                <td>\n        <a href=\"https:\/\/swebalk.com\/en\/product\/bandslipmaskin-ms-75-x-2000-s\/\">\n                        <img decoding=\"async\" src=\"https:\/\/swebalk.com\/wp-content\/uploads\/2024\/04\/05-1246_1.jpg\" alt=\"Product Image\">\n                        <br>\n                        Bandslipmaskin MS 75&#215;2000 S\n                    <\/a>\n                <\/td>\n<!-- Product 2: Bandslipmaskin MS 150x2000 S -->\n                <td>\n                    <a href=\"https:\/\/swebalk.com\/en\/product\/bandslipmaskin-ms-150-x-2000-s\/\">\n                        <img decoding=\"async\" src=\" https:\/\/swebalk.com\/wp-content\/uploads\/2024\/05\/05-1248_1.jpg \" alt=\"Product Image\">\n                        <br>\n                        Bandslipmaskin MS 150&#215;2000 S\n                    <\/a>\n                <\/td>\n                <!-- Product 3: B\u00e4nkslipmaskin DS 250 S-->\n                <td>\n                    <a href=\"https:\/\/swebalk.com\/en\/product\/bankslipmaskin-ds-250-s\/\">\n                        <img decoding=\"async\" src=\"https:\/\/swebalk.com\/wp-content\/uploads\/2024\/04\/05-1127_2.jpg\">\n                        <br>\n                        B\u00e4nkslipmaskin DS 250 S\n                    <\/a>\n                <\/td>\n<!-- Product 4: Stativ till slipmaskin H-->\n                <td>\n<a href=\"https:\/\/swebalk.com\/en\/product\/stativ-till-slipmaskin-h\/\">\n                        <img decoding=\"async\" src=\"https:\/\/swebalk.com\/wp-content\/uploads\/2024\/05\/56-1048.jpg\">\n                        <br>\n                        Stativ till slipmaskin H\n                    <\/a>\n                <\/td>\n  <\/tr>\n<tr>      \n          <!-- Product 5: Kombislipmaskin KMS 250-->\n                <td>\n                    <a href=\"https:\/\/swebalk.com\/en\/product\/kombislipmaskin-kms-250\/\">\n                        <img decoding=\"async\" src=\"https:\/\/swebalk.com\/wp-content\/uploads\/2024\/04\/05-1170_2.jpg\">\n                        <br>\n                        Kombislipmaskin KMS 250\n                    <\/a>\n                <\/td>\n<!-- Product 6: Stativ till slipmaskin K-->\n                <td>\n<a href=\"https:\/\/swebalk.com\/en\/product\/stativ-slipmaskin-k\/\">\n                        <img decoding=\"async\" src=\"https:\/\/swebalk.com\/wp-content\/uploads\/2024\/05\/56-10480_1_1.jpg\">\n                        <br>\n                        Stativ till slipmaskin K\n                    <\/a>\n                <\/td>\n                <!-- Product 7: Rundslipmaskin RSM C Series -->\n                <td>\n                      <a href=\"https:\/\/swebalk.com\/en\/product\/rundslipmaskin-rsm-c-series\/\">\n                        <img decoding=\"async\" src=\"https:\/\/swebalk.com\/wp-content\/uploads\/2023\/09\/302444-hpt-rsm-750-c.jpg\" alt=\"Product Image\">\n                        <br>\n                        Rundslipmaskin RSM C Series\n                    <\/a>\n                <\/td>\n<!-- Product 8: Bandslipmaskin MS 150x2000 S-2-->\n                <td>\n                    <a href=\"https:\/\/swebalk.com\/en\/product\/bandslipmaskin-ms-150-x-2000-s-2\/\">\n                        <img decoding=\"async\" src=\"https:\/\/swebalk.com\/wp-content\/uploads\/2024\/05\/05-1249_1.jpg\" alt=\"Product Image\">\n                        <br>\n                        Bandslipmaskin MS 150&#215;2000 S-2\n                    <\/a>\n                <\/td>\n  <\/tr>\n<tr>\n                <!-- Product 9: Bandslipmaskin MS 75 x 2000 S-2 -->\n                <td>\n                    <a href=\"https:\/\/swebalk.com\/en\/product\/bandslipmaskin-ms-75x2000-s-2\/\">\n                        <img decoding=\"async\" src=\" https:\/\/swebalk.com\/wp-content\/uploads\/2024\/04\/05-1247_1.jpg \" alt=\"Product Image\">\n                        <br>\n                        Bandslipmaskin MS 75 x 2000 S-2\n                    <\/a>\n                <\/td>\n<!-- Product 10: B\u00e4nkslipmaskin Scantool SC 200T-->\n                <td>\n                    <a href=\"https:\/\/swebalk.com\/en\/product\/bankslipmaskin-sc-200-t\/\">\n                        <img decoding=\"async\" src=\"https:\/\/swebalk.com\/wp-content\/uploads\/2024\/11\/bench-grinders-and-polishing-machine_1_1649918256.jpg\" alt=\"Product Image\">\n                        <br>\n                        B\u00e4nkslipmaskin Scantool SC 200T\n                    <\/a>\n                <\/td>\n                <!-- Product 11: Stativ med inbyggt, dubbelt utsug f\u00f6r Scantool E- och T-modeller-->\n                <td>\n                    <a href=\"https:\/\/swebalk.com\/en\/product\/stativ-till-slipmaskin-x\/\">\n                        <img decoding=\"async\" src=\" https:\/\/swebalk.com\/wp-content\/uploads\/2024\/11\/X-Pedestal01667993576.jpg\" alt=\"Product Image\">\n                        <br>\n                        Stativ med inbyggt, dubbelt utsug f\u00f6r Scantool E- och T-modeller\n                    <\/a>\n                <\/td>\n                <!-- Product 12: Bandslipmaskin Arboga 75-->\n                <td>\n                    <a href=\"https:\/\/swebalk.com\/en\/product\/bandslipmaskin-arboga-75\/\">\n                        <img decoding=\"async\" src=\" https:\/\/swebalk.com\/wp-content\/uploads\/2026\/02\/belt-grinder-for-industry_1_1649921956.jpg\">\n                        <br>\n                        Bandslipmaskin Arboga 75\n                    <\/a>\n                <\/td>\n\n  <\/tr>\n<tr>\n        <\/tbody>\n    <\/table>\n<\/div>","protected":false},"excerpt":{"rendered":"<p>Bandslipmaskin Scantool 75 Bandslipmaskin Arboga 150X B\u00e4nkslipmaskin Slibex 200E Kombislipmaskin Scantool SC 200TB Pelarslipmaskin Arboga EP 308 B\u00e4nkslipmaskin KEF Slibette 6NE Bandslipmaskin Scantool 150 Kombislipmaskin Arboga EPB 308 B\u00e4nkslipmaskin KEF Slibette 8N Bandslipmaskin Arboga 75X B\u00e4nkslipmaskin Slibex 150 Polermaskin Arboga PO 310 B\u00e4nkslipmaskin KEF Slibette 6N B\u00e4nkslipmaskin KEF Slibette 8NE B\u00e4nkslipmaskin Slibex 200T B\u00e4nkslipmaskin Arboga [&hellip;]<\/p>\n","protected":false},"author":1,"featured_media":0,"parent":390,"menu_order":0,"comment_status":"closed","ping_status":"closed","template":"templates\/template-full-notitle.php","meta":{"_acf_changed":false,"footnotes":""},"class_list":["post-401","page","type-page","status-publish","hentry","post"],"acf":[],"_links":{"self":[{"href":"https:\/\/swebalk.com\/en\/wp-json\/wp\/v2\/pages\/401","targetHints":{"allow":["GET"]}}],"collection":[{"href":"https:\/\/swebalk.com\/en\/wp-json\/wp\/v2\/pages"}],"about":[{"href":"https:\/\/swebalk.com\/en\/wp-json\/wp\/v2\/types\/page"}],"author":[{"embeddable":true,"href":"https:\/\/swebalk.com\/en\/wp-json\/wp\/v2\/users\/1"}],"replies":[{"embeddable":true,"href":"https:\/\/swebalk.com\/en\/wp-json\/wp\/v2\/comments?post=401"}],"version-history":[{"count":14,"href":"https:\/\/swebalk.com\/en\/wp-json\/wp\/v2\/pages\/401\/revisions"}],"predecessor-version":[{"id":4149,"href":"https:\/\/swebalk.com\/en\/wp-json\/wp\/v2\/pages\/401\/revisions\/4149"}],"up":[{"embeddable":true,"href":"https:\/\/swebalk.com\/en\/wp-json\/wp\/v2\/pages\/390"}],"wp:attachment":[{"href":"https:\/\/swebalk.com\/en\/wp-json\/wp\/v2\/media?parent=401"}],"curies":[{"name":"wp","href":"https:\/\/api.w.org\/{rel}","templated":true}]}}