{"id":4,"date":"2023-03-24T09:45:51","date_gmt":"2023-03-24T09:45:51","guid":{"rendered":"http:\/\/swebalk.com\/welcome-to-http-swebalk-com\/"},"modified":"2025-05-04T08:26:41","modified_gmt":"2025-05-04T08:26:41","slug":"welcome-to-http-swebalk-com","status":"publish","type":"page","link":"https:\/\/swebalk.com\/en\/","title":{"rendered":"Start"},"content":{"rendered":"<div class=\"wp-block-image\">\n<figure class=\"aligncenter size-full\"><img loading=\"lazy\" decoding=\"async\" width=\"800\" height=\"533\" src=\"https:\/\/swebalk.com\/wp-content\/uploads\/2023\/08\/cnc.webp\" alt=\"\" class=\"wp-image-119\" srcset=\"https:\/\/swebalk.com\/wp-content\/uploads\/2023\/08\/cnc.webp 800w, https:\/\/swebalk.com\/wp-content\/uploads\/2023\/08\/cnc-600x400.webp 600w, https:\/\/swebalk.com\/wp-content\/uploads\/2023\/08\/cnc-300x200.webp 300w, https:\/\/swebalk.com\/wp-content\/uploads\/2023\/08\/cnc-768x512.webp 768w, https:\/\/swebalk.com\/wp-content\/uploads\/2023\/08\/cnc-272x182.webp 272w\" sizes=\"auto, (max-width: 800px) 100vw, 800px\" \/><\/figure>\n<\/div>\n\n\n<p><\/p>\n\n\n\n<p>Vi erbjuder det bredaste sortimentet av maskiner f\u00f6r underh\u00e5ll och produktion och representerar de mest v\u00e4lk\u00e4nda varum\u00e4rkena.<\/p>\n\n\n\n<p>I v\u00e5rt utbud finner du en omfattande portf\u00f6lj av maskiner f\u00f6r pl\u00e5tbearbetning och sk\u00e4rande bearbetning.<\/p>\n\n\n\n<p>F\u00f6r alla produkter i v\u00e5rt sortiment erbjuder vi installation, service och utbildning. Dessutom har vi ett omfattande reservdelslager fr\u00e5n alla v\u00e5ra maskinleverant\u00f6rer, vilket garanterar korta leveranstider.<\/p>\n\n\n\n<p>V\u00e5rt sortiment inkluderar \u00e4ven h\u00e5llande och sk\u00e4rande verktyg samt tillbeh\u00f6r som \u00e4r anpassade f\u00f6r alla v\u00e5ra maskiner.<\/p>\n\n\n\n<p><\/p>\n\n\n\n<h3 class=\"wp-block-heading has-large-font-size\">Hos oss hittar du produkter fr\u00e5n f\u00f6ljande leverant\u00f6rer<\/h3>\n\n\n\n<div class=\"wp-block-columns is-layout-flex wp-container-core-columns-is-layout-9d6595d7 wp-block-columns-is-layout-flex\">\n<div class=\"wp-block-column is-layout-flow wp-block-column-is-layout-flow\">\n<figure class=\"wp-block-image size-full is-resized\"><img loading=\"lazy\" decoding=\"async\" width=\"300\" height=\"141\" src=\"https:\/\/swebalk.com\/wp-content\/uploads\/2023\/08\/ladda-ned.png\" alt=\"\" class=\"wp-image-115\" style=\"width:233px;height:110px\"\/><\/figure>\n<\/div>\n\n\n\n<div class=\"wp-block-column is-layout-flow wp-block-column-is-layout-flow\">\n<figure class=\"wp-block-image size-full\"><img loading=\"lazy\" decoding=\"async\" width=\"250\" height=\"119\" src=\"https:\/\/swebalk.com\/wp-content\/uploads\/2023\/08\/ladda-ned-1.png\" alt=\"\" class=\"wp-image-116\"\/><\/figure>\n<\/div>\n\n\n\n<div class=\"wp-block-column is-layout-flow wp-block-column-is-layout-flow\">\n<figure class=\"wp-block-image size-full is-resized\"><img loading=\"lazy\" decoding=\"async\" width=\"297\" height=\"50\" src=\"https:\/\/swebalk.com\/wp-content\/uploads\/2023\/08\/logo.png\" alt=\"\" class=\"wp-image-118\" style=\"width:511px;height:86px\"\/><\/figure>\n<\/div>\n<\/div>\n\n\n\n<div class=\"wp-block-columns is-layout-flex wp-container-core-columns-is-layout-9d6595d7 wp-block-columns-is-layout-flex\">\n<div class=\"wp-block-column is-layout-flow wp-block-column-is-layout-flow\">\n<figure class=\"wp-block-image size-full\"><img loading=\"lazy\" decoding=\"async\" width=\"1006\" height=\"550\" src=\"https:\/\/swebalk.com\/wp-content\/uploads\/2025\/05\/logo-zmm_medium.png\" alt=\"\" class=\"wp-image-3950\" srcset=\"https:\/\/swebalk.com\/wp-content\/uploads\/2025\/05\/logo-zmm_medium.png 1006w, https:\/\/swebalk.com\/wp-content\/uploads\/2025\/05\/logo-zmm_medium-300x164.png 300w, https:\/\/swebalk.com\/wp-content\/uploads\/2025\/05\/logo-zmm_medium-768x420.png 768w, https:\/\/swebalk.com\/wp-content\/uploads\/2025\/05\/logo-zmm_medium-18x10.png 18w, https:\/\/swebalk.com\/wp-content\/uploads\/2025\/05\/logo-zmm_medium-600x328.png 600w\" sizes=\"auto, (max-width: 1006px) 100vw, 1006px\" \/><\/figure>\n<\/div>\n\n\n\n<div class=\"wp-block-column is-layout-flow wp-block-column-is-layout-flow\">\n<figure class=\"wp-block-image size-full\"><img loading=\"lazy\" decoding=\"async\" width=\"474\" height=\"304\" src=\"https:\/\/swebalk.com\/wp-content\/uploads\/2025\/05\/OIP.jpg\" alt=\"\" class=\"wp-image-3951\" srcset=\"https:\/\/swebalk.com\/wp-content\/uploads\/2025\/05\/OIP.jpg 474w, https:\/\/swebalk.com\/wp-content\/uploads\/2025\/05\/OIP-300x192.jpg 300w, https:\/\/swebalk.com\/wp-content\/uploads\/2025\/05\/OIP-18x12.jpg 18w\" sizes=\"auto, (max-width: 474px) 100vw, 474px\" \/><\/figure>\n<\/div>\n<\/div>\n\n\n\n<div class=\"wp-block-columns is-layout-flex wp-container-core-columns-is-layout-9d6595d7 wp-block-columns-is-layout-flex\">\n<div class=\"wp-block-column is-layout-flow wp-block-column-is-layout-flow\">\n<figure class=\"wp-block-image size-full\"><img loading=\"lazy\" decoding=\"async\" width=\"406\" height=\"124\" src=\"https:\/\/swebalk.com\/wp-content\/uploads\/2023\/11\/compac-logo-1.jpg\" alt=\"\" class=\"wp-image-3118\" srcset=\"https:\/\/swebalk.com\/wp-content\/uploads\/2023\/11\/compac-logo-1.jpg 406w, https:\/\/swebalk.com\/wp-content\/uploads\/2023\/11\/compac-logo-1-300x92.jpg 300w, https:\/\/swebalk.com\/wp-content\/uploads\/2023\/11\/compac-logo-1-18x5.jpg 18w\" sizes=\"auto, (max-width: 406px) 100vw, 406px\" \/><\/figure>\n<\/div>\n\n\n\n<div class=\"wp-block-column is-layout-flow wp-block-column-is-layout-flow\"><style>.kb-image4_6d7df4-a4.kb-image-is-ratio-size, .kb-image4_6d7df4-a4 .kb-image-is-ratio-size{max-width:181px;width:100%;}.wp-block-kadence-column > .kt-inside-inner-col > .kb-image4_6d7df4-a4.kb-image-is-ratio-size, .wp-block-kadence-column > .kt-inside-inner-col > .kb-image4_6d7df4-a4 .kb-image-is-ratio-size{align-self:unset;}.kb-image4_6d7df4-a4{max-width:181px;}.image-is-svg.kb-image4_6d7df4-a4{-webkit-flex:0 1 100%;flex:0 1 100%;}.image-is-svg.kb-image4_6d7df4-a4 img{width:100%;}.kb-image4_6d7df4-a4 .kb-image-has-overlay:after{opacity:0.3;}<\/style>\n<figure class=\"wp-block-kadence-image kb-image4_6d7df4-a4 size-full\"><img loading=\"lazy\" decoding=\"async\" width=\"200\" height=\"200\" src=\"https:\/\/swebalk.com\/wp-content\/uploads\/2024\/07\/1631312885292-1.jpg\" alt=\"\" class=\"kb-img wp-image-3569\" srcset=\"https:\/\/swebalk.com\/wp-content\/uploads\/2024\/07\/1631312885292-1.jpg 200w, https:\/\/swebalk.com\/wp-content\/uploads\/2024\/07\/1631312885292-1-150x150.jpg 150w, https:\/\/swebalk.com\/wp-content\/uploads\/2024\/07\/1631312885292-1-12x12.jpg 12w, https:\/\/swebalk.com\/wp-content\/uploads\/2024\/07\/1631312885292-1-100x100.jpg 100w\" sizes=\"auto, (max-width: 200px) 100vw, 200px\" \/><\/figure>\n<\/div>\n<\/div>\n\n\n\n<div class=\"wp-block-columns is-layout-flex wp-container-core-columns-is-layout-9d6595d7 wp-block-columns-is-layout-flex\">\n<div class=\"wp-block-column is-layout-flow wp-block-column-is-layout-flow\"><style>.kb-image4_310e78-42 .kb-image-has-overlay:after{opacity:0.3;}<\/style>\n<figure class=\"wp-block-kadence-image kb-image4_310e78-42 size-full\"><img loading=\"lazy\" decoding=\"async\" width=\"402\" height=\"100\" src=\"https:\/\/swebalk.com\/wp-content\/uploads\/2024\/10\/image-1.png\" alt=\"\" class=\"kb-img wp-image-3574\" srcset=\"https:\/\/swebalk.com\/wp-content\/uploads\/2024\/10\/image-1.png 402w, https:\/\/swebalk.com\/wp-content\/uploads\/2024\/10\/image-1-300x75.png 300w, https:\/\/swebalk.com\/wp-content\/uploads\/2024\/10\/image-1-18x4.png 18w\" sizes=\"auto, (max-width: 402px) 100vw, 402px\" \/><\/figure>\n<\/div>\n\n\n\n<div class=\"wp-block-column is-layout-flow wp-block-column-is-layout-flow\"><style>.kb-image4_fd94c0-c1 .kb-image-has-overlay:after{opacity:0.3;}<\/style>\n<figure class=\"wp-block-kadence-image kb-image4_fd94c0-c1 size-full\"><img loading=\"lazy\" decoding=\"async\" width=\"651\" height=\"100\" src=\"https:\/\/swebalk.com\/wp-content\/uploads\/2024\/10\/image-2.png\" alt=\"\" class=\"kb-img wp-image-3575\" srcset=\"https:\/\/swebalk.com\/wp-content\/uploads\/2024\/10\/image-2.png 651w, https:\/\/swebalk.com\/wp-content\/uploads\/2024\/10\/image-2-300x46.png 300w, https:\/\/swebalk.com\/wp-content\/uploads\/2024\/10\/image-2-18x3.png 18w, https:\/\/swebalk.com\/wp-content\/uploads\/2024\/10\/image-2-600x92.png 600w\" sizes=\"auto, (max-width: 651px) 100vw, 651px\" \/><\/figure>\n<\/div>\n\n\n\n<div class=\"wp-block-column is-layout-flow wp-block-column-is-layout-flow\"><style>.kb-image4_1517c1-6a .kb-image-has-overlay:after{opacity:0.3;}<\/style>\n<figure class=\"wp-block-kadence-image kb-image4_1517c1-6a size-full\"><img loading=\"lazy\" decoding=\"async\" width=\"433\" height=\"100\" src=\"https:\/\/swebalk.com\/wp-content\/uploads\/2024\/10\/image.png\" alt=\"\" class=\"kb-img wp-image-3572\" srcset=\"https:\/\/swebalk.com\/wp-content\/uploads\/2024\/10\/image.png 433w, https:\/\/swebalk.com\/wp-content\/uploads\/2024\/10\/image-300x69.png 300w, https:\/\/swebalk.com\/wp-content\/uploads\/2024\/10\/image-18x4.png 18w\" sizes=\"auto, (max-width: 433px) 100vw, 433px\" \/><\/figure>\n<\/div>\n<\/div>\n\n\n\n<figure class=\"wp-block-image size-full\"><img loading=\"lazy\" decoding=\"async\" width=\"705\" height=\"100\" src=\"https:\/\/swebalk.com\/wp-content\/uploads\/2024\/10\/image-4.png\" alt=\"\" class=\"wp-image-3577\" srcset=\"https:\/\/swebalk.com\/wp-content\/uploads\/2024\/10\/image-4.png 705w, https:\/\/swebalk.com\/wp-content\/uploads\/2024\/10\/image-4-300x43.png 300w, https:\/\/swebalk.com\/wp-content\/uploads\/2024\/10\/image-4-18x3.png 18w, https:\/\/swebalk.com\/wp-content\/uploads\/2024\/10\/image-4-600x85.png 600w\" sizes=\"auto, (max-width: 705px) 100vw, 705px\" \/><\/figure>\n\n\n\n<figure class=\"wp-block-image size-full\"><img loading=\"lazy\" decoding=\"async\" width=\"300\" height=\"54\" src=\"https:\/\/swebalk.com\/wp-content\/uploads\/2024\/10\/image-5.png\" alt=\"\" class=\"wp-image-3578\" srcset=\"https:\/\/swebalk.com\/wp-content\/uploads\/2024\/10\/image-5.png 300w, https:\/\/swebalk.com\/wp-content\/uploads\/2024\/10\/image-5-18x3.png 18w\" sizes=\"auto, (max-width: 300px) 100vw, 300px\" \/><\/figure>","protected":false},"excerpt":{"rendered":"<p>Vi erbjuder det bredaste sortimentet av maskiner f\u00f6r underh\u00e5ll och produktion och representerar de mest v\u00e4lk\u00e4nda varum\u00e4rkena. I v\u00e5rt utbud finner du en omfattande portf\u00f6lj av maskiner f\u00f6r pl\u00e5tbearbetning och sk\u00e4rande bearbetning. F\u00f6r alla produkter i v\u00e5rt sortiment erbjuder vi installation, service och utbildning. Dessutom har vi ett omfattande reservdelslager fr\u00e5n alla v\u00e5ra maskinleverant\u00f6rer, vilket [&hellip;]<\/p>\n","protected":false},"author":1,"featured_media":0,"parent":0,"menu_order":0,"comment_status":"closed","ping_status":"closed","template":"home-panels.php","meta":{"_acf_changed":false,"footnotes":""},"class_list":["post-4","page","type-page","status-publish","hentry","post"],"acf":[],"_links":{"self":[{"href":"https:\/\/swebalk.com\/en\/wp-json\/wp\/v2\/pages\/4","targetHints":{"allow":["GET"]}}],"collection":[{"href":"https:\/\/swebalk.com\/en\/wp-json\/wp\/v2\/pages"}],"about":[{"href":"https:\/\/swebalk.com\/en\/wp-json\/wp\/v2\/types\/page"}],"author":[{"embeddable":true,"href":"https:\/\/swebalk.com\/en\/wp-json\/wp\/v2\/users\/1"}],"replies":[{"embeddable":true,"href":"https:\/\/swebalk.com\/en\/wp-json\/wp\/v2\/comments?post=4"}],"version-history":[{"count":21,"href":"https:\/\/swebalk.com\/en\/wp-json\/wp\/v2\/pages\/4\/revisions"}],"predecessor-version":[{"id":3952,"href":"https:\/\/swebalk.com\/en\/wp-json\/wp\/v2\/pages\/4\/revisions\/3952"}],"wp:attachment":[{"href":"https:\/\/swebalk.com\/en\/wp-json\/wp\/v2\/media?parent=4"}],"curies":[{"name":"wp","href":"https:\/\/api.w.org\/{rel}","templated":true}]}}