{"id":399,"date":"2023-08-20T07:20:52","date_gmt":"2023-08-20T07:20:52","guid":{"rendered":"https:\/\/swebalk.com\/?page_id=399"},"modified":"2025-04-26T07:38:31","modified_gmt":"2025-04-26T07:38:31","slug":"sagning-kapning","status":"publish","type":"page","link":"https:\/\/swebalk.com\/en\/produkter\/skarandebearbetning\/sagning-kapning\/","title":{"rendered":"S\u00e5gning \/ Kapning"},"content":{"rendered":"<div class=\"wp-block-group alignfull is-nowrap is-layout-flex wp-container-core-group-is-layout-ad2f72ca wp-block-group-is-layout-flex\">\n<table class=\"custom-table\">\n        <tbody>\n            <!-- Row 1 -->\n                 <tr>\n                <!-- Product 1: Kapmaskin Record 350-->\n                <td>\n                    <a href=\"https:\/\/swebalk.com\/en\/product\/kapmaskin-record-350\/\">\n                        <img decoding=\"async\" src=\"https:\/\/swebalk.com\/wp-content\/uploads\/2024\/05\/022301.jpg\"\nalt=\"Product Image\">\n                        <br>\n                        Kapmaskin Record 350\n                    <\/a>\n                <\/td>       \n                <!-- Product 2: Kallbands\u00e5g ARG 105 mobil-->\n                <td>\n                    <a href=\"https:\/\/swebalk.com\/en\/product\/kallbandsag-pilous-arg-105-mobil\/\">\n                        <img decoding=\"async\" src=\"https:\/\/swebalk.com\/wp-content\/uploads\/2023\/09\/105_mobil_ef9d5b76f84514bdbc1d52d3c6575d6b.png\" alt=\"Product Image\">\n                        <br>\n                        Kallbands\u00e5g ARG 105 mobil\n                    <\/a>\n                <\/td>\n                <!-- Product 3: Kallbands\u00e5g ARG 130 super -->\n                <td>\n                    <a href=\"https:\/\/swebalk.com\/en\/product\/kallbandsag-pilous-arg-130-super-tk-k\/\">\n                        <img decoding=\"async\" src=\"https:\/\/swebalk.com\/wp-content\/uploads\/2023\/09\/130_super_1f7f8b2680d5d82bb9ac1e191a7386ba.png\">\n                        <br>\n                        Kallbands\u00e5g ARG 130 super\n                    <\/a>\n                <\/td>\n                <!-- Product 4: Kapmaskin Velox 350 -->\n                <td>\n<a href=\"https:\/\/swebalk.com\/en\/product\/kapmaskin-velox-350\/\">\n                        <img decoding=\"async\" src=\" https:\/\/swebalk.com\/wp-content\/uploads\/2024\/05\/045302.jpg\" alt=\"Product Image\">\n                        <br>\n                        Kapmaskin Velox 350\n                    <\/a>\n                <\/td>\n  <\/tr>\n<tr>\n                <!-- Product 5: Kallbands\u00e5g ARG 200 plus -->\n                <td>\n                                       <a href=\"https:\/\/swebalk.com\/en\/product\/kallbandsag-pilous-arg-200-plus\/\">\n                        <img decoding=\"async\" src=\"https:\/\/swebalk.com\/wp-content\/uploads\/2023\/09\/200_plus_18aafc592efdf70a7397e40348c31820.png\">\n                        <br>\n                        Kallbands\u00e5g ARG 200 plus\n                    <\/a>\n                <\/td>\n                <!-- Product 6: Kallbands\u00e5g ARG 235\/235 Plus -->\n                <td>\n<a href=\"https:\/\/swebalk.com\/en\/product\/kallbandsag-pilous-arg-235-235-plus\/\">\n                        <img decoding=\"async\" src=\"https:\/\/swebalk.com\/wp-content\/uploads\/2023\/09\/235_c1142523ca58fed11daaccbab95a5616.png\" alt=\"Product Image\">\n                        <br>\n                        Kallbands\u00e5g ARG 235\/235 Plus\n                    <\/a>\n                <\/td>\n                <!-- Product 7: Kallbands\u00e5g ARG 260\/260 Plus -->\n                <td>\n<a href=\"https:\/\/swebalk.com\/en\/product\/kallbandsag-pilous-arg-260-260-plus\/\">\n                        <img decoding=\"async\" src=\"https:\/\/swebalk.com\/wp-content\/uploads\/2023\/09\/260_plus_de933193f36c05f1a62b2438c01021ca.png\">\n                        <br>\n                        Kallbands\u00e5g ARG 260\/260 Plus\n                    <\/a>\n                <\/td>\n                <!-- Kallbands\u00e5g Product 8: ARG 300 F\/300 Plus F -->\n                <td>\n                  <a href=\"https:\/\/swebalk.com\/en\/product\/kallbandsag-pilous-arg-300-f-300-plus-f\/\">\n                        <img decoding=\"async\" src=\" https:\/\/swebalk.com\/wp-content\/uploads\/2023\/09\/300_plus_F_db550b3cd2f4bd280a4627decc839e7f.png\" alt=\"Product Image\">\n                        <br>\n                        Kallbands\u00e5g ARG 300 F\/300 Plus F\n                    <\/a>\n                <\/td>\n  <\/tr>\n<tr>\n                <!-- Product 9: Kapmaskin SIRIO 370 AF-NC-->\n                <td>\n                    <a href=\"https:\/\/swebalk.com\/en\/product\/kapmaskin-sirio-370-af-nc\/\">\n                        <img decoding=\"async\" src=\" https:\/\/swebalk.com\/wp-content\/uploads\/2024\/05\/079304.jpg \">\n                        <br>\n                        Kapmaskin SIRIO 370 AF-NC\n                    <\/a>\n                <\/td>\n\n                <!-- Product 10: Kallbands\u00e5g ARG 330 F\/330 Plus F -->\n                <td>\n                    <a href=\"https:\/\/swebalk.com\/en\/product\/kallbandsag-pilous-arg-330-f-330-plus-f\/\">\n                        <img decoding=\"async\" src=\" https:\/\/swebalk.com\/wp-content\/uploads\/2023\/09\/330_plus_Fnew_0d26ec25173a5bdbe8ce42c41c8aeb6d.png\">\n                        <br>\n                        Kallbands\u00e5g ARG 330 F\/330 Plus F\n                    <\/a>\n                <\/td>\n                <!-- Product 11: Kallbands\u00e5g ARG 260 S.A.F. \/ 260 Plus S.A.F. -->\n                <td>\n                    <a href=\"https:\/\/swebalk.com\/en\/product\/kallbandsag-pilous-arg-260-s-a-f-260-plus-s-a-f\/\">\n                        <img decoding=\"async\" src=\" https:\/\/swebalk.com\/wp-content\/uploads\/2023\/09\/260_SAF_4e00bd31d14ed041545d0dff614813d2.png\">\n                        <br>\n                        Kallbands\u00e5g ARG 260 S.A.F. \/ 260 Plus S.A.F.\n                    <\/a>\n                <\/td>\n<!-- Product 12: Kallbands\u00e5g IMET CUBO 400 NC FLAT-->\n                <td>\n                  <a href=\"https:\/\/swebalk.com\/en\/product\/kallbandsag-imet-cubo-400-nc-flat\/\">\n                        <img decoding=\"async\" src=\" https:\/\/swebalk.com\/wp-content\/uploads\/2024\/05\/098304-40.jpg \" alt=\"Product Image\">\n                        <br>\n                        Kallbands\u00e5g IMET CUBO 400 NC FLAT\n                    <\/a>\n                <\/td>\n<\/tr>\n            <tr>\n                <!-- Product 13: Kallbands\u00e5g ARG 300 S.A.F. \/ 300 Plus S.A.F. -->\n                <td>\n                  <a href=\"https:\/\/swebalk.com\/en\/product\/kallbandsag-pilous-arg-300-s-a-f-300-plus-s-a-f\/\">\n                        <img decoding=\"async\" src=\" https:\/\/swebalk.com\/wp-content\/uploads\/2023\/09\/300_plus_SAF_9fe4fdacc25b8144b1ccf7e440b9da98.png\" alt=\"Product Image\">\n                        <br>\n                        Kallbands\u00e5g ARG 300 S.A.F. \/ 300 Plus S.A.F.\n                    <\/a>\n                <\/td>\n                <!-- Product 14: Kallbands\u00e5g ARG 330 S.A.F. \/ 330 Plus S.A.F. -->\n                <td>\n<a href=\"https:\/\/swebalk.com\/en\/product\/kallbandsag-pilous-arg-330-s-a-f-330-plus-s-a-f\/\">\n                        <img decoding=\"async\" src=\" https:\/\/swebalk.com\/wp-content\/uploads\/2023\/09\/330_plus_SAF_23efc437bd3d3bf779246fbd84c168ae.png\">\n                        <br>\n                        Kallbands\u00e5g ARG 330 S.A.F. \/ 330 Plus S.A.F.\n                    <\/a>\n                <\/td>\n                <!-- Product 15: Kallbands\u00e5g ARG 400 Plus S.A.F. -->\n                <td>\n<a href=\"https:\/\/swebalk.com\/en\/product\/kallbandsag-pilous-arg-400-plus-s-a-f\/\">\n                        <img decoding=\"async\" src=\" https:\/\/swebalk.com\/wp-content\/uploads\/2023\/09\/400_plus_SAF_96ebe4d5adb58ca206dd16be2b9bd774.png\">\n                        <br>\n                       Kallbands\u00e5g ARG 400 Plus S.A.F.\n                    <\/a>\n                <\/td>\n                <!-- Product 16: Kallbands\u00e5g ARG 500 Plus S.A.F. -->\n                <td>\n                    <a href=\"https:\/\/swebalk.com\/en\/product\/kallbandsag-pilous-arg-500-plus-s-a-f\/\">\n                        <img decoding=\"async\" src=\" https:\/\/swebalk.com\/wp-content\/uploads\/2023\/09\/500_plus_SAF-2021_6c5dd7cce41311b65926e0cb3e5e10d7.png \">\n                        <br>\n                        Kallbands\u00e5g ARG 500 Plus S.A.F.\n                    <\/a>\n                <\/td>\n<tr>\n<tr>\n                <!-- Product 17: Kallbands\u00e5g ARG 260 CF-NC automat -->\n                <td>\n     <a href=\"https:\/\/swebalk.com\/en\/product\/kallbandsag-pilous-arg-260-cf-nc-automat\/\">\n                        <img decoding=\"async\" src=\" https:\/\/swebalk.com\/wp-content\/uploads\/2023\/09\/260_CF_NC_51f0c2c57da92c44523ffe1873c13165.png\" alt=\"Product Image\">\n                        <br>\n                        Kallbands\u00e5g ARG 260 CF-NC automat\n                    <\/a>\n                <\/td>\n<!-- Product 18: Kapmaskin PERFECT 275-->\n                <td>\n     <a href=\"https:\/\/swebalk.com\/en\/product\/kapmaskin-perfect-275\/\">\n                        <img decoding=\"async\" src=\" https:\/\/swebalk.com\/wp-content\/uploads\/2024\/05\/005301.jpg\" alt=\"Product Image\">\n                        <br>\n                        Kapmaskin PERFECT 275\n                    <\/a>\n                <\/td>\n                <!-- Product 19: Kallbands\u00e5g ARG 300 CF-NC automat -->\n                <td>\n<a href=\"https:\/\/swebalk.com\/en\/product\/kallbandsag-pilous-arg-300-cf-nc-automat\/\">\n                        <img decoding=\"async\" src=\" https:\/\/swebalk.com\/wp-content\/uploads\/2023\/09\/300_CF_NC_36b72a9c2f3945a3e325753274f17dd9.png\">\n                        <br>\n                        Kallbands\u00e5g ARG 300 CF-NC automat\n                    <\/a>\n                <\/td>\n                <!-- Product 20: Kallbands\u00e5g ARG 330 CF-NC automat -->\n                <td>\n                    <a href=\"https:\/\/swebalk.com\/en\/product\/kallbandsag-pilous-arg-330-cf-nc-automat\/\">\n                        <img decoding=\"async\" src=\"https:\/\/swebalk.com\/wp-content\/uploads\/2023\/09\/330_CF_NC_5bb0edcb96021dca7b92773e3ed393fe.png\">\n                        <br>\n                        Kallbands\u00e5g ARG 330 CF-NC automat\n                    <\/a>\n                <\/td>\n          <\/tr>\n<tr>\n                <!-- Product 21: Kallbands\u00e5g Dynamic 2.6 -->\n                <td>\n                    <a href=\"https:\/\/swebalk.com\/en\/product\/kallbandsag-dynamic-2-6\/\">\n                        <img decoding=\"async\" src=\" https:\/\/swebalk.com\/wp-content\/uploads\/2023\/09\/Dynamic2-6_f8fbf1127cac6e267afcd5e9dc36cffa.png\">\n                        <br>\n                        Dynamic 2.6\n                    <\/a>\n                <\/td>            \n          <!-- Product 22: Kallbands\u00e5g CUBO 350 NC flat-->\n                <td>\n                    <a href=\"https:\/\/swebalk.com\/en\/product\/kallbandsag-imet-cubo-350-nc-flat\/\">\n                        <img decoding=\"async\" src=\" https:\/\/swebalk.com\/wp-content\/uploads\/2024\/05\/098304.jpg\">\n                        <br>\n                        Kallbands\u00e5g CUBO 350 NC flat\n                    <\/a>\n                <\/td>\n      <!-- Product 23: Kallbands\u00e5g Dynamic 3.0-->\n                <td>\n                    <a href=\"https:\/\/swebalk.com\/en\/product\/kallbandsag-dynamic-3-0\/\">\n                        <img decoding=\"async\" src=\" https:\/\/swebalk.com\/wp-content\/uploads\/2023\/09\/Dynamic3-0_217a4789b06e3a78855045652acfbfd7.png\" alt=\"Product Image\">\n                        <br>\n                        Kallbands\u00e5g Dynamic 3.0\n                    <\/a>\n                <\/td>\n                <!-- Product 24: Kallbands\u00e5g ARG 330 DC S.A.F. -->\n                <td>\n                    <a href=\"https:\/\/swebalk.com\/en\/product\/kallbandsag-arg-330-dc-s-a-f\/\">\n                        <img decoding=\"async\" src=\" https:\/\/swebalk.com\/wp-content\/uploads\/2023\/09\/330_DC_SAFretus_0862444f96854e4bba4f4a0f1638c6a3.png\">\n                        <br>\n                        Kallbands\u00e5g ARG 330 DC S.A.F.\n                    <\/a>\n                <\/td>\n          <\/tr>\n<tr>\n                <!-- Product 25: Kallbands\u00e5g ARG 520 DC S.A.F. -->\n                <td>\n                    <a href=\"https:\/\/swebalk.com\/en\/product\/kallbandsag-arg-520-dc-s-a-f\/\">\n                        <img decoding=\"async\" src=\" https:\/\/swebalk.com\/wp-content\/uploads\/2023\/09\/520_DC_CF_NC_243f16716a58fd527fac4b9473af5d34-1.png\">\n                        <br>\n                        Kallbands\u00e5g ARG 520 DC S.A.F.\n                    <\/a>\n                <\/td>\n                <!-- Product 26: Kallbands\u00e5g ARG 640 DCT S.A.F. -->\n                <td>\n                    <a href=\"https:\/\/swebalk.com\/en\/product\/kallbandsag-arg-640-dct-s-a-f\/\">\n                        <img decoding=\"async\" src=\" https:\/\/swebalk.com\/wp-content\/uploads\/2023\/09\/640_DC_SAF_3970c7a6162c772f61b829f91c1a0bde.png\">\n                        <br>\n                        Kallbands\u00e5g ARG 640 DCT S.A.F.\n                    <\/a>\n                <\/td>            \n<!-- Product 27: Kapmaskin VELOX 350 AF-NC-->\n                <td>\n                    <a href=\"https:\/\/swebalk.com\/en\/product\/kapmaskin-velox-350-af-nc\/\">\n                        <img decoding=\"async\" src=\" https:\/\/swebalk.com\/wp-content\/uploads\/2024\/05\/087302.jpg\">\n                        <br>\n                        Kapmaskin VELOX 350 AF-NC\n                    <\/a>\n                <\/td>                           \n <!-- Product 28: Kallbands\u00e5g ARG 300 DCT CF-NC Automat -->\n                <td>\n<a href=\"https:\/\/swebalk.com\/en\/product\/kallbandsag-arg-300-dct-cf-nc-automat\/\">\n                        <img decoding=\"async\" src=\" https:\/\/swebalk.com\/wp-content\/uploads\/2023\/09\/300_DCT_CF_NC_62f78b52422fd745603604be860fb0db.png\" alt=\"Product Image\">\n                        <br>\n                        Kallbands\u00e5g ARG 300 DCT CF-NC Automat\n                    <\/a>\n                <\/td>\n            <\/tr>\n<tr>\n                <!-- Product 29: Kallbands\u00e5g ARG 330 DC CF-NC Automat -->\n                <td>\n<a href=\"https:\/\/swebalk.com\/en\/product\/kallbandsag-arg-330-dc-cf-nc-automat\/\">\n                        <img decoding=\"async\" src=\" https:\/\/swebalk.com\/wp-content\/uploads\/2023\/09\/330_DC_CF_NC_c75048e27a86d1594e52f06b7bbbfa5a.png\">\n                        <br>\n                        Kallbands\u00e5g ARG 330 DC CF-NC Automat\n                    <\/a>\n                <\/td>\n                <!-- Product 30: Kallbands\u00e5g ARG 520 DC CF-NC Automat -->\n                <td>\n                    <a href=\"https:\/\/swebalk.com\/en\/product\/kallbandsag-arg-520-dc-cf-nc-automat\/\">\n                        <img decoding=\"async\" src=\" https:\/\/swebalk.com\/wp-content\/uploads\/2023\/09\/520_DC_CF_NC_243f16716a58fd527fac4b9473af5d34.png\">\n                        <br>\n                        Kallbands\u00e5g ARG 520 DC CF-NC Automat\n                    <\/a>\n                <\/td>\n<!-- Product 31: Kapmaskin SIRIO 370 SH-E-->\n                <td>\n                    <a href=\"https:\/\/swebalk.com\/en\/product\/kapmaskin-sirio-370-sh-e\/\">\n                        <img decoding=\"async\" src=\" https:\/\/swebalk.com\/wp-content\/uploads\/2024\/05\/076301.jpg\">\n                        <br>\n                        Kapmaskin SIRIO 370 SH-E\n                    <\/a>\n                <\/td>\n\n                <!-- Product 32: Vertikal kallbands\u00e5g VB-A Series -->\n                <td>\n<a href=\"https:\/\/swebalk.com\/en\/product\/vertikal-kallbandsag-vb-a-series\/\">\n                        <img decoding=\"async\" src=\"https:\/\/swebalk.com\/wp-content\/uploads\/2023\/09\/102643-102640-hpt-vb-300a@2x.webp\">\n                        <br>\n                        Vertikal kallbands\u00e5g VB-A Series\n                    <\/a>\n                <\/td>            \n            <\/tr>\n<tr>\n<!-- Product 34: Kapmaskin SIRIO 315 SH-->\n                <td>\n    <a href=\"https:\/\/swebalk.com\/en\/product\/kapmaskin-sirio-315-sh\/\">\n                        <img decoding=\"async\" src=\" https:\/\/swebalk.com\/wp-content\/uploads\/2024\/05\/053301.jpg\" alt=\"Product Image\">\n                        <br>\n                        Kapmaskin SIRIO 315 SH\n                    <\/a>\n                <\/td>\n\n                <!-- Product 35: Kapmaskin KKS T -->\n                <td>\n                    <a href=\"https:\/\/swebalk.com\/en\/product\/kapmaskin-kks-t\/\">\n                        <img decoding=\"async\" src=\" https:\/\/swebalk.com\/wp-content\/uploads\/2023\/09\/102121-hpt-102120-kks-315.jpg\">\n                        <br>\n                        Kapmaskin KKS T\n                    <\/a>\n                <\/td>\n                <!-- Product 36: Rullbana D-system-->\n                <td>\n                    <a href=\"https:\/\/swebalk.com\/en\/product\/rullbana-kallbandsag-pilous-d-system\/\">\n                        <img decoding=\"async\" src=\"https:\/\/swebalk.com\/wp-content\/uploads\/2024\/05\/system_D_hlavni.png\">\n                        <br>\n                        Rullbana D-system\n                    <\/a>\n                <\/td>\n<tr>\n        <\/tbody>\n    <\/table>\n<\/div>","protected":false},"excerpt":{"rendered":"<p>Kapmaskin Record 350 Kallbands\u00e5g ARG 105 mobil Kallbands\u00e5g ARG 130 super Kapmaskin Velox 350 Kallbands\u00e5g ARG 200 plus Kallbands\u00e5g ARG 235\/235 Plus Kallbands\u00e5g ARG 260\/260 Plus Kallbands\u00e5g ARG 300 F\/300 Plus F Kapmaskin SIRIO 370 AF-NC Kallbands\u00e5g ARG 330 F\/330 Plus F Kallbands\u00e5g ARG 260 S.A.F. \/ 260 Plus S.A.F. Kallbands\u00e5g IMET CUBO 400 NC [&hellip;]<\/p>\n","protected":false},"author":1,"featured_media":0,"parent":390,"menu_order":0,"comment_status":"closed","ping_status":"closed","template":"templates\/template-full-notitle.php","meta":{"_acf_changed":false,"footnotes":""},"class_list":["post-399","page","type-page","status-publish","hentry","post"],"acf":[],"_links":{"self":[{"href":"https:\/\/swebalk.com\/en\/wp-json\/wp\/v2\/pages\/399","targetHints":{"allow":["GET"]}}],"collection":[{"href":"https:\/\/swebalk.com\/en\/wp-json\/wp\/v2\/pages"}],"about":[{"href":"https:\/\/swebalk.com\/en\/wp-json\/wp\/v2\/types\/page"}],"author":[{"embeddable":true,"href":"https:\/\/swebalk.com\/en\/wp-json\/wp\/v2\/users\/1"}],"replies":[{"embeddable":true,"href":"https:\/\/swebalk.com\/en\/wp-json\/wp\/v2\/comments?post=399"}],"version-history":[{"count":25,"href":"https:\/\/swebalk.com\/en\/wp-json\/wp\/v2\/pages\/399\/revisions"}],"predecessor-version":[{"id":3820,"href":"https:\/\/swebalk.com\/en\/wp-json\/wp\/v2\/pages\/399\/revisions\/3820"}],"up":[{"embeddable":true,"href":"https:\/\/swebalk.com\/en\/wp-json\/wp\/v2\/pages\/390"}],"wp:attachment":[{"href":"https:\/\/swebalk.com\/en\/wp-json\/wp\/v2\/media?parent=399"}],"curies":[{"name":"wp","href":"https:\/\/api.w.org\/{rel}","templated":true}]}}