{"id":395,"date":"2023-08-20T07:13:34","date_gmt":"2023-08-20T07:13:34","guid":{"rendered":"https:\/\/swebalk.com\/?page_id=395"},"modified":"2026-01-06T09:38:21","modified_gmt":"2026-01-06T09:38:21","slug":"frasning","status":"publish","type":"page","link":"https:\/\/swebalk.com\/en\/produkter\/skarandebearbetning\/frasning\/","title":{"rendered":"Fr\u00e4sning"},"content":{"rendered":"<div class=\"wp-block-group alignfull is-nowrap is-layout-flex wp-container-core-group-is-layout-ad2f72ca wp-block-group-is-layout-flex\">\n<table class=\"custom-table\">\n        <tbody>\n            <!-- Row 1 -->\n            <tr>\n                <!-- Product 1: Fr\u00e4s- och borrmaskin Mark Super Series -->\n                <td>\n  <a href=\"https:\/\/swebalk.com\/en\/product\/fras-och-borrmaskin-mark-super-series\/\">\n                        <img decoding=\"async\" src=\"https:\/\/swebalk.com\/wp-content\/uploads\/2023\/09\/301490_bohrfraesmaschine_marksuper_sv.jpg\" alt=\"Product Image\">\n                        <br>\n                        Fr\u00e4s- och borrmaskin Mark Super Series\n                    <\/a>\n                <\/td>\n                <!-- Product 2: Fr\u00e4smaskin MF 5 VP -->\n                <td>\n<a href=\"https:\/\/swebalk.com\/en\/product\/frasmaskin-mf-5-vp\/\">\n                        <img decoding=\"async\" src=\"https:\/\/swebalk.com\/wp-content\/uploads\/2023\/09\/301217_mehrzweckfraesmaschine_mf5-vp.jpg\">\n                        <br>\n                        Fr\u00e4smaskin MF 5 VP\n                    <\/a>\n                <\/td>\n                <!-- Product 3: Universalfr\u00e4smaskin VHF 1.1 -->\n                <td>\n                      <a href=\"https:\/\/swebalk.com\/en\/product\/universalfrasmaskin-vhf-1-1\/\">\n                        <img decoding=\"async\" src=\"https:\/\/swebalk.com\/wp-content\/uploads\/2023\/09\/362665_hpt_VHF1.1.jpg\" alt=\"Product Image\">\n                        <br>\n                        Universalfr\u00e4smaskin VHF 1.1\n                    <\/a>\n                <\/td>\n                <!-- Product 4: Universalfr\u00e4smaskin VHF 2.2 -->\n                <td>\n                    <a href=\"https:\/\/swebalk.com\/en\/product\/universalfrasmaskin-vhf-2-2\/\">\n                        <img decoding=\"async\" src=\" https:\/\/swebalk.com\/wp-content\/uploads\/2023\/09\/362651-hpt-vhf-2-2.jpg\" alt=\"Product Image\">\n                        <br>\n                        Universalfr\u00e4smaskin VHF 2.2\n                    <\/a>\n                <\/td>\n  <\/tr>\n<tr>\n                <!-- Product 5: Universalfr\u00e4smaskin VHF 3.2 -->\n                <td>\n                    <a href=\"https:\/\/swebalk.com\/en\/product\/universal-frasmaskin-vhf-3-2\/\">\n                        <img decoding=\"async\" src=\"https:\/\/swebalk.com\/wp-content\/uploads\/2023\/09\/301411_hpt_VHF-3.2.jpg\" alt=\"Product Image\">\n                        <br>\n                        Universalfr\u00e4smaskin VHF 3.2\n                    <\/a>\n                <\/td>\n                <!-- Product 6: Verktygsfr\u00e4smaskin FPK 4.3 \u2022 FPK 6.3 Series -->\n                <td>\n                    <a href=\"https:\/\/swebalk.com\/en\/product\/verktygsfrasmaskin-fpk-4-3-fpk-6-3-series\/\">\n                        <img decoding=\"async\" src=\"https:\/\/swebalk.com\/wp-content\/uploads\/2023\/09\/302341-hpt-fpk-6-3.jpg\">\n                        <br>\n                        Verktygsfr\u00e4smaskin FPK 4.3 \u2022 FPK 6.3 Series\n                    <\/a>\n                <\/td>\n                <!-- Product 7: Universalfr\u00e4smaskin UWF 3.2 -->\n                <td>\n                                        <a href=\"https:\/\/swebalk.com\/en\/product\/universalfrasmaskin-uwf-3-2\/\">\n                        <img decoding=\"async\" src=\"https:\/\/swebalk.com\/wp-content\/uploads\/2023\/09\/362695_hpt_UWF_3.2.jpg\" alt=\"Product Image\">\n                        <br>\n                        Universalfr\u00e4smaskin UWF 3.2\n                    <\/a>\n                <\/td>\n                <!-- Product 8: Universalfr\u00e4smaskin UWF 5 -->\n                <td>\n                    <a href=\"https:\/\/swebalk.com\/en\/product\/universalfrasmaskin-uwf-5\/\">\n                        <img decoding=\"async\" src=\" https:\/\/swebalk.com\/wp-content\/uploads\/2023\/09\/362750_hpt_UWF5.jpg\">\n                        <br>\n                        Universalfr\u00e4smaskin UWF 5\n                    <\/a>\n                <\/td>\n           <\/tr>\n            <tr>\n                <!-- Product 9: Universalfr\u00e4smaskin UWF 6 -->\n                <td>\n                    <a href=\"https:\/\/swebalk.com\/en\/product\/universalfrasmaskin-uwf-6\/\">\n                        <img decoding=\"async\" src=\" https:\/\/swebalk.com\/wp-content\/uploads\/2023\/09\/362751-hpt-uwf6.jpg \">\n                        <br>\n                        Universalfr\u00e4smaskin UWF 6\n                    <\/a>\n                <\/td>\n                <!-- Product 11: CNC fleroperationsmaskin Vector M Series -->\n                <td>\n                    <a href=\"https:\/\/swebalk.com\/en\/product\/cnc-fleroperationsmaskin-vector-m-series\/\">\n                        <img decoding=\"async\" src=\" https:\/\/swebalk.com\/wp-content\/uploads\/2023\/09\/181430-hpt-vector-650-m-si.jpg\">\n                        <br>\n                        CNC fleroperationsmaskin Vector M Series\n                    <\/a>\n                <\/td>            \n            <\/tr>\n        <\/tbody>\n    <\/table>\n<\/div>","protected":false},"excerpt":{"rendered":"<p>Fr\u00e4s- och borrmaskin Mark Super Series Fr\u00e4smaskin MF 5 VP Universalfr\u00e4smaskin VHF 1.1 Universalfr\u00e4smaskin VHF 2.2 Universalfr\u00e4smaskin VHF 3.2 Verktygsfr\u00e4smaskin FPK 4.3 \u2022 FPK 6.3 Series Universalfr\u00e4smaskin UWF 3.2 Universalfr\u00e4smaskin UWF 5 Universalfr\u00e4smaskin UWF 6 CNC fleroperationsmaskin Vector M Series<\/p>","protected":false},"author":1,"featured_media":0,"parent":390,"menu_order":0,"comment_status":"closed","ping_status":"closed","template":"templates\/template-full-notitle.php","meta":{"_acf_changed":false,"footnotes":""},"class_list":["post-395","page","type-page","status-publish","hentry","post"],"acf":[],"_links":{"self":[{"href":"https:\/\/swebalk.com\/en\/wp-json\/wp\/v2\/pages\/395","targetHints":{"allow":["GET"]}}],"collection":[{"href":"https:\/\/swebalk.com\/en\/wp-json\/wp\/v2\/pages"}],"about":[{"href":"https:\/\/swebalk.com\/en\/wp-json\/wp\/v2\/types\/page"}],"author":[{"embeddable":true,"href":"https:\/\/swebalk.com\/en\/wp-json\/wp\/v2\/users\/1"}],"replies":[{"embeddable":true,"href":"https:\/\/swebalk.com\/en\/wp-json\/wp\/v2\/comments?post=395"}],"version-history":[{"count":15,"href":"https:\/\/swebalk.com\/en\/wp-json\/wp\/v2\/pages\/395\/revisions"}],"predecessor-version":[{"id":4115,"href":"https:\/\/swebalk.com\/en\/wp-json\/wp\/v2\/pages\/395\/revisions\/4115"}],"up":[{"embeddable":true,"href":"https:\/\/swebalk.com\/en\/wp-json\/wp\/v2\/pages\/390"}],"wp:attachment":[{"href":"https:\/\/swebalk.com\/en\/wp-json\/wp\/v2\/media?parent=395"}],"curies":[{"name":"wp","href":"https:\/\/api.w.org\/{rel}","templated":true}]}}