{"id":38,"date":"2023-03-24T11:08:32","date_gmt":"2023-03-24T11:08:32","guid":{"rendered":"http:\/\/swebalk.com\/?page_id=38"},"modified":"2023-09-03T13:09:35","modified_gmt":"2023-09-03T13:09:35","slug":"kontakt","status":"publish","type":"page","link":"https:\/\/swebalk.com\/en\/kontakt\/","title":{"rendered":"Kontakt"},"content":{"rendered":"<p>Hemsidan \u00e4r f\u00f6r n\u00e4rvarande under uppbyggnad. Vi ber om \u00f6verseende med eventuella felskrivningar som kan f\u00f6rekomma p\u00e5 vissa produkter. Vi arbetar h\u00e5rt f\u00f6r att snart kunna erbjuda en fullst\u00e4ndig och korrekt webbplatsupplevelse. Tack f\u00f6r ditt t\u00e5lamod!<\/p>\n\n\n\n<p><strong>E-mail<\/strong><\/p>\n\n\n\n<p><a href=\"mailto:info@swebalk.com\">info@swebalk.com<\/a><\/p>\n\n\n\n<p><strong>Tel. <\/strong><\/p>\n\n\n\n<p>+46 (0)72 543 51 48<\/p>\n\n\n\n<p><\/p>\n\n\n\n<p><\/p>","protected":false},"excerpt":{"rendered":"<p>Hemsidan \u00e4r f\u00f6r n\u00e4rvarande under uppbyggnad. Vi ber om \u00f6verseende med eventuella felskrivningar som kan f\u00f6rekomma p\u00e5 vissa produkter. Vi arbetar h\u00e5rt f\u00f6r att snart kunna erbjuda en fullst\u00e4ndig och korrekt webbplatsupplevelse. Tack f\u00f6r ditt t\u00e5lamod! E-mail info@swebalk.com Tel. +46 (0)72 543 51 48<\/p>","protected":false},"author":1,"featured_media":0,"parent":0,"menu_order":0,"comment_status":"closed","ping_status":"closed","template":"templates\/template-full.php","meta":{"_acf_changed":false,"footnotes":""},"class_list":["post-38","page","type-page","status-publish","hentry","post"],"acf":[],"_links":{"self":[{"href":"https:\/\/swebalk.com\/en\/wp-json\/wp\/v2\/pages\/38","targetHints":{"allow":["GET"]}}],"collection":[{"href":"https:\/\/swebalk.com\/en\/wp-json\/wp\/v2\/pages"}],"about":[{"href":"https:\/\/swebalk.com\/en\/wp-json\/wp\/v2\/types\/page"}],"author":[{"embeddable":true,"href":"https:\/\/swebalk.com\/en\/wp-json\/wp\/v2\/users\/1"}],"replies":[{"embeddable":true,"href":"https:\/\/swebalk.com\/en\/wp-json\/wp\/v2\/comments?post=38"}],"version-history":[{"count":13,"href":"https:\/\/swebalk.com\/en\/wp-json\/wp\/v2\/pages\/38\/revisions"}],"predecessor-version":[{"id":1956,"href":"https:\/\/swebalk.com\/en\/wp-json\/wp\/v2\/pages\/38\/revisions\/1956"}],"wp:attachment":[{"href":"https:\/\/swebalk.com\/en\/wp-json\/wp\/v2\/media?parent=38"}],"curies":[{"name":"wp","href":"https:\/\/api.w.org\/{rel}","templated":true}]}}