{"id":3072,"date":"2023-09-14T04:53:21","date_gmt":"2023-09-14T04:53:21","guid":{"rendered":"https:\/\/swebalk.com\/?page_id=3072"},"modified":"2023-09-14T05:01:10","modified_gmt":"2023-09-14T05:01:10","slug":"svarv-basic-170-super-pro","status":"publish","type":"page","link":"https:\/\/swebalk.com\/en\/produkter\/skarandebearbetning\/svarvning\/svarv-basic-170-super-pro\/","title":{"rendered":"Svarv Basic 170 Super Pro"},"content":{"rendered":"<figure class=\"wp-block-image size-full\"><img loading=\"lazy\" decoding=\"async\" width=\"700\" height=\"637\" src=\"https:\/\/swebalk.com\/wp-content\/uploads\/2023\/09\/image-42.png\" alt=\"\" class=\"wp-image-3073\" srcset=\"https:\/\/swebalk.com\/wp-content\/uploads\/2023\/09\/image-42.png 700w, https:\/\/swebalk.com\/wp-content\/uploads\/2023\/09\/image-42-300x273.png 300w, https:\/\/swebalk.com\/wp-content\/uploads\/2023\/09\/image-42-13x12.png 13w, https:\/\/swebalk.com\/wp-content\/uploads\/2023\/09\/image-42-600x546.png 600w\" sizes=\"auto, (max-width: 700px) 100vw, 700px\" \/><\/figure>\n\n\n\n<figure class=\"wp-block-table is-style-stripes has-small-font-size\"><table><tbody><tr><td>Dubb avst\u00e5nd<\/td><td>1000 mm<\/td><\/tr><tr><td>Sv\u00e4ng diameter \u00f6ver bed<\/td><td>360 mm<\/td><\/tr><tr><td>Tv\u00e4rslidsr\u00f6relse<\/td><td>185 mm<\/td><\/tr><tr><td>Toppslidsr\u00f6relse<\/td><td>95 mm<\/td><\/tr><tr><td>Varvtal<\/td><td>70 v\/min \u2013 2000 v\/min<\/td><\/tr><tr><td>L\u00e4ngdmatning<\/td><td>0,0406 mm\/v \u2013 2,842 mm\/v<\/td><\/tr><tr><td>Tv\u00e4rmatning<\/td><td>0,0291 mm\/v \u2013 2,035 mm\/v<\/td><\/tr><tr><td>Spindelgenomg\u00e5ng<\/td><td>52 mm<\/td><\/tr><tr><td>Spindelnos montering<\/td><td>Camlock D1-5<\/td><\/tr><tr><td>Spindelkona<\/td><td>MK 6<\/td><\/tr><tr><td>Dubbdocka kona<\/td><td>MK 3<\/td><\/tr><tr><td>Motor<\/td><td>1,5 kW<\/td><\/tr><tr><td>Dimension (LxBxH)<\/td><td>1900 x 760 x 1600<\/td><\/tr><tr><td>Vikt<\/td><td>650 kg<\/td><\/tr><\/tbody><\/table><\/figure>\n\n\n\n<p><strong>Standard utrustning<\/strong>:<\/p>\n\n\n\n<ul class=\"wp-block-list\">\n<li>3-axis DRO, X.pos 3.2 VC<\/li>\n\n\n\n<li>3-backschuck \u00d8 178 mm<\/li>\n\n\n\n<li>4-backschuck \u00d8 200 mm<\/li>\n\n\n\n<li>Plan skiva \u00d8 320 mm<\/li>\n\n\n\n<li>Grund snabbh\u00e5llare WE<\/li>\n\n\n\n<li>Snabb verktygsh\u00e5llare WED 20100<\/li>\n\n\n\n<li>Kyl system<\/li>\n\n\n\n<li>Material support<\/li>\n\n\n\n<li>Sp\u00e5n uppsamlare<\/li>\n\n\n\n<li>Fast st\u00e4nk skydd<\/li>\n\n\n\n<li>Sp\u00e5nskydd flyttbar p\u00e5 glidskenor<\/li>\n\n\n\n<li>Chuckskydd<\/li>\n\n\n\n<li>Ledarskruvskydd<\/li>\n\n\n\n<li>Fotbroms<\/li>\n\n\n\n<li>Arbetsbelysning<\/li>\n\n\n\n<li>mm<\/li>\n<\/ul>\n\n\n\n<p>Basic-serien varit de p\u00e5litliga svarvarna under m\u00e5nga \u00e5r som har anv\u00e4nts i otaliga verkst\u00e4der och utbildningscenter. Den nya PRO-versionen erbjuder f\u00f6rb\u00e4ttrad prestanda och ergonomi, mer standardutrustning och \u00e4ven designen har f\u00f6rb\u00e4ttrats f\u00f6r att m\u00f6ta kraven fr\u00e5n dagens anv\u00e4ndare.<\/p>\n\n\n\n<div class=\"wp-block-buttons is-layout-flex wp-block-buttons-is-layout-flex\">\n<div class=\"wp-block-button\"><a class=\"wp-block-button__link has-white-color has-vivid-red-background-color has-text-color has-background wp-element-button\" href=\"https:\/\/swebalk.com\/wp-content\/uploads\/2023\/09\/Basic-170-Super-Pro-Datasheet.pdf\" target=\"_blank\" rel=\"noreferrer noopener\">Produktblad Basic 170 Super Pro<\/a><\/div>\n<\/div>","protected":false},"excerpt":{"rendered":"<p>Dubb avst\u00e5nd 1000 mm Sv\u00e4ng diameter \u00f6ver bed 360 mm Tv\u00e4rslidsr\u00f6relse 185 mm Toppslidsr\u00f6relse 95 mm Varvtal 70 v\/min \u2013 2000 v\/min L\u00e4ngdmatning 0,0406 mm\/v \u2013 2,842 mm\/v Tv\u00e4rmatning 0,0291 mm\/v \u2013 2,035 mm\/v Spindelgenomg\u00e5ng 52 mm Spindelnos montering Camlock D1-5 Spindelkona MK 6 Dubbdocka kona MK 3 Motor 1,5 kW Dimension (LxBxH) 1900 x [&hellip;]<\/p>\n","protected":false},"author":1,"featured_media":0,"parent":393,"menu_order":0,"comment_status":"closed","ping_status":"closed","template":"templates\/template-full-notitle.php","meta":{"_acf_changed":false,"footnotes":""},"class_list":["post-3072","page","type-page","status-publish","hentry","post"],"acf":[],"_links":{"self":[{"href":"https:\/\/swebalk.com\/en\/wp-json\/wp\/v2\/pages\/3072","targetHints":{"allow":["GET"]}}],"collection":[{"href":"https:\/\/swebalk.com\/en\/wp-json\/wp\/v2\/pages"}],"about":[{"href":"https:\/\/swebalk.com\/en\/wp-json\/wp\/v2\/types\/page"}],"author":[{"embeddable":true,"href":"https:\/\/swebalk.com\/en\/wp-json\/wp\/v2\/users\/1"}],"replies":[{"embeddable":true,"href":"https:\/\/swebalk.com\/en\/wp-json\/wp\/v2\/comments?post=3072"}],"version-history":[{"count":1,"href":"https:\/\/swebalk.com\/en\/wp-json\/wp\/v2\/pages\/3072\/revisions"}],"predecessor-version":[{"id":3077,"href":"https:\/\/swebalk.com\/en\/wp-json\/wp\/v2\/pages\/3072\/revisions\/3077"}],"up":[{"embeddable":true,"href":"https:\/\/swebalk.com\/en\/wp-json\/wp\/v2\/pages\/393"}],"wp:attachment":[{"href":"https:\/\/swebalk.com\/en\/wp-json\/wp\/v2\/media?parent=3072"}],"curies":[{"name":"wp","href":"https:\/\/api.w.org\/{rel}","templated":true}]}}