{"id":277,"date":"2023-08-18T11:29:03","date_gmt":"2023-08-18T11:29:03","guid":{"rendered":"https:\/\/swebalk.com\/?page_id=277"},"modified":"2023-09-07T14:18:45","modified_gmt":"2023-09-07T14:18:45","slug":"mark-super-series","status":"publish","type":"page","link":"https:\/\/swebalk.com\/en\/produkter\/skarandebearbetning\/frasning\/mark-super-series\/","title":{"rendered":"Fr\u00e4s- och borrmaskin Mark Super Series"},"content":{"rendered":"<figure class=\"wp-block-table is-style-stripes\"><table><tbody><tr><td>Art. 301490 &#8211; Mark Super SV<\/td><td>Art. 301498 &#8211; Mark Super S<\/td><\/tr><\/tbody><\/table><\/figure>\n\n\n\n<div class=\"wp-block-columns is-layout-flex wp-container-core-columns-is-layout-9d6595d7 wp-block-columns-is-layout-flex\">\n<div class=\"wp-block-column is-layout-flow wp-block-column-is-layout-flow\">\n<figure class=\"wp-block-image size-full\"><a href=\"https:\/\/swebalk.com\/wp-content\/uploads\/2023\/08\/301490_bohrfraesmaschine_marksuper_sv.jpg\"><img decoding=\"async\" src=\"https:\/\/swebalk.com\/wp-content\/uploads\/2023\/08\/301490_bohrfraesmaschine_marksuper_sv.jpg\" alt=\"\" class=\"wp-image-178\"\/><\/a><\/figure>\n\n\n\n<div class=\"wp-block-columns is-layout-flex wp-container-core-columns-is-layout-9d6595d7 wp-block-columns-is-layout-flex\">\n<div class=\"wp-block-column is-layout-flow wp-block-column-is-layout-flow\">\n<figure class=\"wp-block-image size-full\"><a href=\"https:\/\/swebalk.com\/wp-content\/uploads\/2023\/09\/image-34.png\"><img decoding=\"async\" src=\"https:\/\/swebalk.com\/wp-content\/uploads\/2023\/09\/image-34.png\" alt=\"\" class=\"wp-image-2172\"\/><\/a><\/figure>\n<\/div>\n\n\n\n<div class=\"wp-block-column is-layout-flow wp-block-column-is-layout-flow\">\n<figure class=\"wp-block-image size-full\"><a href=\"https:\/\/swebalk.com\/wp-content\/uploads\/2023\/09\/image-35.png\"><img decoding=\"async\" src=\"https:\/\/swebalk.com\/wp-content\/uploads\/2023\/09\/image-35.png\" alt=\"\" class=\"wp-image-2173\"\/><\/a><\/figure>\n<\/div>\n\n\n\n<div class=\"wp-block-column is-layout-flow wp-block-column-is-layout-flow\">\n<figure class=\"wp-block-image size-full\"><img decoding=\"async\" src=\"https:\/\/swebalk.com\/wp-content\/uploads\/2023\/09\/image-36.png\" alt=\"\" class=\"wp-image-2175\"\/><\/figure>\n<\/div>\n<\/div>\n<\/div>\n\n\n\n<div class=\"wp-block-column is-layout-flow wp-block-column-is-layout-flow\">\n<figure class=\"wp-block-table is-style-stripes has-small-font-size\"><table><thead><tr><th>Modell<\/th><th>Mark Super SV<br>Art. 301490<\/th><th>Mark Super S<br>Art. 301498<\/th><\/tr><\/thead><tbody><tr><td>Arbetsbord<\/td><td>800 x 240 mm<\/td><td>800 x 240 mm<\/td><\/tr><tr><td>Borrkapacitet<\/td><td>25 mm<\/td><td>32 mm<\/td><\/tr><tr><td>X-axel r\u00f6relse manuel\/auto<\/td><td>560\/480 mm<\/td><td>560\/480 mm<\/td><\/tr><tr><td>Spindelkona<\/td><td>MK 4<\/td><td>MT 4<\/td><\/tr><tr><td>Pinol r\u00f6relse<\/td><td>120 mm<\/td><td>120 mm<\/td><\/tr><tr><td>Avst\u00e5nd spindel \u2013 pelare<\/td><td>450 mm<\/td><td>460 mm<\/td><\/tr><tr><td>Spindel varvtal (v\u00e4xlar)<\/td><td>75-2500 v\/min (2)<\/td><td>75-3200 v\/min (12)<\/td><\/tr><tr><td>Motor effekt<\/td><td>1,5 kW<\/td><td>1,5\/1,1 kW<\/td><\/tr><tr><td>Maskin dimension<\/td><td>1,24 x 0,93 x 2,1 m<\/td><td>1,25 x 0,95 x 2,13 m<\/td><\/tr><tr><td>Vikt<\/td><td>380 kg<\/td><td>380 kg<\/td><\/tr><\/tbody><\/table><\/figure>\n\n\n\n<p><strong>Standard utrustning<\/strong>:<\/p>\n\n\n\n<ul class=\"wp-block-list\">\n<li>3-axis DRO, X.pos 3.2<\/li>\n\n\n\n<li>Automatisk pinolmatning<\/li>\n\n\n\n<li>Stativ<\/li>\n\n\n\n<li>Bordsmatning TV 1000<\/li>\n\n\n\n<li>Borrchuck 13 mm<\/li>\n\n\n\n<li>Verktygsh\u00e5llare <\/li>\n\n\n\n<li>Manual<\/li>\n<\/ul>\n<\/div>\n<\/div>\n\n\n\n<p>Mark Super-serien \u00e4r borr- och fr\u00e4smaskiner. De \u00e4r idealiska som en kompakt borrmaskin med kraftfull drivning och ett brett hastighetsomr\u00e5de. Men dessa maskiner sk\u00e4r ocks\u00e5 en fin figur vid fr\u00e4sning av st\u00e5l och icke-j\u00e4rnmetaller. De l\u00e4mpar sig f\u00f6r mindre verkst\u00e4der och underh\u00e5llsavdelningar. Passar v\u00e4l till mindre serieproduktion eller utbildningsavdelningar. Tack vare sin kompakta design och m\u00e5ngsidighet \u00e4r de fortfarande en stors\u00e4ljare.<\/p>\n\n\n\n<div class=\"wp-block-buttons is-layout-flex wp-block-buttons-is-layout-flex\">\n<div class=\"wp-block-button\"><a class=\"wp-block-button__link has-white-color has-vivid-red-background-color has-text-color has-background wp-element-button\" href=\"https:\/\/swebalk.com\/wp-content\/uploads\/2023\/08\/Mark-Super-SV-Datasheet.pdf\">Produktblad Mark Super SV<\/a><\/div>\n\n\n\n<div class=\"wp-block-button\"><a class=\"wp-block-button__link has-white-color has-vivid-red-background-color has-text-color has-background wp-element-button\" href=\"https:\/\/swebalk.com\/wp-content\/uploads\/2023\/08\/Mark-Super-S-Datasheet.pdf\">Produktblad Mark Super S<\/a><\/div>\n<\/div>","protected":false},"excerpt":{"rendered":"<p>Art. 301490 &#8211; Mark Super SV Art. 301498 &#8211; Mark Super S Modell Mark Super SVArt. 301490 Mark Super SArt. 301498 Arbetsbord 800 x 240 mm 800 x 240 mm Borrkapacitet 25 mm 32 mm X-axel r\u00f6relse manuel\/auto 560\/480 mm 560\/480 mm Spindelkona MK 4 MT 4 Pinol r\u00f6relse 120 mm 120 mm Avst\u00e5nd spindel [&hellip;]<\/p>\n","protected":false},"author":1,"featured_media":0,"parent":395,"menu_order":0,"comment_status":"closed","ping_status":"closed","template":"templates\/template-full.php","meta":{"_acf_changed":false,"footnotes":""},"class_list":["post-277","page","type-page","status-publish","hentry","post"],"acf":[],"_links":{"self":[{"href":"https:\/\/swebalk.com\/en\/wp-json\/wp\/v2\/pages\/277","targetHints":{"allow":["GET"]}}],"collection":[{"href":"https:\/\/swebalk.com\/en\/wp-json\/wp\/v2\/pages"}],"about":[{"href":"https:\/\/swebalk.com\/en\/wp-json\/wp\/v2\/types\/page"}],"author":[{"embeddable":true,"href":"https:\/\/swebalk.com\/en\/wp-json\/wp\/v2\/users\/1"}],"replies":[{"embeddable":true,"href":"https:\/\/swebalk.com\/en\/wp-json\/wp\/v2\/comments?post=277"}],"version-history":[{"count":10,"href":"https:\/\/swebalk.com\/en\/wp-json\/wp\/v2\/pages\/277\/revisions"}],"predecessor-version":[{"id":2176,"href":"https:\/\/swebalk.com\/en\/wp-json\/wp\/v2\/pages\/277\/revisions\/2176"}],"up":[{"embeddable":true,"href":"https:\/\/swebalk.com\/en\/wp-json\/wp\/v2\/pages\/395"}],"wp:attachment":[{"href":"https:\/\/swebalk.com\/en\/wp-json\/wp\/v2\/media?parent=277"}],"curies":[{"name":"wp","href":"https:\/\/api.w.org\/{rel}","templated":true}]}}