{"id":271,"date":"2023-08-18T10:48:34","date_gmt":"2023-08-18T10:48:34","guid":{"rendered":"https:\/\/swebalk.com\/?page_id=271"},"modified":"2023-09-09T11:17:39","modified_gmt":"2023-09-09T11:17:39","slug":"vhf-3-2","status":"publish","type":"page","link":"https:\/\/swebalk.com\/en\/produkter\/skarandebearbetning\/frasning\/vhf-3-2\/","title":{"rendered":"Universal fr\u00e4smaskin VHF 3.2"},"content":{"rendered":"<p>Art. 301411<\/p>\n\n\n\n<div class=\"wp-block-columns is-layout-flex wp-container-core-columns-is-layout-9d6595d7 wp-block-columns-is-layout-flex\">\n<div class=\"wp-block-column is-layout-flow wp-block-column-is-layout-flow\">\n<figure class=\"wp-block-image size-full\"><img decoding=\"async\" src=\"https:\/\/swebalk.com\/wp-content\/uploads\/2023\/08\/301411_hpt_VHF-3.2.jpg\" alt=\"\" class=\"wp-image-272\"\/><\/figure>\n\n\n\n<p><strong>Standard utrustning<\/strong>:<\/p>\n\n\n\n<ul class=\"wp-block-list\">\n<li>3-axis DRO, X.pos 3.2<\/li>\n\n\n\n<li>Sp\u00e5npanna<\/li>\n\n\n\n<li>Kyl system<\/li>\n\n\n\n<li>Central sm\u00f6rj system<\/li>\n\n\n\n<li>M16 dragst\u00e5ng<\/li>\n\n\n\n<li>Arborverktyg \u00d8 27 mm<\/li>\n\n\n\n<li>Verktygsl\u00e5da<\/li>\n\n\n\n<li>Instruktionsbok<\/li>\n<\/ul>\n<\/div>\n\n\n\n<div class=\"wp-block-column is-layout-flow wp-block-column-is-layout-flow\">\n<figure class=\"wp-block-table is-style-stripes has-small-font-size\"><table class=\"has-fixed-layout\"><tbody><tr><td>Arbetsbord\/T-Sp\u00e5r (mm)<\/td><td>1370 x 320 mm \/ 14<\/td><\/tr><tr><td>Bord kapacitet<\/td><td>300 kg<\/td><\/tr><tr><td>X-axel r\u00f6relse<\/td><td>1000 mm<\/td><\/tr><tr><td>Y-axel r\u00f6relse<\/td><td>360 mm<\/td><\/tr><tr><td>Z-axel r\u00f6relse<\/td><td>400 mm<\/td><\/tr><tr><td>Varvtal (variabla L-H)<\/td><td>70 v\/min \u2013 3600 v\/min<\/td><\/tr><tr><td>Spindelkona<\/td><td>ISO 40<\/td><\/tr><tr><td>Avst\u00e5nd spindel &#8211; pelare<\/td><td>160 &#8211; 560 mm<\/td><\/tr><tr><td>Matning X- , Y-axel<\/td><td>30 mm\/min \u2013 830 mm\/min<\/td><\/tr><tr><td>Matning Z-axel<\/td><td>23 mm\/min \u2013 625 mm\/min<\/td><\/tr><tr><td>Snabbmatning X- , Y-axel<\/td><td>1335 mm\/min<\/td><\/tr><tr><td>Snabbmatning Z-axel<\/td><td>1000 mm\/min<\/td><\/tr><tr><td>Varvtal horisontal spindel<\/td><td>35 &#8211; 1500 v\/min<\/td><\/tr><tr><td>Spindelkona horisontal<\/td><td>ISO 40<\/td><\/tr><tr><td>Avst\u00e5nd spindel &#8211; pelare, horisontal<\/td><td>75 &#8211; 475 mm<\/td><\/tr><tr><td>Motor vertikal\/horisontal <\/td><td>3,7\/3,0 kW<\/td><\/tr><tr><td>Dimension (LxBxH)<\/td><td>1900 x 1750 x 2350 mm<\/td><\/tr><tr><td>Vikt<\/td><td>1950 kg<\/td><\/tr><\/tbody><\/table><\/figure>\n<\/div>\n<\/div>\n\n\n\n<p>Den m\u00e5ngsidiga universella fr\u00e4sen kompletterar den bepr\u00f6vade toppmodellen i VHF-serien. Kombinationen av horisontell spindel, sv\u00e4ngbart vertikalt fr\u00e4shuvud och stort sp\u00e4nnbord, med ett \u00f6kat hastighetsomr\u00e5de och den stegl\u00f6st variabla servomatningen, ut\u00f6kar det breda anv\u00e4ndningsomr\u00e5det f\u00f6r VHF-serien. \u00d6verarm med fr\u00e4shuvud \u00e4r vridbart 90\u00b0 \u00e5t b\u00e5da h\u00e5llen samt 45\u00b0 fram\u00e5t \u2013 bak\u00e5t. Tillsammans med den omfattande utrustningen \u00e4r denna modell ocks\u00e5 idealisk f\u00f6r fr\u00e4sning i reparationsverkst\u00e4der samt utbildnings- och produktionsavdelningar.<\/p>\n\n\n\n<div class=\"wp-block-buttons is-layout-flex wp-block-buttons-is-layout-flex\">\n<div class=\"wp-block-button\"><a class=\"wp-block-button__link has-white-color has-vivid-red-background-color has-text-color has-background wp-element-button\" href=\"https:\/\/swebalk.com\/wp-content\/uploads\/2023\/08\/VHF-3.2-Datasheet.pdf\">Produktblad VHF 3.2<\/a><\/div>\n<\/div>","protected":false},"excerpt":{"rendered":"<p>Art. 301411 Standard utrustning: Arbetsbord\/T-Sp\u00e5r (mm) 1370 x 320 mm \/ 14 Bord kapacitet 300 kg X-axel r\u00f6relse 1000 mm Y-axel r\u00f6relse 360 mm Z-axel r\u00f6relse 400 mm Varvtal (variabla L-H) 70 v\/min \u2013 3600 v\/min Spindelkona ISO 40 Avst\u00e5nd spindel &#8211; pelare 160 &#8211; 560 mm Matning X- , Y-axel 30 mm\/min \u2013 830 [&hellip;]<\/p>\n","protected":false},"author":1,"featured_media":0,"parent":395,"menu_order":0,"comment_status":"closed","ping_status":"closed","template":"templates\/template-full.php","meta":{"_acf_changed":false,"footnotes":""},"class_list":["post-271","page","type-page","status-publish","hentry","post"],"acf":[],"_links":{"self":[{"href":"https:\/\/swebalk.com\/en\/wp-json\/wp\/v2\/pages\/271","targetHints":{"allow":["GET"]}}],"collection":[{"href":"https:\/\/swebalk.com\/en\/wp-json\/wp\/v2\/pages"}],"about":[{"href":"https:\/\/swebalk.com\/en\/wp-json\/wp\/v2\/types\/page"}],"author":[{"embeddable":true,"href":"https:\/\/swebalk.com\/en\/wp-json\/wp\/v2\/users\/1"}],"replies":[{"embeddable":true,"href":"https:\/\/swebalk.com\/en\/wp-json\/wp\/v2\/comments?post=271"}],"version-history":[{"count":4,"href":"https:\/\/swebalk.com\/en\/wp-json\/wp\/v2\/pages\/271\/revisions"}],"predecessor-version":[{"id":2445,"href":"https:\/\/swebalk.com\/en\/wp-json\/wp\/v2\/pages\/271\/revisions\/2445"}],"up":[{"embeddable":true,"href":"https:\/\/swebalk.com\/en\/wp-json\/wp\/v2\/pages\/395"}],"wp:attachment":[{"href":"https:\/\/swebalk.com\/en\/wp-json\/wp\/v2\/media?parent=271"}],"curies":[{"name":"wp","href":"https:\/\/api.w.org\/{rel}","templated":true}]}}