{"id":264,"date":"2023-08-18T09:49:05","date_gmt":"2023-08-18T09:49:05","guid":{"rendered":"https:\/\/swebalk.com\/?page_id=264"},"modified":"2023-09-14T04:53:08","modified_gmt":"2023-09-14T04:53:08","slug":"basic-180-v","status":"publish","type":"page","link":"https:\/\/swebalk.com\/en\/produkter\/skarandebearbetning\/svarvning\/basic-180-v\/","title":{"rendered":"Svarv Basic 180 V"},"content":{"rendered":"<p>Art. 300807<\/p>\n\n\n\n<div class=\"wp-block-columns is-layout-flex wp-container-core-columns-is-layout-9d6595d7 wp-block-columns-is-layout-flex\">\n<div class=\"wp-block-column is-layout-flow wp-block-column-is-layout-flow\">\n<figure class=\"wp-block-image size-full\"><img loading=\"lazy\" decoding=\"async\" width=\"750\" height=\"645\" src=\"https:\/\/swebalk.com\/wp-content\/uploads\/2023\/09\/300807-hpt-basic180-super-v.jpg\" alt=\"\" class=\"wp-image-2581\" srcset=\"https:\/\/swebalk.com\/wp-content\/uploads\/2023\/09\/300807-hpt-basic180-super-v.jpg 750w, https:\/\/swebalk.com\/wp-content\/uploads\/2023\/09\/300807-hpt-basic180-super-v-300x258.jpg 300w, https:\/\/swebalk.com\/wp-content\/uploads\/2023\/09\/300807-hpt-basic180-super-v-14x12.jpg 14w, https:\/\/swebalk.com\/wp-content\/uploads\/2023\/09\/300807-hpt-basic180-super-v-600x516.jpg 600w\" sizes=\"auto, (max-width: 750px) 100vw, 750px\" \/><\/figure>\n\n\n\n<p><strong>Standard utrustning<\/strong>:<\/p>\n\n\n\n<ul class=\"wp-block-list\">\n<li>3-axis DRO, X.pos 3.2 VC<\/li>\n\n\n\n<li>4-backschuck \u00d8 200 mm<\/li>\n\n\n\n<li>Plan skiva \u00d8 320 mm<\/li>\n\n\n\n<li>Grund snabbh\u00e5llare WE<\/li>\n\n\n\n<li>Snabb verktygsh\u00e5llare WED 20100<\/li>\n\n\n\n<li>Kyl system<\/li>\n\n\n\n<li>Material support<\/li>\n\n\n\n<li>Sp\u00e5n uppsamlare<\/li>\n\n\n\n<li>Fast st\u00e4nk skydd<\/li>\n\n\n\n<li>Sp\u00e5nskydd<\/li>\n\n\n\n<li>Chuckskydd<\/li>\n\n\n\n<li>Ledarskruvskydd<\/li>\n\n\n\n<li>Fotbroms<\/li>\n\n\n\n<li>Arbetsbelysning<\/li>\n\n\n\n<li>mm<\/li>\n<\/ul>\n<\/div>\n\n\n\n<div class=\"wp-block-column is-layout-flow wp-block-column-is-layout-flow\">\n<figure class=\"wp-block-table is-style-stripes has-small-font-size\"><table class=\"has-fixed-layout\"><tbody><tr><td>Dubb avst\u00e5nd<\/td><td>1000 mm<\/td><\/tr><tr><td>Sving diameter \u00f6ver bed<\/td><td>356 mm<\/td><\/tr><tr><td>Tv\u00e4rslidsr\u00f6relse<\/td><td>178 mm<\/td><\/tr><tr><td>Toppslidsr\u00f6relse<\/td><td>92 mm<\/td><\/tr><tr><td>Varvtal<\/td><td>30 v\/min \u2013 3000 v\/min<\/td><\/tr><tr><td>L\u00e4ngdmatning<\/td><td>0,043 mm\/v \u2013 0,653 mm\/v<\/td><\/tr><tr><td>Tv\u00e4rmatning<\/td><td>0,014 mm\/v \u2013 0,206 mm\/v<\/td><\/tr><tr><td>Spindelgenomg\u00e5ng<\/td><td>38 mm<\/td><\/tr><tr><td>Spindelnos montering<\/td><td>Camlock D1-4<\/td><\/tr><tr><td>Spindelkona<\/td><td>MK 5<\/td><\/tr><tr><td>Dubbdocka kona<\/td><td>MK 3<\/td><\/tr><tr><td>Motor<\/td><td>4 kW<\/td><\/tr><tr><td>Dimension (LxBxH)<\/td><td>1950 x 750 x 1550<\/td><\/tr><tr><td>Vikt<\/td><td>880 kg<\/td><\/tr><\/tbody><\/table><\/figure>\n<\/div>\n<\/div>\n\n\n\n<p>Basic 180 V \u00e4r en av de tyngsta maskinerna i detta popul\u00e4ra marknadssegment. Med en b\u00e4dd bredd p\u00e5 206 mm (8 tum) och en 30 procent h\u00f6gre totalvikt har dess solida konstruktion en positiv effekt p\u00e5 bearbetnings kvaliteten. Denna svarv m\u00f6jligg\u00f6r ocks\u00e5 tyngre bearbetnings operationer som uppfyller industriella krav. Utrustad med en inverter kan den enkelt n\u00e5 3 000 varv per minut. Funktionen med konstant sk\u00e4rhastighet s\u00e4kerst\u00e4ller ocks\u00e5 bearbetnings resultat som \u00e4r j\u00e4mf\u00f6rbara med den hos en CNC-svarv vid v\u00e4ndning<\/p>\n\n\n\n<div class=\"wp-block-buttons is-layout-flex wp-block-buttons-is-layout-flex\">\n<div class=\"wp-block-button\"><a class=\"wp-block-button__link has-white-color has-vivid-red-background-color has-text-color has-background wp-element-button\" href=\"https:\/\/swebalk.com\/wp-content\/uploads\/2023\/08\/Basic-180-V-Datasheet.pdf\">Produktblad Basic 180 V<\/a><\/div>\n<\/div>","protected":false},"excerpt":{"rendered":"<p>Art. 300807 Standard utrustning: Dubb avst\u00e5nd 1000 mm Sving diameter \u00f6ver bed 356 mm Tv\u00e4rslidsr\u00f6relse 178 mm Toppslidsr\u00f6relse 92 mm Varvtal 30 v\/min \u2013 3000 v\/min L\u00e4ngdmatning 0,043 mm\/v \u2013 0,653 mm\/v Tv\u00e4rmatning 0,014 mm\/v \u2013 0,206 mm\/v Spindelgenomg\u00e5ng 38 mm Spindelnos montering Camlock D1-4 Spindelkona MK 5 Dubbdocka kona MK 3 Motor 4 kW [&hellip;]<\/p>\n","protected":false},"author":1,"featured_media":0,"parent":393,"menu_order":0,"comment_status":"closed","ping_status":"closed","template":"templates\/template-full.php","meta":{"_acf_changed":false,"footnotes":""},"class_list":["post-264","page","type-page","status-publish","hentry","post"],"acf":[],"_links":{"self":[{"href":"https:\/\/swebalk.com\/en\/wp-json\/wp\/v2\/pages\/264","targetHints":{"allow":["GET"]}}],"collection":[{"href":"https:\/\/swebalk.com\/en\/wp-json\/wp\/v2\/pages"}],"about":[{"href":"https:\/\/swebalk.com\/en\/wp-json\/wp\/v2\/types\/page"}],"author":[{"embeddable":true,"href":"https:\/\/swebalk.com\/en\/wp-json\/wp\/v2\/users\/1"}],"replies":[{"embeddable":true,"href":"https:\/\/swebalk.com\/en\/wp-json\/wp\/v2\/comments?post=264"}],"version-history":[{"count":4,"href":"https:\/\/swebalk.com\/en\/wp-json\/wp\/v2\/pages\/264\/revisions"}],"predecessor-version":[{"id":3076,"href":"https:\/\/swebalk.com\/en\/wp-json\/wp\/v2\/pages\/264\/revisions\/3076"}],"up":[{"embeddable":true,"href":"https:\/\/swebalk.com\/en\/wp-json\/wp\/v2\/pages\/393"}],"wp:attachment":[{"href":"https:\/\/swebalk.com\/en\/wp-json\/wp\/v2\/media?parent=264"}],"curies":[{"name":"wp","href":"https:\/\/api.w.org\/{rel}","templated":true}]}}