{"id":257,"date":"2023-08-18T09:11:11","date_gmt":"2023-08-18T09:11:11","guid":{"rendered":"https:\/\/swebalk.com\/?page_id=257"},"modified":"2023-09-07T13:53:43","modified_gmt":"2023-09-07T13:53:43","slug":"turnado-pro-series","status":"publish","type":"page","link":"https:\/\/swebalk.com\/en\/produkter\/skarandebearbetning\/svarvning\/turnado-pro-series\/","title":{"rendered":"Svarv Turnado PRO Series"},"content":{"rendered":"<figure class=\"wp-block-table is-style-stripes\"><table><tbody><tr><td>Art. 320562<br>Turnado 230\/1000 PRO<\/td><td>Art. 320563<br>Turnado 230\/1500 PRO<\/td><td>Art. 320564<br>Turnado 280\/2000 PRO<\/td><\/tr><\/tbody><\/table><\/figure>\n\n\n\n<div class=\"wp-block-columns is-layout-flex wp-container-core-columns-is-layout-9d6595d7 wp-block-columns-is-layout-flex\">\n<div class=\"wp-block-column is-layout-flow wp-block-column-is-layout-flow\">\n<figure class=\"wp-block-image size-full\"><a href=\"https:\/\/swebalk.com\/wp-content\/uploads\/2023\/08\/320564-hpt-turnado230-1500pro.webp\"><img decoding=\"async\" src=\"https:\/\/swebalk.com\/wp-content\/uploads\/2023\/08\/320564-hpt-turnado230-1500pro.webp\" alt=\"\" class=\"wp-image-166\"\/><\/a><\/figure>\n\n\n\n<div class=\"wp-block-columns is-layout-flex wp-container-core-columns-is-layout-9d6595d7 wp-block-columns-is-layout-flex\">\n<div class=\"wp-block-column is-layout-flow wp-block-column-is-layout-flow\">\n<figure class=\"wp-block-image size-full\"><a href=\"https:\/\/swebalk.com\/wp-content\/uploads\/2023\/09\/image-11.png\"><img decoding=\"async\" src=\"https:\/\/swebalk.com\/wp-content\/uploads\/2023\/09\/image-11.png\" alt=\"\" class=\"wp-image-2134\"\/><\/a><\/figure>\n<\/div>\n\n\n\n<div class=\"wp-block-column is-layout-flow wp-block-column-is-layout-flow\">\n<figure class=\"wp-block-image size-full\"><a href=\"https:\/\/swebalk.com\/wp-content\/uploads\/2023\/09\/image-12.png\"><img decoding=\"async\" src=\"https:\/\/swebalk.com\/wp-content\/uploads\/2023\/09\/image-12.png\" alt=\"\" class=\"wp-image-2135\"\/><\/a><\/figure>\n<\/div>\n\n\n\n<div class=\"wp-block-column is-layout-flow wp-block-column-is-layout-flow\">\n<figure class=\"wp-block-image size-full\"><a href=\"https:\/\/swebalk.com\/wp-content\/uploads\/2023\/09\/image-13.png\"><img decoding=\"async\" src=\"https:\/\/swebalk.com\/wp-content\/uploads\/2023\/09\/image-13.png\" alt=\"\" class=\"wp-image-2136\"\/><\/a><\/figure>\n<\/div>\n<\/div>\n<\/div>\n\n\n\n<div class=\"wp-block-column is-layout-flow wp-block-column-is-layout-flow\">\n<p><strong>Standard utrustning<\/strong><\/p>\n\n\n\n<ul class=\"wp-block-list\">\n<li class=\"has-small-font-size\">3-axis DRO, X.pos 3.2 VC<\/li>\n\n\n\n<li class=\"has-small-font-size\">3-backschuck \u00d8 250\/315 mm<\/li>\n\n\n\n<li class=\"has-small-font-size\">4-backschuck \u00d8 300\/350 mm<\/li>\n\n\n\n<li class=\"has-small-font-size\">Plan skiva \u00d8 350\/450 mm<\/li>\n\n\n\n<li class=\"has-small-font-size\">Grund snabbh\u00e5llare WB<\/li>\n\n\n\n<li class=\"has-small-font-size\">Snabb verktygsh\u00e5llare WBD 25120<\/li>\n\n\n\n<li class=\"has-small-font-size\">Snabbmatning f\u00f6r X och Z axel<\/li>\n\n\n\n<li class=\"has-small-font-size\">Kyl system<\/li>\n\n\n\n<li class=\"has-small-font-size\">Material support<\/li>\n\n\n\n<li class=\"has-small-font-size\">Sp\u00e5n uppsamlare<\/li>\n\n\n\n<li class=\"has-small-font-size\">Fast st\u00e4nk skydd<\/li>\n\n\n\n<li class=\"has-small-font-size\">Integrerad sp\u00e5nskydd p\u00e5 glid skenor<\/li>\n\n\n\n<li class=\"has-small-font-size\">Chuckskydd<\/li>\n\n\n\n<li class=\"has-small-font-size\">Ledarskruvskydd<\/li>\n\n\n\n<li class=\"has-small-font-size\">Fotbroms<\/li>\n\n\n\n<li class=\"has-small-font-size\">Arbetsbelysning<\/li>\n\n\n\n<li class=\"has-small-font-size\">mm<\/li>\n<\/ul>\n<\/div>\n<\/div>\n\n\n\n<figure class=\"wp-block-table is-style-stripes has-small-font-size\"><table><thead><tr><th>Modell<\/th><th>Turnado 230\/1000 PRO<br>Art. 320562<\/th><th>Turnado 230\/1500 PRO<br>Art. 320563<\/th><th>Turnado 280\/1500 PRO<br>Art. 320564<\/th><\/tr><\/thead><tbody><tr><td>Dubb avst\u00e5nd<\/td><td>1000 mm<\/td><td>1500 mm<\/td><td>1500 mm<\/td><\/tr><tr><td>Dubb h\u00f6jd<\/td><td>230 mm<\/td><td>230 mm<\/td><td>280 mm<\/td><\/tr><tr><td>Svin \u00f6ver b\u00e4dd<\/td><td>460 mm<\/td><td>460 mm<\/td><td>560 mm<\/td><\/tr><tr><td>Sving \u00f6ver gap<\/td><td>690 mm<\/td><td>690 mm<\/td><td>785 mm<\/td><\/tr><tr><td>Sving \u00f6ver support<\/td><td>224 mm<\/td><td>224 mm<\/td><td>355 mm<\/td><\/tr><tr><td>Spindel varvtal <\/td><td>30-3000 v\/min<\/td><td>30-3000 v\/min<\/td><td>25-1600 v\/min<\/td><\/tr><tr><td>Spindelnos montering<\/td><td>Camlock D1-6<\/td><td>Camlock D1-6<\/td><td>Camlock D1-8<\/td><\/tr><tr><td>Motor effekt <\/td><td>7,5 kW<\/td><td>7,5 kW<\/td><td>7,5 kW<\/td><\/tr><tr><td>Vikt<\/td><td>1720 kg<\/td><td>1970 kg<\/td><td>2370 kg<\/td><\/tr><\/tbody><\/table><\/figure>\n\n\n\n<p>Maskinerna i Turnado PRO-serien \u00e4r den moderna versionen av den klassiska svarven. PRO-modellerna \u00e4r den senaste generationen av v\u00e5ra universalsvarvar, som har pr\u00f6vats och testats i 20 \u00e5r. Med konstant sk\u00e4rhastighet, snabba traverser och ett ut\u00f6kat hastighetsomr\u00e5de som kan styras av en v\u00e4xelriktare k\u00e4nnetecknar dessa modeller av h\u00f6gpresterande bearbetning, utm\u00e4rkt ytkvalitet och tidseffektivitet. De \u00e4r l\u00e4tta att k\u00e4nna igen p\u00e5 den nya ergonomiska bekl\u00e4dnadsdesignen, som integrerar alla funktioner i ett helhetskoncept.<\/p>\n\n\n\n<p>F\u00f6r mer information v\u00e4lj en av produktbladen nedan<\/p>\n\n\n\n<div class=\"wp-block-columns is-layout-flex wp-container-core-columns-is-layout-9d6595d7 wp-block-columns-is-layout-flex\">\n<div class=\"wp-block-column is-layout-flow wp-block-column-is-layout-flow\">\n<div class=\"wp-block-buttons is-layout-flex wp-block-buttons-is-layout-flex\">\n<div class=\"wp-block-button\"><a class=\"wp-block-button__link has-white-color has-vivid-red-background-color has-text-color has-background wp-element-button\" href=\"https:\/\/swebalk.com\/wp-content\/uploads\/2023\/08\/Turnado-230_1000-PRO-Datasheet.pdf\" target=\"_blank\" rel=\"noreferrer noopener\">Turnado 230\/1000 PRO<\/a><\/div>\n<\/div>\n<\/div>\n\n\n\n<div class=\"wp-block-column is-layout-flow wp-block-column-is-layout-flow\">\n<div class=\"wp-block-buttons is-layout-flex wp-block-buttons-is-layout-flex\">\n<div class=\"wp-block-button\"><a class=\"wp-block-button__link has-white-color has-vivid-red-background-color has-text-color has-background wp-element-button\" href=\"https:\/\/swebalk.com\/wp-content\/uploads\/2023\/08\/Turnado-230_1500-PRO-Datasheet.pdf\" target=\"_blank\" rel=\"noreferrer noopener\">Turnado 230\/1500 PRO<\/a><\/div>\n<\/div>\n<\/div>\n\n\n\n<div class=\"wp-block-column is-layout-flow wp-block-column-is-layout-flow\">\n<div class=\"wp-block-buttons is-layout-flex wp-block-buttons-is-layout-flex\">\n<div class=\"wp-block-button\"><a class=\"wp-block-button__link has-white-color has-vivid-red-background-color has-text-color has-background wp-element-button\" href=\"https:\/\/swebalk.com\/wp-content\/uploads\/2023\/08\/Turnado-280_1500-PRO-Datasheet.pdf\" target=\"_blank\" rel=\"noreferrer noopener\">Turnado 280\/1500 PRO<\/a><\/div>\n<\/div>\n<\/div>\n<\/div>","protected":false},"excerpt":{"rendered":"<p>Art. 320562Turnado 230\/1000 PRO Art. 320563Turnado 230\/1500 PRO Art. 320564Turnado 280\/2000 PRO Standard utrustning Modell Turnado 230\/1000 PROArt. 320562 Turnado 230\/1500 PROArt. 320563 Turnado 280\/1500 PROArt. 320564 Dubb avst\u00e5nd 1000 mm 1500 mm 1500 mm Dubb h\u00f6jd 230 mm 230 mm 280 mm Svin \u00f6ver b\u00e4dd 460 mm 460 mm 560 mm Sving \u00f6ver gap [&hellip;]<\/p>\n","protected":false},"author":1,"featured_media":0,"parent":393,"menu_order":0,"comment_status":"closed","ping_status":"closed","template":"templates\/template-full.php","meta":{"_acf_changed":false,"footnotes":""},"class_list":["post-257","page","type-page","status-publish","hentry","post"],"acf":[],"_links":{"self":[{"href":"https:\/\/swebalk.com\/en\/wp-json\/wp\/v2\/pages\/257","targetHints":{"allow":["GET"]}}],"collection":[{"href":"https:\/\/swebalk.com\/en\/wp-json\/wp\/v2\/pages"}],"about":[{"href":"https:\/\/swebalk.com\/en\/wp-json\/wp\/v2\/types\/page"}],"author":[{"embeddable":true,"href":"https:\/\/swebalk.com\/en\/wp-json\/wp\/v2\/users\/1"}],"replies":[{"embeddable":true,"href":"https:\/\/swebalk.com\/en\/wp-json\/wp\/v2\/comments?post=257"}],"version-history":[{"count":8,"href":"https:\/\/swebalk.com\/en\/wp-json\/wp\/v2\/pages\/257\/revisions"}],"predecessor-version":[{"id":2138,"href":"https:\/\/swebalk.com\/en\/wp-json\/wp\/v2\/pages\/257\/revisions\/2138"}],"up":[{"embeddable":true,"href":"https:\/\/swebalk.com\/en\/wp-json\/wp\/v2\/pages\/393"}],"wp:attachment":[{"href":"https:\/\/swebalk.com\/en\/wp-json\/wp\/v2\/media?parent=257"}],"curies":[{"name":"wp","href":"https:\/\/api.w.org\/{rel}","templated":true}]}}