{"id":189,"date":"2023-08-17T16:44:18","date_gmt":"2023-08-17T16:44:18","guid":{"rendered":"https:\/\/swebalk.com\/?page_id=189"},"modified":"2023-09-07T13:45:54","modified_gmt":"2023-09-07T13:45:54","slug":"v-turn-410-pro","status":"publish","type":"page","link":"https:\/\/swebalk.com\/en\/produkter\/skarandebearbetning\/svarvning\/v-turn-410-pro\/","title":{"rendered":"Svarv V-Turn 410 PRO"},"content":{"rendered":"<p>Art. 300822<\/p>\n\n\n\n<div class=\"wp-block-columns is-layout-flex wp-container-core-columns-is-layout-9d6595d7 wp-block-columns-is-layout-flex\">\n<div class=\"wp-block-column is-layout-flow wp-block-column-is-layout-flow\">\n<figure class=\"wp-block-image size-full\"><a href=\"https:\/\/swebalk.com\/wp-content\/uploads\/2023\/08\/300822_hpt_V-Turn_410_Pro.jpg\"><img decoding=\"async\" src=\"https:\/\/swebalk.com\/wp-content\/uploads\/2023\/08\/300822_hpt_V-Turn_410_Pro.jpg\" alt=\"\" class=\"wp-image-157\"\/><\/a><\/figure>\n\n\n\n<div class=\"wp-block-columns is-layout-flex wp-container-core-columns-is-layout-9d6595d7 wp-block-columns-is-layout-flex\">\n<div class=\"wp-block-column is-layout-flow wp-block-column-is-layout-flow\">\n<figure class=\"wp-block-image size-full\"><a href=\"https:\/\/swebalk.com\/wp-content\/uploads\/2023\/09\/image-3.png\"><img decoding=\"async\" src=\"https:\/\/swebalk.com\/wp-content\/uploads\/2023\/09\/image-3.png\" alt=\"\" class=\"wp-image-2120\"\/><\/a><\/figure>\n<\/div>\n\n\n\n<div class=\"wp-block-column is-layout-flow wp-block-column-is-layout-flow\">\n<figure class=\"wp-block-image size-full\"><a href=\"https:\/\/swebalk.com\/wp-content\/uploads\/2023\/09\/image-4.png\"><img decoding=\"async\" src=\"https:\/\/swebalk.com\/wp-content\/uploads\/2023\/09\/image-4.png\" alt=\"\" class=\"wp-image-2121\"\/><\/a><\/figure>\n<\/div>\n\n\n\n<div class=\"wp-block-column is-layout-flow wp-block-column-is-layout-flow\">\n<figure class=\"wp-block-image size-full\"><a href=\"https:\/\/swebalk.com\/wp-content\/uploads\/2023\/09\/image-5.png\"><img decoding=\"async\" src=\"https:\/\/swebalk.com\/wp-content\/uploads\/2023\/09\/image-5.png\" alt=\"\" class=\"wp-image-2122\"\/><\/a><\/figure>\n<\/div>\n<\/div>\n\n\n\n<p><strong>Standard utrustning<\/strong><\/p>\n\n\n\n<ul class=\"wp-block-list\">\n<li>3-axis DRO, X.pos 3.2 VC<\/li>\n\n\n\n<li>4-backschuck  \u00d8 250 mm<\/li>\n\n\n\n<li>Plan skiva \u00d8 350 mm<\/li>\n\n\n\n<li>Grund snabbh\u00e5llare WB<\/li>\n\n\n\n<li>Snabb verktygsh\u00e5llare WBD 25120<\/li>\n\n\n\n<li>Kyl system<\/li>\n\n\n\n<li>Material support<\/li>\n\n\n\n<li>Sp\u00e5n uppsamlare<\/li>\n\n\n\n<li>Fast st\u00e4nk skydd<\/li>\n\n\n\n<li>Integrerad sp\u00e5nskydd p\u00e5 glid skenor<\/li>\n\n\n\n<li>Chuckskydd<\/li>\n\n\n\n<li>Ledarskruvskydd<\/li>\n\n\n\n<li>Fotbroms<\/li>\n\n\n\n<li>Arbetsbelysning<\/li>\n\n\n\n<li>mm<\/li>\n<\/ul>\n<\/div>\n\n\n\n<div class=\"wp-block-column is-layout-flow wp-block-column-is-layout-flow\">\n<figure class=\"wp-block-table is-style-stripes has-small-font-size\"><table><tbody><tr><td>Dubb avst\u00e5nd<\/td><td class=\"has-text-align-left\" data-align=\"left\">1000 mm<\/td><\/tr><tr><td>Dubb h\u00f6jd<\/td><td class=\"has-text-align-left\" data-align=\"left\">205 mm<\/td><\/tr><tr><td>Sving diameter \u00f6ver bed<\/td><td class=\"has-text-align-left\" data-align=\"left\">380 mm<\/td><\/tr><tr><td>Sving \u00f6ver gap<\/td><td class=\"has-text-align-left\" data-align=\"left\">580 mm<\/td><\/tr><tr><td>Tv\u00e4rslidsr\u00f6relse<\/td><td class=\"has-text-align-left\" data-align=\"left\">230 mm<\/td><\/tr><tr><td>Toppslidsr\u00f6relse<\/td><td class=\"has-text-align-left\" data-align=\"left\">140 mm<\/td><\/tr><tr><td>Varvtal (h\u00f6g)<\/td><td class=\"has-text-align-left\" data-align=\"left\">550 1\/min &#8211; 3000 1\/min<\/td><\/tr><tr><td>Varvtal (l\u00e5g)<\/td><td class=\"has-text-align-left\" data-align=\"left\">30 1\/min &#8211; 550 1\/min<\/td><\/tr><tr><td>L\u00e4ngdmatning<\/td><td class=\"has-text-align-left\" data-align=\"left\">0,026 mm\/varv &#8211; 0,9 mm\/varv<\/td><\/tr><tr><td>Tv\u00e4rmatning<\/td><td class=\"has-text-align-left\" data-align=\"left\">0,013 mm\/varv &#8211; 0,45 mm\/varv<\/td><\/tr><tr><td>Spindelgenomg\u00e5ng<\/td><td class=\"has-text-align-left\" data-align=\"left\">52 mm<\/td><\/tr><tr><td>Spindelnos montering<\/td><td class=\"has-text-align-left\" data-align=\"left\">Camlock D1-6<\/td><\/tr><tr><td>Spindelkona<\/td><td class=\"has-text-align-left\" data-align=\"left\">MK 6<\/td><\/tr><tr><td>Dubbdocka kona<\/td><td class=\"has-text-align-left\" data-align=\"left\">MK 4<\/td><\/tr><tr><td>Motor<\/td><td class=\"has-text-align-left\" data-align=\"left\">5,5 kW<\/td><\/tr><tr><td>Dimension (LxBxH)<\/td><td class=\"has-text-align-left\" data-align=\"left\">1940 x 1000 x 1500<\/td><\/tr><tr><td>Vikt<\/td><td class=\"has-text-align-left\" data-align=\"left\">1210 kg<\/td><\/tr><\/tbody><\/table><\/figure>\n<\/div>\n<\/div>\n\n\n\n<p><\/p>\n\n\n\n<p>De nydesignade PRO-modellerna av v\u00e5r stors\u00e4ljare V-Turn \u00f6vertygar med f\u00f6rb\u00e4ttrad ergonomi och h\u00f6gre s\u00e4kerhet. Utrustade med en v\u00e4xelriktare och en h\u00f6gpresterande spindelmotor kan de enkelt n\u00e5 3 000 varv per minut. Arbetsstycken med liten diameter kan d\u00e4rmed bearbetas effektivt. Men modellerna erbjuder ocks\u00e5 styrka och stabilitet f\u00f6r tyngre bearbetning. Den inbyggda funktionen av den konstanta sk\u00e4rhastigheten, som anpassar spindelhastigheten till diametern vid svarvning, m\u00f6jligg\u00f6r bearbetningsresultat som \u00e4r j\u00e4mf\u00f6rbara med CNC-maskiner.<\/p>\n\n\n\n<div class=\"wp-block-buttons is-layout-flex wp-block-buttons-is-layout-flex\">\n<div class=\"wp-block-button has-custom-width wp-block-button__width-50\"><a class=\"wp-block-button__link has-white-color has-vivid-red-background-color has-text-color has-background wp-element-button\" href=\"https:\/\/swebalk.com\/wp-content\/uploads\/2023\/08\/V-Turn-410-PRO-Datasheet.pdf\">Produktblad V-Turn 410 PRO<\/a><\/div>\n<\/div>","protected":false},"excerpt":{"rendered":"<p>Art. 300822 Standard utrustning Dubb avst\u00e5nd 1000 mm Dubb h\u00f6jd 205 mm Sving diameter \u00f6ver bed 380 mm Sving \u00f6ver gap 580 mm Tv\u00e4rslidsr\u00f6relse 230 mm Toppslidsr\u00f6relse 140 mm Varvtal (h\u00f6g) 550 1\/min &#8211; 3000 1\/min Varvtal (l\u00e5g) 30 1\/min &#8211; 550 1\/min L\u00e4ngdmatning 0,026 mm\/varv &#8211; 0,9 mm\/varv Tv\u00e4rmatning 0,013 mm\/varv &#8211; 0,45 mm\/varv [&hellip;]<\/p>\n","protected":false},"author":1,"featured_media":0,"parent":393,"menu_order":0,"comment_status":"closed","ping_status":"closed","template":"templates\/template-full.php","meta":{"_acf_changed":false,"footnotes":""},"class_list":["post-189","page","type-page","status-publish","hentry","post"],"acf":[],"_links":{"self":[{"href":"https:\/\/swebalk.com\/en\/wp-json\/wp\/v2\/pages\/189","targetHints":{"allow":["GET"]}}],"collection":[{"href":"https:\/\/swebalk.com\/en\/wp-json\/wp\/v2\/pages"}],"about":[{"href":"https:\/\/swebalk.com\/en\/wp-json\/wp\/v2\/types\/page"}],"author":[{"embeddable":true,"href":"https:\/\/swebalk.com\/en\/wp-json\/wp\/v2\/users\/1"}],"replies":[{"embeddable":true,"href":"https:\/\/swebalk.com\/en\/wp-json\/wp\/v2\/comments?post=189"}],"version-history":[{"count":17,"href":"https:\/\/swebalk.com\/en\/wp-json\/wp\/v2\/pages\/189\/revisions"}],"predecessor-version":[{"id":2124,"href":"https:\/\/swebalk.com\/en\/wp-json\/wp\/v2\/pages\/189\/revisions\/2124"}],"up":[{"embeddable":true,"href":"https:\/\/swebalk.com\/en\/wp-json\/wp\/v2\/pages\/393"}],"wp:attachment":[{"href":"https:\/\/swebalk.com\/en\/wp-json\/wp\/v2\/media?parent=189"}],"curies":[{"name":"wp","href":"https:\/\/api.w.org\/{rel}","templated":true}]}}